{"id":37837,"date":"2024-11-21T18:26:06","date_gmt":"2024-11-21T17:26:06","guid":{"rendered":"https:\/\/laguiole.com\/produit\/laguiole-aubrac-messer-1-stueck-12-cm-eclipse-full-morta-griff-guillochierte-und-gemeisselte-feder-aus-edelstahl-messingplatten-einschluesse-von-3-prestige-fly-diamanten\/"},"modified":"2026-01-26T13:42:33","modified_gmt":"2026-01-26T12:42:33","slug":"laguiole-aubrac-messer-1-stueck-12-cm-eclipse-full-morta-griff-guillochierte-und-gemeisselte-feder-aus-edelstahl-messingplatten-einschluesse-von-3-prestige-fly-diamanten","status":"publish","type":"product","link":"https:\/\/laguiole.com\/de\/produit\/laguiole-aubrac-messer-1-stueck-12-cm-eclipse-full-morta-griff-guillochierte-und-gemeisselte-feder-aus-edelstahl-messingplatten-einschluesse-von-3-prestige-fly-diamanten\/","title":{"rendered":"Laguiole Aubrac Messer 1 St\u00fcck 12 cm Eclipse Full Morta Griff Guillochierte und gemei\u00dfelte Feder aus Edelstahl Messingplatten Einschl\u00fcsse von 3 Prestige Fly Diamanten"},"content":{"rendered":"<p>ECLIPSE, die Ausrichtung von drei Sternen, drei einzigartigen Materialien<\/p>\n<p>Das L&#8217;\u00c9clipse Messer erh\u00e4lt seinen unverwechselbaren Charakter aus der harmonischen Kombination von drei sorgf\u00e4ltig ausgew\u00e4hlten Elementen:<\/p>\n<p>Ein Griff aus Morta-Holz, Symbol der Erde, eine Feder aus rostfreiem Stahl,<br \/>\ndie an den Mond erinnert,<br \/>\nzwei vergoldete Messingplatten, die die Sonne verk\u00f6rpern.<\/p>\n<p>Die Erde: Morta, ein tausendj\u00e4hriges<br \/>\nHolz Der Griff des Messers besteht aus Morta, einem au\u00dfergew\u00f6hnlichen Material mit einer reichen Vergangenheit. Dieses Holz stammt von Eichenst\u00e4mmen, die seit mehr als 5000 Jahren unter Torf begraben sind. In dieser sauerstofffreien Umgebung versteinert das Holz allm\u00e4hlich: Mineralien ersetzen nach und nach die organische Substanz und verleihen Morta seine un\u00fcbertroffene Festigkeit und Haltbarkeit. Dieses geschichtstr\u00e4chtige seltene Holz verk\u00f6rpert die Solidit\u00e4t und den Reichtum unseres Planeten.<\/p>\n<p>Der Mond: Der Glanz von Edelstahl<br \/>\nIm Herzen der Ausrichtung erstrahlen die Feder und die Biene, die mit unvergleichlicher Pr\u00e4zision gearbeitet werden, in silbrigen Farbt\u00f6nen, die an das sanfte und r\u00e4tselhafte Licht des Mondes erinnern. Die raffinierte Guillochierung und die zarte Ziselierung dieser Elemente verleihen dem Messer einen Hauch von unvergleichlicher Raffinesse und zollen der Akribie des Messerschmieds Tribut.<\/p>\n<p>Die Sonne: Die W\u00e4rme von vergoldetem<br \/>\nMessing Vergoldete Messingplatten fangen den lebendigen Glanz der Sonne ein. Ihr schillerndes Finish symbolisiert die feurigen Sonnenstrahlen und unterstreicht die Majest\u00e4t dieses St\u00fccks. Um dieses Meisterwerk zu vervollst\u00e4ndigen, sorgen drei feine goldene Bl\u00fcten, die mit funkelnden Diamanten besetzt sind, f\u00fcr den letzten Hauch von Raffinesse und unterstreichen den kostbaren Charakter dieses au\u00dfergew\u00f6hnlichen Messers.<\/p>\n<p>Ein Meisterwerk der Besteckkunst<br \/>\nL&#8217;\u00c9clipse ist viel mehr als nur ein Messer, es ist eine Hommage an die Handwerkskunst und die kosmischen Kr\u00e4fte, die unser t\u00e4gliches Leben pr\u00e4gen. Ein einzigartiges St\u00fcck, sowohl funktional als auch symbolisch, das Sammler und Kunstliebhaber verf\u00fchren wird.<\/p>\n<p>Entdecken Sie die perfekte Ausrichtung von Erde, Mond und Sonne in einem seltenen Objekt, bei dem jedes Detail eine zeitlose Geschichte erz\u00e4hlt.<\/p>\n","protected":false},"excerpt":{"rendered":"<p>Laguiole Klappmesser in Aubrac<br \/>\nVollgriff in Morta A Millennial<br \/>\nHolz Gl\u00e4nzende Edelstahlklinge mit Gehrung 12C27<br \/>\nFeder fein guillochiert und von Hand<br \/>\ngemei\u00dfelt Messingplatten<br \/>\nMessingdiamant in Messing linke Seite des Griffs anstelle des Hirtenkreuzes L\u00e4nge des Griffs<br \/>\n12 cm<br \/>\nL\u00e4nge der Klinge 10 cm<br \/>\nGesamtl\u00e4nge offenes Messer 22 cm<br \/>\nLieferung in einem Laguiole Lederetui in Aubrac mit Zertifikat<\/p>\n","protected":false},"featured_media":37844,"template":"","meta":{"_acf_changed":false,"_monsterinsights_skip_tracking":false,"_monsterinsights_sitenote_active":false,"_monsterinsights_sitenote_note":"","_monsterinsights_sitenote_category":0},"product_brand":[],"product_cat":[5938,5939,5943],"product_tag":[],"class_list":{"0":"post-37837","1":"product","2":"type-product","3":"status-publish","4":"has-post-thumbnail","6":"product_cat-klappmesser","7":"product_cat-laguiole-klappmesser","8":"product_cat-laguiole-prestiges-messer","9":"pa_lame-glaenzender-edelstahl","10":"pa_manche-en-bois-holundermaser","11":"pa_marque-laguiole-en-aubracfr","12":"pa_mouche-prestige","13":"pa_platines-einzelplatin","14":"pa_platines-messing","15":"pa_ressort-guilloche","16":"tm-has-options","19":"instock","20":"taxable","21":"shipping-taxable","22":"purchasable","23":"product-type-simple"},"supplier_id":null,"supplier_sku":"","barcode":null,"atum_controlled":true,"out_stock_date":null,"out_stock_threshold":null,"inheritable":false,"inbound_stock":0,"stock_on_hold":0,"sold_today":0,"sales_last_days":0,"reserved_stock":0,"customer_returns":0,"warehouse_damage":0,"lost_in_post":0,"other_logs":0,"out_stock_days":0,"lost_sales":0,"has_location":false,"update_date":"2026-04-28T01:04:34","atum_locations":[],"atum_stock_status":"instock","restock_status":false,"low_stock_amount":"","sales_update_date":"2026-04-28T01:04:34","calc_backorders":0,"acf":[],"yoast_head":"<!-- This site is optimized with the Yoast SEO plugin v27.3 - https:\/\/yoast.com\/product\/yoast-seo-wordpress\/ -->\n<title>Laguiole Aubrac Messer 1 St\u00fcck 12 cm Eclipse Full Morta Griff Guillochierte und gemei\u00dfelte Feder aus Edelstahl Messingplatten Einschl\u00fcsse von 3 Prestige Fly Diamanten - Laguiole.com \u00ae<\/title>\n<meta name=\"robots\" content=\"index, follow, max-snippet:-1, max-image-preview:large, max-video-preview:-1\" \/>\n<link rel=\"canonical\" href=\"https:\/\/laguiole.com\/de\/produit\/laguiole-aubrac-messer-1-stueck-12-cm-eclipse-full-morta-griff-guillochierte-und-gemeisselte-feder-aus-edelstahl-messingplatten-einschluesse-von-3-prestige-fly-diamanten\/\" \/>\n<meta property=\"og:locale\" content=\"de_DE\" \/>\n<meta property=\"og:type\" content=\"article\" \/>\n<meta property=\"og:title\" content=\"Laguiole Aubrac Messer 1 St\u00fcck 12 cm Eclipse Full Morta Griff Guillochierte und gemei\u00dfelte Feder aus Edelstahl Messingplatten Einschl\u00fcsse von 3 Prestige Fly Diamanten - Laguiole.com \u00ae\" \/>\n<meta property=\"og:description\" content=\"Laguiole Klappmesser in Aubrac Vollgriff in Morta A Millennial Holz Gl\u00e4nzende Edelstahlklinge mit Gehrung 12C27 Feder fein guillochiert und von Hand gemei\u00dfelt Messingplatten Messingdiamant in Messing linke Seite des Griffs anstelle des Hirtenkreuzes L\u00e4nge des Griffs 12 cm L\u00e4nge der Klinge 10 cm Gesamtl\u00e4nge offenes Messer 22 cm Lieferung in einem Laguiole Lederetui in Aubrac mit Zertifikat\" \/>\n<meta property=\"og:url\" content=\"https:\/\/laguiole.com\/de\/produit\/laguiole-aubrac-messer-1-stueck-12-cm-eclipse-full-morta-griff-guillochierte-und-gemeisselte-feder-aus-edelstahl-messingplatten-einschluesse-von-3-prestige-fly-diamanten\/\" \/>\n<meta property=\"og:site_name\" content=\"Laguiole.com \u00ae\" \/>\n<meta property=\"article:publisher\" content=\"https:\/\/www.facebook.com\/laguiolecom\/\" \/>\n<meta property=\"article:modified_time\" content=\"2026-01-26T12:42:33+00:00\" \/>\n<meta property=\"og:image\" content=\"https:\/\/laguiole.com\/wp-content\/uploads\/2024\/11\/Couteau_Laguiole_en_Aubrac_1_piece_12_cm_Eclipse_Plein_Manche_en_Morta_Ressort_Guilloche_et_cisele_en_Inox_Platines_Laiton_Inclusions_de_3_Diamants_Mouche_Prestige_00.jpg\" \/>\n\t<meta property=\"og:image:width\" content=\"1033\" \/>\n\t<meta property=\"og:image:height\" content=\"1033\" \/>\n\t<meta property=\"og:image:type\" content=\"image\/jpeg\" \/>\n<meta name=\"twitter:card\" content=\"summary_large_image\" \/>\n<meta name=\"twitter:label1\" content=\"Gesch\u00e4tzte Lesezeit\" \/>\n\t<meta name=\"twitter:data1\" content=\"2\u00a0Minute\" \/>\n<script type=\"application\/ld+json\" class=\"yoast-schema-graph\">{\"@context\":\"https:\\\/\\\/schema.org\",\"@graph\":[{\"@type\":\"WebPage\",\"@id\":\"https:\\\/\\\/laguiole.com\\\/de\\\/produit\\\/laguiole-aubrac-messer-1-stueck-12-cm-eclipse-full-morta-griff-guillochierte-und-gemeisselte-feder-aus-edelstahl-messingplatten-einschluesse-von-3-prestige-fly-diamanten\\\/\",\"url\":\"https:\\\/\\\/laguiole.com\\\/de\\\/produit\\\/laguiole-aubrac-messer-1-stueck-12-cm-eclipse-full-morta-griff-guillochierte-und-gemeisselte-feder-aus-edelstahl-messingplatten-einschluesse-von-3-prestige-fly-diamanten\\\/\",\"name\":\"Laguiole Aubrac Messer 1 St\u00fcck 12 cm Eclipse Full Morta Griff Guillochierte und gemei\u00dfelte Feder aus Edelstahl Messingplatten Einschl\u00fcsse von 3 Prestige Fly Diamanten - Laguiole.com \u00ae\",\"isPartOf\":{\"@id\":\"https:\\\/\\\/laguiole.com\\\/de\\\/#website\"},\"primaryImageOfPage\":{\"@id\":\"https:\\\/\\\/laguiole.com\\\/de\\\/produit\\\/laguiole-aubrac-messer-1-stueck-12-cm-eclipse-full-morta-griff-guillochierte-und-gemeisselte-feder-aus-edelstahl-messingplatten-einschluesse-von-3-prestige-fly-diamanten\\\/#primaryimage\"},\"image\":{\"@id\":\"https:\\\/\\\/laguiole.com\\\/de\\\/produit\\\/laguiole-aubrac-messer-1-stueck-12-cm-eclipse-full-morta-griff-guillochierte-und-gemeisselte-feder-aus-edelstahl-messingplatten-einschluesse-von-3-prestige-fly-diamanten\\\/#primaryimage\"},\"thumbnailUrl\":\"https:\\\/\\\/laguiole.com\\\/wp-content\\\/uploads\\\/2024\\\/11\\\/Couteau_Laguiole_en_Aubrac_1_piece_12_cm_Eclipse_Plein_Manche_en_Morta_Ressort_Guilloche_et_cisele_en_Inox_Platines_Laiton_Inclusions_de_3_Diamants_Mouche_Prestige_00.jpg\",\"datePublished\":\"2024-11-21T17:26:06+00:00\",\"dateModified\":\"2026-01-26T12:42:33+00:00\",\"breadcrumb\":{\"@id\":\"https:\\\/\\\/laguiole.com\\\/de\\\/produit\\\/laguiole-aubrac-messer-1-stueck-12-cm-eclipse-full-morta-griff-guillochierte-und-gemeisselte-feder-aus-edelstahl-messingplatten-einschluesse-von-3-prestige-fly-diamanten\\\/#breadcrumb\"},\"inLanguage\":\"de\",\"potentialAction\":[{\"@type\":\"ReadAction\",\"target\":[\"https:\\\/\\\/laguiole.com\\\/de\\\/produit\\\/laguiole-aubrac-messer-1-stueck-12-cm-eclipse-full-morta-griff-guillochierte-und-gemeisselte-feder-aus-edelstahl-messingplatten-einschluesse-von-3-prestige-fly-diamanten\\\/\"]}]},{\"@type\":\"ImageObject\",\"inLanguage\":\"de\",\"@id\":\"https:\\\/\\\/laguiole.com\\\/de\\\/produit\\\/laguiole-aubrac-messer-1-stueck-12-cm-eclipse-full-morta-griff-guillochierte-und-gemeisselte-feder-aus-edelstahl-messingplatten-einschluesse-von-3-prestige-fly-diamanten\\\/#primaryimage\",\"url\":\"https:\\\/\\\/laguiole.com\\\/wp-content\\\/uploads\\\/2024\\\/11\\\/Couteau_Laguiole_en_Aubrac_1_piece_12_cm_Eclipse_Plein_Manche_en_Morta_Ressort_Guilloche_et_cisele_en_Inox_Platines_Laiton_Inclusions_de_3_Diamants_Mouche_Prestige_00.jpg\",\"contentUrl\":\"https:\\\/\\\/laguiole.com\\\/wp-content\\\/uploads\\\/2024\\\/11\\\/Couteau_Laguiole_en_Aubrac_1_piece_12_cm_Eclipse_Plein_Manche_en_Morta_Ressort_Guilloche_et_cisele_en_Inox_Platines_Laiton_Inclusions_de_3_Diamants_Mouche_Prestige_00.jpg\",\"width\":1033,\"height\":1033,\"caption\":\"Laguiole Aubrac Messer 1 St\u00fcck 12 cm Eclipse Full Morta Griff Guillochierte und gemei\u00dfelte Feder aus Edelstahl Messingplatten Einschl\u00fcsse von 3 Prestige Fly Diamanten\"},{\"@type\":\"BreadcrumbList\",\"@id\":\"https:\\\/\\\/laguiole.com\\\/de\\\/produit\\\/laguiole-aubrac-messer-1-stueck-12-cm-eclipse-full-morta-griff-guillochierte-und-gemeisselte-feder-aus-edelstahl-messingplatten-einschluesse-von-3-prestige-fly-diamanten\\\/#breadcrumb\",\"itemListElement\":[{\"@type\":\"ListItem\",\"position\":1,\"name\":\"Accueil\",\"item\":\"https:\\\/\\\/laguiole.com\\\/de\\\/\"},{\"@type\":\"ListItem\",\"position\":2,\"name\":\"Shop\",\"item\":\"https:\\\/\\\/laguiole.com\\\/de\\\/shop-2\\\/\"},{\"@type\":\"ListItem\",\"position\":3,\"name\":\"Laguiole Aubrac Messer 1 St\u00fcck 12 cm Eclipse Full Morta Griff Guillochierte und gemei\u00dfelte Feder aus Edelstahl Messingplatten Einschl\u00fcsse von 3 Prestige Fly Diamanten\"}]},{\"@type\":\"WebSite\",\"@id\":\"https:\\\/\\\/laguiole.com\\\/de\\\/#website\",\"url\":\"https:\\\/\\\/laguiole.com\\\/de\\\/\",\"name\":\"Laguiole.com\",\"description\":\"Laguiole - Couteau laguiole, Chateau Laguiole, Laguiole en Aubrac, Forge de Laguiole\",\"publisher\":{\"@id\":\"https:\\\/\\\/laguiole.com\\\/de\\\/#organization\"},\"potentialAction\":[{\"@type\":\"SearchAction\",\"target\":{\"@type\":\"EntryPoint\",\"urlTemplate\":\"https:\\\/\\\/laguiole.com\\\/de\\\/?s={search_term_string}\"},\"query-input\":{\"@type\":\"PropertyValueSpecification\",\"valueRequired\":true,\"valueName\":\"search_term_string\"}}],\"inLanguage\":\"de\"},{\"@type\":\"Organization\",\"@id\":\"https:\\\/\\\/laguiole.com\\\/de\\\/#organization\",\"name\":\"Laguiole.com\",\"url\":\"https:\\\/\\\/laguiole.com\\\/de\\\/\",\"logo\":{\"@type\":\"ImageObject\",\"inLanguage\":\"de\",\"@id\":\"https:\\\/\\\/laguiole.com\\\/de\\\/#\\\/schema\\\/logo\\\/image\\\/\",\"url\":\"https:\\\/\\\/laguiole.com\\\/wp-content\\\/uploads\\\/2021\\\/02\\\/logo_laguiole.com-horizontal.jpg\",\"contentUrl\":\"https:\\\/\\\/laguiole.com\\\/wp-content\\\/uploads\\\/2021\\\/02\\\/logo_laguiole.com-horizontal.jpg\",\"width\":490,\"height\":156,\"caption\":\"Laguiole.com\"},\"image\":{\"@id\":\"https:\\\/\\\/laguiole.com\\\/de\\\/#\\\/schema\\\/logo\\\/image\\\/\"},\"sameAs\":[\"https:\\\/\\\/www.facebook.com\\\/laguiolecom\\\/\",\"https:\\\/\\\/www.instagram.com\\\/laguiolecom\\\/\",\"https:\\\/\\\/www.youtube.com\\\/@laguiolecom\\\/videos\"]}]}<\/script>\n<!-- \/ Yoast SEO plugin. -->","yoast_head_json":{"title":"Laguiole Aubrac Messer 1 St\u00fcck 12 cm Eclipse Full Morta Griff Guillochierte und gemei\u00dfelte Feder aus Edelstahl Messingplatten Einschl\u00fcsse von 3 Prestige Fly Diamanten - Laguiole.com \u00ae","robots":{"index":"index","follow":"follow","max-snippet":"max-snippet:-1","max-image-preview":"max-image-preview:large","max-video-preview":"max-video-preview:-1"},"canonical":"https:\/\/laguiole.com\/de\/produit\/laguiole-aubrac-messer-1-stueck-12-cm-eclipse-full-morta-griff-guillochierte-und-gemeisselte-feder-aus-edelstahl-messingplatten-einschluesse-von-3-prestige-fly-diamanten\/","og_locale":"de_DE","og_type":"article","og_title":"Laguiole Aubrac Messer 1 St\u00fcck 12 cm Eclipse Full Morta Griff Guillochierte und gemei\u00dfelte Feder aus Edelstahl Messingplatten Einschl\u00fcsse von 3 Prestige Fly Diamanten - Laguiole.com \u00ae","og_description":"Laguiole Klappmesser in Aubrac Vollgriff in Morta A Millennial Holz Gl\u00e4nzende Edelstahlklinge mit Gehrung 12C27 Feder fein guillochiert und von Hand gemei\u00dfelt Messingplatten Messingdiamant in Messing linke Seite des Griffs anstelle des Hirtenkreuzes L\u00e4nge des Griffs 12 cm L\u00e4nge der Klinge 10 cm Gesamtl\u00e4nge offenes Messer 22 cm Lieferung in einem Laguiole Lederetui in Aubrac mit Zertifikat","og_url":"https:\/\/laguiole.com\/de\/produit\/laguiole-aubrac-messer-1-stueck-12-cm-eclipse-full-morta-griff-guillochierte-und-gemeisselte-feder-aus-edelstahl-messingplatten-einschluesse-von-3-prestige-fly-diamanten\/","og_site_name":"Laguiole.com \u00ae","article_publisher":"https:\/\/www.facebook.com\/laguiolecom\/","article_modified_time":"2026-01-26T12:42:33+00:00","og_image":[{"width":1033,"height":1033,"url":"https:\/\/laguiole.com\/wp-content\/uploads\/2024\/11\/Couteau_Laguiole_en_Aubrac_1_piece_12_cm_Eclipse_Plein_Manche_en_Morta_Ressort_Guilloche_et_cisele_en_Inox_Platines_Laiton_Inclusions_de_3_Diamants_Mouche_Prestige_00.jpg","type":"image\/jpeg"}],"twitter_card":"summary_large_image","twitter_misc":{"Gesch\u00e4tzte Lesezeit":"2\u00a0Minute"},"schema":{"@context":"https:\/\/schema.org","@graph":[{"@type":"WebPage","@id":"https:\/\/laguiole.com\/de\/produit\/laguiole-aubrac-messer-1-stueck-12-cm-eclipse-full-morta-griff-guillochierte-und-gemeisselte-feder-aus-edelstahl-messingplatten-einschluesse-von-3-prestige-fly-diamanten\/","url":"https:\/\/laguiole.com\/de\/produit\/laguiole-aubrac-messer-1-stueck-12-cm-eclipse-full-morta-griff-guillochierte-und-gemeisselte-feder-aus-edelstahl-messingplatten-einschluesse-von-3-prestige-fly-diamanten\/","name":"Laguiole Aubrac Messer 1 St\u00fcck 12 cm Eclipse Full Morta Griff Guillochierte und gemei\u00dfelte Feder aus Edelstahl Messingplatten Einschl\u00fcsse von 3 Prestige Fly Diamanten - Laguiole.com \u00ae","isPartOf":{"@id":"https:\/\/laguiole.com\/de\/#website"},"primaryImageOfPage":{"@id":"https:\/\/laguiole.com\/de\/produit\/laguiole-aubrac-messer-1-stueck-12-cm-eclipse-full-morta-griff-guillochierte-und-gemeisselte-feder-aus-edelstahl-messingplatten-einschluesse-von-3-prestige-fly-diamanten\/#primaryimage"},"image":{"@id":"https:\/\/laguiole.com\/de\/produit\/laguiole-aubrac-messer-1-stueck-12-cm-eclipse-full-morta-griff-guillochierte-und-gemeisselte-feder-aus-edelstahl-messingplatten-einschluesse-von-3-prestige-fly-diamanten\/#primaryimage"},"thumbnailUrl":"https:\/\/laguiole.com\/wp-content\/uploads\/2024\/11\/Couteau_Laguiole_en_Aubrac_1_piece_12_cm_Eclipse_Plein_Manche_en_Morta_Ressort_Guilloche_et_cisele_en_Inox_Platines_Laiton_Inclusions_de_3_Diamants_Mouche_Prestige_00.jpg","datePublished":"2024-11-21T17:26:06+00:00","dateModified":"2026-01-26T12:42:33+00:00","breadcrumb":{"@id":"https:\/\/laguiole.com\/de\/produit\/laguiole-aubrac-messer-1-stueck-12-cm-eclipse-full-morta-griff-guillochierte-und-gemeisselte-feder-aus-edelstahl-messingplatten-einschluesse-von-3-prestige-fly-diamanten\/#breadcrumb"},"inLanguage":"de","potentialAction":[{"@type":"ReadAction","target":["https:\/\/laguiole.com\/de\/produit\/laguiole-aubrac-messer-1-stueck-12-cm-eclipse-full-morta-griff-guillochierte-und-gemeisselte-feder-aus-edelstahl-messingplatten-einschluesse-von-3-prestige-fly-diamanten\/"]}]},{"@type":"ImageObject","inLanguage":"de","@id":"https:\/\/laguiole.com\/de\/produit\/laguiole-aubrac-messer-1-stueck-12-cm-eclipse-full-morta-griff-guillochierte-und-gemeisselte-feder-aus-edelstahl-messingplatten-einschluesse-von-3-prestige-fly-diamanten\/#primaryimage","url":"https:\/\/laguiole.com\/wp-content\/uploads\/2024\/11\/Couteau_Laguiole_en_Aubrac_1_piece_12_cm_Eclipse_Plein_Manche_en_Morta_Ressort_Guilloche_et_cisele_en_Inox_Platines_Laiton_Inclusions_de_3_Diamants_Mouche_Prestige_00.jpg","contentUrl":"https:\/\/laguiole.com\/wp-content\/uploads\/2024\/11\/Couteau_Laguiole_en_Aubrac_1_piece_12_cm_Eclipse_Plein_Manche_en_Morta_Ressort_Guilloche_et_cisele_en_Inox_Platines_Laiton_Inclusions_de_3_Diamants_Mouche_Prestige_00.jpg","width":1033,"height":1033,"caption":"Laguiole Aubrac Messer 1 St\u00fcck 12 cm Eclipse Full Morta Griff Guillochierte und gemei\u00dfelte Feder aus Edelstahl Messingplatten Einschl\u00fcsse von 3 Prestige Fly Diamanten"},{"@type":"BreadcrumbList","@id":"https:\/\/laguiole.com\/de\/produit\/laguiole-aubrac-messer-1-stueck-12-cm-eclipse-full-morta-griff-guillochierte-und-gemeisselte-feder-aus-edelstahl-messingplatten-einschluesse-von-3-prestige-fly-diamanten\/#breadcrumb","itemListElement":[{"@type":"ListItem","position":1,"name":"Accueil","item":"https:\/\/laguiole.com\/de\/"},{"@type":"ListItem","position":2,"name":"Shop","item":"https:\/\/laguiole.com\/de\/shop-2\/"},{"@type":"ListItem","position":3,"name":"Laguiole Aubrac Messer 1 St\u00fcck 12 cm Eclipse Full Morta Griff Guillochierte und gemei\u00dfelte Feder aus Edelstahl Messingplatten Einschl\u00fcsse von 3 Prestige Fly Diamanten"}]},{"@type":"WebSite","@id":"https:\/\/laguiole.com\/de\/#website","url":"https:\/\/laguiole.com\/de\/","name":"Laguiole.com","description":"Laguiole - Couteau laguiole, Chateau Laguiole, Laguiole en Aubrac, Forge de Laguiole","publisher":{"@id":"https:\/\/laguiole.com\/de\/#organization"},"potentialAction":[{"@type":"SearchAction","target":{"@type":"EntryPoint","urlTemplate":"https:\/\/laguiole.com\/de\/?s={search_term_string}"},"query-input":{"@type":"PropertyValueSpecification","valueRequired":true,"valueName":"search_term_string"}}],"inLanguage":"de"},{"@type":"Organization","@id":"https:\/\/laguiole.com\/de\/#organization","name":"Laguiole.com","url":"https:\/\/laguiole.com\/de\/","logo":{"@type":"ImageObject","inLanguage":"de","@id":"https:\/\/laguiole.com\/de\/#\/schema\/logo\/image\/","url":"https:\/\/laguiole.com\/wp-content\/uploads\/2021\/02\/logo_laguiole.com-horizontal.jpg","contentUrl":"https:\/\/laguiole.com\/wp-content\/uploads\/2021\/02\/logo_laguiole.com-horizontal.jpg","width":490,"height":156,"caption":"Laguiole.com"},"image":{"@id":"https:\/\/laguiole.com\/de\/#\/schema\/logo\/image\/"},"sameAs":["https:\/\/www.facebook.com\/laguiolecom\/","https:\/\/www.instagram.com\/laguiolecom\/","https:\/\/www.youtube.com\/@laguiolecom\/videos"]}]}},"_links":{"self":[{"href":"https:\/\/laguiole.com\/de\/wp-json\/wp\/v2\/product\/37837","targetHints":{"allow":["GET"]}}],"collection":[{"href":"https:\/\/laguiole.com\/de\/wp-json\/wp\/v2\/product"}],"about":[{"href":"https:\/\/laguiole.com\/de\/wp-json\/wp\/v2\/types\/product"}],"version-history":[{"count":1,"href":"https:\/\/laguiole.com\/de\/wp-json\/wp\/v2\/product\/37837\/revisions"}],"predecessor-version":[{"id":49462,"href":"https:\/\/laguiole.com\/de\/wp-json\/wp\/v2\/product\/37837\/revisions\/49462"}],"wp:featuredmedia":[{"embeddable":true,"href":"https:\/\/laguiole.com\/de\/wp-json\/wp\/v2\/media\/37844"}],"wp:attachment":[{"href":"https:\/\/laguiole.com\/de\/wp-json\/wp\/v2\/media?parent=37837"}],"wp:term":[{"taxonomy":"product_brand","embeddable":true,"href":"https:\/\/laguiole.com\/de\/wp-json\/wp\/v2\/product_brand?post=37837"},{"taxonomy":"product_cat","embeddable":true,"href":"https:\/\/laguiole.com\/de\/wp-json\/wp\/v2\/product_cat?post=37837"},{"taxonomy":"product_tag","embeddable":true,"href":"https:\/\/laguiole.com\/de\/wp-json\/wp\/v2\/product_tag?post=37837"}],"curies":[{"name":"wp","href":"https:\/\/api.w.org\/{rel}","templated":true}]}}