{"id":37832,"date":"2024-11-01T14:30:28","date_gmt":"2024-11-01T13:30:28","guid":{"rendered":"https:\/\/laguiole.com\/produit\/scheidenetui-aus-orangefarbenem-leder\/"},"modified":"2024-11-01T14:30:28","modified_gmt":"2024-11-01T13:30:28","slug":"scheidenetui-aus-orangefarbenem-leder","status":"publish","type":"product","link":"https:\/\/laguiole.com\/de\/produit\/scheidenetui-aus-orangefarbenem-leder\/","title":{"rendered":"Scheidenetui aus orangefarbenem Leder"},"content":{"rendered":"<p>Diese Art von Scheide ist ideal f\u00fcr diejenigen, die ihr Laguiole-Messer h\u00e4ufig verwenden und ein Gleichgewicht zwischen Sicherheit und Schnelligkeit des Zugangs suchen.<\/p>\n","protected":false},"excerpt":{"rendered":"<p>Lederscheide<br \/>\nEtui Farbe: Orange<br \/>\nLeder: Genarbt Ohne G\u00fcrtelschlaufe<br \/>\nOhne Klappe<br \/>\nSteppn\u00e4hte<br \/>\nLederfarbe Gepr\u00e4gte<br \/>\nLaguiole in Aubrac<\/p>\n<p>Taillenumfang 12cm<\/p>\n<p>Die Scheide f\u00fcr ein 10-, 11- oder 12-cm-Klappmesser von Laguiole ist ein Schutzzubeh\u00f6r, das speziell f\u00fcr die sichere Aufnahme und den sicheren Transport des Messers entwickelt wurde. Aus hochwertigem Leder gefertigt, wird die Scheidenscheide an die Ma\u00dfe des geschlossenen Messers angepasst und bietet gleichzeitig optimalen Schutz. <\/p>\n","protected":false},"featured_media":37833,"template":"","meta":{"_acf_changed":false,"_monsterinsights_skip_tracking":false,"_monsterinsights_sitenote_active":false,"_monsterinsights_sitenote_note":"","_monsterinsights_sitenote_category":0},"product_brand":[],"product_cat":[5952],"product_tag":[],"class_list":{"0":"post-37832","1":"product","2":"type-product","3":"status-publish","4":"has-post-thumbnail","6":"product_cat-messerfutteral","7":"pa_etuis-cuir-pour-10-cm","8":"pa_etuis-cuir-pour-11-12-cm","9":"pa_etuis-cuir-pour-coq-francais-2","10":"pa_etuis-cuir-pour-laguiole-2","11":"tm-no-options","14":"instock","15":"taxable","16":"shipping-taxable","17":"purchasable","18":"product-type-simple"},"supplier_id":null,"supplier_sku":"","barcode":null,"atum_controlled":true,"out_stock_date":null,"out_stock_threshold":null,"inheritable":false,"inbound_stock":0,"stock_on_hold":0,"sold_today":0,"sales_last_days":0,"reserved_stock":0,"customer_returns":0,"warehouse_damage":0,"lost_in_post":0,"other_logs":0,"out_stock_days":0,"lost_sales":0,"has_location":false,"update_date":"2026-04-28T00:41:12","atum_locations":[],"atum_stock_status":"instock","restock_status":false,"low_stock_amount":"","sales_update_date":"2026-04-28T00:41:12","calc_backorders":0,"acf":[],"yoast_head":"<!-- This site is optimized with the Yoast SEO plugin v27.3 - https:\/\/yoast.com\/product\/yoast-seo-wordpress\/ -->\n<title>Scheidenetui aus orangefarbenem Leder - Laguiole.com \u00ae<\/title>\n<meta name=\"robots\" content=\"index, follow, max-snippet:-1, max-image-preview:large, max-video-preview:-1\" \/>\n<link rel=\"canonical\" href=\"https:\/\/laguiole.com\/de\/produit\/scheidenetui-aus-orangefarbenem-leder\/\" \/>\n<meta property=\"og:locale\" content=\"de_DE\" \/>\n<meta property=\"og:type\" content=\"article\" \/>\n<meta property=\"og:title\" content=\"Scheidenetui aus orangefarbenem Leder - Laguiole.com \u00ae\" \/>\n<meta property=\"og:description\" content=\"Lederscheide Etui Farbe: Orange Leder: Genarbt Ohne G\u00fcrtelschlaufe Ohne Klappe Steppn\u00e4hte Lederfarbe Gepr\u00e4gte Laguiole in Aubrac Taillenumfang 12cm Die Scheide f\u00fcr ein 10-, 11- oder 12-cm-Klappmesser von Laguiole ist ein Schutzzubeh\u00f6r, das speziell f\u00fcr die sichere Aufnahme und den sicheren Transport des Messers entwickelt wurde. Aus hochwertigem Leder gefertigt, wird die Scheidenscheide an die Ma\u00dfe des geschlossenen Messers angepasst und bietet gleichzeitig optimalen Schutz.\" \/>\n<meta property=\"og:url\" content=\"https:\/\/laguiole.com\/de\/produit\/scheidenetui-aus-orangefarbenem-leder\/\" \/>\n<meta property=\"og:site_name\" content=\"Laguiole.com \u00ae\" \/>\n<meta property=\"article:publisher\" content=\"https:\/\/www.facebook.com\/laguiolecom\/\" \/>\n<meta property=\"og:image\" content=\"https:\/\/laguiole.com\/wp-content\/uploads\/2024\/11\/Etui_Fourreau_Cuir_Orange_00.jpg\" \/>\n\t<meta property=\"og:image:width\" content=\"1033\" \/>\n\t<meta property=\"og:image:height\" content=\"1033\" \/>\n\t<meta property=\"og:image:type\" content=\"image\/jpeg\" \/>\n<meta name=\"twitter:card\" content=\"summary_large_image\" \/>\n<script type=\"application\/ld+json\" class=\"yoast-schema-graph\">{\"@context\":\"https:\\\/\\\/schema.org\",\"@graph\":[{\"@type\":\"WebPage\",\"@id\":\"https:\\\/\\\/laguiole.com\\\/de\\\/produit\\\/scheidenetui-aus-orangefarbenem-leder\\\/\",\"url\":\"https:\\\/\\\/laguiole.com\\\/de\\\/produit\\\/scheidenetui-aus-orangefarbenem-leder\\\/\",\"name\":\"Scheidenetui aus orangefarbenem Leder - Laguiole.com \u00ae\",\"isPartOf\":{\"@id\":\"https:\\\/\\\/laguiole.com\\\/de\\\/#website\"},\"primaryImageOfPage\":{\"@id\":\"https:\\\/\\\/laguiole.com\\\/de\\\/produit\\\/scheidenetui-aus-orangefarbenem-leder\\\/#primaryimage\"},\"image\":{\"@id\":\"https:\\\/\\\/laguiole.com\\\/de\\\/produit\\\/scheidenetui-aus-orangefarbenem-leder\\\/#primaryimage\"},\"thumbnailUrl\":\"https:\\\/\\\/laguiole.com\\\/wp-content\\\/uploads\\\/2024\\\/11\\\/Etui_Fourreau_Cuir_Orange_00.jpg\",\"datePublished\":\"2024-11-01T13:30:28+00:00\",\"breadcrumb\":{\"@id\":\"https:\\\/\\\/laguiole.com\\\/de\\\/produit\\\/scheidenetui-aus-orangefarbenem-leder\\\/#breadcrumb\"},\"inLanguage\":\"de\",\"potentialAction\":[{\"@type\":\"ReadAction\",\"target\":[\"https:\\\/\\\/laguiole.com\\\/de\\\/produit\\\/scheidenetui-aus-orangefarbenem-leder\\\/\"]}]},{\"@type\":\"ImageObject\",\"inLanguage\":\"de\",\"@id\":\"https:\\\/\\\/laguiole.com\\\/de\\\/produit\\\/scheidenetui-aus-orangefarbenem-leder\\\/#primaryimage\",\"url\":\"https:\\\/\\\/laguiole.com\\\/wp-content\\\/uploads\\\/2024\\\/11\\\/Etui_Fourreau_Cuir_Orange_00.jpg\",\"contentUrl\":\"https:\\\/\\\/laguiole.com\\\/wp-content\\\/uploads\\\/2024\\\/11\\\/Etui_Fourreau_Cuir_Orange_00.jpg\",\"width\":1033,\"height\":1033,\"caption\":\"Scheidenetui aus orangefarbenem Leder\"},{\"@type\":\"BreadcrumbList\",\"@id\":\"https:\\\/\\\/laguiole.com\\\/de\\\/produit\\\/scheidenetui-aus-orangefarbenem-leder\\\/#breadcrumb\",\"itemListElement\":[{\"@type\":\"ListItem\",\"position\":1,\"name\":\"Accueil\",\"item\":\"https:\\\/\\\/laguiole.com\\\/de\\\/\"},{\"@type\":\"ListItem\",\"position\":2,\"name\":\"Shop\",\"item\":\"https:\\\/\\\/laguiole.com\\\/de\\\/shop-2\\\/\"},{\"@type\":\"ListItem\",\"position\":3,\"name\":\"Scheidenetui aus orangefarbenem Leder\"}]},{\"@type\":\"WebSite\",\"@id\":\"https:\\\/\\\/laguiole.com\\\/de\\\/#website\",\"url\":\"https:\\\/\\\/laguiole.com\\\/de\\\/\",\"name\":\"Laguiole.com\",\"description\":\"Laguiole - Couteau laguiole, Chateau Laguiole, Laguiole en Aubrac, Forge de Laguiole\",\"publisher\":{\"@id\":\"https:\\\/\\\/laguiole.com\\\/de\\\/#organization\"},\"potentialAction\":[{\"@type\":\"SearchAction\",\"target\":{\"@type\":\"EntryPoint\",\"urlTemplate\":\"https:\\\/\\\/laguiole.com\\\/de\\\/?s={search_term_string}\"},\"query-input\":{\"@type\":\"PropertyValueSpecification\",\"valueRequired\":true,\"valueName\":\"search_term_string\"}}],\"inLanguage\":\"de\"},{\"@type\":\"Organization\",\"@id\":\"https:\\\/\\\/laguiole.com\\\/de\\\/#organization\",\"name\":\"Laguiole.com\",\"url\":\"https:\\\/\\\/laguiole.com\\\/de\\\/\",\"logo\":{\"@type\":\"ImageObject\",\"inLanguage\":\"de\",\"@id\":\"https:\\\/\\\/laguiole.com\\\/de\\\/#\\\/schema\\\/logo\\\/image\\\/\",\"url\":\"https:\\\/\\\/laguiole.com\\\/wp-content\\\/uploads\\\/2021\\\/02\\\/logo_laguiole.com-horizontal.jpg\",\"contentUrl\":\"https:\\\/\\\/laguiole.com\\\/wp-content\\\/uploads\\\/2021\\\/02\\\/logo_laguiole.com-horizontal.jpg\",\"width\":490,\"height\":156,\"caption\":\"Laguiole.com\"},\"image\":{\"@id\":\"https:\\\/\\\/laguiole.com\\\/de\\\/#\\\/schema\\\/logo\\\/image\\\/\"},\"sameAs\":[\"https:\\\/\\\/www.facebook.com\\\/laguiolecom\\\/\",\"https:\\\/\\\/www.instagram.com\\\/laguiolecom\\\/\",\"https:\\\/\\\/www.youtube.com\\\/@laguiolecom\\\/videos\"]}]}<\/script>\n<!-- \/ Yoast SEO plugin. -->","yoast_head_json":{"title":"Scheidenetui aus orangefarbenem Leder - Laguiole.com \u00ae","robots":{"index":"index","follow":"follow","max-snippet":"max-snippet:-1","max-image-preview":"max-image-preview:large","max-video-preview":"max-video-preview:-1"},"canonical":"https:\/\/laguiole.com\/de\/produit\/scheidenetui-aus-orangefarbenem-leder\/","og_locale":"de_DE","og_type":"article","og_title":"Scheidenetui aus orangefarbenem Leder - Laguiole.com \u00ae","og_description":"Lederscheide Etui Farbe: Orange Leder: Genarbt Ohne G\u00fcrtelschlaufe Ohne Klappe Steppn\u00e4hte Lederfarbe Gepr\u00e4gte Laguiole in Aubrac Taillenumfang 12cm Die Scheide f\u00fcr ein 10-, 11- oder 12-cm-Klappmesser von Laguiole ist ein Schutzzubeh\u00f6r, das speziell f\u00fcr die sichere Aufnahme und den sicheren Transport des Messers entwickelt wurde. Aus hochwertigem Leder gefertigt, wird die Scheidenscheide an die Ma\u00dfe des geschlossenen Messers angepasst und bietet gleichzeitig optimalen Schutz.","og_url":"https:\/\/laguiole.com\/de\/produit\/scheidenetui-aus-orangefarbenem-leder\/","og_site_name":"Laguiole.com \u00ae","article_publisher":"https:\/\/www.facebook.com\/laguiolecom\/","og_image":[{"width":1033,"height":1033,"url":"https:\/\/laguiole.com\/wp-content\/uploads\/2024\/11\/Etui_Fourreau_Cuir_Orange_00.jpg","type":"image\/jpeg"}],"twitter_card":"summary_large_image","schema":{"@context":"https:\/\/schema.org","@graph":[{"@type":"WebPage","@id":"https:\/\/laguiole.com\/de\/produit\/scheidenetui-aus-orangefarbenem-leder\/","url":"https:\/\/laguiole.com\/de\/produit\/scheidenetui-aus-orangefarbenem-leder\/","name":"Scheidenetui aus orangefarbenem Leder - Laguiole.com \u00ae","isPartOf":{"@id":"https:\/\/laguiole.com\/de\/#website"},"primaryImageOfPage":{"@id":"https:\/\/laguiole.com\/de\/produit\/scheidenetui-aus-orangefarbenem-leder\/#primaryimage"},"image":{"@id":"https:\/\/laguiole.com\/de\/produit\/scheidenetui-aus-orangefarbenem-leder\/#primaryimage"},"thumbnailUrl":"https:\/\/laguiole.com\/wp-content\/uploads\/2024\/11\/Etui_Fourreau_Cuir_Orange_00.jpg","datePublished":"2024-11-01T13:30:28+00:00","breadcrumb":{"@id":"https:\/\/laguiole.com\/de\/produit\/scheidenetui-aus-orangefarbenem-leder\/#breadcrumb"},"inLanguage":"de","potentialAction":[{"@type":"ReadAction","target":["https:\/\/laguiole.com\/de\/produit\/scheidenetui-aus-orangefarbenem-leder\/"]}]},{"@type":"ImageObject","inLanguage":"de","@id":"https:\/\/laguiole.com\/de\/produit\/scheidenetui-aus-orangefarbenem-leder\/#primaryimage","url":"https:\/\/laguiole.com\/wp-content\/uploads\/2024\/11\/Etui_Fourreau_Cuir_Orange_00.jpg","contentUrl":"https:\/\/laguiole.com\/wp-content\/uploads\/2024\/11\/Etui_Fourreau_Cuir_Orange_00.jpg","width":1033,"height":1033,"caption":"Scheidenetui aus orangefarbenem Leder"},{"@type":"BreadcrumbList","@id":"https:\/\/laguiole.com\/de\/produit\/scheidenetui-aus-orangefarbenem-leder\/#breadcrumb","itemListElement":[{"@type":"ListItem","position":1,"name":"Accueil","item":"https:\/\/laguiole.com\/de\/"},{"@type":"ListItem","position":2,"name":"Shop","item":"https:\/\/laguiole.com\/de\/shop-2\/"},{"@type":"ListItem","position":3,"name":"Scheidenetui aus orangefarbenem Leder"}]},{"@type":"WebSite","@id":"https:\/\/laguiole.com\/de\/#website","url":"https:\/\/laguiole.com\/de\/","name":"Laguiole.com","description":"Laguiole - Couteau laguiole, Chateau Laguiole, Laguiole en Aubrac, Forge de Laguiole","publisher":{"@id":"https:\/\/laguiole.com\/de\/#organization"},"potentialAction":[{"@type":"SearchAction","target":{"@type":"EntryPoint","urlTemplate":"https:\/\/laguiole.com\/de\/?s={search_term_string}"},"query-input":{"@type":"PropertyValueSpecification","valueRequired":true,"valueName":"search_term_string"}}],"inLanguage":"de"},{"@type":"Organization","@id":"https:\/\/laguiole.com\/de\/#organization","name":"Laguiole.com","url":"https:\/\/laguiole.com\/de\/","logo":{"@type":"ImageObject","inLanguage":"de","@id":"https:\/\/laguiole.com\/de\/#\/schema\/logo\/image\/","url":"https:\/\/laguiole.com\/wp-content\/uploads\/2021\/02\/logo_laguiole.com-horizontal.jpg","contentUrl":"https:\/\/laguiole.com\/wp-content\/uploads\/2021\/02\/logo_laguiole.com-horizontal.jpg","width":490,"height":156,"caption":"Laguiole.com"},"image":{"@id":"https:\/\/laguiole.com\/de\/#\/schema\/logo\/image\/"},"sameAs":["https:\/\/www.facebook.com\/laguiolecom\/","https:\/\/www.instagram.com\/laguiolecom\/","https:\/\/www.youtube.com\/@laguiolecom\/videos"]}]}},"_links":{"self":[{"href":"https:\/\/laguiole.com\/de\/wp-json\/wp\/v2\/product\/37832","targetHints":{"allow":["GET"]}}],"collection":[{"href":"https:\/\/laguiole.com\/de\/wp-json\/wp\/v2\/product"}],"about":[{"href":"https:\/\/laguiole.com\/de\/wp-json\/wp\/v2\/types\/product"}],"version-history":[{"count":0,"href":"https:\/\/laguiole.com\/de\/wp-json\/wp\/v2\/product\/37832\/revisions"}],"wp:featuredmedia":[{"embeddable":true,"href":"https:\/\/laguiole.com\/de\/wp-json\/wp\/v2\/media\/37833"}],"wp:attachment":[{"href":"https:\/\/laguiole.com\/de\/wp-json\/wp\/v2\/media?parent=37832"}],"wp:term":[{"taxonomy":"product_brand","embeddable":true,"href":"https:\/\/laguiole.com\/de\/wp-json\/wp\/v2\/product_brand?post=37832"},{"taxonomy":"product_cat","embeddable":true,"href":"https:\/\/laguiole.com\/de\/wp-json\/wp\/v2\/product_cat?post=37832"},{"taxonomy":"product_tag","embeddable":true,"href":"https:\/\/laguiole.com\/de\/wp-json\/wp\/v2\/product_tag?post=37832"}],"curies":[{"name":"wp","href":"https:\/\/api.w.org\/{rel}","templated":true}]}}