{"id":37782,"date":"2024-11-01T11:35:41","date_gmt":"2024-11-01T10:35:41","guid":{"rendered":"https:\/\/laguiole.com\/produit\/laguiole-prestige-tafelmesser-aus-aubrac-doppelplatin-edelstahl-und-messing-mit-handguillochiertem-griff-und-hornspitze-6er-set\/"},"modified":"2024-11-01T11:35:41","modified_gmt":"2024-11-01T10:35:41","slug":"laguiole-prestige-tafelmesser-aus-aubrac-doppelplatin-edelstahl-und-messing-mit-handguillochiertem-griff-und-hornspitze-6er-set","status":"publish","type":"product","link":"https:\/\/laguiole.com\/de\/produit\/laguiole-prestige-tafelmesser-aus-aubrac-doppelplatin-edelstahl-und-messing-mit-handguillochiertem-griff-und-hornspitze-6er-set\/","title":{"rendered":"Laguiole Prestige Tafelmesser aus Aubrac Doppelplatin-Edelstahl und Messing mit handguillochiertem Griff und Hornspitze (6er-Set)"},"content":{"rendered":"<div class=\"flex-shrink-0 flex flex-col relative items-end\">\n<div>\n<div class=\"pt-0\">\n<div class=\"gizmo-bot-avatar flex h-8 w-8 items-center justify-center overflow-hidden rounded-full\">\n<div class=\"relative p-1 rounded-sm flex items-center justify-center bg-token-main-surface-primary text-token-text-primary h-8 w-8\"><\/div>\n<\/div>\n<\/div>\n<\/div>\n<\/div>\n<div class=\"group\/conversation-turn relative flex w-full min-w-0 flex-col agent-turn\">\n<div class=\"flex-col gap-1 md:gap-3\">\n<div class=\"flex max-w-full flex-col flex-grow\">\n<div class=\"min-h-8 text-message flex w-full flex-col items-end gap-2 whitespace-normal break-words [.text-message+&amp;]:mt-5\" dir=\"auto\" data-message-author-role=\"assistant\" data-message-id=\"0dc64464-8c75-4d47-8bbf-24cd0442062f\" data-message-model-slug=\"gpt-4o\">\n<div class=\"flex w-full flex-col gap-1 empty:hidden first:pt-[3px]\">\n<div class=\"markdown prose w-full break-words dark:prose-invert light\">\n<p>Hier ist die modifizierte Version des Textes in franz\u00f6sischer Sprache mit einem Griff aus Wacholderholz:<\/p>\n<hr>\n<p><strong>Laguiole Tafelmesser in Aubrac &#8211; Doppelte Platte aus Edelstahl und Messing, Griff mit Hornspitze, Handguillochierung<\/strong><\/p>\n<p>Entdecken Sie die zeitlose Eleganz und Handwerkskunst <strong>des Laguiole Tafelmessers in Aubrac<\/strong>. Dieses Messer wurde mit au\u00dfergew\u00f6hnlicher Meisterschaft gefertigt und vereint Raffinesse und Langlebigkeit dank edler Materialien und sorgf\u00e4ltiger Verarbeitung. <\/p>\n<ul>\n<li><strong>Doppelte Edelstahl- und Messingplatte<\/strong> : Diese Kombination von Edelmetallen bringt sowohl Robustheit als auch Raffinesse mit und garantiert einen ausgewogenen Griff und eine bemerkenswerte Haltbarkeit.<\/li>\n<li><strong>Horn Point Handle: <\/strong>Eleganz und Weichheit f\u00fcr diesen Griff mit einem nat\u00fcrlichen G\u00fctesiegel bei gleichzeitiger Gew\u00e4hrleistung eines unvergleichlichen Tragekomforts.<\/li>\n<li><strong>Handguillochiert<\/strong> : Jedes Messer ist mit einer Guillochierung unter Einbeziehung von fein handgefertigtem Messing verziert, das das einzigartige Know-how der Aubrac-Messerschmiedemeister widerspiegelt.<\/li>\n<\/ul>\n<p>Dieses Messer ist nicht nur ein Utensil, es ist ein Kunstwerk, das Ihre Tische veredeln wird und gleichzeitig die Essenz der franz\u00f6sischen Tradition und des Prestiges verk\u00f6rpert.<\/p>\n<\/div>\n<\/div>\n<\/div>\n<\/div>\n<\/div>\n<\/div>\n","protected":false},"excerpt":{"rendered":"<p>Set mit 6 Prestige Laguiole Tafelmessern in Aubrac<br \/>\nGriffe: Hornspitze<br \/>\nGl\u00e4nzende<br \/>\nKlinge aus rostfreiem Stahl Backen: Gl\u00e4nzender<br \/>\nEdelstahl Doppelplatin Gl\u00e4nzender Edelstahl und Messing<br \/>\nHandgefertigte Guillochierung der Platten und der Ober-\/Unterseite des Griffs<br \/>\nLieferung in einer Eichenkiste<\/p>\n<p>Gesamtgr\u00f6\u00dfe: 23 cm<br \/>\nKlingengr\u00f6\u00dfe: 11 cm<br \/>\nGriffgr\u00f6\u00dfe:  ca. 12 cm<\/p>\n","protected":false},"featured_media":37787,"template":"","meta":{"_acf_changed":false,"_monsterinsights_skip_tracking":false,"_monsterinsights_sitenote_active":false,"_monsterinsights_sitenote_note":"","_monsterinsights_sitenote_category":0},"product_brand":[],"product_cat":[5955,5956],"product_tag":[],"class_list":{"0":"post-37782","1":"product","2":"type-product","3":"status-publish","4":"has-post-thumbnail","6":"product_cat-laguiole-tafelbesteck","7":"product_cat-messer-tafelgeschirr","8":"pa_conditionnement-6-teiliges-set","9":"pa_finition-brillant","10":"pa_lame-glaenzender-edelstahl","11":"pa_manche-en-matiere-animale-hornspitze","12":"pa_marque-laguiole-en-aubracfr","13":"pa_mitres-2-gehrungen","14":"pa_mitres-glaenzender-edelstahl","15":"tm-has-options","18":"instock","19":"taxable","20":"shipping-taxable","21":"purchasable","22":"product-type-simple"},"supplier_id":null,"supplier_sku":"","barcode":null,"atum_controlled":true,"out_stock_date":null,"out_stock_threshold":null,"inheritable":false,"inbound_stock":0,"stock_on_hold":0,"sold_today":0,"sales_last_days":0,"reserved_stock":0,"customer_returns":0,"warehouse_damage":0,"lost_in_post":0,"other_logs":0,"out_stock_days":0,"lost_sales":0,"has_location":false,"update_date":"2026-04-28T00:41:28","atum_locations":[],"atum_stock_status":"instock","restock_status":false,"low_stock_amount":"","sales_update_date":"2026-04-28T00:41:28","calc_backorders":0,"acf":[],"yoast_head":"<!-- This site is optimized with the Yoast SEO plugin v27.3 - https:\/\/yoast.com\/product\/yoast-seo-wordpress\/ -->\n<title>Laguiole Prestige Tafelmesser aus Aubrac Doppelplatin-Edelstahl und Messing mit handguillochiertem Griff und Hornspitze (6er-Set) - Laguiole.com \u00ae<\/title>\n<meta name=\"robots\" content=\"index, follow, max-snippet:-1, max-image-preview:large, max-video-preview:-1\" \/>\n<link rel=\"canonical\" href=\"https:\/\/laguiole.com\/de\/produit\/laguiole-prestige-tafelmesser-aus-aubrac-doppelplatin-edelstahl-und-messing-mit-handguillochiertem-griff-und-hornspitze-6er-set\/\" \/>\n<meta property=\"og:locale\" content=\"de_DE\" \/>\n<meta property=\"og:type\" content=\"article\" \/>\n<meta property=\"og:title\" content=\"Laguiole Prestige Tafelmesser aus Aubrac Doppelplatin-Edelstahl und Messing mit handguillochiertem Griff und Hornspitze (6er-Set) - Laguiole.com \u00ae\" \/>\n<meta property=\"og:description\" content=\"Set mit 6 Prestige Laguiole Tafelmessern in Aubrac Griffe: Hornspitze Gl\u00e4nzende Klinge aus rostfreiem Stahl Backen: Gl\u00e4nzender Edelstahl Doppelplatin Gl\u00e4nzender Edelstahl und Messing Handgefertigte Guillochierung der Platten und der Ober-\/Unterseite des Griffs Lieferung in einer Eichenkiste Gesamtgr\u00f6\u00dfe: 23 cm Klingengr\u00f6\u00dfe: 11 cm Griffgr\u00f6\u00dfe: ca. 12 cm\" \/>\n<meta property=\"og:url\" content=\"https:\/\/laguiole.com\/de\/produit\/laguiole-prestige-tafelmesser-aus-aubrac-doppelplatin-edelstahl-und-messing-mit-handguillochiertem-griff-und-hornspitze-6er-set\/\" \/>\n<meta property=\"og:site_name\" content=\"Laguiole.com \u00ae\" \/>\n<meta property=\"article:publisher\" content=\"https:\/\/www.facebook.com\/laguiolecom\/\" \/>\n<meta property=\"og:image\" content=\"https:\/\/laguiole.com\/wp-content\/uploads\/2024\/11\/Couteaux_de_table_Prestige_Laguiole_en_Aubrac_Double_Platine_Inox_et_Laiton_Guillochees_main_Manche_Pointe_de_corne_Set_de_6_00.jpg\" \/>\n\t<meta property=\"og:image:width\" content=\"1033\" \/>\n\t<meta property=\"og:image:height\" content=\"1033\" \/>\n\t<meta property=\"og:image:type\" content=\"image\/jpeg\" \/>\n<meta name=\"twitter:card\" content=\"summary_large_image\" \/>\n<meta name=\"twitter:label1\" content=\"Gesch\u00e4tzte Lesezeit\" \/>\n\t<meta name=\"twitter:data1\" content=\"1\u00a0Minute\" \/>\n<script type=\"application\/ld+json\" class=\"yoast-schema-graph\">{\"@context\":\"https:\\\/\\\/schema.org\",\"@graph\":[{\"@type\":\"WebPage\",\"@id\":\"https:\\\/\\\/laguiole.com\\\/de\\\/produit\\\/laguiole-prestige-tafelmesser-aus-aubrac-doppelplatin-edelstahl-und-messing-mit-handguillochiertem-griff-und-hornspitze-6er-set\\\/\",\"url\":\"https:\\\/\\\/laguiole.com\\\/de\\\/produit\\\/laguiole-prestige-tafelmesser-aus-aubrac-doppelplatin-edelstahl-und-messing-mit-handguillochiertem-griff-und-hornspitze-6er-set\\\/\",\"name\":\"Laguiole Prestige Tafelmesser aus Aubrac Doppelplatin-Edelstahl und Messing mit handguillochiertem Griff und Hornspitze (6er-Set) - Laguiole.com \u00ae\",\"isPartOf\":{\"@id\":\"https:\\\/\\\/laguiole.com\\\/de\\\/#website\"},\"primaryImageOfPage\":{\"@id\":\"https:\\\/\\\/laguiole.com\\\/de\\\/produit\\\/laguiole-prestige-tafelmesser-aus-aubrac-doppelplatin-edelstahl-und-messing-mit-handguillochiertem-griff-und-hornspitze-6er-set\\\/#primaryimage\"},\"image\":{\"@id\":\"https:\\\/\\\/laguiole.com\\\/de\\\/produit\\\/laguiole-prestige-tafelmesser-aus-aubrac-doppelplatin-edelstahl-und-messing-mit-handguillochiertem-griff-und-hornspitze-6er-set\\\/#primaryimage\"},\"thumbnailUrl\":\"https:\\\/\\\/laguiole.com\\\/wp-content\\\/uploads\\\/2024\\\/11\\\/Couteaux_de_table_Prestige_Laguiole_en_Aubrac_Double_Platine_Inox_et_Laiton_Guillochees_main_Manche_Pointe_de_corne_Set_de_6_00.jpg\",\"datePublished\":\"2024-11-01T10:35:41+00:00\",\"breadcrumb\":{\"@id\":\"https:\\\/\\\/laguiole.com\\\/de\\\/produit\\\/laguiole-prestige-tafelmesser-aus-aubrac-doppelplatin-edelstahl-und-messing-mit-handguillochiertem-griff-und-hornspitze-6er-set\\\/#breadcrumb\"},\"inLanguage\":\"de\",\"potentialAction\":[{\"@type\":\"ReadAction\",\"target\":[\"https:\\\/\\\/laguiole.com\\\/de\\\/produit\\\/laguiole-prestige-tafelmesser-aus-aubrac-doppelplatin-edelstahl-und-messing-mit-handguillochiertem-griff-und-hornspitze-6er-set\\\/\"]}]},{\"@type\":\"ImageObject\",\"inLanguage\":\"de\",\"@id\":\"https:\\\/\\\/laguiole.com\\\/de\\\/produit\\\/laguiole-prestige-tafelmesser-aus-aubrac-doppelplatin-edelstahl-und-messing-mit-handguillochiertem-griff-und-hornspitze-6er-set\\\/#primaryimage\",\"url\":\"https:\\\/\\\/laguiole.com\\\/wp-content\\\/uploads\\\/2024\\\/11\\\/Couteaux_de_table_Prestige_Laguiole_en_Aubrac_Double_Platine_Inox_et_Laiton_Guillochees_main_Manche_Pointe_de_corne_Set_de_6_00.jpg\",\"contentUrl\":\"https:\\\/\\\/laguiole.com\\\/wp-content\\\/uploads\\\/2024\\\/11\\\/Couteaux_de_table_Prestige_Laguiole_en_Aubrac_Double_Platine_Inox_et_Laiton_Guillochees_main_Manche_Pointe_de_corne_Set_de_6_00.jpg\",\"width\":1033,\"height\":1033,\"caption\":\"Laguiole Prestige Tafelmesser aus Aubrac Doppelplatin-Edelstahl und Messing mit handguillochiertem Griff und Hornspitze (6er-Set)\"},{\"@type\":\"BreadcrumbList\",\"@id\":\"https:\\\/\\\/laguiole.com\\\/de\\\/produit\\\/laguiole-prestige-tafelmesser-aus-aubrac-doppelplatin-edelstahl-und-messing-mit-handguillochiertem-griff-und-hornspitze-6er-set\\\/#breadcrumb\",\"itemListElement\":[{\"@type\":\"ListItem\",\"position\":1,\"name\":\"Accueil\",\"item\":\"https:\\\/\\\/laguiole.com\\\/de\\\/\"},{\"@type\":\"ListItem\",\"position\":2,\"name\":\"Shop\",\"item\":\"https:\\\/\\\/laguiole.com\\\/de\\\/shop-2\\\/\"},{\"@type\":\"ListItem\",\"position\":3,\"name\":\"Laguiole Prestige Tafelmesser aus Aubrac Doppelplatin-Edelstahl und Messing mit handguillochiertem Griff und Hornspitze (6er-Set)\"}]},{\"@type\":\"WebSite\",\"@id\":\"https:\\\/\\\/laguiole.com\\\/de\\\/#website\",\"url\":\"https:\\\/\\\/laguiole.com\\\/de\\\/\",\"name\":\"Laguiole.com\",\"description\":\"Laguiole - Couteau laguiole, Chateau Laguiole, Laguiole en Aubrac, Forge de Laguiole\",\"publisher\":{\"@id\":\"https:\\\/\\\/laguiole.com\\\/de\\\/#organization\"},\"potentialAction\":[{\"@type\":\"SearchAction\",\"target\":{\"@type\":\"EntryPoint\",\"urlTemplate\":\"https:\\\/\\\/laguiole.com\\\/de\\\/?s={search_term_string}\"},\"query-input\":{\"@type\":\"PropertyValueSpecification\",\"valueRequired\":true,\"valueName\":\"search_term_string\"}}],\"inLanguage\":\"de\"},{\"@type\":\"Organization\",\"@id\":\"https:\\\/\\\/laguiole.com\\\/de\\\/#organization\",\"name\":\"Laguiole.com\",\"url\":\"https:\\\/\\\/laguiole.com\\\/de\\\/\",\"logo\":{\"@type\":\"ImageObject\",\"inLanguage\":\"de\",\"@id\":\"https:\\\/\\\/laguiole.com\\\/de\\\/#\\\/schema\\\/logo\\\/image\\\/\",\"url\":\"https:\\\/\\\/laguiole.com\\\/wp-content\\\/uploads\\\/2021\\\/02\\\/logo_laguiole.com-horizontal.jpg\",\"contentUrl\":\"https:\\\/\\\/laguiole.com\\\/wp-content\\\/uploads\\\/2021\\\/02\\\/logo_laguiole.com-horizontal.jpg\",\"width\":490,\"height\":156,\"caption\":\"Laguiole.com\"},\"image\":{\"@id\":\"https:\\\/\\\/laguiole.com\\\/de\\\/#\\\/schema\\\/logo\\\/image\\\/\"},\"sameAs\":[\"https:\\\/\\\/www.facebook.com\\\/laguiolecom\\\/\",\"https:\\\/\\\/www.instagram.com\\\/laguiolecom\\\/\",\"https:\\\/\\\/www.youtube.com\\\/@laguiolecom\\\/videos\"]}]}<\/script>\n<!-- \/ Yoast SEO plugin. -->","yoast_head_json":{"title":"Laguiole Prestige Tafelmesser aus Aubrac Doppelplatin-Edelstahl und Messing mit handguillochiertem Griff und Hornspitze (6er-Set) - Laguiole.com \u00ae","robots":{"index":"index","follow":"follow","max-snippet":"max-snippet:-1","max-image-preview":"max-image-preview:large","max-video-preview":"max-video-preview:-1"},"canonical":"https:\/\/laguiole.com\/de\/produit\/laguiole-prestige-tafelmesser-aus-aubrac-doppelplatin-edelstahl-und-messing-mit-handguillochiertem-griff-und-hornspitze-6er-set\/","og_locale":"de_DE","og_type":"article","og_title":"Laguiole Prestige Tafelmesser aus Aubrac Doppelplatin-Edelstahl und Messing mit handguillochiertem Griff und Hornspitze (6er-Set) - Laguiole.com \u00ae","og_description":"Set mit 6 Prestige Laguiole Tafelmessern in Aubrac Griffe: Hornspitze Gl\u00e4nzende Klinge aus rostfreiem Stahl Backen: Gl\u00e4nzender Edelstahl Doppelplatin Gl\u00e4nzender Edelstahl und Messing Handgefertigte Guillochierung der Platten und der Ober-\/Unterseite des Griffs Lieferung in einer Eichenkiste Gesamtgr\u00f6\u00dfe: 23 cm Klingengr\u00f6\u00dfe: 11 cm Griffgr\u00f6\u00dfe: ca. 12 cm","og_url":"https:\/\/laguiole.com\/de\/produit\/laguiole-prestige-tafelmesser-aus-aubrac-doppelplatin-edelstahl-und-messing-mit-handguillochiertem-griff-und-hornspitze-6er-set\/","og_site_name":"Laguiole.com \u00ae","article_publisher":"https:\/\/www.facebook.com\/laguiolecom\/","og_image":[{"width":1033,"height":1033,"url":"https:\/\/laguiole.com\/wp-content\/uploads\/2024\/11\/Couteaux_de_table_Prestige_Laguiole_en_Aubrac_Double_Platine_Inox_et_Laiton_Guillochees_main_Manche_Pointe_de_corne_Set_de_6_00.jpg","type":"image\/jpeg"}],"twitter_card":"summary_large_image","twitter_misc":{"Gesch\u00e4tzte Lesezeit":"1\u00a0Minute"},"schema":{"@context":"https:\/\/schema.org","@graph":[{"@type":"WebPage","@id":"https:\/\/laguiole.com\/de\/produit\/laguiole-prestige-tafelmesser-aus-aubrac-doppelplatin-edelstahl-und-messing-mit-handguillochiertem-griff-und-hornspitze-6er-set\/","url":"https:\/\/laguiole.com\/de\/produit\/laguiole-prestige-tafelmesser-aus-aubrac-doppelplatin-edelstahl-und-messing-mit-handguillochiertem-griff-und-hornspitze-6er-set\/","name":"Laguiole Prestige Tafelmesser aus Aubrac Doppelplatin-Edelstahl und Messing mit handguillochiertem Griff und Hornspitze (6er-Set) - Laguiole.com \u00ae","isPartOf":{"@id":"https:\/\/laguiole.com\/de\/#website"},"primaryImageOfPage":{"@id":"https:\/\/laguiole.com\/de\/produit\/laguiole-prestige-tafelmesser-aus-aubrac-doppelplatin-edelstahl-und-messing-mit-handguillochiertem-griff-und-hornspitze-6er-set\/#primaryimage"},"image":{"@id":"https:\/\/laguiole.com\/de\/produit\/laguiole-prestige-tafelmesser-aus-aubrac-doppelplatin-edelstahl-und-messing-mit-handguillochiertem-griff-und-hornspitze-6er-set\/#primaryimage"},"thumbnailUrl":"https:\/\/laguiole.com\/wp-content\/uploads\/2024\/11\/Couteaux_de_table_Prestige_Laguiole_en_Aubrac_Double_Platine_Inox_et_Laiton_Guillochees_main_Manche_Pointe_de_corne_Set_de_6_00.jpg","datePublished":"2024-11-01T10:35:41+00:00","breadcrumb":{"@id":"https:\/\/laguiole.com\/de\/produit\/laguiole-prestige-tafelmesser-aus-aubrac-doppelplatin-edelstahl-und-messing-mit-handguillochiertem-griff-und-hornspitze-6er-set\/#breadcrumb"},"inLanguage":"de","potentialAction":[{"@type":"ReadAction","target":["https:\/\/laguiole.com\/de\/produit\/laguiole-prestige-tafelmesser-aus-aubrac-doppelplatin-edelstahl-und-messing-mit-handguillochiertem-griff-und-hornspitze-6er-set\/"]}]},{"@type":"ImageObject","inLanguage":"de","@id":"https:\/\/laguiole.com\/de\/produit\/laguiole-prestige-tafelmesser-aus-aubrac-doppelplatin-edelstahl-und-messing-mit-handguillochiertem-griff-und-hornspitze-6er-set\/#primaryimage","url":"https:\/\/laguiole.com\/wp-content\/uploads\/2024\/11\/Couteaux_de_table_Prestige_Laguiole_en_Aubrac_Double_Platine_Inox_et_Laiton_Guillochees_main_Manche_Pointe_de_corne_Set_de_6_00.jpg","contentUrl":"https:\/\/laguiole.com\/wp-content\/uploads\/2024\/11\/Couteaux_de_table_Prestige_Laguiole_en_Aubrac_Double_Platine_Inox_et_Laiton_Guillochees_main_Manche_Pointe_de_corne_Set_de_6_00.jpg","width":1033,"height":1033,"caption":"Laguiole Prestige Tafelmesser aus Aubrac Doppelplatin-Edelstahl und Messing mit handguillochiertem Griff und Hornspitze (6er-Set)"},{"@type":"BreadcrumbList","@id":"https:\/\/laguiole.com\/de\/produit\/laguiole-prestige-tafelmesser-aus-aubrac-doppelplatin-edelstahl-und-messing-mit-handguillochiertem-griff-und-hornspitze-6er-set\/#breadcrumb","itemListElement":[{"@type":"ListItem","position":1,"name":"Accueil","item":"https:\/\/laguiole.com\/de\/"},{"@type":"ListItem","position":2,"name":"Shop","item":"https:\/\/laguiole.com\/de\/shop-2\/"},{"@type":"ListItem","position":3,"name":"Laguiole Prestige Tafelmesser aus Aubrac Doppelplatin-Edelstahl und Messing mit handguillochiertem Griff und Hornspitze (6er-Set)"}]},{"@type":"WebSite","@id":"https:\/\/laguiole.com\/de\/#website","url":"https:\/\/laguiole.com\/de\/","name":"Laguiole.com","description":"Laguiole - Couteau laguiole, Chateau Laguiole, Laguiole en Aubrac, Forge de Laguiole","publisher":{"@id":"https:\/\/laguiole.com\/de\/#organization"},"potentialAction":[{"@type":"SearchAction","target":{"@type":"EntryPoint","urlTemplate":"https:\/\/laguiole.com\/de\/?s={search_term_string}"},"query-input":{"@type":"PropertyValueSpecification","valueRequired":true,"valueName":"search_term_string"}}],"inLanguage":"de"},{"@type":"Organization","@id":"https:\/\/laguiole.com\/de\/#organization","name":"Laguiole.com","url":"https:\/\/laguiole.com\/de\/","logo":{"@type":"ImageObject","inLanguage":"de","@id":"https:\/\/laguiole.com\/de\/#\/schema\/logo\/image\/","url":"https:\/\/laguiole.com\/wp-content\/uploads\/2021\/02\/logo_laguiole.com-horizontal.jpg","contentUrl":"https:\/\/laguiole.com\/wp-content\/uploads\/2021\/02\/logo_laguiole.com-horizontal.jpg","width":490,"height":156,"caption":"Laguiole.com"},"image":{"@id":"https:\/\/laguiole.com\/de\/#\/schema\/logo\/image\/"},"sameAs":["https:\/\/www.facebook.com\/laguiolecom\/","https:\/\/www.instagram.com\/laguiolecom\/","https:\/\/www.youtube.com\/@laguiolecom\/videos"]}]}},"_links":{"self":[{"href":"https:\/\/laguiole.com\/de\/wp-json\/wp\/v2\/product\/37782","targetHints":{"allow":["GET"]}}],"collection":[{"href":"https:\/\/laguiole.com\/de\/wp-json\/wp\/v2\/product"}],"about":[{"href":"https:\/\/laguiole.com\/de\/wp-json\/wp\/v2\/types\/product"}],"version-history":[{"count":0,"href":"https:\/\/laguiole.com\/de\/wp-json\/wp\/v2\/product\/37782\/revisions"}],"wp:featuredmedia":[{"embeddable":true,"href":"https:\/\/laguiole.com\/de\/wp-json\/wp\/v2\/media\/37787"}],"wp:attachment":[{"href":"https:\/\/laguiole.com\/de\/wp-json\/wp\/v2\/media?parent=37782"}],"wp:term":[{"taxonomy":"product_brand","embeddable":true,"href":"https:\/\/laguiole.com\/de\/wp-json\/wp\/v2\/product_brand?post=37782"},{"taxonomy":"product_cat","embeddable":true,"href":"https:\/\/laguiole.com\/de\/wp-json\/wp\/v2\/product_cat?post=37782"},{"taxonomy":"product_tag","embeddable":true,"href":"https:\/\/laguiole.com\/de\/wp-json\/wp\/v2\/product_tag?post=37782"}],"curies":[{"name":"wp","href":"https:\/\/api.w.org\/{rel}","templated":true}]}}