{"id":37766,"date":"2024-11-19T13:09:00","date_gmt":"2024-11-19T12:09:00","guid":{"rendered":"https:\/\/laguiole.com\/produit\/laguiole-aubrac-messer-1-stueck-12-cm-griff-aubrac-holz-feder-graviert-fliege-geschmiedet-prestige-schaedel-2-gehrungen-edelstahl-gebuerstet\/"},"modified":"2026-02-19T15:53:02","modified_gmt":"2026-02-19T14:53:02","slug":"laguiole-aubrac-messer-1-stueck-12-cm-griff-aubrac-holz-feder-graviert-fliege-geschmiedet-prestige-schaedel-2-gehrungen-edelstahl-gebuerstet","status":"publish","type":"product","link":"https:\/\/laguiole.com\/de\/produit\/laguiole-aubrac-messer-1-stueck-12-cm-griff-aubrac-holz-feder-graviert-fliege-geschmiedet-prestige-schaedel-2-gehrungen-edelstahl-gebuerstet\/","title":{"rendered":"Laguiole Aubrac Messer 1 St\u00fcck 12 cm Griff Aubrac Holz Feder graviert Fliege geschmiedet Prestige Sch\u00e4del 2 Gehrungen Edelstahl geb\u00fcrstet"},"content":{"rendered":"<p>Fein graviert auf der Quelle mit Bl\u00fcten und Akanthusbl\u00e4ttern und einem sehr sch\u00f6nen Totenkopf im Fliege. Es verk\u00f6rpert Eleganz und Handwerkskunst. Mit Sorgfalt gefertigt, verbindet es Tradition und Moderne, um ein Werkzeug von au\u00dfergew\u00f6hnlicher Sch\u00f6nheit zu bieten. Seine scharfe und robuste Klinge eignet sich perfekt f\u00fcr verschiedene Aufgaben im Alltag. Mit seinem raffinierten Design und den zarten Gravuren ist dieses Messer ein wahres Meisterwerk zum Besitzen oder Verschenken. Ein kostbares Objekt, das \u00c4sthetik und Funktionalit\u00e4t vereint, f\u00fcr ein einzigartiges Erlebnis bei jeder Nutzung.     <\/p>\n","protected":false},"excerpt":{"rendered":"<p>Laguiole Klappmesser in Aubrac<br \/>\nGriff Aubrac<br \/>\nHolz 2 Gehrungen geb\u00fcrsteter<br \/>\nEdelstahl Geschmiedete Fliege Prestige Muster fein gravierte<br \/>\nTotenkopfklinge Geb\u00fcrsteter Edelstahl 12C27MO<br \/>\nFedergeschmiedete und fein gravierte Blume und Akanthus<br \/>\nBlattmuster Klingenl\u00e4nge 10cm<br \/>\nGeschlossenes Messer L\u00e4nge 12cm<br \/>\nOffenes Messer L\u00e4nge 22cm<\/p>\n","protected":false},"featured_media":37767,"template":"","meta":{"_acf_changed":false,"_monsterinsights_skip_tracking":false,"_monsterinsights_sitenote_active":false,"_monsterinsights_sitenote_note":"","_monsterinsights_sitenote_category":0},"product_brand":[],"product_cat":[5938,5939,5943,5944],"product_tag":[],"class_list":{"0":"post-37766","1":"product","2":"type-product","3":"status-publish","4":"has-post-thumbnail","6":"product_cat-klappmesser","7":"product_cat-laguiole-klappmesser","8":"product_cat-laguiole-prestiges-messer","9":"product_cat-laguiole-spezialmesser","10":"pa_composition-couteau-1-stueck-nur-klinge","11":"pa_finition-gebuerstet","12":"pa_lame-gebuersteter-edelstahl","13":"pa_manche-en-bois-aubrac-holz","14":"pa_marque-laguiole-en-aubracfr","15":"pa_mitres-2-gehrungen","16":"pa_mitres-gebuersteter-edelstahl","17":"pa_mouche-geschmiedet","18":"pa_mouche-prestige","19":"pa_mouche-schaedel","20":"pa_platines-einzelplatin","21":"pa_ressort-guilloche","22":"pa_taille-du-manche-12-cm","23":"tm-no-options","26":"instock","27":"taxable","28":"shipping-taxable","29":"purchasable","30":"product-type-simple"},"supplier_id":null,"supplier_sku":"","barcode":null,"atum_controlled":true,"out_stock_date":null,"out_stock_threshold":null,"inheritable":false,"inbound_stock":0,"stock_on_hold":0,"sold_today":0,"sales_last_days":0,"reserved_stock":0,"customer_returns":0,"warehouse_damage":0,"lost_in_post":0,"other_logs":0,"out_stock_days":0,"lost_sales":0,"has_location":false,"update_date":"2026-05-02T00:46:53","atum_locations":[],"atum_stock_status":"instock","restock_status":false,"low_stock_amount":"","sales_update_date":"2026-05-02T00:46:53","calc_backorders":0,"acf":[],"yoast_head":"<!-- This site is optimized with the Yoast SEO plugin v27.3 - https:\/\/yoast.com\/product\/yoast-seo-wordpress\/ -->\n<title>Laguiole Aubrac Messer 1 St\u00fcck 12 cm Griff Aubrac Holz Feder graviert Fliege geschmiedet Prestige Sch\u00e4del 2 Gehrungen Edelstahl geb\u00fcrstet - Laguiole.com \u00ae<\/title>\n<meta name=\"robots\" content=\"index, follow, max-snippet:-1, max-image-preview:large, max-video-preview:-1\" \/>\n<link rel=\"canonical\" href=\"https:\/\/laguiole.com\/de\/produit\/laguiole-aubrac-messer-1-stueck-12-cm-griff-aubrac-holz-feder-graviert-fliege-geschmiedet-prestige-schaedel-2-gehrungen-edelstahl-gebuerstet\/\" \/>\n<meta property=\"og:locale\" content=\"de_DE\" \/>\n<meta property=\"og:type\" content=\"article\" \/>\n<meta property=\"og:title\" content=\"Laguiole Aubrac Messer 1 St\u00fcck 12 cm Griff Aubrac Holz Feder graviert Fliege geschmiedet Prestige Sch\u00e4del 2 Gehrungen Edelstahl geb\u00fcrstet - Laguiole.com \u00ae\" \/>\n<meta property=\"og:description\" content=\"Laguiole Klappmesser in Aubrac Griff Aubrac Holz 2 Gehrungen geb\u00fcrsteter Edelstahl Geschmiedete Fliege Prestige Muster fein gravierte Totenkopfklinge Geb\u00fcrsteter Edelstahl 12C27MO Federgeschmiedete und fein gravierte Blume und Akanthus Blattmuster Klingenl\u00e4nge 10cm Geschlossenes Messer L\u00e4nge 12cm Offenes Messer L\u00e4nge 22cm\" \/>\n<meta property=\"og:url\" content=\"https:\/\/laguiole.com\/de\/produit\/laguiole-aubrac-messer-1-stueck-12-cm-griff-aubrac-holz-feder-graviert-fliege-geschmiedet-prestige-schaedel-2-gehrungen-edelstahl-gebuerstet\/\" \/>\n<meta property=\"og:site_name\" content=\"Laguiole.com \u00ae\" \/>\n<meta property=\"article:publisher\" content=\"https:\/\/www.facebook.com\/laguiolecom\/\" \/>\n<meta property=\"article:modified_time\" content=\"2026-02-19T14:53:02+00:00\" \/>\n<meta property=\"og:image\" content=\"https:\/\/laguiole.com\/wp-content\/uploads\/2024\/11\/Couteau_Laguiole_en_Aubrac_1_Piece_12_cm_Manche_Bois_Aubrac_Ressort_Grave_Mouche_Forgee_Prestige_Tete_de_Mort_2_Mitres_Inox_Brosse_00.jpg\" \/>\n\t<meta property=\"og:image:width\" content=\"1033\" \/>\n\t<meta property=\"og:image:height\" content=\"1033\" \/>\n\t<meta property=\"og:image:type\" content=\"image\/jpeg\" \/>\n<meta name=\"twitter:card\" content=\"summary_large_image\" \/>\n<script type=\"application\/ld+json\" class=\"yoast-schema-graph\">{\"@context\":\"https:\\\/\\\/schema.org\",\"@graph\":[{\"@type\":\"WebPage\",\"@id\":\"https:\\\/\\\/laguiole.com\\\/de\\\/produit\\\/laguiole-aubrac-messer-1-stueck-12-cm-griff-aubrac-holz-feder-graviert-fliege-geschmiedet-prestige-schaedel-2-gehrungen-edelstahl-gebuerstet\\\/\",\"url\":\"https:\\\/\\\/laguiole.com\\\/de\\\/produit\\\/laguiole-aubrac-messer-1-stueck-12-cm-griff-aubrac-holz-feder-graviert-fliege-geschmiedet-prestige-schaedel-2-gehrungen-edelstahl-gebuerstet\\\/\",\"name\":\"Laguiole Aubrac Messer 1 St\u00fcck 12 cm Griff Aubrac Holz Feder graviert Fliege geschmiedet Prestige Sch\u00e4del 2 Gehrungen Edelstahl geb\u00fcrstet - Laguiole.com \u00ae\",\"isPartOf\":{\"@id\":\"https:\\\/\\\/laguiole.com\\\/de\\\/#website\"},\"primaryImageOfPage\":{\"@id\":\"https:\\\/\\\/laguiole.com\\\/de\\\/produit\\\/laguiole-aubrac-messer-1-stueck-12-cm-griff-aubrac-holz-feder-graviert-fliege-geschmiedet-prestige-schaedel-2-gehrungen-edelstahl-gebuerstet\\\/#primaryimage\"},\"image\":{\"@id\":\"https:\\\/\\\/laguiole.com\\\/de\\\/produit\\\/laguiole-aubrac-messer-1-stueck-12-cm-griff-aubrac-holz-feder-graviert-fliege-geschmiedet-prestige-schaedel-2-gehrungen-edelstahl-gebuerstet\\\/#primaryimage\"},\"thumbnailUrl\":\"https:\\\/\\\/laguiole.com\\\/wp-content\\\/uploads\\\/2024\\\/11\\\/Couteau_Laguiole_en_Aubrac_1_Piece_12_cm_Manche_Bois_Aubrac_Ressort_Grave_Mouche_Forgee_Prestige_Tete_de_Mort_2_Mitres_Inox_Brosse_00.jpg\",\"datePublished\":\"2024-11-19T12:09:00+00:00\",\"dateModified\":\"2026-02-19T14:53:02+00:00\",\"breadcrumb\":{\"@id\":\"https:\\\/\\\/laguiole.com\\\/de\\\/produit\\\/laguiole-aubrac-messer-1-stueck-12-cm-griff-aubrac-holz-feder-graviert-fliege-geschmiedet-prestige-schaedel-2-gehrungen-edelstahl-gebuerstet\\\/#breadcrumb\"},\"inLanguage\":\"de\",\"potentialAction\":[{\"@type\":\"ReadAction\",\"target\":[\"https:\\\/\\\/laguiole.com\\\/de\\\/produit\\\/laguiole-aubrac-messer-1-stueck-12-cm-griff-aubrac-holz-feder-graviert-fliege-geschmiedet-prestige-schaedel-2-gehrungen-edelstahl-gebuerstet\\\/\"]}]},{\"@type\":\"ImageObject\",\"inLanguage\":\"de\",\"@id\":\"https:\\\/\\\/laguiole.com\\\/de\\\/produit\\\/laguiole-aubrac-messer-1-stueck-12-cm-griff-aubrac-holz-feder-graviert-fliege-geschmiedet-prestige-schaedel-2-gehrungen-edelstahl-gebuerstet\\\/#primaryimage\",\"url\":\"https:\\\/\\\/laguiole.com\\\/wp-content\\\/uploads\\\/2024\\\/11\\\/Couteau_Laguiole_en_Aubrac_1_Piece_12_cm_Manche_Bois_Aubrac_Ressort_Grave_Mouche_Forgee_Prestige_Tete_de_Mort_2_Mitres_Inox_Brosse_00.jpg\",\"contentUrl\":\"https:\\\/\\\/laguiole.com\\\/wp-content\\\/uploads\\\/2024\\\/11\\\/Couteau_Laguiole_en_Aubrac_1_Piece_12_cm_Manche_Bois_Aubrac_Ressort_Grave_Mouche_Forgee_Prestige_Tete_de_Mort_2_Mitres_Inox_Brosse_00.jpg\",\"width\":1033,\"height\":1033,\"caption\":\"Laguiole Aubrac Messer 1 St\u00fcck 12 cm Griff Aubrac Holz Feder graviert Fliege geschmiedet Prestige Sch\u00e4del 2 Gehrungen Edelstahl geb\u00fcrstet\"},{\"@type\":\"BreadcrumbList\",\"@id\":\"https:\\\/\\\/laguiole.com\\\/de\\\/produit\\\/laguiole-aubrac-messer-1-stueck-12-cm-griff-aubrac-holz-feder-graviert-fliege-geschmiedet-prestige-schaedel-2-gehrungen-edelstahl-gebuerstet\\\/#breadcrumb\",\"itemListElement\":[{\"@type\":\"ListItem\",\"position\":1,\"name\":\"Accueil\",\"item\":\"https:\\\/\\\/laguiole.com\\\/de\\\/\"},{\"@type\":\"ListItem\",\"position\":2,\"name\":\"Shop\",\"item\":\"https:\\\/\\\/laguiole.com\\\/de\\\/shop-2\\\/\"},{\"@type\":\"ListItem\",\"position\":3,\"name\":\"Laguiole Aubrac Messer 1 St\u00fcck 12 cm Griff Aubrac Holz Feder graviert Fliege geschmiedet Prestige Sch\u00e4del 2 Gehrungen Edelstahl geb\u00fcrstet\"}]},{\"@type\":\"WebSite\",\"@id\":\"https:\\\/\\\/laguiole.com\\\/de\\\/#website\",\"url\":\"https:\\\/\\\/laguiole.com\\\/de\\\/\",\"name\":\"Laguiole.com\",\"description\":\"Laguiole - Couteau laguiole, Chateau Laguiole, Laguiole en Aubrac, Forge de Laguiole\",\"publisher\":{\"@id\":\"https:\\\/\\\/laguiole.com\\\/de\\\/#organization\"},\"potentialAction\":[{\"@type\":\"SearchAction\",\"target\":{\"@type\":\"EntryPoint\",\"urlTemplate\":\"https:\\\/\\\/laguiole.com\\\/de\\\/?s={search_term_string}\"},\"query-input\":{\"@type\":\"PropertyValueSpecification\",\"valueRequired\":true,\"valueName\":\"search_term_string\"}}],\"inLanguage\":\"de\"},{\"@type\":\"Organization\",\"@id\":\"https:\\\/\\\/laguiole.com\\\/de\\\/#organization\",\"name\":\"Laguiole.com\",\"url\":\"https:\\\/\\\/laguiole.com\\\/de\\\/\",\"logo\":{\"@type\":\"ImageObject\",\"inLanguage\":\"de\",\"@id\":\"https:\\\/\\\/laguiole.com\\\/de\\\/#\\\/schema\\\/logo\\\/image\\\/\",\"url\":\"https:\\\/\\\/laguiole.com\\\/wp-content\\\/uploads\\\/2021\\\/02\\\/logo_laguiole.com-horizontal.jpg\",\"contentUrl\":\"https:\\\/\\\/laguiole.com\\\/wp-content\\\/uploads\\\/2021\\\/02\\\/logo_laguiole.com-horizontal.jpg\",\"width\":490,\"height\":156,\"caption\":\"Laguiole.com\"},\"image\":{\"@id\":\"https:\\\/\\\/laguiole.com\\\/de\\\/#\\\/schema\\\/logo\\\/image\\\/\"},\"sameAs\":[\"https:\\\/\\\/www.facebook.com\\\/laguiolecom\\\/\",\"https:\\\/\\\/www.instagram.com\\\/laguiolecom\\\/\",\"https:\\\/\\\/www.youtube.com\\\/@laguiolecom\\\/videos\"]}]}<\/script>\n<!-- \/ Yoast SEO plugin. -->","yoast_head_json":{"title":"Laguiole Aubrac Messer 1 St\u00fcck 12 cm Griff Aubrac Holz Feder graviert Fliege geschmiedet Prestige Sch\u00e4del 2 Gehrungen Edelstahl geb\u00fcrstet - Laguiole.com \u00ae","robots":{"index":"index","follow":"follow","max-snippet":"max-snippet:-1","max-image-preview":"max-image-preview:large","max-video-preview":"max-video-preview:-1"},"canonical":"https:\/\/laguiole.com\/de\/produit\/laguiole-aubrac-messer-1-stueck-12-cm-griff-aubrac-holz-feder-graviert-fliege-geschmiedet-prestige-schaedel-2-gehrungen-edelstahl-gebuerstet\/","og_locale":"de_DE","og_type":"article","og_title":"Laguiole Aubrac Messer 1 St\u00fcck 12 cm Griff Aubrac Holz Feder graviert Fliege geschmiedet Prestige Sch\u00e4del 2 Gehrungen Edelstahl geb\u00fcrstet - Laguiole.com \u00ae","og_description":"Laguiole Klappmesser in Aubrac Griff Aubrac Holz 2 Gehrungen geb\u00fcrsteter Edelstahl Geschmiedete Fliege Prestige Muster fein gravierte Totenkopfklinge Geb\u00fcrsteter Edelstahl 12C27MO Federgeschmiedete und fein gravierte Blume und Akanthus Blattmuster Klingenl\u00e4nge 10cm Geschlossenes Messer L\u00e4nge 12cm Offenes Messer L\u00e4nge 22cm","og_url":"https:\/\/laguiole.com\/de\/produit\/laguiole-aubrac-messer-1-stueck-12-cm-griff-aubrac-holz-feder-graviert-fliege-geschmiedet-prestige-schaedel-2-gehrungen-edelstahl-gebuerstet\/","og_site_name":"Laguiole.com \u00ae","article_publisher":"https:\/\/www.facebook.com\/laguiolecom\/","article_modified_time":"2026-02-19T14:53:02+00:00","og_image":[{"width":1033,"height":1033,"url":"https:\/\/laguiole.com\/wp-content\/uploads\/2024\/11\/Couteau_Laguiole_en_Aubrac_1_Piece_12_cm_Manche_Bois_Aubrac_Ressort_Grave_Mouche_Forgee_Prestige_Tete_de_Mort_2_Mitres_Inox_Brosse_00.jpg","type":"image\/jpeg"}],"twitter_card":"summary_large_image","schema":{"@context":"https:\/\/schema.org","@graph":[{"@type":"WebPage","@id":"https:\/\/laguiole.com\/de\/produit\/laguiole-aubrac-messer-1-stueck-12-cm-griff-aubrac-holz-feder-graviert-fliege-geschmiedet-prestige-schaedel-2-gehrungen-edelstahl-gebuerstet\/","url":"https:\/\/laguiole.com\/de\/produit\/laguiole-aubrac-messer-1-stueck-12-cm-griff-aubrac-holz-feder-graviert-fliege-geschmiedet-prestige-schaedel-2-gehrungen-edelstahl-gebuerstet\/","name":"Laguiole Aubrac Messer 1 St\u00fcck 12 cm Griff Aubrac Holz Feder graviert Fliege geschmiedet Prestige Sch\u00e4del 2 Gehrungen Edelstahl geb\u00fcrstet - Laguiole.com \u00ae","isPartOf":{"@id":"https:\/\/laguiole.com\/de\/#website"},"primaryImageOfPage":{"@id":"https:\/\/laguiole.com\/de\/produit\/laguiole-aubrac-messer-1-stueck-12-cm-griff-aubrac-holz-feder-graviert-fliege-geschmiedet-prestige-schaedel-2-gehrungen-edelstahl-gebuerstet\/#primaryimage"},"image":{"@id":"https:\/\/laguiole.com\/de\/produit\/laguiole-aubrac-messer-1-stueck-12-cm-griff-aubrac-holz-feder-graviert-fliege-geschmiedet-prestige-schaedel-2-gehrungen-edelstahl-gebuerstet\/#primaryimage"},"thumbnailUrl":"https:\/\/laguiole.com\/wp-content\/uploads\/2024\/11\/Couteau_Laguiole_en_Aubrac_1_Piece_12_cm_Manche_Bois_Aubrac_Ressort_Grave_Mouche_Forgee_Prestige_Tete_de_Mort_2_Mitres_Inox_Brosse_00.jpg","datePublished":"2024-11-19T12:09:00+00:00","dateModified":"2026-02-19T14:53:02+00:00","breadcrumb":{"@id":"https:\/\/laguiole.com\/de\/produit\/laguiole-aubrac-messer-1-stueck-12-cm-griff-aubrac-holz-feder-graviert-fliege-geschmiedet-prestige-schaedel-2-gehrungen-edelstahl-gebuerstet\/#breadcrumb"},"inLanguage":"de","potentialAction":[{"@type":"ReadAction","target":["https:\/\/laguiole.com\/de\/produit\/laguiole-aubrac-messer-1-stueck-12-cm-griff-aubrac-holz-feder-graviert-fliege-geschmiedet-prestige-schaedel-2-gehrungen-edelstahl-gebuerstet\/"]}]},{"@type":"ImageObject","inLanguage":"de","@id":"https:\/\/laguiole.com\/de\/produit\/laguiole-aubrac-messer-1-stueck-12-cm-griff-aubrac-holz-feder-graviert-fliege-geschmiedet-prestige-schaedel-2-gehrungen-edelstahl-gebuerstet\/#primaryimage","url":"https:\/\/laguiole.com\/wp-content\/uploads\/2024\/11\/Couteau_Laguiole_en_Aubrac_1_Piece_12_cm_Manche_Bois_Aubrac_Ressort_Grave_Mouche_Forgee_Prestige_Tete_de_Mort_2_Mitres_Inox_Brosse_00.jpg","contentUrl":"https:\/\/laguiole.com\/wp-content\/uploads\/2024\/11\/Couteau_Laguiole_en_Aubrac_1_Piece_12_cm_Manche_Bois_Aubrac_Ressort_Grave_Mouche_Forgee_Prestige_Tete_de_Mort_2_Mitres_Inox_Brosse_00.jpg","width":1033,"height":1033,"caption":"Laguiole Aubrac Messer 1 St\u00fcck 12 cm Griff Aubrac Holz Feder graviert Fliege geschmiedet Prestige Sch\u00e4del 2 Gehrungen Edelstahl geb\u00fcrstet"},{"@type":"BreadcrumbList","@id":"https:\/\/laguiole.com\/de\/produit\/laguiole-aubrac-messer-1-stueck-12-cm-griff-aubrac-holz-feder-graviert-fliege-geschmiedet-prestige-schaedel-2-gehrungen-edelstahl-gebuerstet\/#breadcrumb","itemListElement":[{"@type":"ListItem","position":1,"name":"Accueil","item":"https:\/\/laguiole.com\/de\/"},{"@type":"ListItem","position":2,"name":"Shop","item":"https:\/\/laguiole.com\/de\/shop-2\/"},{"@type":"ListItem","position":3,"name":"Laguiole Aubrac Messer 1 St\u00fcck 12 cm Griff Aubrac Holz Feder graviert Fliege geschmiedet Prestige Sch\u00e4del 2 Gehrungen Edelstahl geb\u00fcrstet"}]},{"@type":"WebSite","@id":"https:\/\/laguiole.com\/de\/#website","url":"https:\/\/laguiole.com\/de\/","name":"Laguiole.com","description":"Laguiole - Couteau laguiole, Chateau Laguiole, Laguiole en Aubrac, Forge de Laguiole","publisher":{"@id":"https:\/\/laguiole.com\/de\/#organization"},"potentialAction":[{"@type":"SearchAction","target":{"@type":"EntryPoint","urlTemplate":"https:\/\/laguiole.com\/de\/?s={search_term_string}"},"query-input":{"@type":"PropertyValueSpecification","valueRequired":true,"valueName":"search_term_string"}}],"inLanguage":"de"},{"@type":"Organization","@id":"https:\/\/laguiole.com\/de\/#organization","name":"Laguiole.com","url":"https:\/\/laguiole.com\/de\/","logo":{"@type":"ImageObject","inLanguage":"de","@id":"https:\/\/laguiole.com\/de\/#\/schema\/logo\/image\/","url":"https:\/\/laguiole.com\/wp-content\/uploads\/2021\/02\/logo_laguiole.com-horizontal.jpg","contentUrl":"https:\/\/laguiole.com\/wp-content\/uploads\/2021\/02\/logo_laguiole.com-horizontal.jpg","width":490,"height":156,"caption":"Laguiole.com"},"image":{"@id":"https:\/\/laguiole.com\/de\/#\/schema\/logo\/image\/"},"sameAs":["https:\/\/www.facebook.com\/laguiolecom\/","https:\/\/www.instagram.com\/laguiolecom\/","https:\/\/www.youtube.com\/@laguiolecom\/videos"]}]}},"_links":{"self":[{"href":"https:\/\/laguiole.com\/de\/wp-json\/wp\/v2\/product\/37766","targetHints":{"allow":["GET"]}}],"collection":[{"href":"https:\/\/laguiole.com\/de\/wp-json\/wp\/v2\/product"}],"about":[{"href":"https:\/\/laguiole.com\/de\/wp-json\/wp\/v2\/types\/product"}],"version-history":[{"count":1,"href":"https:\/\/laguiole.com\/de\/wp-json\/wp\/v2\/product\/37766\/revisions"}],"predecessor-version":[{"id":50080,"href":"https:\/\/laguiole.com\/de\/wp-json\/wp\/v2\/product\/37766\/revisions\/50080"}],"wp:featuredmedia":[{"embeddable":true,"href":"https:\/\/laguiole.com\/de\/wp-json\/wp\/v2\/media\/37767"}],"wp:attachment":[{"href":"https:\/\/laguiole.com\/de\/wp-json\/wp\/v2\/media?parent=37766"}],"wp:term":[{"taxonomy":"product_brand","embeddable":true,"href":"https:\/\/laguiole.com\/de\/wp-json\/wp\/v2\/product_brand?post=37766"},{"taxonomy":"product_cat","embeddable":true,"href":"https:\/\/laguiole.com\/de\/wp-json\/wp\/v2\/product_cat?post=37766"},{"taxonomy":"product_tag","embeddable":true,"href":"https:\/\/laguiole.com\/de\/wp-json\/wp\/v2\/product_tag?post=37766"}],"curies":[{"name":"wp","href":"https:\/\/api.w.org\/{rel}","templated":true}]}}