{"id":37737,"date":"2024-11-21T15:00:26","date_gmt":"2024-11-21T14:00:26","guid":{"rendered":"https:\/\/laguiole.com\/produit\/laguiole-messer-in-aubrac-1-stuck-12cm-2-glanzende-edelstahlbacken-griff-geflammte-hornspitze-doppelte-spiralfeder-hand-guillochierte-platten-damast-laminierte-klinge-n2\/"},"modified":"2025-10-03T18:09:24","modified_gmt":"2025-10-03T16:09:24","slug":"laguiole-messer-in-aubrac-1-stuck-12cm-2-glanzende-edelstahlbacken-griff-geflammte-hornspitze-doppelte-spiralfeder-hand-guillochierte-platten-damast-laminierte-klinge-n2","status":"publish","type":"product","link":"https:\/\/laguiole.com\/de\/produit\/laguiole-messer-in-aubrac-1-stuck-12cm-2-glanzende-edelstahlbacken-griff-geflammte-hornspitze-doppelte-spiralfeder-hand-guillochierte-platten-damast-laminierte-klinge-n2\/","title":{"rendered":"Laguiole Messer in Aubrac 1 St\u00fcck 12cm 2 gl\u00e4nzende Edelstahlbacken Griff geflammte Hornspitze doppelte Spiralfeder Hand guillochierte Platten Damast laminierte Klinge N\u00b02"},"content":{"rendered":"<p>Ihr Laguiole-Messer wird von der handwerklichen Fabrik Laguiole in Aubrac hergestellt.<br \/>\nDie Klingen, Federn, Kropfe und N\u00e4gel aus massivem Edelstahl werden in der Laguiole-Schmiede in Aubrac hergestellt.<\/p>\n<p>&nbsp;<\/p>\n","protected":false},"excerpt":{"rendered":"<p>Laguiole Klappmesser aus Aubrac N\u00b02<br \/>\nDamast laminierte<br \/>\nKlinge Griff geflammtes<br \/>\nHorn Spitze 2 gl\u00e4nzende<br \/>\nEdelstahlbacken von Hand geschmiedet und gemei\u00dfelt<br \/>\nFeder spiralf\u00f6rmig geschmiedet und guillochierter Edelstahl Hand gl\u00e4nzende<br \/>\nDoppelguilloche-Platten Hand<br \/>\nHirtenkreuz auf der linken Seite des Messers.<br \/>\nL\u00e4nge des geschlossenen Messers: 12 cm<br \/>\nL\u00e4nge der Klinge: 10 cm<br \/>\nL\u00e4nge des offenen Messers: 22 cm<br \/>\n<iframe style=\"max-width: 100%; max-height: 100vw;\" src=\"https:\/\/spinzam.com\/shot\/embed\/?idx=225935\" width=\"420\" height=\"420\" frameborder=\"0\" scrolling=\"no\"><\/iframe><\/p>\n","protected":false},"featured_media":37748,"template":"","meta":{"_acf_changed":false,"_monsterinsights_skip_tracking":false,"_monsterinsights_sitenote_active":false,"_monsterinsights_sitenote_note":"","_monsterinsights_sitenote_category":0},"product_brand":[],"product_cat":[5938,5939,5944],"product_tag":[],"class_list":{"0":"post-37737","1":"product","2":"type-product","3":"status-publish","4":"has-post-thumbnail","6":"product_cat-klappmesser","7":"product_cat-laguiole-klappmesser","8":"product_cat-laguiole-spezialmesser","9":"pa_composition-couteau-1-stueck-nur-klinge","10":"pa_finition-brillant","11":"pa_lame-damaskus","12":"pa_manche-en-matiere-animale-hornspitze","13":"pa_marque-laguiole-en-aubracfr","14":"pa_mitres-2-gehrungen","15":"pa_mitres-glaenzender-edelstahl","16":"pa_mouche-geschmiedet","17":"pa_platines-doppel-drehteller","18":"pa_platines-guilloche-muster","19":"pa_ressort-spiral","20":"pa_taille-du-manche-12-cm","21":"tm-has-options","24":"instock","25":"taxable","26":"shipping-taxable","27":"purchasable","28":"product-type-simple"},"supplier_id":null,"supplier_sku":"","barcode":null,"atum_controlled":true,"out_stock_date":null,"out_stock_threshold":null,"inheritable":false,"inbound_stock":0,"stock_on_hold":0,"sold_today":0,"sales_last_days":0,"reserved_stock":0,"customer_returns":0,"warehouse_damage":0,"lost_in_post":0,"other_logs":0,"out_stock_days":0,"lost_sales":0,"has_location":false,"update_date":"2026-04-28T00:38:51","atum_locations":[],"atum_stock_status":"instock","restock_status":false,"low_stock_amount":"","sales_update_date":"2026-04-28T00:38:51","calc_backorders":0,"acf":[],"yoast_head":"<!-- This site is optimized with the Yoast SEO plugin v27.3 - https:\/\/yoast.com\/product\/yoast-seo-wordpress\/ -->\n<title>Laguiole Messer in Aubrac 1 St\u00fcck 12cm 2 gl\u00e4nzende Edelstahlbacken Griff geflammte Hornspitze doppelte Spiralfeder Hand guillochierte Platten Damast laminierte Klinge N\u00b02 - Laguiole.com \u00ae<\/title>\n<meta name=\"robots\" content=\"index, follow, max-snippet:-1, max-image-preview:large, max-video-preview:-1\" \/>\n<link rel=\"canonical\" href=\"https:\/\/laguiole.com\/de\/produit\/laguiole-messer-in-aubrac-1-stuck-12cm-2-glanzende-edelstahlbacken-griff-geflammte-hornspitze-doppelte-spiralfeder-hand-guillochierte-platten-damast-laminierte-klinge-n2\/\" \/>\n<meta property=\"og:locale\" content=\"de_DE\" \/>\n<meta property=\"og:type\" content=\"article\" \/>\n<meta property=\"og:title\" content=\"Laguiole Messer in Aubrac 1 St\u00fcck 12cm 2 gl\u00e4nzende Edelstahlbacken Griff geflammte Hornspitze doppelte Spiralfeder Hand guillochierte Platten Damast laminierte Klinge N\u00b02 - Laguiole.com \u00ae\" \/>\n<meta property=\"og:description\" content=\"Laguiole Klappmesser aus Aubrac N\u00b02 Damast laminierte Klinge Griff geflammtes Horn Spitze 2 gl\u00e4nzende Edelstahlbacken von Hand geschmiedet und gemei\u00dfelt Feder spiralf\u00f6rmig geschmiedet und guillochierter Edelstahl Hand gl\u00e4nzende Doppelguilloche-Platten Hand Hirtenkreuz auf der linken Seite des Messers. L\u00e4nge des geschlossenen Messers: 12 cm L\u00e4nge der Klinge: 10 cm L\u00e4nge des offenen Messers: 22 cm\" \/>\n<meta property=\"og:url\" content=\"https:\/\/laguiole.com\/de\/produit\/laguiole-messer-in-aubrac-1-stuck-12cm-2-glanzende-edelstahlbacken-griff-geflammte-hornspitze-doppelte-spiralfeder-hand-guillochierte-platten-damast-laminierte-klinge-n2\/\" \/>\n<meta property=\"og:site_name\" content=\"Laguiole.com \u00ae\" \/>\n<meta property=\"article:publisher\" content=\"https:\/\/www.facebook.com\/laguiolecom\/\" \/>\n<meta property=\"article:modified_time\" content=\"2025-10-03T16:09:24+00:00\" \/>\n<meta property=\"og:image\" content=\"https:\/\/laguiole.com\/wp-content\/uploads\/2024\/11\/Couteau_Laguiole_en_Aubrac_1_piece_12cm_2_Mitres_Inox_Brillant_Manche_Pointe_de_Corne_Flammee_Ressort_Spirale_Double_Platines_Guillochees_main_Lame_Damas_Feuillete_N2_00.jpg\" \/>\n\t<meta property=\"og:image:width\" content=\"1033\" \/>\n\t<meta property=\"og:image:height\" content=\"1033\" \/>\n\t<meta property=\"og:image:type\" content=\"image\/jpeg\" \/>\n<meta name=\"twitter:card\" content=\"summary_large_image\" \/>\n<script type=\"application\/ld+json\" class=\"yoast-schema-graph\">{\"@context\":\"https:\\\/\\\/schema.org\",\"@graph\":[{\"@type\":\"WebPage\",\"@id\":\"https:\\\/\\\/laguiole.com\\\/de\\\/produit\\\/laguiole-messer-in-aubrac-1-stuck-12cm-2-glanzende-edelstahlbacken-griff-geflammte-hornspitze-doppelte-spiralfeder-hand-guillochierte-platten-damast-laminierte-klinge-n2\\\/\",\"url\":\"https:\\\/\\\/laguiole.com\\\/de\\\/produit\\\/laguiole-messer-in-aubrac-1-stuck-12cm-2-glanzende-edelstahlbacken-griff-geflammte-hornspitze-doppelte-spiralfeder-hand-guillochierte-platten-damast-laminierte-klinge-n2\\\/\",\"name\":\"Laguiole Messer in Aubrac 1 St\u00fcck 12cm 2 gl\u00e4nzende Edelstahlbacken Griff geflammte Hornspitze doppelte Spiralfeder Hand guillochierte Platten Damast laminierte Klinge N\u00b02 - Laguiole.com \u00ae\",\"isPartOf\":{\"@id\":\"https:\\\/\\\/laguiole.com\\\/de\\\/#website\"},\"primaryImageOfPage\":{\"@id\":\"https:\\\/\\\/laguiole.com\\\/de\\\/produit\\\/laguiole-messer-in-aubrac-1-stuck-12cm-2-glanzende-edelstahlbacken-griff-geflammte-hornspitze-doppelte-spiralfeder-hand-guillochierte-platten-damast-laminierte-klinge-n2\\\/#primaryimage\"},\"image\":{\"@id\":\"https:\\\/\\\/laguiole.com\\\/de\\\/produit\\\/laguiole-messer-in-aubrac-1-stuck-12cm-2-glanzende-edelstahlbacken-griff-geflammte-hornspitze-doppelte-spiralfeder-hand-guillochierte-platten-damast-laminierte-klinge-n2\\\/#primaryimage\"},\"thumbnailUrl\":\"https:\\\/\\\/laguiole.com\\\/wp-content\\\/uploads\\\/2024\\\/11\\\/Couteau_Laguiole_en_Aubrac_1_piece_12cm_2_Mitres_Inox_Brillant_Manche_Pointe_de_Corne_Flammee_Ressort_Spirale_Double_Platines_Guillochees_main_Lame_Damas_Feuillete_N2_00.jpg\",\"datePublished\":\"2024-11-21T14:00:26+00:00\",\"dateModified\":\"2025-10-03T16:09:24+00:00\",\"breadcrumb\":{\"@id\":\"https:\\\/\\\/laguiole.com\\\/de\\\/produit\\\/laguiole-messer-in-aubrac-1-stuck-12cm-2-glanzende-edelstahlbacken-griff-geflammte-hornspitze-doppelte-spiralfeder-hand-guillochierte-platten-damast-laminierte-klinge-n2\\\/#breadcrumb\"},\"inLanguage\":\"de\",\"potentialAction\":[{\"@type\":\"ReadAction\",\"target\":[\"https:\\\/\\\/laguiole.com\\\/de\\\/produit\\\/laguiole-messer-in-aubrac-1-stuck-12cm-2-glanzende-edelstahlbacken-griff-geflammte-hornspitze-doppelte-spiralfeder-hand-guillochierte-platten-damast-laminierte-klinge-n2\\\/\"]}]},{\"@type\":\"ImageObject\",\"inLanguage\":\"de\",\"@id\":\"https:\\\/\\\/laguiole.com\\\/de\\\/produit\\\/laguiole-messer-in-aubrac-1-stuck-12cm-2-glanzende-edelstahlbacken-griff-geflammte-hornspitze-doppelte-spiralfeder-hand-guillochierte-platten-damast-laminierte-klinge-n2\\\/#primaryimage\",\"url\":\"https:\\\/\\\/laguiole.com\\\/wp-content\\\/uploads\\\/2024\\\/11\\\/Couteau_Laguiole_en_Aubrac_1_piece_12cm_2_Mitres_Inox_Brillant_Manche_Pointe_de_Corne_Flammee_Ressort_Spirale_Double_Platines_Guillochees_main_Lame_Damas_Feuillete_N2_00.jpg\",\"contentUrl\":\"https:\\\/\\\/laguiole.com\\\/wp-content\\\/uploads\\\/2024\\\/11\\\/Couteau_Laguiole_en_Aubrac_1_piece_12cm_2_Mitres_Inox_Brillant_Manche_Pointe_de_Corne_Flammee_Ressort_Spirale_Double_Platines_Guillochees_main_Lame_Damas_Feuillete_N2_00.jpg\",\"width\":1033,\"height\":1033,\"caption\":\"Laguiole Messer in Aubrac 1 St\u00fcck 12cm 2 gl\u00e4nzende Edelstahlbacken Griff geflammte Hornspitze doppelte Spiralfeder Hand guillochierte Platten Damast laminierte Klinge N\u00b02\"},{\"@type\":\"BreadcrumbList\",\"@id\":\"https:\\\/\\\/laguiole.com\\\/de\\\/produit\\\/laguiole-messer-in-aubrac-1-stuck-12cm-2-glanzende-edelstahlbacken-griff-geflammte-hornspitze-doppelte-spiralfeder-hand-guillochierte-platten-damast-laminierte-klinge-n2\\\/#breadcrumb\",\"itemListElement\":[{\"@type\":\"ListItem\",\"position\":1,\"name\":\"Accueil\",\"item\":\"https:\\\/\\\/laguiole.com\\\/de\\\/\"},{\"@type\":\"ListItem\",\"position\":2,\"name\":\"Shop\",\"item\":\"https:\\\/\\\/laguiole.com\\\/de\\\/shop-2\\\/\"},{\"@type\":\"ListItem\",\"position\":3,\"name\":\"Laguiole Messer in Aubrac 1 St\u00fcck 12cm 2 gl\u00e4nzende Edelstahlbacken Griff geflammte Hornspitze doppelte Spiralfeder Hand guillochierte Platten Damast laminierte Klinge N\u00b02\"}]},{\"@type\":\"WebSite\",\"@id\":\"https:\\\/\\\/laguiole.com\\\/de\\\/#website\",\"url\":\"https:\\\/\\\/laguiole.com\\\/de\\\/\",\"name\":\"Laguiole.com\",\"description\":\"Laguiole - Couteau laguiole, Chateau Laguiole, Laguiole en Aubrac, Forge de Laguiole\",\"publisher\":{\"@id\":\"https:\\\/\\\/laguiole.com\\\/de\\\/#organization\"},\"potentialAction\":[{\"@type\":\"SearchAction\",\"target\":{\"@type\":\"EntryPoint\",\"urlTemplate\":\"https:\\\/\\\/laguiole.com\\\/de\\\/?s={search_term_string}\"},\"query-input\":{\"@type\":\"PropertyValueSpecification\",\"valueRequired\":true,\"valueName\":\"search_term_string\"}}],\"inLanguage\":\"de\"},{\"@type\":\"Organization\",\"@id\":\"https:\\\/\\\/laguiole.com\\\/de\\\/#organization\",\"name\":\"Laguiole.com\",\"url\":\"https:\\\/\\\/laguiole.com\\\/de\\\/\",\"logo\":{\"@type\":\"ImageObject\",\"inLanguage\":\"de\",\"@id\":\"https:\\\/\\\/laguiole.com\\\/de\\\/#\\\/schema\\\/logo\\\/image\\\/\",\"url\":\"https:\\\/\\\/laguiole.com\\\/wp-content\\\/uploads\\\/2021\\\/02\\\/logo_laguiole.com-horizontal.jpg\",\"contentUrl\":\"https:\\\/\\\/laguiole.com\\\/wp-content\\\/uploads\\\/2021\\\/02\\\/logo_laguiole.com-horizontal.jpg\",\"width\":490,\"height\":156,\"caption\":\"Laguiole.com\"},\"image\":{\"@id\":\"https:\\\/\\\/laguiole.com\\\/de\\\/#\\\/schema\\\/logo\\\/image\\\/\"},\"sameAs\":[\"https:\\\/\\\/www.facebook.com\\\/laguiolecom\\\/\",\"https:\\\/\\\/www.instagram.com\\\/laguiolecom\\\/\",\"https:\\\/\\\/www.youtube.com\\\/@laguiolecom\\\/videos\"]}]}<\/script>\n<!-- \/ Yoast SEO plugin. -->","yoast_head_json":{"title":"Laguiole Messer in Aubrac 1 St\u00fcck 12cm 2 gl\u00e4nzende Edelstahlbacken Griff geflammte Hornspitze doppelte Spiralfeder Hand guillochierte Platten Damast laminierte Klinge N\u00b02 - Laguiole.com \u00ae","robots":{"index":"index","follow":"follow","max-snippet":"max-snippet:-1","max-image-preview":"max-image-preview:large","max-video-preview":"max-video-preview:-1"},"canonical":"https:\/\/laguiole.com\/de\/produit\/laguiole-messer-in-aubrac-1-stuck-12cm-2-glanzende-edelstahlbacken-griff-geflammte-hornspitze-doppelte-spiralfeder-hand-guillochierte-platten-damast-laminierte-klinge-n2\/","og_locale":"de_DE","og_type":"article","og_title":"Laguiole Messer in Aubrac 1 St\u00fcck 12cm 2 gl\u00e4nzende Edelstahlbacken Griff geflammte Hornspitze doppelte Spiralfeder Hand guillochierte Platten Damast laminierte Klinge N\u00b02 - Laguiole.com \u00ae","og_description":"Laguiole Klappmesser aus Aubrac N\u00b02 Damast laminierte Klinge Griff geflammtes Horn Spitze 2 gl\u00e4nzende Edelstahlbacken von Hand geschmiedet und gemei\u00dfelt Feder spiralf\u00f6rmig geschmiedet und guillochierter Edelstahl Hand gl\u00e4nzende Doppelguilloche-Platten Hand Hirtenkreuz auf der linken Seite des Messers. L\u00e4nge des geschlossenen Messers: 12 cm L\u00e4nge der Klinge: 10 cm L\u00e4nge des offenen Messers: 22 cm","og_url":"https:\/\/laguiole.com\/de\/produit\/laguiole-messer-in-aubrac-1-stuck-12cm-2-glanzende-edelstahlbacken-griff-geflammte-hornspitze-doppelte-spiralfeder-hand-guillochierte-platten-damast-laminierte-klinge-n2\/","og_site_name":"Laguiole.com \u00ae","article_publisher":"https:\/\/www.facebook.com\/laguiolecom\/","article_modified_time":"2025-10-03T16:09:24+00:00","og_image":[{"width":1033,"height":1033,"url":"https:\/\/laguiole.com\/wp-content\/uploads\/2024\/11\/Couteau_Laguiole_en_Aubrac_1_piece_12cm_2_Mitres_Inox_Brillant_Manche_Pointe_de_Corne_Flammee_Ressort_Spirale_Double_Platines_Guillochees_main_Lame_Damas_Feuillete_N2_00.jpg","type":"image\/jpeg"}],"twitter_card":"summary_large_image","schema":{"@context":"https:\/\/schema.org","@graph":[{"@type":"WebPage","@id":"https:\/\/laguiole.com\/de\/produit\/laguiole-messer-in-aubrac-1-stuck-12cm-2-glanzende-edelstahlbacken-griff-geflammte-hornspitze-doppelte-spiralfeder-hand-guillochierte-platten-damast-laminierte-klinge-n2\/","url":"https:\/\/laguiole.com\/de\/produit\/laguiole-messer-in-aubrac-1-stuck-12cm-2-glanzende-edelstahlbacken-griff-geflammte-hornspitze-doppelte-spiralfeder-hand-guillochierte-platten-damast-laminierte-klinge-n2\/","name":"Laguiole Messer in Aubrac 1 St\u00fcck 12cm 2 gl\u00e4nzende Edelstahlbacken Griff geflammte Hornspitze doppelte Spiralfeder Hand guillochierte Platten Damast laminierte Klinge N\u00b02 - Laguiole.com \u00ae","isPartOf":{"@id":"https:\/\/laguiole.com\/de\/#website"},"primaryImageOfPage":{"@id":"https:\/\/laguiole.com\/de\/produit\/laguiole-messer-in-aubrac-1-stuck-12cm-2-glanzende-edelstahlbacken-griff-geflammte-hornspitze-doppelte-spiralfeder-hand-guillochierte-platten-damast-laminierte-klinge-n2\/#primaryimage"},"image":{"@id":"https:\/\/laguiole.com\/de\/produit\/laguiole-messer-in-aubrac-1-stuck-12cm-2-glanzende-edelstahlbacken-griff-geflammte-hornspitze-doppelte-spiralfeder-hand-guillochierte-platten-damast-laminierte-klinge-n2\/#primaryimage"},"thumbnailUrl":"https:\/\/laguiole.com\/wp-content\/uploads\/2024\/11\/Couteau_Laguiole_en_Aubrac_1_piece_12cm_2_Mitres_Inox_Brillant_Manche_Pointe_de_Corne_Flammee_Ressort_Spirale_Double_Platines_Guillochees_main_Lame_Damas_Feuillete_N2_00.jpg","datePublished":"2024-11-21T14:00:26+00:00","dateModified":"2025-10-03T16:09:24+00:00","breadcrumb":{"@id":"https:\/\/laguiole.com\/de\/produit\/laguiole-messer-in-aubrac-1-stuck-12cm-2-glanzende-edelstahlbacken-griff-geflammte-hornspitze-doppelte-spiralfeder-hand-guillochierte-platten-damast-laminierte-klinge-n2\/#breadcrumb"},"inLanguage":"de","potentialAction":[{"@type":"ReadAction","target":["https:\/\/laguiole.com\/de\/produit\/laguiole-messer-in-aubrac-1-stuck-12cm-2-glanzende-edelstahlbacken-griff-geflammte-hornspitze-doppelte-spiralfeder-hand-guillochierte-platten-damast-laminierte-klinge-n2\/"]}]},{"@type":"ImageObject","inLanguage":"de","@id":"https:\/\/laguiole.com\/de\/produit\/laguiole-messer-in-aubrac-1-stuck-12cm-2-glanzende-edelstahlbacken-griff-geflammte-hornspitze-doppelte-spiralfeder-hand-guillochierte-platten-damast-laminierte-klinge-n2\/#primaryimage","url":"https:\/\/laguiole.com\/wp-content\/uploads\/2024\/11\/Couteau_Laguiole_en_Aubrac_1_piece_12cm_2_Mitres_Inox_Brillant_Manche_Pointe_de_Corne_Flammee_Ressort_Spirale_Double_Platines_Guillochees_main_Lame_Damas_Feuillete_N2_00.jpg","contentUrl":"https:\/\/laguiole.com\/wp-content\/uploads\/2024\/11\/Couteau_Laguiole_en_Aubrac_1_piece_12cm_2_Mitres_Inox_Brillant_Manche_Pointe_de_Corne_Flammee_Ressort_Spirale_Double_Platines_Guillochees_main_Lame_Damas_Feuillete_N2_00.jpg","width":1033,"height":1033,"caption":"Laguiole Messer in Aubrac 1 St\u00fcck 12cm 2 gl\u00e4nzende Edelstahlbacken Griff geflammte Hornspitze doppelte Spiralfeder Hand guillochierte Platten Damast laminierte Klinge N\u00b02"},{"@type":"BreadcrumbList","@id":"https:\/\/laguiole.com\/de\/produit\/laguiole-messer-in-aubrac-1-stuck-12cm-2-glanzende-edelstahlbacken-griff-geflammte-hornspitze-doppelte-spiralfeder-hand-guillochierte-platten-damast-laminierte-klinge-n2\/#breadcrumb","itemListElement":[{"@type":"ListItem","position":1,"name":"Accueil","item":"https:\/\/laguiole.com\/de\/"},{"@type":"ListItem","position":2,"name":"Shop","item":"https:\/\/laguiole.com\/de\/shop-2\/"},{"@type":"ListItem","position":3,"name":"Laguiole Messer in Aubrac 1 St\u00fcck 12cm 2 gl\u00e4nzende Edelstahlbacken Griff geflammte Hornspitze doppelte Spiralfeder Hand guillochierte Platten Damast laminierte Klinge N\u00b02"}]},{"@type":"WebSite","@id":"https:\/\/laguiole.com\/de\/#website","url":"https:\/\/laguiole.com\/de\/","name":"Laguiole.com","description":"Laguiole - Couteau laguiole, Chateau Laguiole, Laguiole en Aubrac, Forge de Laguiole","publisher":{"@id":"https:\/\/laguiole.com\/de\/#organization"},"potentialAction":[{"@type":"SearchAction","target":{"@type":"EntryPoint","urlTemplate":"https:\/\/laguiole.com\/de\/?s={search_term_string}"},"query-input":{"@type":"PropertyValueSpecification","valueRequired":true,"valueName":"search_term_string"}}],"inLanguage":"de"},{"@type":"Organization","@id":"https:\/\/laguiole.com\/de\/#organization","name":"Laguiole.com","url":"https:\/\/laguiole.com\/de\/","logo":{"@type":"ImageObject","inLanguage":"de","@id":"https:\/\/laguiole.com\/de\/#\/schema\/logo\/image\/","url":"https:\/\/laguiole.com\/wp-content\/uploads\/2021\/02\/logo_laguiole.com-horizontal.jpg","contentUrl":"https:\/\/laguiole.com\/wp-content\/uploads\/2021\/02\/logo_laguiole.com-horizontal.jpg","width":490,"height":156,"caption":"Laguiole.com"},"image":{"@id":"https:\/\/laguiole.com\/de\/#\/schema\/logo\/image\/"},"sameAs":["https:\/\/www.facebook.com\/laguiolecom\/","https:\/\/www.instagram.com\/laguiolecom\/","https:\/\/www.youtube.com\/@laguiolecom\/videos"]}]}},"_links":{"self":[{"href":"https:\/\/laguiole.com\/de\/wp-json\/wp\/v2\/product\/37737","targetHints":{"allow":["GET"]}}],"collection":[{"href":"https:\/\/laguiole.com\/de\/wp-json\/wp\/v2\/product"}],"about":[{"href":"https:\/\/laguiole.com\/de\/wp-json\/wp\/v2\/types\/product"}],"version-history":[{"count":1,"href":"https:\/\/laguiole.com\/de\/wp-json\/wp\/v2\/product\/37737\/revisions"}],"predecessor-version":[{"id":41551,"href":"https:\/\/laguiole.com\/de\/wp-json\/wp\/v2\/product\/37737\/revisions\/41551"}],"wp:featuredmedia":[{"embeddable":true,"href":"https:\/\/laguiole.com\/de\/wp-json\/wp\/v2\/media\/37748"}],"wp:attachment":[{"href":"https:\/\/laguiole.com\/de\/wp-json\/wp\/v2\/media?parent=37737"}],"wp:term":[{"taxonomy":"product_brand","embeddable":true,"href":"https:\/\/laguiole.com\/de\/wp-json\/wp\/v2\/product_brand?post=37737"},{"taxonomy":"product_cat","embeddable":true,"href":"https:\/\/laguiole.com\/de\/wp-json\/wp\/v2\/product_cat?post=37737"},{"taxonomy":"product_tag","embeddable":true,"href":"https:\/\/laguiole.com\/de\/wp-json\/wp\/v2\/product_tag?post=37737"}],"curies":[{"name":"wp","href":"https:\/\/api.w.org\/{rel}","templated":true}]}}