{"id":37696,"date":"2024-11-12T17:16:27","date_gmt":"2024-11-12T16:16:27","guid":{"rendered":"https:\/\/laguiole.com\/produit\/laguiole-prestige-designer-messer-1-stuck-12-cm-2-kropfe-abalone-perlmuttgriff-unter-transparentem-harz-prestige-fly-stilisiert-mit-abalone-inlay-damastklinge-unikat\/"},"modified":"2025-11-05T10:44:51","modified_gmt":"2025-11-05T09:44:51","slug":"laguiole-prestige-designer-messer-1-stuck-12-cm-2-kropfe-abalone-perlmuttgriff-unter-transparentem-harz-prestige-fly-stilisiert-mit-abalone-inlay-damastklinge-unikat","status":"publish","type":"product","link":"https:\/\/laguiole.com\/de\/produit\/laguiole-prestige-designer-messer-1-stuck-12-cm-2-kropfe-abalone-perlmuttgriff-unter-transparentem-harz-prestige-fly-stilisiert-mit-abalone-inlay-damastklinge-unikat\/","title":{"rendered":"Laguiole Prestige Designer Messer 1 St\u00fcck 12 cm 2 Kropfe Abalone Perlmuttgriff unter transparentem Harz Prestige Fly Stilisiert mit Abalone Inlay Damastklinge Unikat"},"content":{"rendered":"<p>Dieses Klappmesser von Laguiole ist ein einzigartiges Sammlerst\u00fcck, das in au\u00dfergew\u00f6hnlicher Handwerkskunst hergestellt wurde. Mit einem pr\u00e4chtigen Abalone-Perlmutt verziert, verf\u00fchrt es mit seinen schillernden Reflexen, die das Licht einfangen und einen unvergleichlichen nat\u00fcrlichen Glanz verleihen. <\/p>\n<p>Der Prestige-Hosenschlitz, ebenfalls aus Abalone, wertet das Design auf, indem er ihm einen Hauch von Raffinesse verleiht.<\/p>\n<p>Die Damastklinge bietet sowohl St\u00e4rke als auch Eleganz und zeichnet sich durch wellenf\u00f6rmige Muster aus, die f\u00fcr Premium-Damast charakteristisch sind. Die Feder wird sorgf\u00e4ltig von Hand gemei\u00dfelt und enth\u00fcllt goldschmiedetechnische Details, die jedes St\u00fcck zu einem echten Unikat machen. Das gl\u00e4nzende Finish vervollst\u00e4ndigt das Messer mit einem Hauch von Helligkeit, der seine kostbaren Materialien hervorhebt.  <\/p>\n<p>Dieses Laguiole Abalone Perlmuttmesser verk\u00f6rpert franz\u00f6sische Eleganz und traditionelle Handwerkskunst. Perfekt f\u00fcr Liebhaber au\u00dfergew\u00f6hnlicher Messer und anspruchsvolle Sammler. <\/p>\n","protected":false},"excerpt":{"rendered":"<p>Laguiole Prestige Creator<br \/>\nKlappmessergriff aus echtem Abalone-Perlmutt unter transparentem Harz 2<\/p>\n<p>gl\u00e4nzende Edelstahlbacken handgemei\u00dfelte<br \/>\nFeder Gr\u00f6\u00dfe 12 cm (Messer geschlossen)<br \/>\nStilisierte Damastfliegenklinge<br \/>\nvon Hand<br \/>\ngeschmiedet und gemei\u00dfelt Feder Fein von Hand gemei\u00dfelte<br \/>\nPrestige Fly von Hand geschmiedet und gemei\u00dfelt mit Abalone-Inlay<\/p>\n<p>Einzigartiges<br \/>\nSignature-St\u00fcck im Inneren des Mickael GINISTY Designer-Messers<\/p>\n<p><!-- Titre optimis\u00e9 avec mots-cl\u00e9s --><\/p>\n<h2>Entdecken Sie das Video: Laguiole Perlmutt Abalone Messer Sammlerst\u00fcck<\/h2>\n<p><!-- Int\u00e9gration vid\u00e9o optimis\u00e9e --><br \/>\n<iframe src=\"https:\/\/www.youtube.com\/embed\/BQvjdOtNRAY?rel=0&amp;autoplay=1\" width=\"560\" height=\"315\" frameborder=\"0\" allowfullscreen=\"allowfullscreen\" title=\"Laguiole Messer: Sammlerst\u00fcck aus Perlmutt Abalone\"><br \/>\n<\/iframe><br \/>\n<!-- Texte descriptif SEO --><\/p>\n<p>\n  Dieses Laguiole Abalone-Perlmuttmesser ist ein au\u00dfergew\u00f6hnliches Sammlerst\u00fcck, das kostbare Materialien, Damastklingen und prestigetr\u00e4chtige handwerkliche Oberfl\u00e4chen kombiniert. Seine schillernden Reflexe und die handgemachten Mei\u00dfelungen machen ihn zu einem Symbol f\u00fcr franz\u00f6sische Eleganz und traditionelles Know-how.\n<\/p>\n<p><!--\n<iframe src=\"https:\/\/www.youtube.com\/embed\/BQvjdOtNRAY?rel=0&amp;autoplay=1\" width=\"560\" height=\"315\" frameborder=\"0\" allowfullscreen=\"allowfullscreen\"><\/iframe> \n--><\/p>\n","protected":false},"featured_media":37697,"template":"","meta":{"_acf_changed":false,"_monsterinsights_skip_tracking":false,"_monsterinsights_sitenote_active":false,"_monsterinsights_sitenote_note":"","_monsterinsights_sitenote_category":0},"product_brand":[],"product_cat":[5938,5939,5943],"product_tag":[],"class_list":{"0":"post-37696","1":"product","2":"type-product","3":"status-publish","4":"has-post-thumbnail","6":"product_cat-klappmesser","7":"product_cat-laguiole-klappmesser","8":"product_cat-laguiole-prestiges-messer","9":"pa_composition-couteau-1-stueck-nur-klinge","10":"pa_lame-damaskus","11":"pa_manche-en-matiere-animale-abalone-perlmutt","12":"pa_marque-laguiole-createurs","13":"pa_mitres-2-gehrungen","14":"pa_mitres-glaenzender-edelstahl","15":"pa_mouche-geschmiedet","16":"pa_mouche-prestige","17":"pa_platines-einzelplatin","18":"pa_ressort-guilloche","19":"pa_taille-du-manche-12-cm","20":"tm-no-options","23":"onbackorder","24":"taxable","25":"shipping-taxable","26":"purchasable","27":"product-type-simple"},"supplier_id":null,"supplier_sku":"","barcode":null,"atum_controlled":true,"out_stock_date":"2024-12-02 16:23:23","out_stock_threshold":null,"inheritable":false,"inbound_stock":0,"stock_on_hold":0,"sold_today":0,"sales_last_days":0,"reserved_stock":0,"customer_returns":0,"warehouse_damage":0,"lost_in_post":0,"other_logs":0,"out_stock_days":515,"lost_sales":0,"has_location":false,"update_date":"2026-05-02T00:46:47","atum_locations":[],"atum_stock_status":"onbackorder","restock_status":false,"low_stock_amount":"","sales_update_date":"2026-05-02T00:46:47","calc_backorders":0,"acf":[],"yoast_head":"<!-- This site is optimized with the Yoast SEO plugin v27.3 - https:\/\/yoast.com\/product\/yoast-seo-wordpress\/ -->\n<title>Laguiole Prestige Designer Messer 1 St\u00fcck 12 cm 2 Kropfe Abalone Perlmuttgriff unter transparentem Harz Prestige Fly Stilisiert mit Abalone Inlay Damastklinge Unikat - Laguiole.com \u00ae<\/title>\n<meta name=\"description\" content=\"Laguiole Prestige Cr\u00e9ateur Klappmesser Griff aus zwei Materialien in Mammoth Ivory und rotem Carbon mit Mittelring aus gl\u00e4nzendem Edelstahl\" \/>\n<meta name=\"robots\" content=\"index, follow, max-snippet:-1, max-image-preview:large, max-video-preview:-1\" \/>\n<link rel=\"canonical\" href=\"https:\/\/laguiole.com\/de\/produit\/laguiole-prestige-designer-messer-1-stuck-12-cm-2-kropfe-abalone-perlmuttgriff-unter-transparentem-harz-prestige-fly-stilisiert-mit-abalone-inlay-damastklinge-unikat\/\" \/>\n<meta property=\"og:locale\" content=\"de_DE\" \/>\n<meta property=\"og:type\" content=\"article\" \/>\n<meta property=\"og:title\" content=\"Laguiole Prestige Designer Messer 1 St\u00fcck 12 cm 2 Kropfe Abalone Perlmuttgriff unter transparentem Harz Prestige Fly Stilisiert mit Abalone Inlay Damastklinge Unikat - Laguiole.com \u00ae\" \/>\n<meta property=\"og:description\" content=\"Laguiole Prestige Cr\u00e9ateur Klappmesser Griff aus zwei Materialien in Mammoth Ivory und rotem Carbon mit Mittelring aus gl\u00e4nzendem Edelstahl\" \/>\n<meta property=\"og:url\" content=\"https:\/\/laguiole.com\/de\/produit\/laguiole-prestige-designer-messer-1-stuck-12-cm-2-kropfe-abalone-perlmuttgriff-unter-transparentem-harz-prestige-fly-stilisiert-mit-abalone-inlay-damastklinge-unikat\/\" \/>\n<meta property=\"og:site_name\" content=\"Laguiole.com \u00ae\" \/>\n<meta property=\"article:publisher\" content=\"https:\/\/www.facebook.com\/laguiolecom\/\" \/>\n<meta property=\"article:modified_time\" content=\"2025-11-05T09:44:51+00:00\" \/>\n<meta property=\"og:image\" content=\"https:\/\/laguiole.com\/wp-content\/uploads\/2024\/11\/Couteau_Laguiole_Prestige_Createur_1_Piece_12_cm_2_Mitres_Manche_en_Nacre_Abalone_sous_resine_Transparente_Mouche_Prestige_Stylisee_avec_incrustation_Abalone_Lame_Damas_Piece_Unique_00.jpg\" \/>\n\t<meta property=\"og:image:width\" content=\"1033\" \/>\n\t<meta property=\"og:image:height\" content=\"1033\" \/>\n\t<meta property=\"og:image:type\" content=\"image\/jpeg\" \/>\n<meta name=\"twitter:card\" content=\"summary_large_image\" \/>\n<meta name=\"twitter:label1\" content=\"Gesch\u00e4tzte Lesezeit\" \/>\n\t<meta name=\"twitter:data1\" content=\"1\u00a0Minute\" \/>\n<script type=\"application\/ld+json\" class=\"yoast-schema-graph\">{\"@context\":\"https:\\\/\\\/schema.org\",\"@graph\":[{\"@type\":\"WebPage\",\"@id\":\"https:\\\/\\\/laguiole.com\\\/de\\\/produit\\\/laguiole-prestige-designer-messer-1-stuck-12-cm-2-kropfe-abalone-perlmuttgriff-unter-transparentem-harz-prestige-fly-stilisiert-mit-abalone-inlay-damastklinge-unikat\\\/\",\"url\":\"https:\\\/\\\/laguiole.com\\\/de\\\/produit\\\/laguiole-prestige-designer-messer-1-stuck-12-cm-2-kropfe-abalone-perlmuttgriff-unter-transparentem-harz-prestige-fly-stilisiert-mit-abalone-inlay-damastklinge-unikat\\\/\",\"name\":\"Laguiole Prestige Designer Messer 1 St\u00fcck 12 cm 2 Kropfe Abalone Perlmuttgriff unter transparentem Harz Prestige Fly Stilisiert mit Abalone Inlay Damastklinge Unikat - Laguiole.com \u00ae\",\"isPartOf\":{\"@id\":\"https:\\\/\\\/laguiole.com\\\/de\\\/#website\"},\"primaryImageOfPage\":{\"@id\":\"https:\\\/\\\/laguiole.com\\\/de\\\/produit\\\/laguiole-prestige-designer-messer-1-stuck-12-cm-2-kropfe-abalone-perlmuttgriff-unter-transparentem-harz-prestige-fly-stilisiert-mit-abalone-inlay-damastklinge-unikat\\\/#primaryimage\"},\"image\":{\"@id\":\"https:\\\/\\\/laguiole.com\\\/de\\\/produit\\\/laguiole-prestige-designer-messer-1-stuck-12-cm-2-kropfe-abalone-perlmuttgriff-unter-transparentem-harz-prestige-fly-stilisiert-mit-abalone-inlay-damastklinge-unikat\\\/#primaryimage\"},\"thumbnailUrl\":\"https:\\\/\\\/laguiole.com\\\/wp-content\\\/uploads\\\/2024\\\/11\\\/Couteau_Laguiole_Prestige_Createur_1_Piece_12_cm_2_Mitres_Manche_en_Nacre_Abalone_sous_resine_Transparente_Mouche_Prestige_Stylisee_avec_incrustation_Abalone_Lame_Damas_Piece_Unique_00.jpg\",\"datePublished\":\"2024-11-12T16:16:27+00:00\",\"dateModified\":\"2025-11-05T09:44:51+00:00\",\"description\":\"Laguiole Prestige Cr\u00e9ateur Klappmesser Griff aus zwei Materialien in Mammoth Ivory und rotem Carbon mit Mittelring aus gl\u00e4nzendem Edelstahl\",\"breadcrumb\":{\"@id\":\"https:\\\/\\\/laguiole.com\\\/de\\\/produit\\\/laguiole-prestige-designer-messer-1-stuck-12-cm-2-kropfe-abalone-perlmuttgriff-unter-transparentem-harz-prestige-fly-stilisiert-mit-abalone-inlay-damastklinge-unikat\\\/#breadcrumb\"},\"inLanguage\":\"de\",\"potentialAction\":[{\"@type\":\"ReadAction\",\"target\":[\"https:\\\/\\\/laguiole.com\\\/de\\\/produit\\\/laguiole-prestige-designer-messer-1-stuck-12-cm-2-kropfe-abalone-perlmuttgriff-unter-transparentem-harz-prestige-fly-stilisiert-mit-abalone-inlay-damastklinge-unikat\\\/\"]}]},{\"@type\":\"ImageObject\",\"inLanguage\":\"de\",\"@id\":\"https:\\\/\\\/laguiole.com\\\/de\\\/produit\\\/laguiole-prestige-designer-messer-1-stuck-12-cm-2-kropfe-abalone-perlmuttgriff-unter-transparentem-harz-prestige-fly-stilisiert-mit-abalone-inlay-damastklinge-unikat\\\/#primaryimage\",\"url\":\"https:\\\/\\\/laguiole.com\\\/wp-content\\\/uploads\\\/2024\\\/11\\\/Couteau_Laguiole_Prestige_Createur_1_Piece_12_cm_2_Mitres_Manche_en_Nacre_Abalone_sous_resine_Transparente_Mouche_Prestige_Stylisee_avec_incrustation_Abalone_Lame_Damas_Piece_Unique_00.jpg\",\"contentUrl\":\"https:\\\/\\\/laguiole.com\\\/wp-content\\\/uploads\\\/2024\\\/11\\\/Couteau_Laguiole_Prestige_Createur_1_Piece_12_cm_2_Mitres_Manche_en_Nacre_Abalone_sous_resine_Transparente_Mouche_Prestige_Stylisee_avec_incrustation_Abalone_Lame_Damas_Piece_Unique_00.jpg\",\"width\":1033,\"height\":1033,\"caption\":\"Laguiole Prestige Designer Messer 1 St\u00fcck 12 cm 2 Kropfe Abalone Perlmuttgriff unter transparentem Harz Prestige Fly Stilisiert mit Abalone Inlay Damastklinge Unikat\"},{\"@type\":\"BreadcrumbList\",\"@id\":\"https:\\\/\\\/laguiole.com\\\/de\\\/produit\\\/laguiole-prestige-designer-messer-1-stuck-12-cm-2-kropfe-abalone-perlmuttgriff-unter-transparentem-harz-prestige-fly-stilisiert-mit-abalone-inlay-damastklinge-unikat\\\/#breadcrumb\",\"itemListElement\":[{\"@type\":\"ListItem\",\"position\":1,\"name\":\"Accueil\",\"item\":\"https:\\\/\\\/laguiole.com\\\/de\\\/\"},{\"@type\":\"ListItem\",\"position\":2,\"name\":\"Shop\",\"item\":\"https:\\\/\\\/laguiole.com\\\/de\\\/shop-2\\\/\"},{\"@type\":\"ListItem\",\"position\":3,\"name\":\"Laguiole Prestige Designer Messer 1 St\u00fcck 12 cm 2 Kropfe Abalone Perlmuttgriff unter transparentem Harz Prestige Fly Stilisiert mit Abalone Inlay Damastklinge Unikat\"}]},{\"@type\":\"WebSite\",\"@id\":\"https:\\\/\\\/laguiole.com\\\/de\\\/#website\",\"url\":\"https:\\\/\\\/laguiole.com\\\/de\\\/\",\"name\":\"Laguiole.com\",\"description\":\"Laguiole - Couteau laguiole, Chateau Laguiole, Laguiole en Aubrac, Forge de Laguiole\",\"publisher\":{\"@id\":\"https:\\\/\\\/laguiole.com\\\/de\\\/#organization\"},\"potentialAction\":[{\"@type\":\"SearchAction\",\"target\":{\"@type\":\"EntryPoint\",\"urlTemplate\":\"https:\\\/\\\/laguiole.com\\\/de\\\/?s={search_term_string}\"},\"query-input\":{\"@type\":\"PropertyValueSpecification\",\"valueRequired\":true,\"valueName\":\"search_term_string\"}}],\"inLanguage\":\"de\"},{\"@type\":\"Organization\",\"@id\":\"https:\\\/\\\/laguiole.com\\\/de\\\/#organization\",\"name\":\"Laguiole.com\",\"url\":\"https:\\\/\\\/laguiole.com\\\/de\\\/\",\"logo\":{\"@type\":\"ImageObject\",\"inLanguage\":\"de\",\"@id\":\"https:\\\/\\\/laguiole.com\\\/de\\\/#\\\/schema\\\/logo\\\/image\\\/\",\"url\":\"https:\\\/\\\/laguiole.com\\\/wp-content\\\/uploads\\\/2021\\\/02\\\/logo_laguiole.com-horizontal.jpg\",\"contentUrl\":\"https:\\\/\\\/laguiole.com\\\/wp-content\\\/uploads\\\/2021\\\/02\\\/logo_laguiole.com-horizontal.jpg\",\"width\":490,\"height\":156,\"caption\":\"Laguiole.com\"},\"image\":{\"@id\":\"https:\\\/\\\/laguiole.com\\\/de\\\/#\\\/schema\\\/logo\\\/image\\\/\"},\"sameAs\":[\"https:\\\/\\\/www.facebook.com\\\/laguiolecom\\\/\",\"https:\\\/\\\/www.instagram.com\\\/laguiolecom\\\/\",\"https:\\\/\\\/www.youtube.com\\\/@laguiolecom\\\/videos\"]}]}<\/script>\n<!-- \/ Yoast SEO plugin. -->","yoast_head_json":{"title":"Laguiole Prestige Designer Messer 1 St\u00fcck 12 cm 2 Kropfe Abalone Perlmuttgriff unter transparentem Harz Prestige Fly Stilisiert mit Abalone Inlay Damastklinge Unikat - Laguiole.com \u00ae","description":"Laguiole Prestige Cr\u00e9ateur Klappmesser Griff aus zwei Materialien in Mammoth Ivory und rotem Carbon mit Mittelring aus gl\u00e4nzendem Edelstahl","robots":{"index":"index","follow":"follow","max-snippet":"max-snippet:-1","max-image-preview":"max-image-preview:large","max-video-preview":"max-video-preview:-1"},"canonical":"https:\/\/laguiole.com\/de\/produit\/laguiole-prestige-designer-messer-1-stuck-12-cm-2-kropfe-abalone-perlmuttgriff-unter-transparentem-harz-prestige-fly-stilisiert-mit-abalone-inlay-damastklinge-unikat\/","og_locale":"de_DE","og_type":"article","og_title":"Laguiole Prestige Designer Messer 1 St\u00fcck 12 cm 2 Kropfe Abalone Perlmuttgriff unter transparentem Harz Prestige Fly Stilisiert mit Abalone Inlay Damastklinge Unikat - Laguiole.com \u00ae","og_description":"Laguiole Prestige Cr\u00e9ateur Klappmesser Griff aus zwei Materialien in Mammoth Ivory und rotem Carbon mit Mittelring aus gl\u00e4nzendem Edelstahl","og_url":"https:\/\/laguiole.com\/de\/produit\/laguiole-prestige-designer-messer-1-stuck-12-cm-2-kropfe-abalone-perlmuttgriff-unter-transparentem-harz-prestige-fly-stilisiert-mit-abalone-inlay-damastklinge-unikat\/","og_site_name":"Laguiole.com \u00ae","article_publisher":"https:\/\/www.facebook.com\/laguiolecom\/","article_modified_time":"2025-11-05T09:44:51+00:00","og_image":[{"width":1033,"height":1033,"url":"https:\/\/laguiole.com\/wp-content\/uploads\/2024\/11\/Couteau_Laguiole_Prestige_Createur_1_Piece_12_cm_2_Mitres_Manche_en_Nacre_Abalone_sous_resine_Transparente_Mouche_Prestige_Stylisee_avec_incrustation_Abalone_Lame_Damas_Piece_Unique_00.jpg","type":"image\/jpeg"}],"twitter_card":"summary_large_image","twitter_misc":{"Gesch\u00e4tzte Lesezeit":"1\u00a0Minute"},"schema":{"@context":"https:\/\/schema.org","@graph":[{"@type":"WebPage","@id":"https:\/\/laguiole.com\/de\/produit\/laguiole-prestige-designer-messer-1-stuck-12-cm-2-kropfe-abalone-perlmuttgriff-unter-transparentem-harz-prestige-fly-stilisiert-mit-abalone-inlay-damastklinge-unikat\/","url":"https:\/\/laguiole.com\/de\/produit\/laguiole-prestige-designer-messer-1-stuck-12-cm-2-kropfe-abalone-perlmuttgriff-unter-transparentem-harz-prestige-fly-stilisiert-mit-abalone-inlay-damastklinge-unikat\/","name":"Laguiole Prestige Designer Messer 1 St\u00fcck 12 cm 2 Kropfe Abalone Perlmuttgriff unter transparentem Harz Prestige Fly Stilisiert mit Abalone Inlay Damastklinge Unikat - Laguiole.com \u00ae","isPartOf":{"@id":"https:\/\/laguiole.com\/de\/#website"},"primaryImageOfPage":{"@id":"https:\/\/laguiole.com\/de\/produit\/laguiole-prestige-designer-messer-1-stuck-12-cm-2-kropfe-abalone-perlmuttgriff-unter-transparentem-harz-prestige-fly-stilisiert-mit-abalone-inlay-damastklinge-unikat\/#primaryimage"},"image":{"@id":"https:\/\/laguiole.com\/de\/produit\/laguiole-prestige-designer-messer-1-stuck-12-cm-2-kropfe-abalone-perlmuttgriff-unter-transparentem-harz-prestige-fly-stilisiert-mit-abalone-inlay-damastklinge-unikat\/#primaryimage"},"thumbnailUrl":"https:\/\/laguiole.com\/wp-content\/uploads\/2024\/11\/Couteau_Laguiole_Prestige_Createur_1_Piece_12_cm_2_Mitres_Manche_en_Nacre_Abalone_sous_resine_Transparente_Mouche_Prestige_Stylisee_avec_incrustation_Abalone_Lame_Damas_Piece_Unique_00.jpg","datePublished":"2024-11-12T16:16:27+00:00","dateModified":"2025-11-05T09:44:51+00:00","description":"Laguiole Prestige Cr\u00e9ateur Klappmesser Griff aus zwei Materialien in Mammoth Ivory und rotem Carbon mit Mittelring aus gl\u00e4nzendem Edelstahl","breadcrumb":{"@id":"https:\/\/laguiole.com\/de\/produit\/laguiole-prestige-designer-messer-1-stuck-12-cm-2-kropfe-abalone-perlmuttgriff-unter-transparentem-harz-prestige-fly-stilisiert-mit-abalone-inlay-damastklinge-unikat\/#breadcrumb"},"inLanguage":"de","potentialAction":[{"@type":"ReadAction","target":["https:\/\/laguiole.com\/de\/produit\/laguiole-prestige-designer-messer-1-stuck-12-cm-2-kropfe-abalone-perlmuttgriff-unter-transparentem-harz-prestige-fly-stilisiert-mit-abalone-inlay-damastklinge-unikat\/"]}]},{"@type":"ImageObject","inLanguage":"de","@id":"https:\/\/laguiole.com\/de\/produit\/laguiole-prestige-designer-messer-1-stuck-12-cm-2-kropfe-abalone-perlmuttgriff-unter-transparentem-harz-prestige-fly-stilisiert-mit-abalone-inlay-damastklinge-unikat\/#primaryimage","url":"https:\/\/laguiole.com\/wp-content\/uploads\/2024\/11\/Couteau_Laguiole_Prestige_Createur_1_Piece_12_cm_2_Mitres_Manche_en_Nacre_Abalone_sous_resine_Transparente_Mouche_Prestige_Stylisee_avec_incrustation_Abalone_Lame_Damas_Piece_Unique_00.jpg","contentUrl":"https:\/\/laguiole.com\/wp-content\/uploads\/2024\/11\/Couteau_Laguiole_Prestige_Createur_1_Piece_12_cm_2_Mitres_Manche_en_Nacre_Abalone_sous_resine_Transparente_Mouche_Prestige_Stylisee_avec_incrustation_Abalone_Lame_Damas_Piece_Unique_00.jpg","width":1033,"height":1033,"caption":"Laguiole Prestige Designer Messer 1 St\u00fcck 12 cm 2 Kropfe Abalone Perlmuttgriff unter transparentem Harz Prestige Fly Stilisiert mit Abalone Inlay Damastklinge Unikat"},{"@type":"BreadcrumbList","@id":"https:\/\/laguiole.com\/de\/produit\/laguiole-prestige-designer-messer-1-stuck-12-cm-2-kropfe-abalone-perlmuttgriff-unter-transparentem-harz-prestige-fly-stilisiert-mit-abalone-inlay-damastklinge-unikat\/#breadcrumb","itemListElement":[{"@type":"ListItem","position":1,"name":"Accueil","item":"https:\/\/laguiole.com\/de\/"},{"@type":"ListItem","position":2,"name":"Shop","item":"https:\/\/laguiole.com\/de\/shop-2\/"},{"@type":"ListItem","position":3,"name":"Laguiole Prestige Designer Messer 1 St\u00fcck 12 cm 2 Kropfe Abalone Perlmuttgriff unter transparentem Harz Prestige Fly Stilisiert mit Abalone Inlay Damastklinge Unikat"}]},{"@type":"WebSite","@id":"https:\/\/laguiole.com\/de\/#website","url":"https:\/\/laguiole.com\/de\/","name":"Laguiole.com","description":"Laguiole - Couteau laguiole, Chateau Laguiole, Laguiole en Aubrac, Forge de Laguiole","publisher":{"@id":"https:\/\/laguiole.com\/de\/#organization"},"potentialAction":[{"@type":"SearchAction","target":{"@type":"EntryPoint","urlTemplate":"https:\/\/laguiole.com\/de\/?s={search_term_string}"},"query-input":{"@type":"PropertyValueSpecification","valueRequired":true,"valueName":"search_term_string"}}],"inLanguage":"de"},{"@type":"Organization","@id":"https:\/\/laguiole.com\/de\/#organization","name":"Laguiole.com","url":"https:\/\/laguiole.com\/de\/","logo":{"@type":"ImageObject","inLanguage":"de","@id":"https:\/\/laguiole.com\/de\/#\/schema\/logo\/image\/","url":"https:\/\/laguiole.com\/wp-content\/uploads\/2021\/02\/logo_laguiole.com-horizontal.jpg","contentUrl":"https:\/\/laguiole.com\/wp-content\/uploads\/2021\/02\/logo_laguiole.com-horizontal.jpg","width":490,"height":156,"caption":"Laguiole.com"},"image":{"@id":"https:\/\/laguiole.com\/de\/#\/schema\/logo\/image\/"},"sameAs":["https:\/\/www.facebook.com\/laguiolecom\/","https:\/\/www.instagram.com\/laguiolecom\/","https:\/\/www.youtube.com\/@laguiolecom\/videos"]}]}},"_links":{"self":[{"href":"https:\/\/laguiole.com\/de\/wp-json\/wp\/v2\/product\/37696","targetHints":{"allow":["GET"]}}],"collection":[{"href":"https:\/\/laguiole.com\/de\/wp-json\/wp\/v2\/product"}],"about":[{"href":"https:\/\/laguiole.com\/de\/wp-json\/wp\/v2\/types\/product"}],"version-history":[{"count":2,"href":"https:\/\/laguiole.com\/de\/wp-json\/wp\/v2\/product\/37696\/revisions"}],"predecessor-version":[{"id":44531,"href":"https:\/\/laguiole.com\/de\/wp-json\/wp\/v2\/product\/37696\/revisions\/44531"}],"wp:featuredmedia":[{"embeddable":true,"href":"https:\/\/laguiole.com\/de\/wp-json\/wp\/v2\/media\/37697"}],"wp:attachment":[{"href":"https:\/\/laguiole.com\/de\/wp-json\/wp\/v2\/media?parent=37696"}],"wp:term":[{"taxonomy":"product_brand","embeddable":true,"href":"https:\/\/laguiole.com\/de\/wp-json\/wp\/v2\/product_brand?post=37696"},{"taxonomy":"product_cat","embeddable":true,"href":"https:\/\/laguiole.com\/de\/wp-json\/wp\/v2\/product_cat?post=37696"},{"taxonomy":"product_tag","embeddable":true,"href":"https:\/\/laguiole.com\/de\/wp-json\/wp\/v2\/product_tag?post=37696"}],"curies":[{"name":"wp","href":"https:\/\/api.w.org\/{rel}","templated":true}]}}