{"id":37592,"date":"2025-03-22T11:14:51","date_gmt":"2025-03-22T10:14:51","guid":{"rendered":"https:\/\/laguiole.com\/produit\/sauveterre-1-stuck-messer-11-cm-vollstiel-ebenholzfliege-prestige-salbeiblatt-guillochierte-platten-geburstetes-finish-sanfte-feder-in-3d-anpassbar\/"},"modified":"2026-02-16T14:12:36","modified_gmt":"2026-02-16T13:12:36","slug":"sauveterre-1-stuck-messer-11-cm-vollstiel-ebenholzfliege-prestige-salbeiblatt-guillochierte-platten-geburstetes-finish-sanfte-feder-in-3d-anpassbar","status":"publish","type":"product","link":"https:\/\/laguiole.com\/de\/produit\/sauveterre-1-stuck-messer-11-cm-vollstiel-ebenholzfliege-prestige-salbeiblatt-guillochierte-platten-geburstetes-finish-sanfte-feder-in-3d-anpassbar\/","title":{"rendered":"SAUVETERRE 1 St\u00fcck Messer 11 cm Vollstiel Ebenholzfliege Prestige Salbeiblatt Guillochierte Platten Geb\u00fcrstetes Finish Sanfte Feder in 3D anpassbar"},"content":{"rendered":"<p>Resultierend aus dem traditionellen Know-how des Besteckbeckens Laguiole, sticht das <strong>Sauveterre-Messer<\/strong> hier in einer au\u00dfergew\u00f6hnlichen Version hervor, die Raffinesse, Noblesse der Materialien und hochfliegende Handwerkskunst vereint.<\/p>\n<p>Dieses vollstielige Klappmesser mit einer L\u00e4nge von 11 cm im geschlossenen Zustand besticht durch sein kompaktes und perfekt ausbalanciertes Format. Der Griff ist aus tiefem Ebenholz gefertigt, einem edlen und dichten Holz, dessen schwarzer Farbton die nat\u00fcrliche Eleganz des St\u00fccks unterstreicht. <\/p>\n<p>Es wird durch eine Oberfl\u00e4che aus geb\u00fcrstetem Edelstahl aufgewertet, die n\u00fcchtern, modern und widerstandsf\u00e4hig ist und dem Ganzen einen raffinierten und langlebigen Charakter verleiht.<\/p>\n<p>Die guillochierten Plattenteller, die fein mit einer Feile gearbeitet sind, sorgen f\u00fcr einen zus\u00e4tzlichen Hauch von Raffinesse. Die sanfte Feder erm\u00f6glicht eine 3D-Anpassung. <\/p>\n<p>Auf der R\u00fcckseite der Feder befindet sich eine prestigetr\u00e4chtige Fliege in Form eines Salbeiblattes, die vollst\u00e4ndig von Hand geformt wurde, das Markenzeichen dieses au\u00dfergew\u00f6hnlichen St\u00fccks. Inspiriert von der Natur verleiht diese einzigartige Ornamentik dem Ganzen eine poetische und unverwechselbare Dimension. <\/p>\n<p>Faltbar, pr\u00e4zise und bis ins kleinste Detail durchdacht, ist dieses Sauveterre viel mehr als nur ein Messer: Es ist ein n\u00fctzliches Kunstwerk, das Ergebnis einer anspruchsvollen und leidenschaftlichen Handwerkskunst, das f\u00fcr aufgekl\u00e4rte Amateure und Sammler gleicherma\u00dfen gedacht ist.<\/p>\n<p>Dieses Messer erm\u00f6glicht eine 3D-Anpassung an der Feder!<\/p>\n<p>Geliefert mit Echtheitszertifikat, in einem schwarzen Baumwollbeutel signiert von Sauveterre.<\/p>\n","protected":false},"excerpt":{"rendered":"<p>SAUVETERRE<br \/>\nregionales Klappmesser Voller Griff aus Ebenholz<br \/>\nHandgeb\u00fcrstete und guillochierte<br \/>\nPlatten Glatte Feder anpassbar in 3D<br \/>\nPrestige Fliege Salbeiblatt<br \/>\n12C27 Klinge aus Edelstahl mit Gehrung.<br \/>\nMesserfinish: Geb\u00fcrstetes, erzwungenes<br \/>\nKerbverschlusssystem.<\/p>\n<p>Gesamtl\u00e4nge aufgeklappt: 20,5 cm<br \/>\nGriffl\u00e4nge: 11 cm<br \/>\nKlingenl\u00e4nge: 9,1 cm<br \/>\nGewicht: 82 g<\/p>\n","protected":false},"featured_media":49954,"template":"","meta":{"_acf_changed":false,"_monsterinsights_skip_tracking":false,"_monsterinsights_sitenote_active":false,"_monsterinsights_sitenote_note":"","_monsterinsights_sitenote_category":0},"product_brand":[],"product_cat":[5938,5948],"product_tag":[],"class_list":{"0":"post-37592","1":"product","2":"type-product","3":"status-publish","4":"has-post-thumbnail","6":"product_cat-klappmesser","7":"product_cat-sauveterre-klappmesser","8":"pa_finition-gebuerstet","9":"pa_lame-gebuersteter-edelstahl","10":"pa_manche-en-bois-ebenholz","11":"pa_marque-laguiole-en-aubracfr","12":"pa_mitres-ohne-gehrung-vollstaendige-huelse","13":"pa_platines-einzelplatin","14":"pa_platines-guilloche-muster","15":"pa_ressort-zum-personalisieren-lasergravur","16":"tm-has-options","19":"instock","20":"taxable","21":"shipping-taxable","22":"purchasable","23":"product-type-simple"},"supplier_id":null,"supplier_sku":"","barcode":null,"atum_controlled":true,"out_stock_date":null,"out_stock_threshold":null,"inheritable":false,"inbound_stock":0,"stock_on_hold":0,"sold_today":0,"sales_last_days":0,"reserved_stock":0,"customer_returns":0,"warehouse_damage":0,"lost_in_post":0,"other_logs":0,"out_stock_days":0,"lost_sales":0,"has_location":false,"update_date":"2026-04-28T00:37:56","atum_locations":[],"atum_stock_status":"instock","restock_status":false,"low_stock_amount":"","sales_update_date":"2026-04-28T00:37:56","calc_backorders":0,"acf":[],"yoast_head":"<!-- This site is optimized with the Yoast SEO plugin v27.3 - https:\/\/yoast.com\/product\/yoast-seo-wordpress\/ -->\n<title>SAUVETERRE 1 St\u00fcck Messer 11 cm Vollstiel Ebenholzfliege Prestige Salbeiblatt Guillochierte Platten Geb\u00fcrstetes Finish Sanfte Feder in 3D anpassbar - Laguiole.com \u00ae<\/title>\n<meta name=\"description\" content=\"Das Sauveterre-Messer sticht hier in einer au\u00dfergew\u00f6hnlichen Version hervor, die Raffinesse, Noblesse der Materialien und hochfliegende Handwerkskunst vereint.\" \/>\n<meta name=\"robots\" content=\"index, follow, max-snippet:-1, max-image-preview:large, max-video-preview:-1\" \/>\n<link rel=\"canonical\" href=\"https:\/\/laguiole.com\/de\/produit\/sauveterre-1-stuck-messer-11-cm-vollstiel-ebenholzfliege-prestige-salbeiblatt-guillochierte-platten-geburstetes-finish-sanfte-feder-in-3d-anpassbar\/\" \/>\n<meta property=\"og:locale\" content=\"de_DE\" \/>\n<meta property=\"og:type\" content=\"article\" \/>\n<meta property=\"og:title\" content=\"SAUVETERRE 1 St\u00fcck Messer 11 cm Vollstiel Ebenholzfliege Prestige Salbeiblatt Guillochierte Platten Geb\u00fcrstetes Finish Sanfte Feder in 3D anpassbar - Laguiole.com \u00ae\" \/>\n<meta property=\"og:description\" content=\"Das Sauveterre-Messer sticht hier in einer au\u00dfergew\u00f6hnlichen Version hervor, die Raffinesse, Noblesse der Materialien und hochfliegende Handwerkskunst vereint.\" \/>\n<meta property=\"og:url\" content=\"https:\/\/laguiole.com\/de\/produit\/sauveterre-1-stuck-messer-11-cm-vollstiel-ebenholzfliege-prestige-salbeiblatt-guillochierte-platten-geburstetes-finish-sanfte-feder-in-3d-anpassbar\/\" \/>\n<meta property=\"og:site_name\" content=\"Laguiole.com \u00ae\" \/>\n<meta property=\"article:publisher\" content=\"https:\/\/www.facebook.com\/laguiolecom\/\" \/>\n<meta property=\"article:modified_time\" content=\"2026-02-16T13:12:36+00:00\" \/>\n<meta property=\"og:image\" content=\"https:\/\/laguiole.com\/wp-content\/uploads\/2025\/03\/EBNE_M1.jpg\" \/>\n\t<meta property=\"og:image:width\" content=\"1033\" \/>\n\t<meta property=\"og:image:height\" content=\"1033\" \/>\n\t<meta property=\"og:image:type\" content=\"image\/jpeg\" \/>\n<meta name=\"twitter:card\" content=\"summary_large_image\" \/>\n<meta name=\"twitter:label1\" content=\"Gesch\u00e4tzte Lesezeit\" \/>\n\t<meta name=\"twitter:data1\" content=\"1\u00a0Minute\" \/>\n<script type=\"application\/ld+json\" class=\"yoast-schema-graph\">{\"@context\":\"https:\\\/\\\/schema.org\",\"@graph\":[{\"@type\":\"WebPage\",\"@id\":\"https:\\\/\\\/laguiole.com\\\/de\\\/produit\\\/sauveterre-1-stuck-messer-11-cm-vollstiel-ebenholzfliege-prestige-salbeiblatt-guillochierte-platten-geburstetes-finish-sanfte-feder-in-3d-anpassbar\\\/\",\"url\":\"https:\\\/\\\/laguiole.com\\\/de\\\/produit\\\/sauveterre-1-stuck-messer-11-cm-vollstiel-ebenholzfliege-prestige-salbeiblatt-guillochierte-platten-geburstetes-finish-sanfte-feder-in-3d-anpassbar\\\/\",\"name\":\"SAUVETERRE 1 St\u00fcck Messer 11 cm Vollstiel Ebenholzfliege Prestige Salbeiblatt Guillochierte Platten Geb\u00fcrstetes Finish Sanfte Feder in 3D anpassbar - Laguiole.com \u00ae\",\"isPartOf\":{\"@id\":\"https:\\\/\\\/laguiole.com\\\/de\\\/#website\"},\"primaryImageOfPage\":{\"@id\":\"https:\\\/\\\/laguiole.com\\\/de\\\/produit\\\/sauveterre-1-stuck-messer-11-cm-vollstiel-ebenholzfliege-prestige-salbeiblatt-guillochierte-platten-geburstetes-finish-sanfte-feder-in-3d-anpassbar\\\/#primaryimage\"},\"image\":{\"@id\":\"https:\\\/\\\/laguiole.com\\\/de\\\/produit\\\/sauveterre-1-stuck-messer-11-cm-vollstiel-ebenholzfliege-prestige-salbeiblatt-guillochierte-platten-geburstetes-finish-sanfte-feder-in-3d-anpassbar\\\/#primaryimage\"},\"thumbnailUrl\":\"https:\\\/\\\/laguiole.com\\\/wp-content\\\/uploads\\\/2025\\\/03\\\/Couteau_SAUVETERRE_Plein_Manche_Ebene_Mouche_Prestige_Feuille_de_Sauge_Platines_Guillochees_Finition-brossee_Ressort_lisse_personnalisable_en_3D_00.jpg\",\"datePublished\":\"2025-03-22T10:14:51+00:00\",\"dateModified\":\"2026-02-16T13:12:36+00:00\",\"description\":\"Das Sauveterre-Messer sticht hier in einer au\u00dfergew\u00f6hnlichen Version hervor, die Raffinesse, Noblesse der Materialien und hochfliegende Handwerkskunst vereint.\",\"breadcrumb\":{\"@id\":\"https:\\\/\\\/laguiole.com\\\/de\\\/produit\\\/sauveterre-1-stuck-messer-11-cm-vollstiel-ebenholzfliege-prestige-salbeiblatt-guillochierte-platten-geburstetes-finish-sanfte-feder-in-3d-anpassbar\\\/#breadcrumb\"},\"inLanguage\":\"de\",\"potentialAction\":[{\"@type\":\"ReadAction\",\"target\":[\"https:\\\/\\\/laguiole.com\\\/de\\\/produit\\\/sauveterre-1-stuck-messer-11-cm-vollstiel-ebenholzfliege-prestige-salbeiblatt-guillochierte-platten-geburstetes-finish-sanfte-feder-in-3d-anpassbar\\\/\"]}]},{\"@type\":\"ImageObject\",\"inLanguage\":\"de\",\"@id\":\"https:\\\/\\\/laguiole.com\\\/de\\\/produit\\\/sauveterre-1-stuck-messer-11-cm-vollstiel-ebenholzfliege-prestige-salbeiblatt-guillochierte-platten-geburstetes-finish-sanfte-feder-in-3d-anpassbar\\\/#primaryimage\",\"url\":\"https:\\\/\\\/laguiole.com\\\/wp-content\\\/uploads\\\/2025\\\/03\\\/Couteau_SAUVETERRE_Plein_Manche_Ebene_Mouche_Prestige_Feuille_de_Sauge_Platines_Guillochees_Finition-brossee_Ressort_lisse_personnalisable_en_3D_00.jpg\",\"contentUrl\":\"https:\\\/\\\/laguiole.com\\\/wp-content\\\/uploads\\\/2025\\\/03\\\/Couteau_SAUVETERRE_Plein_Manche_Ebene_Mouche_Prestige_Feuille_de_Sauge_Platines_Guillochees_Finition-brossee_Ressort_lisse_personnalisable_en_3D_00.jpg\",\"width\":1033,\"height\":1033,\"caption\":\"Couteau SAUVETERRE 1 pi\u00e8ce 11 cm Plein Manche Eb\u00e8ne Mouche Prestige Feuille de Sauge Platines Guilloch\u00e9es Finition bross\u00e9e Ressort lisse personnalisable en 3D\"},{\"@type\":\"BreadcrumbList\",\"@id\":\"https:\\\/\\\/laguiole.com\\\/de\\\/produit\\\/sauveterre-1-stuck-messer-11-cm-vollstiel-ebenholzfliege-prestige-salbeiblatt-guillochierte-platten-geburstetes-finish-sanfte-feder-in-3d-anpassbar\\\/#breadcrumb\",\"itemListElement\":[{\"@type\":\"ListItem\",\"position\":1,\"name\":\"Accueil\",\"item\":\"https:\\\/\\\/laguiole.com\\\/de\\\/\"},{\"@type\":\"ListItem\",\"position\":2,\"name\":\"Shop\",\"item\":\"https:\\\/\\\/laguiole.com\\\/de\\\/shop-2\\\/\"},{\"@type\":\"ListItem\",\"position\":3,\"name\":\"SAUVETERRE 1 St\u00fcck Messer 11 cm Vollstiel Ebenholzfliege Prestige Salbeiblatt Guillochierte Platten Geb\u00fcrstetes Finish Sanfte Feder in 3D anpassbar\"}]},{\"@type\":\"WebSite\",\"@id\":\"https:\\\/\\\/laguiole.com\\\/de\\\/#website\",\"url\":\"https:\\\/\\\/laguiole.com\\\/de\\\/\",\"name\":\"Laguiole.com\",\"description\":\"Laguiole - Couteau laguiole, Chateau Laguiole, Laguiole en Aubrac, Forge de Laguiole\",\"publisher\":{\"@id\":\"https:\\\/\\\/laguiole.com\\\/de\\\/#organization\"},\"potentialAction\":[{\"@type\":\"SearchAction\",\"target\":{\"@type\":\"EntryPoint\",\"urlTemplate\":\"https:\\\/\\\/laguiole.com\\\/de\\\/?s={search_term_string}\"},\"query-input\":{\"@type\":\"PropertyValueSpecification\",\"valueRequired\":true,\"valueName\":\"search_term_string\"}}],\"inLanguage\":\"de\"},{\"@type\":\"Organization\",\"@id\":\"https:\\\/\\\/laguiole.com\\\/de\\\/#organization\",\"name\":\"Laguiole.com\",\"url\":\"https:\\\/\\\/laguiole.com\\\/de\\\/\",\"logo\":{\"@type\":\"ImageObject\",\"inLanguage\":\"de\",\"@id\":\"https:\\\/\\\/laguiole.com\\\/de\\\/#\\\/schema\\\/logo\\\/image\\\/\",\"url\":\"https:\\\/\\\/laguiole.com\\\/wp-content\\\/uploads\\\/2021\\\/02\\\/logo_laguiole.com-horizontal.jpg\",\"contentUrl\":\"https:\\\/\\\/laguiole.com\\\/wp-content\\\/uploads\\\/2021\\\/02\\\/logo_laguiole.com-horizontal.jpg\",\"width\":490,\"height\":156,\"caption\":\"Laguiole.com\"},\"image\":{\"@id\":\"https:\\\/\\\/laguiole.com\\\/de\\\/#\\\/schema\\\/logo\\\/image\\\/\"},\"sameAs\":[\"https:\\\/\\\/www.facebook.com\\\/laguiolecom\\\/\",\"https:\\\/\\\/www.instagram.com\\\/laguiolecom\\\/\",\"https:\\\/\\\/www.youtube.com\\\/@laguiolecom\\\/videos\"]}]}<\/script>\n<!-- \/ Yoast SEO plugin. -->","yoast_head_json":{"title":"SAUVETERRE 1 St\u00fcck Messer 11 cm Vollstiel Ebenholzfliege Prestige Salbeiblatt Guillochierte Platten Geb\u00fcrstetes Finish Sanfte Feder in 3D anpassbar - Laguiole.com \u00ae","description":"Das Sauveterre-Messer sticht hier in einer au\u00dfergew\u00f6hnlichen Version hervor, die Raffinesse, Noblesse der Materialien und hochfliegende Handwerkskunst vereint.","robots":{"index":"index","follow":"follow","max-snippet":"max-snippet:-1","max-image-preview":"max-image-preview:large","max-video-preview":"max-video-preview:-1"},"canonical":"https:\/\/laguiole.com\/de\/produit\/sauveterre-1-stuck-messer-11-cm-vollstiel-ebenholzfliege-prestige-salbeiblatt-guillochierte-platten-geburstetes-finish-sanfte-feder-in-3d-anpassbar\/","og_locale":"de_DE","og_type":"article","og_title":"SAUVETERRE 1 St\u00fcck Messer 11 cm Vollstiel Ebenholzfliege Prestige Salbeiblatt Guillochierte Platten Geb\u00fcrstetes Finish Sanfte Feder in 3D anpassbar - Laguiole.com \u00ae","og_description":"Das Sauveterre-Messer sticht hier in einer au\u00dfergew\u00f6hnlichen Version hervor, die Raffinesse, Noblesse der Materialien und hochfliegende Handwerkskunst vereint.","og_url":"https:\/\/laguiole.com\/de\/produit\/sauveterre-1-stuck-messer-11-cm-vollstiel-ebenholzfliege-prestige-salbeiblatt-guillochierte-platten-geburstetes-finish-sanfte-feder-in-3d-anpassbar\/","og_site_name":"Laguiole.com \u00ae","article_publisher":"https:\/\/www.facebook.com\/laguiolecom\/","article_modified_time":"2026-02-16T13:12:36+00:00","og_image":[{"width":1033,"height":1033,"url":"https:\/\/laguiole.com\/wp-content\/uploads\/2025\/03\/EBNE_M1.jpg","type":"image\/jpeg"}],"twitter_card":"summary_large_image","twitter_misc":{"Gesch\u00e4tzte Lesezeit":"1\u00a0Minute"},"schema":{"@context":"https:\/\/schema.org","@graph":[{"@type":"WebPage","@id":"https:\/\/laguiole.com\/de\/produit\/sauveterre-1-stuck-messer-11-cm-vollstiel-ebenholzfliege-prestige-salbeiblatt-guillochierte-platten-geburstetes-finish-sanfte-feder-in-3d-anpassbar\/","url":"https:\/\/laguiole.com\/de\/produit\/sauveterre-1-stuck-messer-11-cm-vollstiel-ebenholzfliege-prestige-salbeiblatt-guillochierte-platten-geburstetes-finish-sanfte-feder-in-3d-anpassbar\/","name":"SAUVETERRE 1 St\u00fcck Messer 11 cm Vollstiel Ebenholzfliege Prestige Salbeiblatt Guillochierte Platten Geb\u00fcrstetes Finish Sanfte Feder in 3D anpassbar - Laguiole.com \u00ae","isPartOf":{"@id":"https:\/\/laguiole.com\/de\/#website"},"primaryImageOfPage":{"@id":"https:\/\/laguiole.com\/de\/produit\/sauveterre-1-stuck-messer-11-cm-vollstiel-ebenholzfliege-prestige-salbeiblatt-guillochierte-platten-geburstetes-finish-sanfte-feder-in-3d-anpassbar\/#primaryimage"},"image":{"@id":"https:\/\/laguiole.com\/de\/produit\/sauveterre-1-stuck-messer-11-cm-vollstiel-ebenholzfliege-prestige-salbeiblatt-guillochierte-platten-geburstetes-finish-sanfte-feder-in-3d-anpassbar\/#primaryimage"},"thumbnailUrl":"https:\/\/laguiole.com\/wp-content\/uploads\/2025\/03\/Couteau_SAUVETERRE_Plein_Manche_Ebene_Mouche_Prestige_Feuille_de_Sauge_Platines_Guillochees_Finition-brossee_Ressort_lisse_personnalisable_en_3D_00.jpg","datePublished":"2025-03-22T10:14:51+00:00","dateModified":"2026-02-16T13:12:36+00:00","description":"Das Sauveterre-Messer sticht hier in einer au\u00dfergew\u00f6hnlichen Version hervor, die Raffinesse, Noblesse der Materialien und hochfliegende Handwerkskunst vereint.","breadcrumb":{"@id":"https:\/\/laguiole.com\/de\/produit\/sauveterre-1-stuck-messer-11-cm-vollstiel-ebenholzfliege-prestige-salbeiblatt-guillochierte-platten-geburstetes-finish-sanfte-feder-in-3d-anpassbar\/#breadcrumb"},"inLanguage":"de","potentialAction":[{"@type":"ReadAction","target":["https:\/\/laguiole.com\/de\/produit\/sauveterre-1-stuck-messer-11-cm-vollstiel-ebenholzfliege-prestige-salbeiblatt-guillochierte-platten-geburstetes-finish-sanfte-feder-in-3d-anpassbar\/"]}]},{"@type":"ImageObject","inLanguage":"de","@id":"https:\/\/laguiole.com\/de\/produit\/sauveterre-1-stuck-messer-11-cm-vollstiel-ebenholzfliege-prestige-salbeiblatt-guillochierte-platten-geburstetes-finish-sanfte-feder-in-3d-anpassbar\/#primaryimage","url":"https:\/\/laguiole.com\/wp-content\/uploads\/2025\/03\/Couteau_SAUVETERRE_Plein_Manche_Ebene_Mouche_Prestige_Feuille_de_Sauge_Platines_Guillochees_Finition-brossee_Ressort_lisse_personnalisable_en_3D_00.jpg","contentUrl":"https:\/\/laguiole.com\/wp-content\/uploads\/2025\/03\/Couteau_SAUVETERRE_Plein_Manche_Ebene_Mouche_Prestige_Feuille_de_Sauge_Platines_Guillochees_Finition-brossee_Ressort_lisse_personnalisable_en_3D_00.jpg","width":1033,"height":1033,"caption":"Couteau SAUVETERRE 1 pi\u00e8ce 11 cm Plein Manche Eb\u00e8ne Mouche Prestige Feuille de Sauge Platines Guilloch\u00e9es Finition bross\u00e9e Ressort lisse personnalisable en 3D"},{"@type":"BreadcrumbList","@id":"https:\/\/laguiole.com\/de\/produit\/sauveterre-1-stuck-messer-11-cm-vollstiel-ebenholzfliege-prestige-salbeiblatt-guillochierte-platten-geburstetes-finish-sanfte-feder-in-3d-anpassbar\/#breadcrumb","itemListElement":[{"@type":"ListItem","position":1,"name":"Accueil","item":"https:\/\/laguiole.com\/de\/"},{"@type":"ListItem","position":2,"name":"Shop","item":"https:\/\/laguiole.com\/de\/shop-2\/"},{"@type":"ListItem","position":3,"name":"SAUVETERRE 1 St\u00fcck Messer 11 cm Vollstiel Ebenholzfliege Prestige Salbeiblatt Guillochierte Platten Geb\u00fcrstetes Finish Sanfte Feder in 3D anpassbar"}]},{"@type":"WebSite","@id":"https:\/\/laguiole.com\/de\/#website","url":"https:\/\/laguiole.com\/de\/","name":"Laguiole.com","description":"Laguiole - Couteau laguiole, Chateau Laguiole, Laguiole en Aubrac, Forge de Laguiole","publisher":{"@id":"https:\/\/laguiole.com\/de\/#organization"},"potentialAction":[{"@type":"SearchAction","target":{"@type":"EntryPoint","urlTemplate":"https:\/\/laguiole.com\/de\/?s={search_term_string}"},"query-input":{"@type":"PropertyValueSpecification","valueRequired":true,"valueName":"search_term_string"}}],"inLanguage":"de"},{"@type":"Organization","@id":"https:\/\/laguiole.com\/de\/#organization","name":"Laguiole.com","url":"https:\/\/laguiole.com\/de\/","logo":{"@type":"ImageObject","inLanguage":"de","@id":"https:\/\/laguiole.com\/de\/#\/schema\/logo\/image\/","url":"https:\/\/laguiole.com\/wp-content\/uploads\/2021\/02\/logo_laguiole.com-horizontal.jpg","contentUrl":"https:\/\/laguiole.com\/wp-content\/uploads\/2021\/02\/logo_laguiole.com-horizontal.jpg","width":490,"height":156,"caption":"Laguiole.com"},"image":{"@id":"https:\/\/laguiole.com\/de\/#\/schema\/logo\/image\/"},"sameAs":["https:\/\/www.facebook.com\/laguiolecom\/","https:\/\/www.instagram.com\/laguiolecom\/","https:\/\/www.youtube.com\/@laguiolecom\/videos"]}]}},"_links":{"self":[{"href":"https:\/\/laguiole.com\/de\/wp-json\/wp\/v2\/product\/37592","targetHints":{"allow":["GET"]}}],"collection":[{"href":"https:\/\/laguiole.com\/de\/wp-json\/wp\/v2\/product"}],"about":[{"href":"https:\/\/laguiole.com\/de\/wp-json\/wp\/v2\/types\/product"}],"version-history":[{"count":1,"href":"https:\/\/laguiole.com\/de\/wp-json\/wp\/v2\/product\/37592\/revisions"}],"predecessor-version":[{"id":43820,"href":"https:\/\/laguiole.com\/de\/wp-json\/wp\/v2\/product\/37592\/revisions\/43820"}],"wp:featuredmedia":[{"embeddable":true,"href":"https:\/\/laguiole.com\/de\/wp-json\/wp\/v2\/media\/49954"}],"wp:attachment":[{"href":"https:\/\/laguiole.com\/de\/wp-json\/wp\/v2\/media?parent=37592"}],"wp:term":[{"taxonomy":"product_brand","embeddable":true,"href":"https:\/\/laguiole.com\/de\/wp-json\/wp\/v2\/product_brand?post=37592"},{"taxonomy":"product_cat","embeddable":true,"href":"https:\/\/laguiole.com\/de\/wp-json\/wp\/v2\/product_cat?post=37592"},{"taxonomy":"product_tag","embeddable":true,"href":"https:\/\/laguiole.com\/de\/wp-json\/wp\/v2\/product_tag?post=37592"}],"curies":[{"name":"wp","href":"https:\/\/api.w.org\/{rel}","templated":true}]}}