{"id":37583,"date":"2025-03-22T19:21:53","date_gmt":"2025-03-22T18:21:53","guid":{"rendered":"https:\/\/laguiole.com\/produit\/laguiole-aubrac-prestige-messer-1-stuck-12-cm-guillochierte-feder-braun-holunder-masergriff-geburstete-fliege-finish-prestige-einzelstuck\/"},"modified":"2026-02-08T21:22:51","modified_gmt":"2026-02-08T20:22:51","slug":"laguiole-aubrac-prestige-messer-1-stuck-12-cm-guillochierte-feder-braun-holunder-masergriff-geburstete-fliege-finish-prestige-einzelstuck","status":"publish","type":"product","link":"https:\/\/laguiole.com\/de\/produit\/laguiole-aubrac-prestige-messer-1-stuck-12-cm-guillochierte-feder-braun-holunder-masergriff-geburstete-fliege-finish-prestige-einzelstuck\/","title":{"rendered":"Laguiole Aubrac Prestige Messer 1 St\u00fcck 12 cm Guillochierte Feder Braun Holunder Masergriff Geb\u00fcrstete Fliege Finish Prestige EINZELST\u00dcCK"},"content":{"rendered":"<p>Laguiole aus Holunderwurzel: die Eleganz eines Unikats<\/p>\n<p>Wie ein Juwel, das von der Zeit und dem Know-how der Vorfahren geformt wurde, verk\u00f6rpert dieses Laguiole Holunder-Masermesser Exzellenz und Raffinesse. Jedes St\u00fcck ist ein Unikat, aus einem seltenen und kostbaren Material gefertigt, in dem die gequ\u00e4lten Muster der Lupe nat\u00fcrliche Arabesken zeichnen, die vom Leben und der Kraft des Holzes zeugen. <\/p>\n<p>Die bet\u00f6rend weiche Hand schmiegt sich mit perfekter Ergonomie an die Handfl\u00e4che und bietet einen bequemen und warmen Griff. Seine dichte, feine Maserung verleiht dem Ganzen eine au\u00dfergew\u00f6hnliche Robustheit, w\u00e4hrend die wellenf\u00f6rmigen Adern einen faszinierenden Kontrast zwischen Tiefe und Licht erzeugen. <\/p>\n<p>Die Klinge hat eine au\u00dfergew\u00f6hnliche Sch\u00e4rfe, die sowohl pr\u00e4zise als auch langlebig ist und die reinste Bestecktradition ehrt. Die prestigetr\u00e4chtige Fliege, die mit bemerkenswerter Finesse gemei\u00dfelt wurde, vervollst\u00e4ndigt dieses Kunstwerk, ein Symbol f\u00fcr das Know-how der Messerschmiedemeister. <\/p>\n<p>Wenn Sie diesen Laguiole aus Holundermaser besitzen, g\u00f6nnen Sie sich einen au\u00dfergew\u00f6hnlichen Schatz, eine perfekte Allianz zwischen Natur und Handwerkskunst. Ein Unikat, in dem sich dezenter Luxus und Authentizit\u00e4t in perfekter Harmonie treffen. <\/p>\n","protected":false},"excerpt":{"rendered":"<p>Laguiole Prestige Klappmesser in Aubrac<br \/>\nStabilisierter Knopfgriff Braun und nat\u00fcrlicher<br \/>\nVollgriff<br \/>\noranger Abstandshalter<br \/>\nfein guilloch\u00e9<br \/>\nHandgeschmiedete Fliege Prestige stilisiert handgefertigt handgefertigt<\/p>\n<p>EINZIGARTIGES ST\u00dcCK<br \/>\nGeliefert in einem LEA-Lederetui<\/p>\n<p>Klingenl\u00e4nge 10 cm<br \/>\ngeschlossenes Messer L\u00e4nge 12 cm<br \/>\noffenes Messer L\u00e4nge 22 cm<\/p>\n<p><b><u>Video des Laguiole Brown Elderberry Burl Messers \u2013 Laguiole en Aubrac Prestige Guilloch\u00e9 Spring and Fly<\/u><\/b><\/p>\n<p>Tauchen Sie mit diesem einzigartigen Laguiole-Messer in Aubrac in die raffinierte und seltene Welt des handwerklichen Bestecks ein. Der Stiel, gefertigt in einem stabilisierten Holunderbeer-Knopf mit nat\u00fcrlichen Braunt\u00f6nen, zeigt gequ\u00e4lte und elegante Muster, wahre lebende Arabesken, die von der Natur geformt wurden.<br \/>\nDie Hand-Guilloch\u00e9-Feder zeugt von sorgf\u00e4ltiger Arbeit und der Pr\u00e4zision eines Goldschmieds. Jede Kurve und jede Reflexion sind Teil einer visuellen Symphonie, die von Authentizit\u00e4t durchdrungen ist.<br \/>\nDer Prestige-Fliege, mit Finesse gemei\u00dfelt, verleiht einen Hauch diskreter und anspruchsvoller Eleganz, ein Symbol f\u00fcr Besteck-Know-how. Das geb\u00fcrstete Finish des Messers hebt Holz und Metall mit einer zart satinfarbenen Harmonie<br \/>\n hervor.Nehmen Sie dieses Messer in die Hand: Sie werden die perfekte Balance zwischen der warmen Weichheit des braunen Holunderstabs, der Guilloc\u00e9-Kunst des Fr\u00fchlings und der reinen Eleganz der Laguiole-Signatur entdecken. Es handelt sich um ein Sammlerst\u00fcck, das f\u00fcr Liebhaber sch\u00f6ner Materialien und authentischer Erfahrung entworfen wurde.  <\/p>\n<p><iframe src=\"https:\/\/www.youtube.com\/embed\/f0iLVzgNfoI?rel=0&amp;autoplay=1\" width=\"400\" height=\"225\" frameborder=\"0\" allowfullscreen=\"allowfullscreen\"><\/iframe><\/p>\n","protected":false},"featured_media":37585,"template":"","meta":{"_acf_changed":false,"_monsterinsights_skip_tracking":false,"_monsterinsights_sitenote_active":false,"_monsterinsights_sitenote_note":"","_monsterinsights_sitenote_category":0},"product_brand":[],"product_cat":[5938,5939,5943,5944],"product_tag":[],"class_list":{"0":"post-37583","1":"product","2":"type-product","3":"status-publish","4":"has-post-thumbnail","6":"product_cat-klappmesser","7":"product_cat-laguiole-klappmesser","8":"product_cat-laguiole-prestiges-messer","9":"product_cat-laguiole-spezialmesser","10":"pa_composition-couteau-1-stueck-nur-klinge","11":"pa_finition-gebuerstet","12":"pa_lame-gebuersteter-edelstahl","13":"pa_manche-en-bois-holundermaser","14":"pa_marque-laguiole-en-aubracfr","15":"pa_mitres-ohne-gehrung-vollstaendige-huelse","16":"pa_mouche-geschmiedet","17":"pa_mouche-prestige","18":"pa_platines-einzelplatin","19":"pa_ressort-guilloche","20":"pa_taille-du-manche-12-cm","21":"tm-has-options","24":"instock","25":"taxable","26":"shipping-taxable","27":"purchasable","28":"product-type-simple"},"supplier_id":null,"supplier_sku":"","barcode":null,"atum_controlled":true,"out_stock_date":null,"out_stock_threshold":null,"inheritable":false,"inbound_stock":0,"stock_on_hold":0,"sold_today":0,"sales_last_days":0,"reserved_stock":0,"customer_returns":0,"warehouse_damage":0,"lost_in_post":0,"other_logs":0,"out_stock_days":0,"lost_sales":0,"has_location":false,"update_date":"2026-04-28T00:36:48","atum_locations":[],"atum_stock_status":"instock","restock_status":false,"low_stock_amount":"","sales_update_date":"2026-04-28T00:36:48","calc_backorders":0,"acf":[],"yoast_head":"<!-- This site is optimized with the Yoast SEO plugin v27.3 - https:\/\/yoast.com\/product\/yoast-seo-wordpress\/ -->\n<title>Laguiole Aubrac Prestige Messer 1 St\u00fcck 12 cm Guillochierte Feder Braun Holunder Masergriff Geb\u00fcrstete Fliege Finish Prestige EINZELST\u00dcCK - Laguiole.com \u00ae<\/title>\n<meta name=\"description\" content=\"Wenn Sie diesen Laguiole aus Holundermaser besitzen, g\u00f6nnen Sie sich einen au\u00dfergew\u00f6hnlichen Schatz, eine perfekte Allianz zwischen Natur und Handwerkskunst.\" \/>\n<meta name=\"robots\" content=\"index, follow, max-snippet:-1, max-image-preview:large, max-video-preview:-1\" \/>\n<link rel=\"canonical\" href=\"https:\/\/laguiole.com\/de\/produit\/laguiole-aubrac-prestige-messer-1-stuck-12-cm-guillochierte-feder-braun-holunder-masergriff-geburstete-fliege-finish-prestige-einzelstuck\/\" \/>\n<meta property=\"og:locale\" content=\"de_DE\" \/>\n<meta property=\"og:type\" content=\"article\" \/>\n<meta property=\"og:title\" content=\"Laguiole Aubrac Prestige Messer 1 St\u00fcck 12 cm Guillochierte Feder Braun Holunder Masergriff Geb\u00fcrstete Fliege Finish Prestige EINZELST\u00dcCK - Laguiole.com \u00ae\" \/>\n<meta property=\"og:description\" content=\"Wenn Sie diesen Laguiole aus Holundermaser besitzen, g\u00f6nnen Sie sich einen au\u00dfergew\u00f6hnlichen Schatz, eine perfekte Allianz zwischen Natur und Handwerkskunst.\" \/>\n<meta property=\"og:url\" content=\"https:\/\/laguiole.com\/de\/produit\/laguiole-aubrac-prestige-messer-1-stuck-12-cm-guillochierte-feder-braun-holunder-masergriff-geburstete-fliege-finish-prestige-einzelstuck\/\" \/>\n<meta property=\"og:site_name\" content=\"Laguiole.com \u00ae\" \/>\n<meta property=\"article:publisher\" content=\"https:\/\/www.facebook.com\/laguiolecom\/\" \/>\n<meta property=\"article:modified_time\" content=\"2026-02-08T20:22:51+00:00\" \/>\n<meta property=\"og:image\" content=\"https:\/\/laguiole.com\/wp-content\/uploads\/2025\/03\/Couteau_Laguiole_en_Aubrac_Prestige_1_Piece_12_cm_Double_Platines_Loupe_de_Sureau_Marron_00.jpg\" \/>\n\t<meta property=\"og:image:width\" content=\"1033\" \/>\n\t<meta property=\"og:image:height\" content=\"1033\" \/>\n\t<meta property=\"og:image:type\" content=\"image\/jpeg\" \/>\n<meta name=\"twitter:card\" content=\"summary_large_image\" \/>\n<meta name=\"twitter:label1\" content=\"Gesch\u00e4tzte Lesezeit\" \/>\n\t<meta name=\"twitter:data1\" content=\"2\u00a0Minute\" \/>\n<script type=\"application\/ld+json\" class=\"yoast-schema-graph\">{\"@context\":\"https:\\\/\\\/schema.org\",\"@graph\":[{\"@type\":\"WebPage\",\"@id\":\"https:\\\/\\\/laguiole.com\\\/de\\\/produit\\\/laguiole-aubrac-prestige-messer-1-stuck-12-cm-guillochierte-feder-braun-holunder-masergriff-geburstete-fliege-finish-prestige-einzelstuck\\\/\",\"url\":\"https:\\\/\\\/laguiole.com\\\/de\\\/produit\\\/laguiole-aubrac-prestige-messer-1-stuck-12-cm-guillochierte-feder-braun-holunder-masergriff-geburstete-fliege-finish-prestige-einzelstuck\\\/\",\"name\":\"Laguiole Aubrac Prestige Messer 1 St\u00fcck 12 cm Guillochierte Feder Braun Holunder Masergriff Geb\u00fcrstete Fliege Finish Prestige EINZELST\u00dcCK - Laguiole.com \u00ae\",\"isPartOf\":{\"@id\":\"https:\\\/\\\/laguiole.com\\\/de\\\/#website\"},\"primaryImageOfPage\":{\"@id\":\"https:\\\/\\\/laguiole.com\\\/de\\\/produit\\\/laguiole-aubrac-prestige-messer-1-stuck-12-cm-guillochierte-feder-braun-holunder-masergriff-geburstete-fliege-finish-prestige-einzelstuck\\\/#primaryimage\"},\"image\":{\"@id\":\"https:\\\/\\\/laguiole.com\\\/de\\\/produit\\\/laguiole-aubrac-prestige-messer-1-stuck-12-cm-guillochierte-feder-braun-holunder-masergriff-geburstete-fliege-finish-prestige-einzelstuck\\\/#primaryimage\"},\"thumbnailUrl\":\"https:\\\/\\\/laguiole.com\\\/wp-content\\\/uploads\\\/2025\\\/03\\\/Couteau_Laguiole_en_Aubrac_Prestige_1_Piece_12_cm_Double_Platines_Loupe_de_Sureau_Marron_00.jpg\",\"datePublished\":\"2025-03-22T18:21:53+00:00\",\"dateModified\":\"2026-02-08T20:22:51+00:00\",\"description\":\"Wenn Sie diesen Laguiole aus Holundermaser besitzen, g\u00f6nnen Sie sich einen au\u00dfergew\u00f6hnlichen Schatz, eine perfekte Allianz zwischen Natur und Handwerkskunst.\",\"breadcrumb\":{\"@id\":\"https:\\\/\\\/laguiole.com\\\/de\\\/produit\\\/laguiole-aubrac-prestige-messer-1-stuck-12-cm-guillochierte-feder-braun-holunder-masergriff-geburstete-fliege-finish-prestige-einzelstuck\\\/#breadcrumb\"},\"inLanguage\":\"de\",\"potentialAction\":[{\"@type\":\"ReadAction\",\"target\":[\"https:\\\/\\\/laguiole.com\\\/de\\\/produit\\\/laguiole-aubrac-prestige-messer-1-stuck-12-cm-guillochierte-feder-braun-holunder-masergriff-geburstete-fliege-finish-prestige-einzelstuck\\\/\"]}]},{\"@type\":\"ImageObject\",\"inLanguage\":\"de\",\"@id\":\"https:\\\/\\\/laguiole.com\\\/de\\\/produit\\\/laguiole-aubrac-prestige-messer-1-stuck-12-cm-guillochierte-feder-braun-holunder-masergriff-geburstete-fliege-finish-prestige-einzelstuck\\\/#primaryimage\",\"url\":\"https:\\\/\\\/laguiole.com\\\/wp-content\\\/uploads\\\/2025\\\/03\\\/Couteau_Laguiole_en_Aubrac_Prestige_1_Piece_12_cm_Double_Platines_Loupe_de_Sureau_Marron_00.jpg\",\"contentUrl\":\"https:\\\/\\\/laguiole.com\\\/wp-content\\\/uploads\\\/2025\\\/03\\\/Couteau_Laguiole_en_Aubrac_Prestige_1_Piece_12_cm_Double_Platines_Loupe_de_Sureau_Marron_00.jpg\",\"width\":1033,\"height\":1033,\"caption\":\"Laguiole Aubrac Prestige Messer 1 St\u00fcck 12 cm Guillochierte Feder Braun Holunder Masergriff Geb\u00fcrstete Fliege Finish Prestige EINZELST\u00dcCK\"},{\"@type\":\"BreadcrumbList\",\"@id\":\"https:\\\/\\\/laguiole.com\\\/de\\\/produit\\\/laguiole-aubrac-prestige-messer-1-stuck-12-cm-guillochierte-feder-braun-holunder-masergriff-geburstete-fliege-finish-prestige-einzelstuck\\\/#breadcrumb\",\"itemListElement\":[{\"@type\":\"ListItem\",\"position\":1,\"name\":\"Accueil\",\"item\":\"https:\\\/\\\/laguiole.com\\\/de\\\/\"},{\"@type\":\"ListItem\",\"position\":2,\"name\":\"Shop\",\"item\":\"https:\\\/\\\/laguiole.com\\\/de\\\/shop-2\\\/\"},{\"@type\":\"ListItem\",\"position\":3,\"name\":\"Laguiole Aubrac Prestige Messer 1 St\u00fcck 12 cm Guillochierte Feder Braun Holunder Masergriff Geb\u00fcrstete Fliege Finish Prestige EINZELST\u00dcCK\"}]},{\"@type\":\"WebSite\",\"@id\":\"https:\\\/\\\/laguiole.com\\\/de\\\/#website\",\"url\":\"https:\\\/\\\/laguiole.com\\\/de\\\/\",\"name\":\"Laguiole.com\",\"description\":\"Laguiole - Couteau laguiole, Chateau Laguiole, Laguiole en Aubrac, Forge de Laguiole\",\"publisher\":{\"@id\":\"https:\\\/\\\/laguiole.com\\\/de\\\/#organization\"},\"potentialAction\":[{\"@type\":\"SearchAction\",\"target\":{\"@type\":\"EntryPoint\",\"urlTemplate\":\"https:\\\/\\\/laguiole.com\\\/de\\\/?s={search_term_string}\"},\"query-input\":{\"@type\":\"PropertyValueSpecification\",\"valueRequired\":true,\"valueName\":\"search_term_string\"}}],\"inLanguage\":\"de\"},{\"@type\":\"Organization\",\"@id\":\"https:\\\/\\\/laguiole.com\\\/de\\\/#organization\",\"name\":\"Laguiole.com\",\"url\":\"https:\\\/\\\/laguiole.com\\\/de\\\/\",\"logo\":{\"@type\":\"ImageObject\",\"inLanguage\":\"de\",\"@id\":\"https:\\\/\\\/laguiole.com\\\/de\\\/#\\\/schema\\\/logo\\\/image\\\/\",\"url\":\"https:\\\/\\\/laguiole.com\\\/wp-content\\\/uploads\\\/2021\\\/02\\\/logo_laguiole.com-horizontal.jpg\",\"contentUrl\":\"https:\\\/\\\/laguiole.com\\\/wp-content\\\/uploads\\\/2021\\\/02\\\/logo_laguiole.com-horizontal.jpg\",\"width\":490,\"height\":156,\"caption\":\"Laguiole.com\"},\"image\":{\"@id\":\"https:\\\/\\\/laguiole.com\\\/de\\\/#\\\/schema\\\/logo\\\/image\\\/\"},\"sameAs\":[\"https:\\\/\\\/www.facebook.com\\\/laguiolecom\\\/\",\"https:\\\/\\\/www.instagram.com\\\/laguiolecom\\\/\",\"https:\\\/\\\/www.youtube.com\\\/@laguiolecom\\\/videos\"]}]}<\/script>\n<!-- \/ Yoast SEO plugin. -->","yoast_head_json":{"title":"Laguiole Aubrac Prestige Messer 1 St\u00fcck 12 cm Guillochierte Feder Braun Holunder Masergriff Geb\u00fcrstete Fliege Finish Prestige EINZELST\u00dcCK - Laguiole.com \u00ae","description":"Wenn Sie diesen Laguiole aus Holundermaser besitzen, g\u00f6nnen Sie sich einen au\u00dfergew\u00f6hnlichen Schatz, eine perfekte Allianz zwischen Natur und Handwerkskunst.","robots":{"index":"index","follow":"follow","max-snippet":"max-snippet:-1","max-image-preview":"max-image-preview:large","max-video-preview":"max-video-preview:-1"},"canonical":"https:\/\/laguiole.com\/de\/produit\/laguiole-aubrac-prestige-messer-1-stuck-12-cm-guillochierte-feder-braun-holunder-masergriff-geburstete-fliege-finish-prestige-einzelstuck\/","og_locale":"de_DE","og_type":"article","og_title":"Laguiole Aubrac Prestige Messer 1 St\u00fcck 12 cm Guillochierte Feder Braun Holunder Masergriff Geb\u00fcrstete Fliege Finish Prestige EINZELST\u00dcCK - Laguiole.com \u00ae","og_description":"Wenn Sie diesen Laguiole aus Holundermaser besitzen, g\u00f6nnen Sie sich einen au\u00dfergew\u00f6hnlichen Schatz, eine perfekte Allianz zwischen Natur und Handwerkskunst.","og_url":"https:\/\/laguiole.com\/de\/produit\/laguiole-aubrac-prestige-messer-1-stuck-12-cm-guillochierte-feder-braun-holunder-masergriff-geburstete-fliege-finish-prestige-einzelstuck\/","og_site_name":"Laguiole.com \u00ae","article_publisher":"https:\/\/www.facebook.com\/laguiolecom\/","article_modified_time":"2026-02-08T20:22:51+00:00","og_image":[{"width":1033,"height":1033,"url":"https:\/\/laguiole.com\/wp-content\/uploads\/2025\/03\/Couteau_Laguiole_en_Aubrac_Prestige_1_Piece_12_cm_Double_Platines_Loupe_de_Sureau_Marron_00.jpg","type":"image\/jpeg"}],"twitter_card":"summary_large_image","twitter_misc":{"Gesch\u00e4tzte Lesezeit":"2\u00a0Minute"},"schema":{"@context":"https:\/\/schema.org","@graph":[{"@type":"WebPage","@id":"https:\/\/laguiole.com\/de\/produit\/laguiole-aubrac-prestige-messer-1-stuck-12-cm-guillochierte-feder-braun-holunder-masergriff-geburstete-fliege-finish-prestige-einzelstuck\/","url":"https:\/\/laguiole.com\/de\/produit\/laguiole-aubrac-prestige-messer-1-stuck-12-cm-guillochierte-feder-braun-holunder-masergriff-geburstete-fliege-finish-prestige-einzelstuck\/","name":"Laguiole Aubrac Prestige Messer 1 St\u00fcck 12 cm Guillochierte Feder Braun Holunder Masergriff Geb\u00fcrstete Fliege Finish Prestige EINZELST\u00dcCK - Laguiole.com \u00ae","isPartOf":{"@id":"https:\/\/laguiole.com\/de\/#website"},"primaryImageOfPage":{"@id":"https:\/\/laguiole.com\/de\/produit\/laguiole-aubrac-prestige-messer-1-stuck-12-cm-guillochierte-feder-braun-holunder-masergriff-geburstete-fliege-finish-prestige-einzelstuck\/#primaryimage"},"image":{"@id":"https:\/\/laguiole.com\/de\/produit\/laguiole-aubrac-prestige-messer-1-stuck-12-cm-guillochierte-feder-braun-holunder-masergriff-geburstete-fliege-finish-prestige-einzelstuck\/#primaryimage"},"thumbnailUrl":"https:\/\/laguiole.com\/wp-content\/uploads\/2025\/03\/Couteau_Laguiole_en_Aubrac_Prestige_1_Piece_12_cm_Double_Platines_Loupe_de_Sureau_Marron_00.jpg","datePublished":"2025-03-22T18:21:53+00:00","dateModified":"2026-02-08T20:22:51+00:00","description":"Wenn Sie diesen Laguiole aus Holundermaser besitzen, g\u00f6nnen Sie sich einen au\u00dfergew\u00f6hnlichen Schatz, eine perfekte Allianz zwischen Natur und Handwerkskunst.","breadcrumb":{"@id":"https:\/\/laguiole.com\/de\/produit\/laguiole-aubrac-prestige-messer-1-stuck-12-cm-guillochierte-feder-braun-holunder-masergriff-geburstete-fliege-finish-prestige-einzelstuck\/#breadcrumb"},"inLanguage":"de","potentialAction":[{"@type":"ReadAction","target":["https:\/\/laguiole.com\/de\/produit\/laguiole-aubrac-prestige-messer-1-stuck-12-cm-guillochierte-feder-braun-holunder-masergriff-geburstete-fliege-finish-prestige-einzelstuck\/"]}]},{"@type":"ImageObject","inLanguage":"de","@id":"https:\/\/laguiole.com\/de\/produit\/laguiole-aubrac-prestige-messer-1-stuck-12-cm-guillochierte-feder-braun-holunder-masergriff-geburstete-fliege-finish-prestige-einzelstuck\/#primaryimage","url":"https:\/\/laguiole.com\/wp-content\/uploads\/2025\/03\/Couteau_Laguiole_en_Aubrac_Prestige_1_Piece_12_cm_Double_Platines_Loupe_de_Sureau_Marron_00.jpg","contentUrl":"https:\/\/laguiole.com\/wp-content\/uploads\/2025\/03\/Couteau_Laguiole_en_Aubrac_Prestige_1_Piece_12_cm_Double_Platines_Loupe_de_Sureau_Marron_00.jpg","width":1033,"height":1033,"caption":"Laguiole Aubrac Prestige Messer 1 St\u00fcck 12 cm Guillochierte Feder Braun Holunder Masergriff Geb\u00fcrstete Fliege Finish Prestige EINZELST\u00dcCK"},{"@type":"BreadcrumbList","@id":"https:\/\/laguiole.com\/de\/produit\/laguiole-aubrac-prestige-messer-1-stuck-12-cm-guillochierte-feder-braun-holunder-masergriff-geburstete-fliege-finish-prestige-einzelstuck\/#breadcrumb","itemListElement":[{"@type":"ListItem","position":1,"name":"Accueil","item":"https:\/\/laguiole.com\/de\/"},{"@type":"ListItem","position":2,"name":"Shop","item":"https:\/\/laguiole.com\/de\/shop-2\/"},{"@type":"ListItem","position":3,"name":"Laguiole Aubrac Prestige Messer 1 St\u00fcck 12 cm Guillochierte Feder Braun Holunder Masergriff Geb\u00fcrstete Fliege Finish Prestige EINZELST\u00dcCK"}]},{"@type":"WebSite","@id":"https:\/\/laguiole.com\/de\/#website","url":"https:\/\/laguiole.com\/de\/","name":"Laguiole.com","description":"Laguiole - Couteau laguiole, Chateau Laguiole, Laguiole en Aubrac, Forge de Laguiole","publisher":{"@id":"https:\/\/laguiole.com\/de\/#organization"},"potentialAction":[{"@type":"SearchAction","target":{"@type":"EntryPoint","urlTemplate":"https:\/\/laguiole.com\/de\/?s={search_term_string}"},"query-input":{"@type":"PropertyValueSpecification","valueRequired":true,"valueName":"search_term_string"}}],"inLanguage":"de"},{"@type":"Organization","@id":"https:\/\/laguiole.com\/de\/#organization","name":"Laguiole.com","url":"https:\/\/laguiole.com\/de\/","logo":{"@type":"ImageObject","inLanguage":"de","@id":"https:\/\/laguiole.com\/de\/#\/schema\/logo\/image\/","url":"https:\/\/laguiole.com\/wp-content\/uploads\/2021\/02\/logo_laguiole.com-horizontal.jpg","contentUrl":"https:\/\/laguiole.com\/wp-content\/uploads\/2021\/02\/logo_laguiole.com-horizontal.jpg","width":490,"height":156,"caption":"Laguiole.com"},"image":{"@id":"https:\/\/laguiole.com\/de\/#\/schema\/logo\/image\/"},"sameAs":["https:\/\/www.facebook.com\/laguiolecom\/","https:\/\/www.instagram.com\/laguiolecom\/","https:\/\/www.youtube.com\/@laguiolecom\/videos"]}]}},"_links":{"self":[{"href":"https:\/\/laguiole.com\/de\/wp-json\/wp\/v2\/product\/37583","targetHints":{"allow":["GET"]}}],"collection":[{"href":"https:\/\/laguiole.com\/de\/wp-json\/wp\/v2\/product"}],"about":[{"href":"https:\/\/laguiole.com\/de\/wp-json\/wp\/v2\/types\/product"}],"version-history":[{"count":2,"href":"https:\/\/laguiole.com\/de\/wp-json\/wp\/v2\/product\/37583\/revisions"}],"predecessor-version":[{"id":49782,"href":"https:\/\/laguiole.com\/de\/wp-json\/wp\/v2\/product\/37583\/revisions\/49782"}],"wp:featuredmedia":[{"embeddable":true,"href":"https:\/\/laguiole.com\/de\/wp-json\/wp\/v2\/media\/37585"}],"wp:attachment":[{"href":"https:\/\/laguiole.com\/de\/wp-json\/wp\/v2\/media?parent=37583"}],"wp:term":[{"taxonomy":"product_brand","embeddable":true,"href":"https:\/\/laguiole.com\/de\/wp-json\/wp\/v2\/product_brand?post=37583"},{"taxonomy":"product_cat","embeddable":true,"href":"https:\/\/laguiole.com\/de\/wp-json\/wp\/v2\/product_cat?post=37583"},{"taxonomy":"product_tag","embeddable":true,"href":"https:\/\/laguiole.com\/de\/wp-json\/wp\/v2\/product_tag?post=37583"}],"curies":[{"name":"wp","href":"https:\/\/api.w.org\/{rel}","templated":true}]}}