{"id":37510,"date":"2025-05-25T20:17:20","date_gmt":"2025-05-25T18:17:20","guid":{"rendered":"https:\/\/laguiole.com\/produit\/laguiole-armbrust-messergriff-aus-acryl-beige-perlmutt-1-stueck-1-kropf-aus-glaenzendem-edelstahl-11cm\/"},"modified":"2026-04-02T13:33:56","modified_gmt":"2026-04-02T11:33:56","slug":"laguiole-armbrust-messergriff-aus-acryl-beige-perlmutt-1-stueck-1-kropf-aus-glaenzendem-edelstahl-11cm","status":"publish","type":"product","link":"https:\/\/laguiole.com\/de\/produit\/laguiole-armbrust-messergriff-aus-acryl-beige-perlmutt-1-stueck-1-kropf-aus-glaenzendem-edelstahl-11cm\/","title":{"rendered":"Laguiole Armbrust Messergriff aus Acryl Beige Perlmutt 1 St\u00fcck 1 Kropf aus gl\u00e4nzendem Edelstahl 11cm"},"content":{"rendered":"<p data-start=\"170\" data-end=\"551\">Dieses <strong data-start=\"173\" data-end=\"200\">Klappmesser von Laguiole Arbal\u00e8te <\/strong>ist eine wahre Ode an Zartheit und feminine Eleganz. Mit seiner geschlossenen L\u00e4nge von 11 cm passt es leicht in eine Tasche, eine Tasche, was es zu einem <strong data-start=\"405\" data-end=\"432\">Klappmesser<\/strong> macht, das perfekt f\u00fcr kleine H\u00e4nde geeignet ist und ideal f\u00fcr Frauen ist, die ein Accessoire suchen, das sowohl praktisch als auch raffiniert ist. <\/p>\n<p data-start=\"553\" data-end=\"912\">Sein perlmutt\u00e4hnlicher Acrylgriff verleiht ihm einen subtilen, perlmutt\u00e4hnlichen Glanz mit weichen, schillernden Reflexen.<\/p>\n<p data-start=\"553\" data-end=\"912\">Dieses <strong data-start=\"684\" data-end=\"711\">Klappmesser von Arbal\u00e8te<\/strong> zeichnet sich auch durch seine schlanke und ausgewogene Silhouette aus, die entwickelt wurde, um Komfort und \u00c4sthetik im Alltag zu verbinden.<\/p>\n<p data-start=\"914\" data-end=\"1272\">Dieses ebenso elegante wie effektive <strong data-start=\"917\" data-end=\"944\">Laguiole Armbrust-Klappmesser<\/strong> ist ein <strong data-start=\"1160\" data-end=\"1187\">Laguiole-Messer <\/strong>, das wir gerne anbieten, aufbewahren und durch die einfachen Gesten des Alltags zum Leben erwecken.<\/p>\n<p data-start=\"1274\" data-end=\"1548\">Ob als <strong data-start=\"1292\" data-end=\"1319\">Taschenklappmesser<\/strong> , Picknickmesser oder einfach als Sammlermesser, es vereint Charme, Funktionalit\u00e4t und Tradition.<\/p>\n<p data-start=\"1274\" data-end=\"1548\">Alles in allem ein kleines, dezentes, aber charaktervolles <strong data-start=\"1434\" data-end=\"1461\">Arbal\u00e8te Klappmesser<\/strong> f\u00fcr Damen \u2013 ein Begleiter, der ebenso edel wie zeitlos ist<\/p>\n","protected":false},"excerpt":{"rendered":"<p>Laguiole Klappmesser Laguiole Armbrust<br \/>\nAcrylgriff Perlglanz<br \/>\nBeige gl\u00e4nzende Edelstahlklinge (12C27)<br \/>\n1 Gl\u00e4nzender<br \/>\nEdelstahlkropf Geschwei\u00dfte<br \/>\nFliege Guillochierte<br \/>\nFeder Klingenl\u00e4nge 9cm<br \/>\nGeschlossene Messerl\u00e4nge 11cm<br \/>\nOffene Messerl\u00e4nge 20cm<\/p>\n","protected":false},"featured_media":43608,"template":"","meta":{"_acf_changed":false,"_monsterinsights_skip_tracking":false,"_monsterinsights_sitenote_active":false,"_monsterinsights_sitenote_note":"","_monsterinsights_sitenote_category":0},"product_brand":[],"product_cat":[5938,5939,5940],"product_tag":[],"class_list":{"0":"post-37510","1":"product","2":"type-product","3":"status-publish","4":"has-post-thumbnail","6":"product_cat-klappmesser","7":"product_cat-laguiole-klappmesser","8":"product_cat-laguiole-traditionelle-messer-mit-und-ohne-korkenzieher","9":"pa_composition-couteau-1-stueck-nur-klinge","10":"pa_finition-brillant","11":"pa_lame-glaenzender-edelstahl","12":"pa_manche-en-matiere-moderne-acryl","13":"pa_marque-laguiole-arbalete","14":"pa_mitres-1-gehrung","15":"pa_mitres-glaenzender-edelstahl","16":"pa_mouche-geschweisst","17":"pa_platines-einzelplatin","18":"pa_ressort-guilloche","19":"pa_taille-du-manche-11-cm","20":"tm-has-options","23":"instock","24":"taxable","25":"shipping-taxable","26":"purchasable","27":"product-type-simple"},"supplier_id":null,"supplier_sku":"","barcode":null,"atum_controlled":true,"out_stock_date":null,"out_stock_threshold":null,"inheritable":false,"inbound_stock":0,"stock_on_hold":0,"sold_today":0,"sales_last_days":0,"reserved_stock":0,"customer_returns":0,"warehouse_damage":0,"lost_in_post":0,"other_logs":0,"out_stock_days":0,"lost_sales":0,"has_location":false,"update_date":"2026-05-01T00:39:59","atum_locations":[],"atum_stock_status":"instock","restock_status":false,"low_stock_amount":"","sales_update_date":"2026-05-01T00:39:59","calc_backorders":0,"acf":[],"yoast_head":"<!-- This site is optimized with the Yoast SEO plugin v27.3 - https:\/\/yoast.com\/product\/yoast-seo-wordpress\/ -->\n<title>Laguiole Armbrust Messergriff aus Acryl Beige Perlmutt 1 St\u00fcck 1 Kropf aus gl\u00e4nzendem Edelstahl 11cm - Laguiole.com \u00ae<\/title>\n<meta name=\"description\" content=\"Laguiole Armbrust Klappmesser 11 cm, elegant und leicht, mit perlmuttfarbenem Griff, ideal f\u00fcr Frauen und kleine H\u00e4nde.\" \/>\n<meta name=\"robots\" content=\"index, follow, max-snippet:-1, max-image-preview:large, max-video-preview:-1\" \/>\n<link rel=\"canonical\" href=\"https:\/\/laguiole.com\/de\/produit\/laguiole-armbrust-messergriff-aus-acryl-beige-perlmutt-1-stueck-1-kropf-aus-glaenzendem-edelstahl-11cm\/\" \/>\n<meta property=\"og:locale\" content=\"de_DE\" \/>\n<meta property=\"og:type\" content=\"article\" \/>\n<meta property=\"og:title\" content=\"Laguiole Armbrust Messergriff aus Acryl Beige Perlmutt 1 St\u00fcck 1 Kropf aus gl\u00e4nzendem Edelstahl 11cm - Laguiole.com \u00ae\" \/>\n<meta property=\"og:description\" content=\"Laguiole Armbrust Klappmesser 11 cm, elegant und leicht, mit perlmuttfarbenem Griff, ideal f\u00fcr Frauen und kleine H\u00e4nde.\" \/>\n<meta property=\"og:url\" content=\"https:\/\/laguiole.com\/de\/produit\/laguiole-armbrust-messergriff-aus-acryl-beige-perlmutt-1-stueck-1-kropf-aus-glaenzendem-edelstahl-11cm\/\" \/>\n<meta property=\"og:site_name\" content=\"Laguiole.com \u00ae\" \/>\n<meta property=\"article:publisher\" content=\"https:\/\/www.facebook.com\/laguiolecom\/\" \/>\n<meta property=\"article:modified_time\" content=\"2026-04-02T11:33:56+00:00\" \/>\n<meta property=\"og:image\" content=\"https:\/\/laguiole.com\/wp-content\/uploads\/2023\/08\/logo_laguiole_com_\u00ae_300dpi_Noir_et_Blanc.jpg\" \/>\n\t<meta property=\"og:image:width\" content=\"1920\" \/>\n\t<meta property=\"og:image:height\" content=\"854\" \/>\n\t<meta property=\"og:image:type\" content=\"image\/jpeg\" \/>\n<meta name=\"twitter:card\" content=\"summary_large_image\" \/>\n<meta name=\"twitter:label1\" content=\"Gesch\u00e4tzte Lesezeit\" \/>\n\t<meta name=\"twitter:data1\" content=\"1\u00a0Minute\" \/>\n<script type=\"application\/ld+json\" class=\"yoast-schema-graph\">{\"@context\":\"https:\\\/\\\/schema.org\",\"@graph\":[{\"@type\":\"WebPage\",\"@id\":\"https:\\\/\\\/laguiole.com\\\/de\\\/produit\\\/laguiole-armbrust-messergriff-aus-acryl-beige-perlmutt-1-stueck-1-kropf-aus-glaenzendem-edelstahl-11cm\\\/\",\"url\":\"https:\\\/\\\/laguiole.com\\\/de\\\/produit\\\/laguiole-armbrust-messergriff-aus-acryl-beige-perlmutt-1-stueck-1-kropf-aus-glaenzendem-edelstahl-11cm\\\/\",\"name\":\"Laguiole Armbrust Messergriff aus Acryl Beige Perlmutt 1 St\u00fcck 1 Kropf aus gl\u00e4nzendem Edelstahl 11cm - Laguiole.com \u00ae\",\"isPartOf\":{\"@id\":\"https:\\\/\\\/laguiole.com\\\/de\\\/#website\"},\"primaryImageOfPage\":{\"@id\":\"https:\\\/\\\/laguiole.com\\\/de\\\/produit\\\/laguiole-armbrust-messergriff-aus-acryl-beige-perlmutt-1-stueck-1-kropf-aus-glaenzendem-edelstahl-11cm\\\/#primaryimage\"},\"image\":{\"@id\":\"https:\\\/\\\/laguiole.com\\\/de\\\/produit\\\/laguiole-armbrust-messergriff-aus-acryl-beige-perlmutt-1-stueck-1-kropf-aus-glaenzendem-edelstahl-11cm\\\/#primaryimage\"},\"thumbnailUrl\":\"https:\\\/\\\/laguiole.com\\\/wp-content\\\/uploads\\\/2025\\\/05\\\/Arbalete_Manche_Acrylique_Beige_Nacre_1_Piece_1_Mitre_Inox_Brillant_11cm_00.jpg\",\"datePublished\":\"2025-05-25T18:17:20+00:00\",\"dateModified\":\"2026-04-02T11:33:56+00:00\",\"description\":\"Laguiole Armbrust Klappmesser 11 cm, elegant und leicht, mit perlmuttfarbenem Griff, ideal f\u00fcr Frauen und kleine H\u00e4nde.\",\"breadcrumb\":{\"@id\":\"https:\\\/\\\/laguiole.com\\\/de\\\/produit\\\/laguiole-armbrust-messergriff-aus-acryl-beige-perlmutt-1-stueck-1-kropf-aus-glaenzendem-edelstahl-11cm\\\/#breadcrumb\"},\"inLanguage\":\"de\",\"potentialAction\":[{\"@type\":\"ReadAction\",\"target\":[\"https:\\\/\\\/laguiole.com\\\/de\\\/produit\\\/laguiole-armbrust-messergriff-aus-acryl-beige-perlmutt-1-stueck-1-kropf-aus-glaenzendem-edelstahl-11cm\\\/\"]}]},{\"@type\":\"ImageObject\",\"inLanguage\":\"de\",\"@id\":\"https:\\\/\\\/laguiole.com\\\/de\\\/produit\\\/laguiole-armbrust-messergriff-aus-acryl-beige-perlmutt-1-stueck-1-kropf-aus-glaenzendem-edelstahl-11cm\\\/#primaryimage\",\"url\":\"https:\\\/\\\/laguiole.com\\\/wp-content\\\/uploads\\\/2025\\\/05\\\/Arbalete_Manche_Acrylique_Beige_Nacre_1_Piece_1_Mitre_Inox_Brillant_11cm_00.jpg\",\"contentUrl\":\"https:\\\/\\\/laguiole.com\\\/wp-content\\\/uploads\\\/2025\\\/05\\\/Arbalete_Manche_Acrylique_Beige_Nacre_1_Piece_1_Mitre_Inox_Brillant_11cm_00.jpg\",\"width\":1033,\"height\":1033,\"caption\":\"Couteau Laguiole Arbal\u00e8te Manche en Acrylique Beige Nacre 1 Pi\u00e8ce 1 Mitre en Inox Brillant 11cm\"},{\"@type\":\"BreadcrumbList\",\"@id\":\"https:\\\/\\\/laguiole.com\\\/de\\\/produit\\\/laguiole-armbrust-messergriff-aus-acryl-beige-perlmutt-1-stueck-1-kropf-aus-glaenzendem-edelstahl-11cm\\\/#breadcrumb\",\"itemListElement\":[{\"@type\":\"ListItem\",\"position\":1,\"name\":\"Accueil\",\"item\":\"https:\\\/\\\/laguiole.com\\\/de\\\/\"},{\"@type\":\"ListItem\",\"position\":2,\"name\":\"Shop\",\"item\":\"https:\\\/\\\/laguiole.com\\\/de\\\/shop-2\\\/\"},{\"@type\":\"ListItem\",\"position\":3,\"name\":\"Laguiole Armbrust Messergriff aus Acryl Beige Perlmutt 1 St\u00fcck 1 Kropf aus gl\u00e4nzendem Edelstahl 11cm\"}]},{\"@type\":\"WebSite\",\"@id\":\"https:\\\/\\\/laguiole.com\\\/de\\\/#website\",\"url\":\"https:\\\/\\\/laguiole.com\\\/de\\\/\",\"name\":\"Laguiole.com\",\"description\":\"Laguiole - Couteau laguiole, Chateau Laguiole, Laguiole en Aubrac, Forge de Laguiole\",\"publisher\":{\"@id\":\"https:\\\/\\\/laguiole.com\\\/de\\\/#organization\"},\"potentialAction\":[{\"@type\":\"SearchAction\",\"target\":{\"@type\":\"EntryPoint\",\"urlTemplate\":\"https:\\\/\\\/laguiole.com\\\/de\\\/?s={search_term_string}\"},\"query-input\":{\"@type\":\"PropertyValueSpecification\",\"valueRequired\":true,\"valueName\":\"search_term_string\"}}],\"inLanguage\":\"de\"},{\"@type\":\"Organization\",\"@id\":\"https:\\\/\\\/laguiole.com\\\/de\\\/#organization\",\"name\":\"Laguiole.com\",\"url\":\"https:\\\/\\\/laguiole.com\\\/de\\\/\",\"logo\":{\"@type\":\"ImageObject\",\"inLanguage\":\"de\",\"@id\":\"https:\\\/\\\/laguiole.com\\\/de\\\/#\\\/schema\\\/logo\\\/image\\\/\",\"url\":\"https:\\\/\\\/laguiole.com\\\/wp-content\\\/uploads\\\/2021\\\/02\\\/logo_laguiole.com-horizontal.jpg\",\"contentUrl\":\"https:\\\/\\\/laguiole.com\\\/wp-content\\\/uploads\\\/2021\\\/02\\\/logo_laguiole.com-horizontal.jpg\",\"width\":490,\"height\":156,\"caption\":\"Laguiole.com\"},\"image\":{\"@id\":\"https:\\\/\\\/laguiole.com\\\/de\\\/#\\\/schema\\\/logo\\\/image\\\/\"},\"sameAs\":[\"https:\\\/\\\/www.facebook.com\\\/laguiolecom\\\/\",\"https:\\\/\\\/www.instagram.com\\\/laguiolecom\\\/\",\"https:\\\/\\\/www.youtube.com\\\/@laguiolecom\\\/videos\"]}]}<\/script>\n<!-- \/ Yoast SEO plugin. -->","yoast_head_json":{"title":"Laguiole Armbrust Messergriff aus Acryl Beige Perlmutt 1 St\u00fcck 1 Kropf aus gl\u00e4nzendem Edelstahl 11cm - Laguiole.com \u00ae","description":"Laguiole Armbrust Klappmesser 11 cm, elegant und leicht, mit perlmuttfarbenem Griff, ideal f\u00fcr Frauen und kleine H\u00e4nde.","robots":{"index":"index","follow":"follow","max-snippet":"max-snippet:-1","max-image-preview":"max-image-preview:large","max-video-preview":"max-video-preview:-1"},"canonical":"https:\/\/laguiole.com\/de\/produit\/laguiole-armbrust-messergriff-aus-acryl-beige-perlmutt-1-stueck-1-kropf-aus-glaenzendem-edelstahl-11cm\/","og_locale":"de_DE","og_type":"article","og_title":"Laguiole Armbrust Messergriff aus Acryl Beige Perlmutt 1 St\u00fcck 1 Kropf aus gl\u00e4nzendem Edelstahl 11cm - Laguiole.com \u00ae","og_description":"Laguiole Armbrust Klappmesser 11 cm, elegant und leicht, mit perlmuttfarbenem Griff, ideal f\u00fcr Frauen und kleine H\u00e4nde.","og_url":"https:\/\/laguiole.com\/de\/produit\/laguiole-armbrust-messergriff-aus-acryl-beige-perlmutt-1-stueck-1-kropf-aus-glaenzendem-edelstahl-11cm\/","og_site_name":"Laguiole.com \u00ae","article_publisher":"https:\/\/www.facebook.com\/laguiolecom\/","article_modified_time":"2026-04-02T11:33:56+00:00","og_image":[{"width":1920,"height":854,"url":"https:\/\/laguiole.com\/wp-content\/uploads\/2023\/08\/logo_laguiole_com_\u00ae_300dpi_Noir_et_Blanc.jpg","type":"image\/jpeg"}],"twitter_card":"summary_large_image","twitter_misc":{"Gesch\u00e4tzte Lesezeit":"1\u00a0Minute"},"schema":{"@context":"https:\/\/schema.org","@graph":[{"@type":"WebPage","@id":"https:\/\/laguiole.com\/de\/produit\/laguiole-armbrust-messergriff-aus-acryl-beige-perlmutt-1-stueck-1-kropf-aus-glaenzendem-edelstahl-11cm\/","url":"https:\/\/laguiole.com\/de\/produit\/laguiole-armbrust-messergriff-aus-acryl-beige-perlmutt-1-stueck-1-kropf-aus-glaenzendem-edelstahl-11cm\/","name":"Laguiole Armbrust Messergriff aus Acryl Beige Perlmutt 1 St\u00fcck 1 Kropf aus gl\u00e4nzendem Edelstahl 11cm - Laguiole.com \u00ae","isPartOf":{"@id":"https:\/\/laguiole.com\/de\/#website"},"primaryImageOfPage":{"@id":"https:\/\/laguiole.com\/de\/produit\/laguiole-armbrust-messergriff-aus-acryl-beige-perlmutt-1-stueck-1-kropf-aus-glaenzendem-edelstahl-11cm\/#primaryimage"},"image":{"@id":"https:\/\/laguiole.com\/de\/produit\/laguiole-armbrust-messergriff-aus-acryl-beige-perlmutt-1-stueck-1-kropf-aus-glaenzendem-edelstahl-11cm\/#primaryimage"},"thumbnailUrl":"https:\/\/laguiole.com\/wp-content\/uploads\/2025\/05\/Arbalete_Manche_Acrylique_Beige_Nacre_1_Piece_1_Mitre_Inox_Brillant_11cm_00.jpg","datePublished":"2025-05-25T18:17:20+00:00","dateModified":"2026-04-02T11:33:56+00:00","description":"Laguiole Armbrust Klappmesser 11 cm, elegant und leicht, mit perlmuttfarbenem Griff, ideal f\u00fcr Frauen und kleine H\u00e4nde.","breadcrumb":{"@id":"https:\/\/laguiole.com\/de\/produit\/laguiole-armbrust-messergriff-aus-acryl-beige-perlmutt-1-stueck-1-kropf-aus-glaenzendem-edelstahl-11cm\/#breadcrumb"},"inLanguage":"de","potentialAction":[{"@type":"ReadAction","target":["https:\/\/laguiole.com\/de\/produit\/laguiole-armbrust-messergriff-aus-acryl-beige-perlmutt-1-stueck-1-kropf-aus-glaenzendem-edelstahl-11cm\/"]}]},{"@type":"ImageObject","inLanguage":"de","@id":"https:\/\/laguiole.com\/de\/produit\/laguiole-armbrust-messergriff-aus-acryl-beige-perlmutt-1-stueck-1-kropf-aus-glaenzendem-edelstahl-11cm\/#primaryimage","url":"https:\/\/laguiole.com\/wp-content\/uploads\/2025\/05\/Arbalete_Manche_Acrylique_Beige_Nacre_1_Piece_1_Mitre_Inox_Brillant_11cm_00.jpg","contentUrl":"https:\/\/laguiole.com\/wp-content\/uploads\/2025\/05\/Arbalete_Manche_Acrylique_Beige_Nacre_1_Piece_1_Mitre_Inox_Brillant_11cm_00.jpg","width":1033,"height":1033,"caption":"Couteau Laguiole Arbal\u00e8te Manche en Acrylique Beige Nacre 1 Pi\u00e8ce 1 Mitre en Inox Brillant 11cm"},{"@type":"BreadcrumbList","@id":"https:\/\/laguiole.com\/de\/produit\/laguiole-armbrust-messergriff-aus-acryl-beige-perlmutt-1-stueck-1-kropf-aus-glaenzendem-edelstahl-11cm\/#breadcrumb","itemListElement":[{"@type":"ListItem","position":1,"name":"Accueil","item":"https:\/\/laguiole.com\/de\/"},{"@type":"ListItem","position":2,"name":"Shop","item":"https:\/\/laguiole.com\/de\/shop-2\/"},{"@type":"ListItem","position":3,"name":"Laguiole Armbrust Messergriff aus Acryl Beige Perlmutt 1 St\u00fcck 1 Kropf aus gl\u00e4nzendem Edelstahl 11cm"}]},{"@type":"WebSite","@id":"https:\/\/laguiole.com\/de\/#website","url":"https:\/\/laguiole.com\/de\/","name":"Laguiole.com","description":"Laguiole - Couteau laguiole, Chateau Laguiole, Laguiole en Aubrac, Forge de Laguiole","publisher":{"@id":"https:\/\/laguiole.com\/de\/#organization"},"potentialAction":[{"@type":"SearchAction","target":{"@type":"EntryPoint","urlTemplate":"https:\/\/laguiole.com\/de\/?s={search_term_string}"},"query-input":{"@type":"PropertyValueSpecification","valueRequired":true,"valueName":"search_term_string"}}],"inLanguage":"de"},{"@type":"Organization","@id":"https:\/\/laguiole.com\/de\/#organization","name":"Laguiole.com","url":"https:\/\/laguiole.com\/de\/","logo":{"@type":"ImageObject","inLanguage":"de","@id":"https:\/\/laguiole.com\/de\/#\/schema\/logo\/image\/","url":"https:\/\/laguiole.com\/wp-content\/uploads\/2021\/02\/logo_laguiole.com-horizontal.jpg","contentUrl":"https:\/\/laguiole.com\/wp-content\/uploads\/2021\/02\/logo_laguiole.com-horizontal.jpg","width":490,"height":156,"caption":"Laguiole.com"},"image":{"@id":"https:\/\/laguiole.com\/de\/#\/schema\/logo\/image\/"},"sameAs":["https:\/\/www.facebook.com\/laguiolecom\/","https:\/\/www.instagram.com\/laguiolecom\/","https:\/\/www.youtube.com\/@laguiolecom\/videos"]}]}},"_links":{"self":[{"href":"https:\/\/laguiole.com\/de\/wp-json\/wp\/v2\/product\/37510","targetHints":{"allow":["GET"]}}],"collection":[{"href":"https:\/\/laguiole.com\/de\/wp-json\/wp\/v2\/product"}],"about":[{"href":"https:\/\/laguiole.com\/de\/wp-json\/wp\/v2\/types\/product"}],"version-history":[{"count":1,"href":"https:\/\/laguiole.com\/de\/wp-json\/wp\/v2\/product\/37510\/revisions"}],"predecessor-version":[{"id":41746,"href":"https:\/\/laguiole.com\/de\/wp-json\/wp\/v2\/product\/37510\/revisions\/41746"}],"wp:featuredmedia":[{"embeddable":true,"href":"https:\/\/laguiole.com\/de\/wp-json\/wp\/v2\/media\/43608"}],"wp:attachment":[{"href":"https:\/\/laguiole.com\/de\/wp-json\/wp\/v2\/media?parent=37510"}],"wp:term":[{"taxonomy":"product_brand","embeddable":true,"href":"https:\/\/laguiole.com\/de\/wp-json\/wp\/v2\/product_brand?post=37510"},{"taxonomy":"product_cat","embeddable":true,"href":"https:\/\/laguiole.com\/de\/wp-json\/wp\/v2\/product_cat?post=37510"},{"taxonomy":"product_tag","embeddable":true,"href":"https:\/\/laguiole.com\/de\/wp-json\/wp\/v2\/product_tag?post=37510"}],"curies":[{"name":"wp","href":"https:\/\/api.w.org\/{rel}","templated":true}]}}