{"id":37509,"date":"2025-05-25T19:27:33","date_gmt":"2025-05-25T17:27:33","guid":{"rendered":"https:\/\/laguiole.com\/produit\/sauveterre-prestige-messer-1-stueck-11-cm-vollgriff-aus-bueffelkruste-1-gehrung-aus-gebuerstetem-edelstahl-guillochierte-platten-sanfte-feder-anpassbar-in-3d-damast-fliegenklinge-salbeiblatt-handgemei\/"},"modified":"2025-10-03T18:14:47","modified_gmt":"2025-10-03T16:14:47","slug":"sauveterre-prestige-messer-1-stueck-11-cm-vollgriff-aus-bueffelkruste-1-gehrung-aus-gebuerstetem-edelstahl-guillochierte-platten-sanfte-feder-anpassbar-in-3d-damast-fliegenklinge-salbeiblatt-handgemei","status":"publish","type":"product","link":"https:\/\/laguiole.com\/de\/produit\/sauveterre-prestige-messer-1-stueck-11-cm-vollgriff-aus-bueffelkruste-1-gehrung-aus-gebuerstetem-edelstahl-guillochierte-platten-sanfte-feder-anpassbar-in-3d-damast-fliegenklinge-salbeiblatt-handgemei\/","title":{"rendered":"SAUVETERRE Prestige Messer 1 St\u00fcck 11 cm Vollgriff aus B\u00fcffelkruste 1 Gehrung aus geb\u00fcrstetem Edelstahl Guillochierte Platten Sanfte Feder Anpassbar in 3D Damast Fliegenklinge Salbeiblatt Handgemei\u00dfelt"},"content":{"rendered":"<p><strong>Dieses Klappmesser Prestige Sauveterre<\/strong> vereint Tradition und Raffinesse in einem eleganten und robusten Format.<br \/>\n<strong>Seine Damastklinge<\/strong> offenbart subtile Wellen, die von \u00fcberliefertem Know-how zeugen.<br \/>\n<strong>Sein durchgehender Griff in Form einer rohen und authentischen B\u00fcffelkruste<\/strong> bietet einen festen und nat\u00fcrlichen Griff. Er ist gedrungener als der Laguiole, aber d\u00fcnner als der Thiers.<br \/>\nDie andere Besonderheit des <strong>Sauveterre-Messers<\/strong> ist, dass es einen ziemlich dicken, geraden Griff hat. <\/p>\n<p><strong>Dieses Klappmesser von Sauveterre<\/strong> ist mit einer glatten Feder verziert, <strong>die in 3D anpassbar<\/strong> ist und eine individuelle Gravur erm\u00f6glicht, um es zu einem Unikat zu machen.<br \/>\nDie schlichten Teller sind fein guillochiert mit einer Feile, die dem Ganzen einen Hauch von dezenter Eleganz verleiht.<\/p>\n<p><strong>Das charakteristische Mousch<\/strong>e <strong>hat die Form eines Salbeiblatts, das sorgf\u00e4ltig von Hand gemei\u00dfelt<\/strong> wird \u2013 eine symbolische Hommage an den Namen des <strong>Sauveterre-Klappmessers<\/strong> <strong>und erinnert an die L\u00e4nder des S\u00fcdwestens, wo aromatische Kr\u00e4uter und Taschenwerkzeuge ein fester Bestandteil des t\u00e4glichen Lebens waren. Das Salbeiblatt, ein Symbol der Weisheit und des Schutzes, st\u00e4rkt die Seele dieses <strong>Klappmessers von Sauveterre<\/strong>, das auf Langlebigkeit und Weitergabe ausgelegt ist.<\/strong> <\/p>\n<p><strong>Dieses rustikale und raffinierte Klappmesser von Sauveterre<\/strong> ist ein charaktervoller Begleiter f\u00fcr Liebhaber von sch\u00f6nem Besteck.<br \/>\nJedes <strong>Klappmesser von Sauveterre<\/strong> ist eine Einladung zur Entdeckung zwischen Erbe, Natur und Handwerkskunst.<\/p>\n<p><strong>Das Klappmesser von Sauveterre<\/strong> ist nicht nur ein Werkzeug, sondern ein Ged\u00e4chtnis der Hand<\/p>\n","protected":false},"excerpt":{"rendered":"<p><strong> SAUVETERRE<\/strong><br \/>\nRegional Klappmesser Vollgriff aus Damastklinge mit B\u00fcffelkruste<br \/>\nund Laschenmesser<br \/>\nFinish: Geb\u00fcrstetes<br \/>\n, erzwungenes Kerbschlie\u00dfsystem.<br \/>\nGuillochierte<br \/>\nPlatten Glatte Feder durch 3D-Gravur<br \/>\nanpassbar Fliege in Form eines Salbeiblatts geschmiedet, zart von Hand<br \/>\ngemei\u00dfelt Gesamtl\u00e4nge aufgeklappt: 20 cm<br \/>\nGriffl\u00e4nge: 11 cm<br \/>\nKlingenl\u00e4nge: 9 cm<br \/>\nGewicht: 82 g<\/p>\n","protected":false},"featured_media":51933,"template":"","meta":{"_acf_changed":false,"_monsterinsights_skip_tracking":false,"_monsterinsights_sitenote_active":false,"_monsterinsights_sitenote_note":"","_monsterinsights_sitenote_category":0},"product_brand":[],"product_cat":[5963,5938,5948],"product_tag":[6171],"class_list":{"0":"post-37509","1":"product","2":"type-product","3":"status-publish","4":"has-post-thumbnail","6":"product_cat-federgravur","7":"product_cat-klappmesser","8":"product_cat-sauveterre-klappmesser","9":"product_tag-gravurfeder","10":"pa_finition-gebuerstet","11":"pa_lame-damaskus","12":"pa_manche-en-matiere-animale-bueffelkruste","13":"pa_marque-laguiole-en-aubracfr","14":"pa_marque-sauveterre","15":"pa_mitres-ohne-gehrung-vollstaendige-huelse","16":"pa_platines-einzelplatin","17":"pa_platines-guilloche-muster","18":"pa_ressort-glatt","19":"pa_ressort-zum-personalisieren-lasergravur","20":"pa_taille-du-manche-11-cm","21":"tm-has-options","24":"instock","25":"taxable","26":"shipping-taxable","27":"purchasable","28":"product-type-simple"},"supplier_id":null,"supplier_sku":"","barcode":null,"atum_controlled":true,"out_stock_date":null,"out_stock_threshold":null,"inheritable":false,"inbound_stock":0,"stock_on_hold":0,"sold_today":0,"sales_last_days":0,"reserved_stock":0,"customer_returns":0,"warehouse_damage":0,"lost_in_post":0,"other_logs":0,"out_stock_days":0,"lost_sales":0,"has_location":false,"update_date":"2026-04-28T00:38:56","atum_locations":[],"atum_stock_status":"instock","restock_status":false,"low_stock_amount":"","sales_update_date":"2026-04-28T00:38:56","calc_backorders":0,"acf":[],"yoast_head":"<!-- This site is optimized with the Yoast SEO plugin v27.3 - https:\/\/yoast.com\/product\/yoast-seo-wordpress\/ -->\n<title>SAUVETERRE Prestige Messer 1 St\u00fcck 11 cm Vollgriff aus B\u00fcffelkruste 1 Gehrung aus geb\u00fcrstetem Edelstahl Guillochierte Platten Sanfte Feder Anpassbar in 3D Damast Fliegenklinge Salbeiblatt Handgemei\u00dfelt - Laguiole.com \u00ae<\/title>\n<meta name=\"description\" content=\"Dieses rustikale und raffinierte Klappmesser von Sauveterre ist ein charaktervoller Begleiter f\u00fcr Liebhaber von sch\u00f6nem Besteck.\" \/>\n<meta name=\"robots\" content=\"index, follow, max-snippet:-1, max-image-preview:large, max-video-preview:-1\" \/>\n<link rel=\"canonical\" href=\"https:\/\/laguiole.com\/de\/produit\/sauveterre-prestige-messer-1-stueck-11-cm-vollgriff-aus-bueffelkruste-1-gehrung-aus-gebuerstetem-edelstahl-guillochierte-platten-sanfte-feder-anpassbar-in-3d-damast-fliegenklinge-salbeiblatt-handgemei\/\" \/>\n<meta property=\"og:locale\" content=\"de_DE\" \/>\n<meta property=\"og:type\" content=\"article\" \/>\n<meta property=\"og:title\" content=\"SAUVETERRE Prestige Messer 1 St\u00fcck 11 cm Vollgriff aus B\u00fcffelkruste 1 Gehrung aus geb\u00fcrstetem Edelstahl Guillochierte Platten Sanfte Feder Anpassbar in 3D Damast Fliegenklinge Salbeiblatt Handgemei\u00dfelt - Laguiole.com \u00ae\" \/>\n<meta property=\"og:description\" content=\"Dieses rustikale und raffinierte Klappmesser von Sauveterre ist ein charaktervoller Begleiter f\u00fcr Liebhaber von sch\u00f6nem Besteck.\" \/>\n<meta property=\"og:url\" content=\"https:\/\/laguiole.com\/de\/produit\/sauveterre-prestige-messer-1-stueck-11-cm-vollgriff-aus-bueffelkruste-1-gehrung-aus-gebuerstetem-edelstahl-guillochierte-platten-sanfte-feder-anpassbar-in-3d-damast-fliegenklinge-salbeiblatt-handgemei\/\" \/>\n<meta property=\"og:site_name\" content=\"Laguiole.com \u00ae\" \/>\n<meta property=\"article:publisher\" content=\"https:\/\/www.facebook.com\/laguiolecom\/\" \/>\n<meta property=\"article:modified_time\" content=\"2025-10-03T16:14:47+00:00\" \/>\n<meta property=\"og:image\" content=\"https:\/\/laguiole.com\/wp-content\/uploads\/2023\/08\/logo_laguiole_com_\u00ae_300dpi_Noir_et_Blanc.jpg\" \/>\n\t<meta property=\"og:image:width\" content=\"1920\" \/>\n\t<meta property=\"og:image:height\" content=\"854\" \/>\n\t<meta property=\"og:image:type\" content=\"image\/jpeg\" \/>\n<meta name=\"twitter:card\" content=\"summary_large_image\" \/>\n<meta name=\"twitter:label1\" content=\"Gesch\u00e4tzte Lesezeit\" \/>\n\t<meta name=\"twitter:data1\" content=\"1\u00a0Minute\" \/>\n<script type=\"application\/ld+json\" class=\"yoast-schema-graph\">{\"@context\":\"https:\\\/\\\/schema.org\",\"@graph\":[{\"@type\":\"WebPage\",\"@id\":\"https:\\\/\\\/laguiole.com\\\/de\\\/produit\\\/sauveterre-prestige-messer-1-stueck-11-cm-vollgriff-aus-bueffelkruste-1-gehrung-aus-gebuerstetem-edelstahl-guillochierte-platten-sanfte-feder-anpassbar-in-3d-damast-fliegenklinge-salbeiblatt-handgemei\\\/\",\"url\":\"https:\\\/\\\/laguiole.com\\\/de\\\/produit\\\/sauveterre-prestige-messer-1-stueck-11-cm-vollgriff-aus-bueffelkruste-1-gehrung-aus-gebuerstetem-edelstahl-guillochierte-platten-sanfte-feder-anpassbar-in-3d-damast-fliegenklinge-salbeiblatt-handgemei\\\/\",\"name\":\"SAUVETERRE Prestige Messer 1 St\u00fcck 11 cm Vollgriff aus B\u00fcffelkruste 1 Gehrung aus geb\u00fcrstetem Edelstahl Guillochierte Platten Sanfte Feder Anpassbar in 3D Damast Fliegenklinge Salbeiblatt Handgemei\u00dfelt - Laguiole.com \u00ae\",\"isPartOf\":{\"@id\":\"https:\\\/\\\/laguiole.com\\\/de\\\/#website\"},\"primaryImageOfPage\":{\"@id\":\"https:\\\/\\\/laguiole.com\\\/de\\\/produit\\\/sauveterre-prestige-messer-1-stueck-11-cm-vollgriff-aus-bueffelkruste-1-gehrung-aus-gebuerstetem-edelstahl-guillochierte-platten-sanfte-feder-anpassbar-in-3d-damast-fliegenklinge-salbeiblatt-handgemei\\\/#primaryimage\"},\"image\":{\"@id\":\"https:\\\/\\\/laguiole.com\\\/de\\\/produit\\\/sauveterre-prestige-messer-1-stueck-11-cm-vollgriff-aus-bueffelkruste-1-gehrung-aus-gebuerstetem-edelstahl-guillochierte-platten-sanfte-feder-anpassbar-in-3d-damast-fliegenklinge-salbeiblatt-handgemei\\\/#primaryimage\"},\"thumbnailUrl\":\"https:\\\/\\\/laguiole.com\\\/wp-content\\\/uploads\\\/2025\\\/12\\\/Sauveterre_croute_de_buffle_damas_feuille_de_sauge_00.jpg\",\"datePublished\":\"2025-05-25T17:27:33+00:00\",\"dateModified\":\"2025-10-03T16:14:47+00:00\",\"description\":\"Dieses rustikale und raffinierte Klappmesser von Sauveterre ist ein charaktervoller Begleiter f\u00fcr Liebhaber von sch\u00f6nem Besteck.\",\"breadcrumb\":{\"@id\":\"https:\\\/\\\/laguiole.com\\\/de\\\/produit\\\/sauveterre-prestige-messer-1-stueck-11-cm-vollgriff-aus-bueffelkruste-1-gehrung-aus-gebuerstetem-edelstahl-guillochierte-platten-sanfte-feder-anpassbar-in-3d-damast-fliegenklinge-salbeiblatt-handgemei\\\/#breadcrumb\"},\"inLanguage\":\"de\",\"potentialAction\":[{\"@type\":\"ReadAction\",\"target\":[\"https:\\\/\\\/laguiole.com\\\/de\\\/produit\\\/sauveterre-prestige-messer-1-stueck-11-cm-vollgriff-aus-bueffelkruste-1-gehrung-aus-gebuerstetem-edelstahl-guillochierte-platten-sanfte-feder-anpassbar-in-3d-damast-fliegenklinge-salbeiblatt-handgemei\\\/\"]}]},{\"@type\":\"ImageObject\",\"inLanguage\":\"de\",\"@id\":\"https:\\\/\\\/laguiole.com\\\/de\\\/produit\\\/sauveterre-prestige-messer-1-stueck-11-cm-vollgriff-aus-bueffelkruste-1-gehrung-aus-gebuerstetem-edelstahl-guillochierte-platten-sanfte-feder-anpassbar-in-3d-damast-fliegenklinge-salbeiblatt-handgemei\\\/#primaryimage\",\"url\":\"https:\\\/\\\/laguiole.com\\\/wp-content\\\/uploads\\\/2025\\\/12\\\/Sauveterre_croute_de_buffle_damas_feuille_de_sauge_00.jpg\",\"contentUrl\":\"https:\\\/\\\/laguiole.com\\\/wp-content\\\/uploads\\\/2025\\\/12\\\/Sauveterre_croute_de_buffle_damas_feuille_de_sauge_00.jpg\",\"width\":1033,\"height\":1033,\"caption\":\"Sauveterre cro\u00fbte de buffle damas mouche feuille de sauge\"},{\"@type\":\"BreadcrumbList\",\"@id\":\"https:\\\/\\\/laguiole.com\\\/de\\\/produit\\\/sauveterre-prestige-messer-1-stueck-11-cm-vollgriff-aus-bueffelkruste-1-gehrung-aus-gebuerstetem-edelstahl-guillochierte-platten-sanfte-feder-anpassbar-in-3d-damast-fliegenklinge-salbeiblatt-handgemei\\\/#breadcrumb\",\"itemListElement\":[{\"@type\":\"ListItem\",\"position\":1,\"name\":\"Accueil\",\"item\":\"https:\\\/\\\/laguiole.com\\\/de\\\/\"},{\"@type\":\"ListItem\",\"position\":2,\"name\":\"Shop\",\"item\":\"https:\\\/\\\/laguiole.com\\\/de\\\/shop-2\\\/\"},{\"@type\":\"ListItem\",\"position\":3,\"name\":\"SAUVETERRE Prestige Messer 1 St\u00fcck 11 cm Vollgriff aus B\u00fcffelkruste 1 Gehrung aus geb\u00fcrstetem Edelstahl Guillochierte Platten Sanfte Feder Anpassbar in 3D Damast Fliegenklinge Salbeiblatt Handgemei\u00dfelt\"}]},{\"@type\":\"WebSite\",\"@id\":\"https:\\\/\\\/laguiole.com\\\/de\\\/#website\",\"url\":\"https:\\\/\\\/laguiole.com\\\/de\\\/\",\"name\":\"Laguiole.com\",\"description\":\"Laguiole - Couteau laguiole, Chateau Laguiole, Laguiole en Aubrac, Forge de Laguiole\",\"publisher\":{\"@id\":\"https:\\\/\\\/laguiole.com\\\/de\\\/#organization\"},\"potentialAction\":[{\"@type\":\"SearchAction\",\"target\":{\"@type\":\"EntryPoint\",\"urlTemplate\":\"https:\\\/\\\/laguiole.com\\\/de\\\/?s={search_term_string}\"},\"query-input\":{\"@type\":\"PropertyValueSpecification\",\"valueRequired\":true,\"valueName\":\"search_term_string\"}}],\"inLanguage\":\"de\"},{\"@type\":\"Organization\",\"@id\":\"https:\\\/\\\/laguiole.com\\\/de\\\/#organization\",\"name\":\"Laguiole.com\",\"url\":\"https:\\\/\\\/laguiole.com\\\/de\\\/\",\"logo\":{\"@type\":\"ImageObject\",\"inLanguage\":\"de\",\"@id\":\"https:\\\/\\\/laguiole.com\\\/de\\\/#\\\/schema\\\/logo\\\/image\\\/\",\"url\":\"https:\\\/\\\/laguiole.com\\\/wp-content\\\/uploads\\\/2021\\\/02\\\/logo_laguiole.com-horizontal.jpg\",\"contentUrl\":\"https:\\\/\\\/laguiole.com\\\/wp-content\\\/uploads\\\/2021\\\/02\\\/logo_laguiole.com-horizontal.jpg\",\"width\":490,\"height\":156,\"caption\":\"Laguiole.com\"},\"image\":{\"@id\":\"https:\\\/\\\/laguiole.com\\\/de\\\/#\\\/schema\\\/logo\\\/image\\\/\"},\"sameAs\":[\"https:\\\/\\\/www.facebook.com\\\/laguiolecom\\\/\",\"https:\\\/\\\/www.instagram.com\\\/laguiolecom\\\/\",\"https:\\\/\\\/www.youtube.com\\\/@laguiolecom\\\/videos\"]}]}<\/script>\n<!-- \/ Yoast SEO plugin. -->","yoast_head_json":{"title":"SAUVETERRE Prestige Messer 1 St\u00fcck 11 cm Vollgriff aus B\u00fcffelkruste 1 Gehrung aus geb\u00fcrstetem Edelstahl Guillochierte Platten Sanfte Feder Anpassbar in 3D Damast Fliegenklinge Salbeiblatt Handgemei\u00dfelt - Laguiole.com \u00ae","description":"Dieses rustikale und raffinierte Klappmesser von Sauveterre ist ein charaktervoller Begleiter f\u00fcr Liebhaber von sch\u00f6nem Besteck.","robots":{"index":"index","follow":"follow","max-snippet":"max-snippet:-1","max-image-preview":"max-image-preview:large","max-video-preview":"max-video-preview:-1"},"canonical":"https:\/\/laguiole.com\/de\/produit\/sauveterre-prestige-messer-1-stueck-11-cm-vollgriff-aus-bueffelkruste-1-gehrung-aus-gebuerstetem-edelstahl-guillochierte-platten-sanfte-feder-anpassbar-in-3d-damast-fliegenklinge-salbeiblatt-handgemei\/","og_locale":"de_DE","og_type":"article","og_title":"SAUVETERRE Prestige Messer 1 St\u00fcck 11 cm Vollgriff aus B\u00fcffelkruste 1 Gehrung aus geb\u00fcrstetem Edelstahl Guillochierte Platten Sanfte Feder Anpassbar in 3D Damast Fliegenklinge Salbeiblatt Handgemei\u00dfelt - Laguiole.com \u00ae","og_description":"Dieses rustikale und raffinierte Klappmesser von Sauveterre ist ein charaktervoller Begleiter f\u00fcr Liebhaber von sch\u00f6nem Besteck.","og_url":"https:\/\/laguiole.com\/de\/produit\/sauveterre-prestige-messer-1-stueck-11-cm-vollgriff-aus-bueffelkruste-1-gehrung-aus-gebuerstetem-edelstahl-guillochierte-platten-sanfte-feder-anpassbar-in-3d-damast-fliegenklinge-salbeiblatt-handgemei\/","og_site_name":"Laguiole.com \u00ae","article_publisher":"https:\/\/www.facebook.com\/laguiolecom\/","article_modified_time":"2025-10-03T16:14:47+00:00","og_image":[{"width":1920,"height":854,"url":"https:\/\/laguiole.com\/wp-content\/uploads\/2023\/08\/logo_laguiole_com_\u00ae_300dpi_Noir_et_Blanc.jpg","type":"image\/jpeg"}],"twitter_card":"summary_large_image","twitter_misc":{"Gesch\u00e4tzte Lesezeit":"1\u00a0Minute"},"schema":{"@context":"https:\/\/schema.org","@graph":[{"@type":"WebPage","@id":"https:\/\/laguiole.com\/de\/produit\/sauveterre-prestige-messer-1-stueck-11-cm-vollgriff-aus-bueffelkruste-1-gehrung-aus-gebuerstetem-edelstahl-guillochierte-platten-sanfte-feder-anpassbar-in-3d-damast-fliegenklinge-salbeiblatt-handgemei\/","url":"https:\/\/laguiole.com\/de\/produit\/sauveterre-prestige-messer-1-stueck-11-cm-vollgriff-aus-bueffelkruste-1-gehrung-aus-gebuerstetem-edelstahl-guillochierte-platten-sanfte-feder-anpassbar-in-3d-damast-fliegenklinge-salbeiblatt-handgemei\/","name":"SAUVETERRE Prestige Messer 1 St\u00fcck 11 cm Vollgriff aus B\u00fcffelkruste 1 Gehrung aus geb\u00fcrstetem Edelstahl Guillochierte Platten Sanfte Feder Anpassbar in 3D Damast Fliegenklinge Salbeiblatt Handgemei\u00dfelt - Laguiole.com \u00ae","isPartOf":{"@id":"https:\/\/laguiole.com\/de\/#website"},"primaryImageOfPage":{"@id":"https:\/\/laguiole.com\/de\/produit\/sauveterre-prestige-messer-1-stueck-11-cm-vollgriff-aus-bueffelkruste-1-gehrung-aus-gebuerstetem-edelstahl-guillochierte-platten-sanfte-feder-anpassbar-in-3d-damast-fliegenklinge-salbeiblatt-handgemei\/#primaryimage"},"image":{"@id":"https:\/\/laguiole.com\/de\/produit\/sauveterre-prestige-messer-1-stueck-11-cm-vollgriff-aus-bueffelkruste-1-gehrung-aus-gebuerstetem-edelstahl-guillochierte-platten-sanfte-feder-anpassbar-in-3d-damast-fliegenklinge-salbeiblatt-handgemei\/#primaryimage"},"thumbnailUrl":"https:\/\/laguiole.com\/wp-content\/uploads\/2025\/12\/Sauveterre_croute_de_buffle_damas_feuille_de_sauge_00.jpg","datePublished":"2025-05-25T17:27:33+00:00","dateModified":"2025-10-03T16:14:47+00:00","description":"Dieses rustikale und raffinierte Klappmesser von Sauveterre ist ein charaktervoller Begleiter f\u00fcr Liebhaber von sch\u00f6nem Besteck.","breadcrumb":{"@id":"https:\/\/laguiole.com\/de\/produit\/sauveterre-prestige-messer-1-stueck-11-cm-vollgriff-aus-bueffelkruste-1-gehrung-aus-gebuerstetem-edelstahl-guillochierte-platten-sanfte-feder-anpassbar-in-3d-damast-fliegenklinge-salbeiblatt-handgemei\/#breadcrumb"},"inLanguage":"de","potentialAction":[{"@type":"ReadAction","target":["https:\/\/laguiole.com\/de\/produit\/sauveterre-prestige-messer-1-stueck-11-cm-vollgriff-aus-bueffelkruste-1-gehrung-aus-gebuerstetem-edelstahl-guillochierte-platten-sanfte-feder-anpassbar-in-3d-damast-fliegenklinge-salbeiblatt-handgemei\/"]}]},{"@type":"ImageObject","inLanguage":"de","@id":"https:\/\/laguiole.com\/de\/produit\/sauveterre-prestige-messer-1-stueck-11-cm-vollgriff-aus-bueffelkruste-1-gehrung-aus-gebuerstetem-edelstahl-guillochierte-platten-sanfte-feder-anpassbar-in-3d-damast-fliegenklinge-salbeiblatt-handgemei\/#primaryimage","url":"https:\/\/laguiole.com\/wp-content\/uploads\/2025\/12\/Sauveterre_croute_de_buffle_damas_feuille_de_sauge_00.jpg","contentUrl":"https:\/\/laguiole.com\/wp-content\/uploads\/2025\/12\/Sauveterre_croute_de_buffle_damas_feuille_de_sauge_00.jpg","width":1033,"height":1033,"caption":"Sauveterre cro\u00fbte de buffle damas mouche feuille de sauge"},{"@type":"BreadcrumbList","@id":"https:\/\/laguiole.com\/de\/produit\/sauveterre-prestige-messer-1-stueck-11-cm-vollgriff-aus-bueffelkruste-1-gehrung-aus-gebuerstetem-edelstahl-guillochierte-platten-sanfte-feder-anpassbar-in-3d-damast-fliegenklinge-salbeiblatt-handgemei\/#breadcrumb","itemListElement":[{"@type":"ListItem","position":1,"name":"Accueil","item":"https:\/\/laguiole.com\/de\/"},{"@type":"ListItem","position":2,"name":"Shop","item":"https:\/\/laguiole.com\/de\/shop-2\/"},{"@type":"ListItem","position":3,"name":"SAUVETERRE Prestige Messer 1 St\u00fcck 11 cm Vollgriff aus B\u00fcffelkruste 1 Gehrung aus geb\u00fcrstetem Edelstahl Guillochierte Platten Sanfte Feder Anpassbar in 3D Damast Fliegenklinge Salbeiblatt Handgemei\u00dfelt"}]},{"@type":"WebSite","@id":"https:\/\/laguiole.com\/de\/#website","url":"https:\/\/laguiole.com\/de\/","name":"Laguiole.com","description":"Laguiole - Couteau laguiole, Chateau Laguiole, Laguiole en Aubrac, Forge de Laguiole","publisher":{"@id":"https:\/\/laguiole.com\/de\/#organization"},"potentialAction":[{"@type":"SearchAction","target":{"@type":"EntryPoint","urlTemplate":"https:\/\/laguiole.com\/de\/?s={search_term_string}"},"query-input":{"@type":"PropertyValueSpecification","valueRequired":true,"valueName":"search_term_string"}}],"inLanguage":"de"},{"@type":"Organization","@id":"https:\/\/laguiole.com\/de\/#organization","name":"Laguiole.com","url":"https:\/\/laguiole.com\/de\/","logo":{"@type":"ImageObject","inLanguage":"de","@id":"https:\/\/laguiole.com\/de\/#\/schema\/logo\/image\/","url":"https:\/\/laguiole.com\/wp-content\/uploads\/2021\/02\/logo_laguiole.com-horizontal.jpg","contentUrl":"https:\/\/laguiole.com\/wp-content\/uploads\/2021\/02\/logo_laguiole.com-horizontal.jpg","width":490,"height":156,"caption":"Laguiole.com"},"image":{"@id":"https:\/\/laguiole.com\/de\/#\/schema\/logo\/image\/"},"sameAs":["https:\/\/www.facebook.com\/laguiolecom\/","https:\/\/www.instagram.com\/laguiolecom\/","https:\/\/www.youtube.com\/@laguiolecom\/videos"]}]}},"_links":{"self":[{"href":"https:\/\/laguiole.com\/de\/wp-json\/wp\/v2\/product\/37509","targetHints":{"allow":["GET"]}}],"collection":[{"href":"https:\/\/laguiole.com\/de\/wp-json\/wp\/v2\/product"}],"about":[{"href":"https:\/\/laguiole.com\/de\/wp-json\/wp\/v2\/types\/product"}],"version-history":[{"count":1,"href":"https:\/\/laguiole.com\/de\/wp-json\/wp\/v2\/product\/37509\/revisions"}],"predecessor-version":[{"id":41742,"href":"https:\/\/laguiole.com\/de\/wp-json\/wp\/v2\/product\/37509\/revisions\/41742"}],"wp:featuredmedia":[{"embeddable":true,"href":"https:\/\/laguiole.com\/de\/wp-json\/wp\/v2\/media\/51933"}],"wp:attachment":[{"href":"https:\/\/laguiole.com\/de\/wp-json\/wp\/v2\/media?parent=37509"}],"wp:term":[{"taxonomy":"product_brand","embeddable":true,"href":"https:\/\/laguiole.com\/de\/wp-json\/wp\/v2\/product_brand?post=37509"},{"taxonomy":"product_cat","embeddable":true,"href":"https:\/\/laguiole.com\/de\/wp-json\/wp\/v2\/product_cat?post=37509"},{"taxonomy":"product_tag","embeddable":true,"href":"https:\/\/laguiole.com\/de\/wp-json\/wp\/v2\/product_tag?post=37509"}],"curies":[{"name":"wp","href":"https:\/\/api.w.org\/{rel}","templated":true}]}}