{"id":37493,"date":"2025-04-16T19:45:54","date_gmt":"2025-04-16T17:45:54","guid":{"rendered":"https:\/\/laguiole.com\/produit\/laguiole-aubrac-messer-1-stueck-12cm-doppelplatten-und-feder-guillochiert-von-hand-rams-crust-griff-2-gehaemmerte-kropfe-glaenzende-damastklinge-aus-edelstahl\/"},"modified":"2025-12-14T14:33:29","modified_gmt":"2025-12-14T13:33:29","slug":"laguiole-aubrac-messer-1-stueck-12cm-doppelplatten-und-feder-guillochiert-von-hand-rams-crust-griff-2-gehaemmerte-kropfe-glaenzende-damastklinge-aus-edelstahl","status":"publish","type":"product","link":"https:\/\/laguiole.com\/de\/produit\/laguiole-aubrac-messer-1-stueck-12cm-doppelplatten-und-feder-guillochiert-von-hand-rams-crust-griff-2-gehaemmerte-kropfe-glaenzende-damastklinge-aus-edelstahl\/","title":{"rendered":"Laguiole Aubrac Messer 1 St\u00fcck 12cm Doppelplatten und Feder Guillochiert von Hand Ram&#8217;s Crust Griff 2 Geh\u00e4mmerte Kropfe Gl\u00e4nzende Damastklinge aus Edelstahl"},"content":{"rendered":"<p class=\"\" data-start=\"230\" data-end=\"418\">Dieses Klappmesser Laguiole in Aubrac in Ram&#8217;s Crust verk\u00f6rpert die Exzellenz des franz\u00f6sischen handwerklichen Bestecks und kombiniert <strong data-start=\"339\" data-end=\"365\">edle Materialien<\/strong>, <strong data-start=\"367\" data-end=\"388\">rustikale Eleganz<\/strong> und <strong data-start=\"392\" data-end=\"417\">au\u00dfergew\u00f6hnliche Oberfl\u00e4chen<\/strong>.<\/p>\n<p class=\"\" data-start=\"420\" data-end=\"830\"><strong data-start=\"423\" data-end=\"453\">Der Krustenstiel des Widders<\/strong>, der wegen seines rohen und organischen Aussehens ausgew\u00e4hlt wurde, verleiht jedem Messer einen <strong data-start=\"528\" data-end=\"548\">einzigartigen Charakter<\/strong>, gepr\u00e4gt von tiefen Texturen und lebendigem Material. Seine von Natur aus unregelm\u00e4\u00dfige und gerippte Oberfl\u00e4che ruft die tierische St\u00e4rke und Authentizit\u00e4t der Handwerkskunst hervor. Es ist ein seltenes und begehrtes Material, das von Kennern f\u00fcr sein Gef\u00fchl, seine Patina und Einzigartigkeit gesch\u00e4tzt wird.<\/p>\n<p class=\"\" data-start=\"832\" data-end=\"1110\">Die <strong data-start=\"836\" data-end=\"879\">Platten und die gl\u00e4nzende Edelstahlfeder<\/strong> sind <strong data-start=\"885\" data-end=\"921\">vollst\u00e4ndig von Hand guillociert<\/strong> und zeigen in jedem Detail die Arbeit eines Goldschmieds. Dieses raffinierte Dekor unterstreicht das handwerkliche Niveau der Werkstatt und verleiht dem Ganzen eine echte \u00e4sthetische Dimension.<\/p>\n<p class=\"\" data-start=\"1112\" data-end=\"1400\">Die <strong data-start=\"1116\" data-end=\"1147\">beiden gl\u00e4nzenden, geh\u00e4mmerten Edelstahl-Bolstern<\/strong> unterstreichen optisch die Silhouette des Messers und betonen sein <strong data-start=\"1251\" data-end=\"1278\">robustes und anspruchsvolles<\/strong> Aussehen. Das von Hand gefertigte <strong data-start=\"1283\" data-end=\"1296\">H\u00e4mmern<\/strong> verleiht dem Metall eine subtile Entspannung und erzeugt elegante und dynamische Lichtspielen.<\/p>\n<p class=\"\" data-start=\"1402\" data-end=\"1625\">Das St\u00fcck ist mit einer <strong data-start=\"1429\" data-end=\"1446\">geschmiedeten Fliege<\/strong> gekr\u00f6nt, einem emblematischen Element der traditionellen Laguiole, hier mit Finesse und Charakter gearbeitet. Sie verl\u00e4ngert harmonisch die Quelle und bringt Gleichgewicht und Koh\u00e4renz ins Ganze.<\/p>\n<p class=\"\" data-start=\"1627\" data-end=\"1915\">Die <strong data-start=\"1630\" data-end=\"1645\">Clusterklinge, ein wahres technisches<\/strong> Juwel, ist aus mehreren Stahlschichten geschmiedet und zeigt ein einzigartiges, wellenf\u00f6rmiges Muster auf jedem Messer. Es vereint <strong data-start=\"1786\" data-end=\"1809\">exzellentes Schneiden<\/strong>, <strong data-start=\"1811\" data-end=\"1821\">H\u00e4rte<\/strong> und <strong data-start=\"1826\" data-end=\"1849\">mineralische \u00c4sthetik<\/strong> und macht jedes St\u00fcck zu einem ebenso effizienten wie faszinierenden Objekt.<\/p>\n<p class=\"\" data-start=\"1917\" data-end=\"2143\">Dieses Messer richtet sich an <strong data-start=\"1942\" data-end=\"1971\">anspruchsvolle Sammler<\/strong>, Liebhaber von feinem Besteck und diejenigen, die ein einzigartiges St\u00fcck suchen, <strong data-start=\"2062\" data-end=\"2142\">das sowohl kraftvoll als auch elegant und tief in der handwerklichen Tradition verwurzelt<\/strong> ist.<\/p>\n","protected":false},"excerpt":{"rendered":"<p>Laguiole-Messer aus Aubrac 1 St\u00fcck<br \/>\nRam&#8217;s<br \/>\nCrust Griff Doppelte Guilloch\u00e9 Platten aus gl\u00e4nzendem<br \/>\nEdelstahl Hand Guilloch\u00e9<br \/>\nFeder 2 geh\u00e4mmerte Bolster aus gl\u00e4nzendem<br \/>\nEdelstahl Damascusklinge<br \/>\ngeschmiedet Fliege aus gl\u00e4nzendem Edelstahl<\/p>\n<p>L\u00e4nge des geschlossenen Messers: 12 cm<br \/>\nL\u00e4nge der Klinge: 10 cm<br \/>\nL\u00e4nge des offenen Messers: 22 cm<\/p>\n<p><b><u>Video des Laguiole-Widder-Krustenmessers \u2013 Doppelplatten und Damaskusklinge<\/u><\/b><\/p>\n<p>Lassen Sie sich mit diesem Video, das dem Ram&#8217;s Crust \u2013 Doppelplatten und Damaskusklingenmesser \u2013 gewidmet ist, ins Herz des authentischen Know-hows von Laguiole in Aubrac entf\u00fchren.<br \/>\nDieses au\u00dfergew\u00f6hnliche St\u00fcck verf\u00fchrt sofort mit der einzigartigen Textur des gespaltenen Stiels seines Widders, einem edlen Material, dessen nat\u00fcrliche Tiefe einen einzigartigen Charakter offenbart. Die geh\u00e4mmerten Bolster aus gl\u00e4nzendem Edelstahl bringen einen Hauch von Licht und Entlastung und unterstreichen die starke Identit\u00e4t dieses Modells.<br \/>\nDie hand-Guilloch\u00e9-Feder und Platten zeugen von einer Kunst seltener Finesse, w\u00e4hrend die Damaststahlklinge, ein wahres Schmiedewerk, ihre zarten Wellen wie ein lebendiges Motiv offenbart.<br \/>\nLassen Sie Ihre Sinne bei jedem Detail verweilen und stellen Sie sich dieses prestigetr\u00e4chtige Messer in Ihren H\u00e4nden vor, das Kraft, Eleganz und Tradition in einem perfekt beherrschten Gleichgewicht vereint. <\/p>\n<p><iframe src=\"https:\/\/www.youtube.com\/embed\/fEp-vOK8sao?rel=0&amp;autoplay=1\" width=\"400\" height=\"225\" frameborder=\"0\" allowfullscreen=\"allowfullscreen\"><\/iframe><\/p>\n","protected":false},"featured_media":37504,"template":"","meta":{"_acf_changed":false,"_monsterinsights_skip_tracking":false,"_monsterinsights_sitenote_active":false,"_monsterinsights_sitenote_note":"","_monsterinsights_sitenote_category":0},"product_brand":[],"product_cat":[5938,5939,5943],"product_tag":[],"class_list":{"0":"post-37493","1":"product","2":"type-product","3":"status-publish","4":"has-post-thumbnail","6":"product_cat-klappmesser","7":"product_cat-laguiole-klappmesser","8":"product_cat-laguiole-prestiges-messer","9":"pa_composition-couteau-1-stueck-nur-klinge","10":"pa_finition-gebuerstet","11":"pa_lame-damaskus","12":"pa_manche-en-bois-eisenholz","13":"pa_marque-laguiole-en-aubracfr","14":"pa_mitres-2-gehrungen","15":"pa_mitres-gebuersteter-edelstahl","16":"pa_mouche-geschmiedet","17":"pa_platines-doppel-drehteller","18":"pa_platines-guilloche-muster","19":"pa_ressort-guilloche","20":"pa_taille-du-manche-12-cm","21":"tm-no-options","24":"instock","25":"taxable","26":"shipping-taxable","27":"purchasable","28":"product-type-simple"},"supplier_id":null,"supplier_sku":"","barcode":null,"atum_controlled":true,"out_stock_date":null,"out_stock_threshold":null,"inheritable":false,"inbound_stock":0,"stock_on_hold":0,"sold_today":0,"sales_last_days":0,"reserved_stock":0,"customer_returns":0,"warehouse_damage":0,"lost_in_post":0,"other_logs":0,"out_stock_days":0,"lost_sales":0,"has_location":false,"update_date":"2026-04-28T00:38:55","atum_locations":[],"atum_stock_status":"instock","restock_status":false,"low_stock_amount":"","sales_update_date":"2026-04-28T00:38:55","calc_backorders":0,"acf":[],"yoast_head":"<!-- This site is optimized with the Yoast SEO plugin v27.3 - https:\/\/yoast.com\/product\/yoast-seo-wordpress\/ -->\n<title>Laguiole Aubrac Messer 1 St\u00fcck 12cm Doppelplatten und Feder Guillochiert von Hand Ram&#039;s Crust Griff 2 Geh\u00e4mmerte Kropfe Gl\u00e4nzende Damastklinge aus Edelstahl - Laguiole.com \u00ae<\/title>\n<meta name=\"description\" content=\"Der Griff der Widderkruste, der aufgrund seines rohen und organischen Aussehens ausgew\u00e4hlt wurde, verleiht jedem Messer einen einzigartigen Charakter\" \/>\n<meta name=\"robots\" content=\"index, follow, max-snippet:-1, max-image-preview:large, max-video-preview:-1\" \/>\n<link rel=\"canonical\" href=\"https:\/\/laguiole.com\/de\/produit\/laguiole-aubrac-messer-1-stueck-12cm-doppelplatten-und-feder-guillochiert-von-hand-rams-crust-griff-2-gehaemmerte-kropfe-glaenzende-damastklinge-aus-edelstahl\/\" \/>\n<meta property=\"og:locale\" content=\"de_DE\" \/>\n<meta property=\"og:type\" content=\"article\" \/>\n<meta property=\"og:title\" content=\"Laguiole Aubrac Messer 1 St\u00fcck 12cm Doppelplatten und Feder Guillochiert von Hand Ram&#039;s Crust Griff 2 Geh\u00e4mmerte Kropfe Gl\u00e4nzende Damastklinge aus Edelstahl - Laguiole.com \u00ae\" \/>\n<meta property=\"og:description\" content=\"Der Griff der Widderkruste, der aufgrund seines rohen und organischen Aussehens ausgew\u00e4hlt wurde, verleiht jedem Messer einen einzigartigen Charakter\" \/>\n<meta property=\"og:url\" content=\"https:\/\/laguiole.com\/de\/produit\/laguiole-aubrac-messer-1-stueck-12cm-doppelplatten-und-feder-guillochiert-von-hand-rams-crust-griff-2-gehaemmerte-kropfe-glaenzende-damastklinge-aus-edelstahl\/\" \/>\n<meta property=\"og:site_name\" content=\"Laguiole.com \u00ae\" \/>\n<meta property=\"article:publisher\" content=\"https:\/\/www.facebook.com\/laguiolecom\/\" \/>\n<meta property=\"article:modified_time\" content=\"2025-12-14T13:33:29+00:00\" \/>\n<meta property=\"og:image\" content=\"https:\/\/laguiole.com\/wp-content\/uploads\/2025\/04\/Couteau_Laguiole_en_Aubrac_Double_Platines_Croute_de_Belier_2_Mitres_Martelees_Damas_00.jpg\" \/>\n\t<meta property=\"og:image:width\" content=\"1033\" \/>\n\t<meta property=\"og:image:height\" content=\"1033\" \/>\n\t<meta property=\"og:image:type\" content=\"image\/jpeg\" \/>\n<meta name=\"twitter:card\" content=\"summary_large_image\" \/>\n<meta name=\"twitter:label1\" content=\"Gesch\u00e4tzte Lesezeit\" \/>\n\t<meta name=\"twitter:data1\" content=\"2\u00a0Minute\" \/>\n<script type=\"application\/ld+json\" class=\"yoast-schema-graph\">{\"@context\":\"https:\\\/\\\/schema.org\",\"@graph\":[{\"@type\":\"WebPage\",\"@id\":\"https:\\\/\\\/laguiole.com\\\/de\\\/produit\\\/laguiole-aubrac-messer-1-stueck-12cm-doppelplatten-und-feder-guillochiert-von-hand-rams-crust-griff-2-gehaemmerte-kropfe-glaenzende-damastklinge-aus-edelstahl\\\/\",\"url\":\"https:\\\/\\\/laguiole.com\\\/de\\\/produit\\\/laguiole-aubrac-messer-1-stueck-12cm-doppelplatten-und-feder-guillochiert-von-hand-rams-crust-griff-2-gehaemmerte-kropfe-glaenzende-damastklinge-aus-edelstahl\\\/\",\"name\":\"Laguiole Aubrac Messer 1 St\u00fcck 12cm Doppelplatten und Feder Guillochiert von Hand Ram's Crust Griff 2 Geh\u00e4mmerte Kropfe Gl\u00e4nzende Damastklinge aus Edelstahl - Laguiole.com \u00ae\",\"isPartOf\":{\"@id\":\"https:\\\/\\\/laguiole.com\\\/de\\\/#website\"},\"primaryImageOfPage\":{\"@id\":\"https:\\\/\\\/laguiole.com\\\/de\\\/produit\\\/laguiole-aubrac-messer-1-stueck-12cm-doppelplatten-und-feder-guillochiert-von-hand-rams-crust-griff-2-gehaemmerte-kropfe-glaenzende-damastklinge-aus-edelstahl\\\/#primaryimage\"},\"image\":{\"@id\":\"https:\\\/\\\/laguiole.com\\\/de\\\/produit\\\/laguiole-aubrac-messer-1-stueck-12cm-doppelplatten-und-feder-guillochiert-von-hand-rams-crust-griff-2-gehaemmerte-kropfe-glaenzende-damastklinge-aus-edelstahl\\\/#primaryimage\"},\"thumbnailUrl\":\"https:\\\/\\\/laguiole.com\\\/wp-content\\\/uploads\\\/2025\\\/04\\\/Couteau_Laguiole_en_Aubrac_Double_Platines_Croute_de_Belier_2_Mitres_Martelees_Damas_00.jpg\",\"datePublished\":\"2025-04-16T17:45:54+00:00\",\"dateModified\":\"2025-12-14T13:33:29+00:00\",\"description\":\"Der Griff der Widderkruste, der aufgrund seines rohen und organischen Aussehens ausgew\u00e4hlt wurde, verleiht jedem Messer einen einzigartigen Charakter\",\"breadcrumb\":{\"@id\":\"https:\\\/\\\/laguiole.com\\\/de\\\/produit\\\/laguiole-aubrac-messer-1-stueck-12cm-doppelplatten-und-feder-guillochiert-von-hand-rams-crust-griff-2-gehaemmerte-kropfe-glaenzende-damastklinge-aus-edelstahl\\\/#breadcrumb\"},\"inLanguage\":\"de\",\"potentialAction\":[{\"@type\":\"ReadAction\",\"target\":[\"https:\\\/\\\/laguiole.com\\\/de\\\/produit\\\/laguiole-aubrac-messer-1-stueck-12cm-doppelplatten-und-feder-guillochiert-von-hand-rams-crust-griff-2-gehaemmerte-kropfe-glaenzende-damastklinge-aus-edelstahl\\\/\"]}]},{\"@type\":\"ImageObject\",\"inLanguage\":\"de\",\"@id\":\"https:\\\/\\\/laguiole.com\\\/de\\\/produit\\\/laguiole-aubrac-messer-1-stueck-12cm-doppelplatten-und-feder-guillochiert-von-hand-rams-crust-griff-2-gehaemmerte-kropfe-glaenzende-damastklinge-aus-edelstahl\\\/#primaryimage\",\"url\":\"https:\\\/\\\/laguiole.com\\\/wp-content\\\/uploads\\\/2025\\\/04\\\/Couteau_Laguiole_en_Aubrac_Double_Platines_Croute_de_Belier_2_Mitres_Martelees_Damas_00.jpg\",\"contentUrl\":\"https:\\\/\\\/laguiole.com\\\/wp-content\\\/uploads\\\/2025\\\/04\\\/Couteau_Laguiole_en_Aubrac_Double_Platines_Croute_de_Belier_2_Mitres_Martelees_Damas_00.jpg\",\"width\":1033,\"height\":1033,\"caption\":\"Laguiole Aubrac Messer 1 St\u00fcck 12cm Doppelplatten und Feder Guillochiert von Hand Ram's Crust Griff 2 Geh\u00e4mmerte Kropfe Gl\u00e4nzende Damastklinge aus Edelstahl\"},{\"@type\":\"BreadcrumbList\",\"@id\":\"https:\\\/\\\/laguiole.com\\\/de\\\/produit\\\/laguiole-aubrac-messer-1-stueck-12cm-doppelplatten-und-feder-guillochiert-von-hand-rams-crust-griff-2-gehaemmerte-kropfe-glaenzende-damastklinge-aus-edelstahl\\\/#breadcrumb\",\"itemListElement\":[{\"@type\":\"ListItem\",\"position\":1,\"name\":\"Accueil\",\"item\":\"https:\\\/\\\/laguiole.com\\\/de\\\/\"},{\"@type\":\"ListItem\",\"position\":2,\"name\":\"Shop\",\"item\":\"https:\\\/\\\/laguiole.com\\\/de\\\/shop-2\\\/\"},{\"@type\":\"ListItem\",\"position\":3,\"name\":\"Laguiole Aubrac Messer 1 St\u00fcck 12cm Doppelplatten und Feder Guillochiert von Hand Ram&#8217;s Crust Griff 2 Geh\u00e4mmerte Kropfe Gl\u00e4nzende Damastklinge aus Edelstahl\"}]},{\"@type\":\"WebSite\",\"@id\":\"https:\\\/\\\/laguiole.com\\\/de\\\/#website\",\"url\":\"https:\\\/\\\/laguiole.com\\\/de\\\/\",\"name\":\"Laguiole.com\",\"description\":\"Laguiole - Couteau laguiole, Chateau Laguiole, Laguiole en Aubrac, Forge de Laguiole\",\"publisher\":{\"@id\":\"https:\\\/\\\/laguiole.com\\\/de\\\/#organization\"},\"potentialAction\":[{\"@type\":\"SearchAction\",\"target\":{\"@type\":\"EntryPoint\",\"urlTemplate\":\"https:\\\/\\\/laguiole.com\\\/de\\\/?s={search_term_string}\"},\"query-input\":{\"@type\":\"PropertyValueSpecification\",\"valueRequired\":true,\"valueName\":\"search_term_string\"}}],\"inLanguage\":\"de\"},{\"@type\":\"Organization\",\"@id\":\"https:\\\/\\\/laguiole.com\\\/de\\\/#organization\",\"name\":\"Laguiole.com\",\"url\":\"https:\\\/\\\/laguiole.com\\\/de\\\/\",\"logo\":{\"@type\":\"ImageObject\",\"inLanguage\":\"de\",\"@id\":\"https:\\\/\\\/laguiole.com\\\/de\\\/#\\\/schema\\\/logo\\\/image\\\/\",\"url\":\"https:\\\/\\\/laguiole.com\\\/wp-content\\\/uploads\\\/2021\\\/02\\\/logo_laguiole.com-horizontal.jpg\",\"contentUrl\":\"https:\\\/\\\/laguiole.com\\\/wp-content\\\/uploads\\\/2021\\\/02\\\/logo_laguiole.com-horizontal.jpg\",\"width\":490,\"height\":156,\"caption\":\"Laguiole.com\"},\"image\":{\"@id\":\"https:\\\/\\\/laguiole.com\\\/de\\\/#\\\/schema\\\/logo\\\/image\\\/\"},\"sameAs\":[\"https:\\\/\\\/www.facebook.com\\\/laguiolecom\\\/\",\"https:\\\/\\\/www.instagram.com\\\/laguiolecom\\\/\",\"https:\\\/\\\/www.youtube.com\\\/@laguiolecom\\\/videos\"]}]}<\/script>\n<!-- \/ Yoast SEO plugin. -->","yoast_head_json":{"title":"Laguiole Aubrac Messer 1 St\u00fcck 12cm Doppelplatten und Feder Guillochiert von Hand Ram's Crust Griff 2 Geh\u00e4mmerte Kropfe Gl\u00e4nzende Damastklinge aus Edelstahl - Laguiole.com \u00ae","description":"Der Griff der Widderkruste, der aufgrund seines rohen und organischen Aussehens ausgew\u00e4hlt wurde, verleiht jedem Messer einen einzigartigen Charakter","robots":{"index":"index","follow":"follow","max-snippet":"max-snippet:-1","max-image-preview":"max-image-preview:large","max-video-preview":"max-video-preview:-1"},"canonical":"https:\/\/laguiole.com\/de\/produit\/laguiole-aubrac-messer-1-stueck-12cm-doppelplatten-und-feder-guillochiert-von-hand-rams-crust-griff-2-gehaemmerte-kropfe-glaenzende-damastklinge-aus-edelstahl\/","og_locale":"de_DE","og_type":"article","og_title":"Laguiole Aubrac Messer 1 St\u00fcck 12cm Doppelplatten und Feder Guillochiert von Hand Ram's Crust Griff 2 Geh\u00e4mmerte Kropfe Gl\u00e4nzende Damastklinge aus Edelstahl - Laguiole.com \u00ae","og_description":"Der Griff der Widderkruste, der aufgrund seines rohen und organischen Aussehens ausgew\u00e4hlt wurde, verleiht jedem Messer einen einzigartigen Charakter","og_url":"https:\/\/laguiole.com\/de\/produit\/laguiole-aubrac-messer-1-stueck-12cm-doppelplatten-und-feder-guillochiert-von-hand-rams-crust-griff-2-gehaemmerte-kropfe-glaenzende-damastklinge-aus-edelstahl\/","og_site_name":"Laguiole.com \u00ae","article_publisher":"https:\/\/www.facebook.com\/laguiolecom\/","article_modified_time":"2025-12-14T13:33:29+00:00","og_image":[{"width":1033,"height":1033,"url":"https:\/\/laguiole.com\/wp-content\/uploads\/2025\/04\/Couteau_Laguiole_en_Aubrac_Double_Platines_Croute_de_Belier_2_Mitres_Martelees_Damas_00.jpg","type":"image\/jpeg"}],"twitter_card":"summary_large_image","twitter_misc":{"Gesch\u00e4tzte Lesezeit":"2\u00a0Minute"},"schema":{"@context":"https:\/\/schema.org","@graph":[{"@type":"WebPage","@id":"https:\/\/laguiole.com\/de\/produit\/laguiole-aubrac-messer-1-stueck-12cm-doppelplatten-und-feder-guillochiert-von-hand-rams-crust-griff-2-gehaemmerte-kropfe-glaenzende-damastklinge-aus-edelstahl\/","url":"https:\/\/laguiole.com\/de\/produit\/laguiole-aubrac-messer-1-stueck-12cm-doppelplatten-und-feder-guillochiert-von-hand-rams-crust-griff-2-gehaemmerte-kropfe-glaenzende-damastklinge-aus-edelstahl\/","name":"Laguiole Aubrac Messer 1 St\u00fcck 12cm Doppelplatten und Feder Guillochiert von Hand Ram's Crust Griff 2 Geh\u00e4mmerte Kropfe Gl\u00e4nzende Damastklinge aus Edelstahl - Laguiole.com \u00ae","isPartOf":{"@id":"https:\/\/laguiole.com\/de\/#website"},"primaryImageOfPage":{"@id":"https:\/\/laguiole.com\/de\/produit\/laguiole-aubrac-messer-1-stueck-12cm-doppelplatten-und-feder-guillochiert-von-hand-rams-crust-griff-2-gehaemmerte-kropfe-glaenzende-damastklinge-aus-edelstahl\/#primaryimage"},"image":{"@id":"https:\/\/laguiole.com\/de\/produit\/laguiole-aubrac-messer-1-stueck-12cm-doppelplatten-und-feder-guillochiert-von-hand-rams-crust-griff-2-gehaemmerte-kropfe-glaenzende-damastklinge-aus-edelstahl\/#primaryimage"},"thumbnailUrl":"https:\/\/laguiole.com\/wp-content\/uploads\/2025\/04\/Couteau_Laguiole_en_Aubrac_Double_Platines_Croute_de_Belier_2_Mitres_Martelees_Damas_00.jpg","datePublished":"2025-04-16T17:45:54+00:00","dateModified":"2025-12-14T13:33:29+00:00","description":"Der Griff der Widderkruste, der aufgrund seines rohen und organischen Aussehens ausgew\u00e4hlt wurde, verleiht jedem Messer einen einzigartigen Charakter","breadcrumb":{"@id":"https:\/\/laguiole.com\/de\/produit\/laguiole-aubrac-messer-1-stueck-12cm-doppelplatten-und-feder-guillochiert-von-hand-rams-crust-griff-2-gehaemmerte-kropfe-glaenzende-damastklinge-aus-edelstahl\/#breadcrumb"},"inLanguage":"de","potentialAction":[{"@type":"ReadAction","target":["https:\/\/laguiole.com\/de\/produit\/laguiole-aubrac-messer-1-stueck-12cm-doppelplatten-und-feder-guillochiert-von-hand-rams-crust-griff-2-gehaemmerte-kropfe-glaenzende-damastklinge-aus-edelstahl\/"]}]},{"@type":"ImageObject","inLanguage":"de","@id":"https:\/\/laguiole.com\/de\/produit\/laguiole-aubrac-messer-1-stueck-12cm-doppelplatten-und-feder-guillochiert-von-hand-rams-crust-griff-2-gehaemmerte-kropfe-glaenzende-damastklinge-aus-edelstahl\/#primaryimage","url":"https:\/\/laguiole.com\/wp-content\/uploads\/2025\/04\/Couteau_Laguiole_en_Aubrac_Double_Platines_Croute_de_Belier_2_Mitres_Martelees_Damas_00.jpg","contentUrl":"https:\/\/laguiole.com\/wp-content\/uploads\/2025\/04\/Couteau_Laguiole_en_Aubrac_Double_Platines_Croute_de_Belier_2_Mitres_Martelees_Damas_00.jpg","width":1033,"height":1033,"caption":"Laguiole Aubrac Messer 1 St\u00fcck 12cm Doppelplatten und Feder Guillochiert von Hand Ram's Crust Griff 2 Geh\u00e4mmerte Kropfe Gl\u00e4nzende Damastklinge aus Edelstahl"},{"@type":"BreadcrumbList","@id":"https:\/\/laguiole.com\/de\/produit\/laguiole-aubrac-messer-1-stueck-12cm-doppelplatten-und-feder-guillochiert-von-hand-rams-crust-griff-2-gehaemmerte-kropfe-glaenzende-damastklinge-aus-edelstahl\/#breadcrumb","itemListElement":[{"@type":"ListItem","position":1,"name":"Accueil","item":"https:\/\/laguiole.com\/de\/"},{"@type":"ListItem","position":2,"name":"Shop","item":"https:\/\/laguiole.com\/de\/shop-2\/"},{"@type":"ListItem","position":3,"name":"Laguiole Aubrac Messer 1 St\u00fcck 12cm Doppelplatten und Feder Guillochiert von Hand Ram&#8217;s Crust Griff 2 Geh\u00e4mmerte Kropfe Gl\u00e4nzende Damastklinge aus Edelstahl"}]},{"@type":"WebSite","@id":"https:\/\/laguiole.com\/de\/#website","url":"https:\/\/laguiole.com\/de\/","name":"Laguiole.com","description":"Laguiole - Couteau laguiole, Chateau Laguiole, Laguiole en Aubrac, Forge de Laguiole","publisher":{"@id":"https:\/\/laguiole.com\/de\/#organization"},"potentialAction":[{"@type":"SearchAction","target":{"@type":"EntryPoint","urlTemplate":"https:\/\/laguiole.com\/de\/?s={search_term_string}"},"query-input":{"@type":"PropertyValueSpecification","valueRequired":true,"valueName":"search_term_string"}}],"inLanguage":"de"},{"@type":"Organization","@id":"https:\/\/laguiole.com\/de\/#organization","name":"Laguiole.com","url":"https:\/\/laguiole.com\/de\/","logo":{"@type":"ImageObject","inLanguage":"de","@id":"https:\/\/laguiole.com\/de\/#\/schema\/logo\/image\/","url":"https:\/\/laguiole.com\/wp-content\/uploads\/2021\/02\/logo_laguiole.com-horizontal.jpg","contentUrl":"https:\/\/laguiole.com\/wp-content\/uploads\/2021\/02\/logo_laguiole.com-horizontal.jpg","width":490,"height":156,"caption":"Laguiole.com"},"image":{"@id":"https:\/\/laguiole.com\/de\/#\/schema\/logo\/image\/"},"sameAs":["https:\/\/www.facebook.com\/laguiolecom\/","https:\/\/www.instagram.com\/laguiolecom\/","https:\/\/www.youtube.com\/@laguiolecom\/videos"]}]}},"_links":{"self":[{"href":"https:\/\/laguiole.com\/de\/wp-json\/wp\/v2\/product\/37493","targetHints":{"allow":["GET"]}}],"collection":[{"href":"https:\/\/laguiole.com\/de\/wp-json\/wp\/v2\/product"}],"about":[{"href":"https:\/\/laguiole.com\/de\/wp-json\/wp\/v2\/types\/product"}],"version-history":[{"count":5,"href":"https:\/\/laguiole.com\/de\/wp-json\/wp\/v2\/product\/37493\/revisions"}],"predecessor-version":[{"id":48565,"href":"https:\/\/laguiole.com\/de\/wp-json\/wp\/v2\/product\/37493\/revisions\/48565"}],"wp:featuredmedia":[{"embeddable":true,"href":"https:\/\/laguiole.com\/de\/wp-json\/wp\/v2\/media\/37504"}],"wp:attachment":[{"href":"https:\/\/laguiole.com\/de\/wp-json\/wp\/v2\/media?parent=37493"}],"wp:term":[{"taxonomy":"product_brand","embeddable":true,"href":"https:\/\/laguiole.com\/de\/wp-json\/wp\/v2\/product_brand?post=37493"},{"taxonomy":"product_cat","embeddable":true,"href":"https:\/\/laguiole.com\/de\/wp-json\/wp\/v2\/product_cat?post=37493"},{"taxonomy":"product_tag","embeddable":true,"href":"https:\/\/laguiole.com\/de\/wp-json\/wp\/v2\/product_tag?post=37493"}],"curies":[{"name":"wp","href":"https:\/\/api.w.org\/{rel}","templated":true}]}}