{"id":37475,"date":"2025-05-19T19:19:19","date_gmt":"2025-05-19T17:19:19","guid":{"rendered":"https:\/\/laguiole.com\/produit\/laguiole-prestige-messer-in-der-aubrac-cosmos-kollektion-saturn-1-stueck-12-cm-vollgriff-aus-rosa-holunder-maser-guillochierte-feder-aus-edelstahl-guillochierte-platten-special-fly-saturn-thema\/"},"modified":"2025-10-03T18:14:17","modified_gmt":"2025-10-03T16:14:17","slug":"laguiole-prestige-messer-in-der-aubrac-cosmos-kollektion-saturn-1-stueck-12-cm-vollgriff-aus-rosa-holunder-maser-guillochierte-feder-aus-edelstahl-guillochierte-platten-special-fly-saturn-thema","status":"publish","type":"product","link":"https:\/\/laguiole.com\/de\/produit\/laguiole-prestige-messer-in-der-aubrac-cosmos-kollektion-saturn-1-stueck-12-cm-vollgriff-aus-rosa-holunder-maser-guillochierte-feder-aus-edelstahl-guillochierte-platten-special-fly-saturn-thema\/","title":{"rendered":"Laguiole Prestige Messer in der Aubrac Cosmos Kollektion &#8220;Saturn&#8221; 1 St\u00fcck 12 cm Vollgriff aus rosa Holunder Maser guillochierte Feder aus Edelstahl guillochierte Platten Special Fly Saturn Thema"},"content":{"rendered":"<p><strong>Die COSMOS Kollektion<\/strong><\/p>\n<p>Die COSMOS-Kollektion vereint vier au\u00dfergew\u00f6hnliche Laguiole-Messer, die jeweils von der Sch\u00f6nheit des Universums und den himmlischen Geheimnissen, die es birgt, inspiriert sind.<\/p>\n<p><strong>Das Laguiole Saturn Messer<\/strong> zeichnet sich durch seine zarte rosa Farbe aus, die an die leuchtenden und \u00e4therischen Farbt\u00f6ne der planetarischen Polarlichter erinnert. Seine ma\u00dfgefertigte, fein geformte Fliege stellt Saturn und seine majest\u00e4tischen Ringe dar, eine wahre Ikone des Sonnensystems. Die geb\u00fcrsteten Edelstahlplatten und die Feder werden wundersch\u00f6n von Hand guillochiert und mit gro\u00dfer Pr\u00e4zision gefertigt. <\/p>\n<p>Eine Einladung zu einer Reise durch die Unermesslichkeit des Weltraums<\/p>\n<p>Jedes Laguiole-Messer dieser einzigartigen Kollektion verf\u00fcgt \u00fcber einen Griff aus gebeizter Holunderwurzel, einem Edelholz mit faszinierenden Naturmustern. Die tiefen, lebendigen Farbt\u00f6ne erinnern an die leuchtenden Wirbel der Milchstra\u00dfe und fangen die Brillanz der Sterne in einer Komposition ein, die sowohl poetisch als auch einzigartig ist. <\/p>\n<p>Jedes Laguiole-Messer der COSMOS-Kollektion ist eine Hommage an ein grundlegendes Element des Universums:<br \/>\n \u2013 Der Urknall, Symbol der Sch\u00f6pfung<br \/>\n \u2013 Die Erde, unser blaues Juwel, das in der Unendlichkeit<br \/>\n schwebt \u2013 Der Weltraum, unendlich und geheimnisvoll<br \/>\n<strong>\u2013 Saturn, himmlischer Herrscher mit bet\u00f6renden Ringen<\/strong><\/p>\n<p>Die Federn jedes Laguiole-Messers sind mit raffinierten Gravuren oder subtilen guillochierten Gravuren verziert, die von Sternbildern und Nebeln inspiriert sind. Jedes Detail, vom Griff bis zum Hosenschlitz, verk\u00f6rpert die Handwerkskunst von Laguiole und ihre einzigartige Kombination aus Tradition, Pr\u00e4zision und kosmischer Inspiration. <\/p>\n<p>Mit der Kollektion COSMOS sprengt Laguiole die Grenzen des klassischen Bestecks und bietet eine wahre galaktische Odyssee, die Kunst, Material und Faszination f\u00fcr die Stars vereint.<\/p>\n","protected":false},"excerpt":{"rendered":"<p>Laguiole Klappmesser aus Aubrac Cosmos<br \/>\nCollection Griff aus Holunderwurzelholz rosa gebeizt<br \/>\nVollgriffklinge<br \/>\naus geb\u00fcrstetem Edelstahl mit Lasche<br \/>\nHand guillochierte Feder mit abnehmendem<br \/>\nMond guillochierte Platten Spezialfliege aus geb\u00fcrstetem<br \/>\nEdelstahl, die Saturn und seine Ringe<\/p>\n<p>darstellt Dieses Laguiole-Messer wird mit seinem Zertifikat und in einem braunen Lederetui geliefert.<\/p>\n<p>L\u00e4nge des geschlossenen Messers 12 cm<br \/>\nL\u00e4nge des offenen Messers 22 cm<\/p>\n","protected":false},"featured_media":37486,"template":"","meta":{"_acf_changed":false,"_monsterinsights_skip_tracking":false,"_monsterinsights_sitenote_active":false,"_monsterinsights_sitenote_note":"","_monsterinsights_sitenote_category":0},"product_brand":[],"product_cat":[5938,5939,5943],"product_tag":[],"class_list":{"0":"post-37475","1":"product","2":"type-product","3":"status-publish","4":"has-post-thumbnail","6":"product_cat-klappmesser","7":"product_cat-laguiole-klappmesser","8":"product_cat-laguiole-prestiges-messer","9":"pa_composition-couteau-1-stueck-nur-klinge","10":"pa_finition-gebuerstet","11":"pa_lame-gebuersteter-edelstahl","12":"pa_manche-en-bois-holundermaser","13":"pa_marque-laguiole-en-aubracfr","14":"pa_mitres-ohne-gehrung-vollstaendige-huelse","15":"pa_mouche-geschmiedet","16":"pa_mouche-prestige","17":"pa_platines-einzelplatin","18":"pa_platines-guilloche-muster","19":"pa_ressort-guilloche","20":"pa_taille-du-manche-12-cm","21":"tm-has-options","24":"instock","25":"taxable","26":"shipping-taxable","27":"purchasable","28":"product-type-simple"},"supplier_id":null,"supplier_sku":"","barcode":null,"atum_controlled":true,"out_stock_date":null,"out_stock_threshold":null,"inheritable":false,"inbound_stock":0,"stock_on_hold":0,"sold_today":0,"sales_last_days":0,"reserved_stock":0,"customer_returns":0,"warehouse_damage":0,"lost_in_post":0,"other_logs":0,"out_stock_days":0,"lost_sales":0,"has_location":false,"update_date":"2026-05-10T00:53:28","atum_locations":[],"atum_stock_status":"instock","restock_status":false,"low_stock_amount":"","sales_update_date":"2026-05-10T00:53:28","calc_backorders":0,"acf":[],"yoast_head":"<!-- This site is optimized with the Yoast SEO plugin v27.3 - https:\/\/yoast.com\/product\/yoast-seo-wordpress\/ -->\n<title>Laguiole Prestige Messer in der Aubrac Cosmos Kollektion &quot;Saturn&quot; 1 St\u00fcck 12 cm Vollgriff aus rosa Holunder Maser guillochierte Feder aus Edelstahl guillochierte Platten Special Fly Saturn Thema - Laguiole.com \u00ae<\/title>\n<meta name=\"description\" content=\"Das Laguiole Saturn Messer zeichnet sich durch seine zarte rosa Farbe aus, die an die leuchtenden und \u00e4therischen Farbt\u00f6ne der planetarischen Polarlichter erinnert.\" \/>\n<meta name=\"robots\" content=\"index, follow, max-snippet:-1, max-image-preview:large, max-video-preview:-1\" \/>\n<link rel=\"canonical\" href=\"https:\/\/laguiole.com\/de\/produit\/laguiole-prestige-messer-in-der-aubrac-cosmos-kollektion-saturn-1-stueck-12-cm-vollgriff-aus-rosa-holunder-maser-guillochierte-feder-aus-edelstahl-guillochierte-platten-special-fly-saturn-thema\/\" \/>\n<meta property=\"og:locale\" content=\"de_DE\" \/>\n<meta property=\"og:type\" content=\"article\" \/>\n<meta property=\"og:title\" content=\"Laguiole Prestige Messer in der Aubrac Cosmos Kollektion &quot;Saturn&quot; 1 St\u00fcck 12 cm Vollgriff aus rosa Holunder Maser guillochierte Feder aus Edelstahl guillochierte Platten Special Fly Saturn Thema - Laguiole.com \u00ae\" \/>\n<meta property=\"og:description\" content=\"Das Laguiole Saturn Messer zeichnet sich durch seine zarte rosa Farbe aus, die an die leuchtenden und \u00e4therischen Farbt\u00f6ne der planetarischen Polarlichter erinnert.\" \/>\n<meta property=\"og:url\" content=\"https:\/\/laguiole.com\/de\/produit\/laguiole-prestige-messer-in-der-aubrac-cosmos-kollektion-saturn-1-stueck-12-cm-vollgriff-aus-rosa-holunder-maser-guillochierte-feder-aus-edelstahl-guillochierte-platten-special-fly-saturn-thema\/\" \/>\n<meta property=\"og:site_name\" content=\"Laguiole.com \u00ae\" \/>\n<meta property=\"article:publisher\" content=\"https:\/\/www.facebook.com\/laguiolecom\/\" \/>\n<meta property=\"article:modified_time\" content=\"2025-10-03T16:14:17+00:00\" \/>\n<meta property=\"og:image\" content=\"https:\/\/laguiole.com\/wp-content\/uploads\/2025\/05\/Couteau-_Prestige-_Laguiole-_en-_Aubrac-_Collection-_Cosmos-_Saturne_00.jpg\" \/>\n\t<meta property=\"og:image:width\" content=\"1033\" \/>\n\t<meta property=\"og:image:height\" content=\"1033\" \/>\n\t<meta property=\"og:image:type\" content=\"image\/jpeg\" \/>\n<meta name=\"twitter:card\" content=\"summary_large_image\" \/>\n<meta name=\"twitter:label1\" content=\"Gesch\u00e4tzte Lesezeit\" \/>\n\t<meta name=\"twitter:data1\" content=\"1\u00a0Minute\" \/>\n<script type=\"application\/ld+json\" class=\"yoast-schema-graph\">{\"@context\":\"https:\\\/\\\/schema.org\",\"@graph\":[{\"@type\":\"WebPage\",\"@id\":\"https:\\\/\\\/laguiole.com\\\/de\\\/produit\\\/laguiole-prestige-messer-in-der-aubrac-cosmos-kollektion-saturn-1-stueck-12-cm-vollgriff-aus-rosa-holunder-maser-guillochierte-feder-aus-edelstahl-guillochierte-platten-special-fly-saturn-thema\\\/\",\"url\":\"https:\\\/\\\/laguiole.com\\\/de\\\/produit\\\/laguiole-prestige-messer-in-der-aubrac-cosmos-kollektion-saturn-1-stueck-12-cm-vollgriff-aus-rosa-holunder-maser-guillochierte-feder-aus-edelstahl-guillochierte-platten-special-fly-saturn-thema\\\/\",\"name\":\"Laguiole Prestige Messer in der Aubrac Cosmos Kollektion \\\"Saturn\\\" 1 St\u00fcck 12 cm Vollgriff aus rosa Holunder Maser guillochierte Feder aus Edelstahl guillochierte Platten Special Fly Saturn Thema - Laguiole.com \u00ae\",\"isPartOf\":{\"@id\":\"https:\\\/\\\/laguiole.com\\\/de\\\/#website\"},\"primaryImageOfPage\":{\"@id\":\"https:\\\/\\\/laguiole.com\\\/de\\\/produit\\\/laguiole-prestige-messer-in-der-aubrac-cosmos-kollektion-saturn-1-stueck-12-cm-vollgriff-aus-rosa-holunder-maser-guillochierte-feder-aus-edelstahl-guillochierte-platten-special-fly-saturn-thema\\\/#primaryimage\"},\"image\":{\"@id\":\"https:\\\/\\\/laguiole.com\\\/de\\\/produit\\\/laguiole-prestige-messer-in-der-aubrac-cosmos-kollektion-saturn-1-stueck-12-cm-vollgriff-aus-rosa-holunder-maser-guillochierte-feder-aus-edelstahl-guillochierte-platten-special-fly-saturn-thema\\\/#primaryimage\"},\"thumbnailUrl\":\"https:\\\/\\\/laguiole.com\\\/wp-content\\\/uploads\\\/2025\\\/05\\\/Couteau-_Prestige-_Laguiole-_en-_Aubrac-_Collection-_Cosmos-_Saturne_00.jpg\",\"datePublished\":\"2025-05-19T17:19:19+00:00\",\"dateModified\":\"2025-10-03T16:14:17+00:00\",\"description\":\"Das Laguiole Saturn Messer zeichnet sich durch seine zarte rosa Farbe aus, die an die leuchtenden und \u00e4therischen Farbt\u00f6ne der planetarischen Polarlichter erinnert.\",\"breadcrumb\":{\"@id\":\"https:\\\/\\\/laguiole.com\\\/de\\\/produit\\\/laguiole-prestige-messer-in-der-aubrac-cosmos-kollektion-saturn-1-stueck-12-cm-vollgriff-aus-rosa-holunder-maser-guillochierte-feder-aus-edelstahl-guillochierte-platten-special-fly-saturn-thema\\\/#breadcrumb\"},\"inLanguage\":\"de\",\"potentialAction\":[{\"@type\":\"ReadAction\",\"target\":[\"https:\\\/\\\/laguiole.com\\\/de\\\/produit\\\/laguiole-prestige-messer-in-der-aubrac-cosmos-kollektion-saturn-1-stueck-12-cm-vollgriff-aus-rosa-holunder-maser-guillochierte-feder-aus-edelstahl-guillochierte-platten-special-fly-saturn-thema\\\/\"]}]},{\"@type\":\"ImageObject\",\"inLanguage\":\"de\",\"@id\":\"https:\\\/\\\/laguiole.com\\\/de\\\/produit\\\/laguiole-prestige-messer-in-der-aubrac-cosmos-kollektion-saturn-1-stueck-12-cm-vollgriff-aus-rosa-holunder-maser-guillochierte-feder-aus-edelstahl-guillochierte-platten-special-fly-saturn-thema\\\/#primaryimage\",\"url\":\"https:\\\/\\\/laguiole.com\\\/wp-content\\\/uploads\\\/2025\\\/05\\\/Couteau-_Prestige-_Laguiole-_en-_Aubrac-_Collection-_Cosmos-_Saturne_00.jpg\",\"contentUrl\":\"https:\\\/\\\/laguiole.com\\\/wp-content\\\/uploads\\\/2025\\\/05\\\/Couteau-_Prestige-_Laguiole-_en-_Aubrac-_Collection-_Cosmos-_Saturne_00.jpg\",\"width\":1033,\"height\":1033,\"caption\":\"Laguiole Prestige Messer in der Aubrac Cosmos Saturn Kollektion\"},{\"@type\":\"BreadcrumbList\",\"@id\":\"https:\\\/\\\/laguiole.com\\\/de\\\/produit\\\/laguiole-prestige-messer-in-der-aubrac-cosmos-kollektion-saturn-1-stueck-12-cm-vollgriff-aus-rosa-holunder-maser-guillochierte-feder-aus-edelstahl-guillochierte-platten-special-fly-saturn-thema\\\/#breadcrumb\",\"itemListElement\":[{\"@type\":\"ListItem\",\"position\":1,\"name\":\"Accueil\",\"item\":\"https:\\\/\\\/laguiole.com\\\/de\\\/\"},{\"@type\":\"ListItem\",\"position\":2,\"name\":\"Shop\",\"item\":\"https:\\\/\\\/laguiole.com\\\/de\\\/shop-2\\\/\"},{\"@type\":\"ListItem\",\"position\":3,\"name\":\"Laguiole Prestige Messer in der Aubrac Cosmos Kollektion &#8220;Saturn&#8221; 1 St\u00fcck 12 cm Vollgriff aus rosa Holunder Maser guillochierte Feder aus Edelstahl guillochierte Platten Special Fly Saturn Thema\"}]},{\"@type\":\"WebSite\",\"@id\":\"https:\\\/\\\/laguiole.com\\\/de\\\/#website\",\"url\":\"https:\\\/\\\/laguiole.com\\\/de\\\/\",\"name\":\"Laguiole.com\",\"description\":\"Laguiole - Couteau laguiole, Chateau Laguiole, Laguiole en Aubrac, Forge de Laguiole\",\"publisher\":{\"@id\":\"https:\\\/\\\/laguiole.com\\\/de\\\/#organization\"},\"potentialAction\":[{\"@type\":\"SearchAction\",\"target\":{\"@type\":\"EntryPoint\",\"urlTemplate\":\"https:\\\/\\\/laguiole.com\\\/de\\\/?s={search_term_string}\"},\"query-input\":{\"@type\":\"PropertyValueSpecification\",\"valueRequired\":true,\"valueName\":\"search_term_string\"}}],\"inLanguage\":\"de\"},{\"@type\":\"Organization\",\"@id\":\"https:\\\/\\\/laguiole.com\\\/de\\\/#organization\",\"name\":\"Laguiole.com\",\"url\":\"https:\\\/\\\/laguiole.com\\\/de\\\/\",\"logo\":{\"@type\":\"ImageObject\",\"inLanguage\":\"de\",\"@id\":\"https:\\\/\\\/laguiole.com\\\/de\\\/#\\\/schema\\\/logo\\\/image\\\/\",\"url\":\"https:\\\/\\\/laguiole.com\\\/wp-content\\\/uploads\\\/2021\\\/02\\\/logo_laguiole.com-horizontal.jpg\",\"contentUrl\":\"https:\\\/\\\/laguiole.com\\\/wp-content\\\/uploads\\\/2021\\\/02\\\/logo_laguiole.com-horizontal.jpg\",\"width\":490,\"height\":156,\"caption\":\"Laguiole.com\"},\"image\":{\"@id\":\"https:\\\/\\\/laguiole.com\\\/de\\\/#\\\/schema\\\/logo\\\/image\\\/\"},\"sameAs\":[\"https:\\\/\\\/www.facebook.com\\\/laguiolecom\\\/\",\"https:\\\/\\\/www.instagram.com\\\/laguiolecom\\\/\",\"https:\\\/\\\/www.youtube.com\\\/@laguiolecom\\\/videos\"]}]}<\/script>\n<!-- \/ Yoast SEO plugin. -->","yoast_head_json":{"title":"Laguiole Prestige Messer in der Aubrac Cosmos Kollektion \"Saturn\" 1 St\u00fcck 12 cm Vollgriff aus rosa Holunder Maser guillochierte Feder aus Edelstahl guillochierte Platten Special Fly Saturn Thema - Laguiole.com \u00ae","description":"Das Laguiole Saturn Messer zeichnet sich durch seine zarte rosa Farbe aus, die an die leuchtenden und \u00e4therischen Farbt\u00f6ne der planetarischen Polarlichter erinnert.","robots":{"index":"index","follow":"follow","max-snippet":"max-snippet:-1","max-image-preview":"max-image-preview:large","max-video-preview":"max-video-preview:-1"},"canonical":"https:\/\/laguiole.com\/de\/produit\/laguiole-prestige-messer-in-der-aubrac-cosmos-kollektion-saturn-1-stueck-12-cm-vollgriff-aus-rosa-holunder-maser-guillochierte-feder-aus-edelstahl-guillochierte-platten-special-fly-saturn-thema\/","og_locale":"de_DE","og_type":"article","og_title":"Laguiole Prestige Messer in der Aubrac Cosmos Kollektion \"Saturn\" 1 St\u00fcck 12 cm Vollgriff aus rosa Holunder Maser guillochierte Feder aus Edelstahl guillochierte Platten Special Fly Saturn Thema - Laguiole.com \u00ae","og_description":"Das Laguiole Saturn Messer zeichnet sich durch seine zarte rosa Farbe aus, die an die leuchtenden und \u00e4therischen Farbt\u00f6ne der planetarischen Polarlichter erinnert.","og_url":"https:\/\/laguiole.com\/de\/produit\/laguiole-prestige-messer-in-der-aubrac-cosmos-kollektion-saturn-1-stueck-12-cm-vollgriff-aus-rosa-holunder-maser-guillochierte-feder-aus-edelstahl-guillochierte-platten-special-fly-saturn-thema\/","og_site_name":"Laguiole.com \u00ae","article_publisher":"https:\/\/www.facebook.com\/laguiolecom\/","article_modified_time":"2025-10-03T16:14:17+00:00","og_image":[{"width":1033,"height":1033,"url":"https:\/\/laguiole.com\/wp-content\/uploads\/2025\/05\/Couteau-_Prestige-_Laguiole-_en-_Aubrac-_Collection-_Cosmos-_Saturne_00.jpg","type":"image\/jpeg"}],"twitter_card":"summary_large_image","twitter_misc":{"Gesch\u00e4tzte Lesezeit":"1\u00a0Minute"},"schema":{"@context":"https:\/\/schema.org","@graph":[{"@type":"WebPage","@id":"https:\/\/laguiole.com\/de\/produit\/laguiole-prestige-messer-in-der-aubrac-cosmos-kollektion-saturn-1-stueck-12-cm-vollgriff-aus-rosa-holunder-maser-guillochierte-feder-aus-edelstahl-guillochierte-platten-special-fly-saturn-thema\/","url":"https:\/\/laguiole.com\/de\/produit\/laguiole-prestige-messer-in-der-aubrac-cosmos-kollektion-saturn-1-stueck-12-cm-vollgriff-aus-rosa-holunder-maser-guillochierte-feder-aus-edelstahl-guillochierte-platten-special-fly-saturn-thema\/","name":"Laguiole Prestige Messer in der Aubrac Cosmos Kollektion \"Saturn\" 1 St\u00fcck 12 cm Vollgriff aus rosa Holunder Maser guillochierte Feder aus Edelstahl guillochierte Platten Special Fly Saturn Thema - Laguiole.com \u00ae","isPartOf":{"@id":"https:\/\/laguiole.com\/de\/#website"},"primaryImageOfPage":{"@id":"https:\/\/laguiole.com\/de\/produit\/laguiole-prestige-messer-in-der-aubrac-cosmos-kollektion-saturn-1-stueck-12-cm-vollgriff-aus-rosa-holunder-maser-guillochierte-feder-aus-edelstahl-guillochierte-platten-special-fly-saturn-thema\/#primaryimage"},"image":{"@id":"https:\/\/laguiole.com\/de\/produit\/laguiole-prestige-messer-in-der-aubrac-cosmos-kollektion-saturn-1-stueck-12-cm-vollgriff-aus-rosa-holunder-maser-guillochierte-feder-aus-edelstahl-guillochierte-platten-special-fly-saturn-thema\/#primaryimage"},"thumbnailUrl":"https:\/\/laguiole.com\/wp-content\/uploads\/2025\/05\/Couteau-_Prestige-_Laguiole-_en-_Aubrac-_Collection-_Cosmos-_Saturne_00.jpg","datePublished":"2025-05-19T17:19:19+00:00","dateModified":"2025-10-03T16:14:17+00:00","description":"Das Laguiole Saturn Messer zeichnet sich durch seine zarte rosa Farbe aus, die an die leuchtenden und \u00e4therischen Farbt\u00f6ne der planetarischen Polarlichter erinnert.","breadcrumb":{"@id":"https:\/\/laguiole.com\/de\/produit\/laguiole-prestige-messer-in-der-aubrac-cosmos-kollektion-saturn-1-stueck-12-cm-vollgriff-aus-rosa-holunder-maser-guillochierte-feder-aus-edelstahl-guillochierte-platten-special-fly-saturn-thema\/#breadcrumb"},"inLanguage":"de","potentialAction":[{"@type":"ReadAction","target":["https:\/\/laguiole.com\/de\/produit\/laguiole-prestige-messer-in-der-aubrac-cosmos-kollektion-saturn-1-stueck-12-cm-vollgriff-aus-rosa-holunder-maser-guillochierte-feder-aus-edelstahl-guillochierte-platten-special-fly-saturn-thema\/"]}]},{"@type":"ImageObject","inLanguage":"de","@id":"https:\/\/laguiole.com\/de\/produit\/laguiole-prestige-messer-in-der-aubrac-cosmos-kollektion-saturn-1-stueck-12-cm-vollgriff-aus-rosa-holunder-maser-guillochierte-feder-aus-edelstahl-guillochierte-platten-special-fly-saturn-thema\/#primaryimage","url":"https:\/\/laguiole.com\/wp-content\/uploads\/2025\/05\/Couteau-_Prestige-_Laguiole-_en-_Aubrac-_Collection-_Cosmos-_Saturne_00.jpg","contentUrl":"https:\/\/laguiole.com\/wp-content\/uploads\/2025\/05\/Couteau-_Prestige-_Laguiole-_en-_Aubrac-_Collection-_Cosmos-_Saturne_00.jpg","width":1033,"height":1033,"caption":"Laguiole Prestige Messer in der Aubrac Cosmos Saturn Kollektion"},{"@type":"BreadcrumbList","@id":"https:\/\/laguiole.com\/de\/produit\/laguiole-prestige-messer-in-der-aubrac-cosmos-kollektion-saturn-1-stueck-12-cm-vollgriff-aus-rosa-holunder-maser-guillochierte-feder-aus-edelstahl-guillochierte-platten-special-fly-saturn-thema\/#breadcrumb","itemListElement":[{"@type":"ListItem","position":1,"name":"Accueil","item":"https:\/\/laguiole.com\/de\/"},{"@type":"ListItem","position":2,"name":"Shop","item":"https:\/\/laguiole.com\/de\/shop-2\/"},{"@type":"ListItem","position":3,"name":"Laguiole Prestige Messer in der Aubrac Cosmos Kollektion &#8220;Saturn&#8221; 1 St\u00fcck 12 cm Vollgriff aus rosa Holunder Maser guillochierte Feder aus Edelstahl guillochierte Platten Special Fly Saturn Thema"}]},{"@type":"WebSite","@id":"https:\/\/laguiole.com\/de\/#website","url":"https:\/\/laguiole.com\/de\/","name":"Laguiole.com","description":"Laguiole - Couteau laguiole, Chateau Laguiole, Laguiole en Aubrac, Forge de Laguiole","publisher":{"@id":"https:\/\/laguiole.com\/de\/#organization"},"potentialAction":[{"@type":"SearchAction","target":{"@type":"EntryPoint","urlTemplate":"https:\/\/laguiole.com\/de\/?s={search_term_string}"},"query-input":{"@type":"PropertyValueSpecification","valueRequired":true,"valueName":"search_term_string"}}],"inLanguage":"de"},{"@type":"Organization","@id":"https:\/\/laguiole.com\/de\/#organization","name":"Laguiole.com","url":"https:\/\/laguiole.com\/de\/","logo":{"@type":"ImageObject","inLanguage":"de","@id":"https:\/\/laguiole.com\/de\/#\/schema\/logo\/image\/","url":"https:\/\/laguiole.com\/wp-content\/uploads\/2021\/02\/logo_laguiole.com-horizontal.jpg","contentUrl":"https:\/\/laguiole.com\/wp-content\/uploads\/2021\/02\/logo_laguiole.com-horizontal.jpg","width":490,"height":156,"caption":"Laguiole.com"},"image":{"@id":"https:\/\/laguiole.com\/de\/#\/schema\/logo\/image\/"},"sameAs":["https:\/\/www.facebook.com\/laguiolecom\/","https:\/\/www.instagram.com\/laguiolecom\/","https:\/\/www.youtube.com\/@laguiolecom\/videos"]}]}},"_links":{"self":[{"href":"https:\/\/laguiole.com\/de\/wp-json\/wp\/v2\/product\/37475","targetHints":{"allow":["GET"]}}],"collection":[{"href":"https:\/\/laguiole.com\/de\/wp-json\/wp\/v2\/product"}],"about":[{"href":"https:\/\/laguiole.com\/de\/wp-json\/wp\/v2\/types\/product"}],"version-history":[{"count":1,"href":"https:\/\/laguiole.com\/de\/wp-json\/wp\/v2\/product\/37475\/revisions"}],"predecessor-version":[{"id":41729,"href":"https:\/\/laguiole.com\/de\/wp-json\/wp\/v2\/product\/37475\/revisions\/41729"}],"wp:featuredmedia":[{"embeddable":true,"href":"https:\/\/laguiole.com\/de\/wp-json\/wp\/v2\/media\/37486"}],"wp:attachment":[{"href":"https:\/\/laguiole.com\/de\/wp-json\/wp\/v2\/media?parent=37475"}],"wp:term":[{"taxonomy":"product_brand","embeddable":true,"href":"https:\/\/laguiole.com\/de\/wp-json\/wp\/v2\/product_brand?post=37475"},{"taxonomy":"product_cat","embeddable":true,"href":"https:\/\/laguiole.com\/de\/wp-json\/wp\/v2\/product_cat?post=37475"},{"taxonomy":"product_tag","embeddable":true,"href":"https:\/\/laguiole.com\/de\/wp-json\/wp\/v2\/product_tag?post=37475"}],"curies":[{"name":"wp","href":"https:\/\/api.w.org\/{rel}","templated":true}]}}