{"id":37469,"date":"2025-04-16T18:08:19","date_gmt":"2025-04-16T16:08:19","guid":{"rendered":"https:\/\/laguiole.com\/produit\/laguiole-messer-in-aubrac-1-stueck-12-cm-vollgriff-aus-mammut-elfenbeinkruste-blaeuliche-guillochierte-platten-schwarze-abstandshalter-guillochierte-federfliege-prestige-gebuerstetes-finish\/"},"modified":"2025-11-18T18:51:06","modified_gmt":"2025-11-18T17:51:06","slug":"laguiole-messer-in-aubrac-1-stueck-12-cm-vollgriff-aus-mammut-elfenbeinkruste-blaeuliche-guillochierte-platten-schwarze-abstandshalter-guillochierte-federfliege-prestige-gebuerstetes-finish","status":"publish","type":"product","link":"https:\/\/laguiole.com\/de\/produit\/laguiole-messer-in-aubrac-1-stueck-12-cm-vollgriff-aus-mammut-elfenbeinkruste-blaeuliche-guillochierte-platten-schwarze-abstandshalter-guillochierte-federfliege-prestige-gebuerstetes-finish\/","title":{"rendered":"Laguiole Messer in Aubrac 1 St\u00fcck 12 cm Vollgriff aus Mammut-Elfenbeinkruste Bl\u00e4uliche guillochierte Platten Schwarze Abstandshalter guillochierte Federfliege Prestige geb\u00fcrstetes Finish"},"content":{"rendered":"<p class=\"\" data-start=\"220\" data-end=\"467\">Dieses <strong data-start=\"231\" data-end=\"247\">Laguiole Vollgriffmesser in Aubrac<\/strong> zeichnet sich durch ein hohes Besteckwerk aus, das aus der Allianz zwischen <strong data-start=\"323\" data-end=\"342\">seltenen Materialien<\/strong> und <strong data-start=\"346\" data-end=\"374\">au\u00dfergew\u00f6hnlichem Know-how<\/strong> entstanden ist. Als wahres Sammlerst\u00fcck verk\u00f6rpert es ultimative Raffinesse und zeitlose Eleganz. <\/p>\n<p class=\"\" data-start=\"469\" data-end=\"966\">Der Griff ist in <strong data-start=\"493\" data-end=\"569\">einem St\u00fcck aus leicht bl\u00e4ulicher Mammut-Elfenbeinkruste<\/strong> gefertigt, einem ebenso seltenen wie geschichtstr\u00e4chtigen Material, das nach mehreren Jahrtausenden aus dem Eis des hohen Nordens gewonnen wird. Dieses kostbare und nat\u00fcrliche fossile Material zeigt subtile Blau-, Perlgrau- und Cremet\u00f6ne, Zeugen der Zeit und der einzigartigen geologischen Bedingungen, unter denen es entstanden ist. Jedes St\u00fcck ist ein absolutes Unikat, was dieses Messer so einzigartig wie unbezahlbar macht.  <\/p>\n<p class=\"\" data-start=\"968\" data-end=\"1279\">Die <strong data-start=\"972\" data-end=\"998\">Platten und die Feder<\/strong> sind fein <strong data-start=\"1013\" data-end=\"1037\">von Hand guillochiert<\/strong>, in einer dezenten und eleganten Ornamentik, die die Qualit\u00e4t der Verarbeitung unterstreicht. Die schwarzen, fein integrierten <strong data-start=\"1125\" data-end=\"1147\">Abstandshalter<\/strong> sorgen f\u00fcr einen subtilen optischen Kontrast, der die Tiefe des Halsausschnitts und die Balance der Silhouette betont. <\/p>\n<p class=\"\" data-start=\"1281\" data-end=\"1501\">Zum Schluss wird das St\u00fcck durch eine <strong data-start=\"1318\" data-end=\"1337\">Prestige-Fliege<\/strong> von gro\u00dfer Finesse sublimiert, die mit Akribie modelliert wurde. Als Symbol der Exzellenz signiert es das Messer mit Auszeichnung und spiegelt die ganze Aufmerksamkeit wider, die dem kleinsten Detail gewidmet wird. <\/p>\n<p class=\"\" data-start=\"1503\" data-end=\"1793\">Dieses Messer mit vollem Griff ist viel mehr als ein funktionales Objekt: Es ist ein <strong data-start=\"1577\" data-end=\"1633\">seltenes, kostbares und zutiefst gef\u00fchlvolles St\u00fcck<\/strong>, das f\u00fcr Sammler, \u00c4stheten und Liebhaber von feinem Besteck gedacht ist. Eine Hommage an die Natur, die Zeit und das Handwerk in ihrer edelsten Form. <\/p>\n","protected":false},"excerpt":{"rendered":"<p>Laguiole Klappmesser in Aubrac<br \/>\nVollgriff in leicht bl\u00e4ulicher<br \/>\nMammut-Elfenbein-Kruste Klinge aus geb\u00fcrstetem<br \/>\nEdelstahl Prestige-Fliege von Hand<br \/>\ngeschmiedet und gemei\u00dfelt Gravierte Feder aus geb\u00fcrstetem<br \/>\nEdelstahl Guillochierte Platten Hand<br \/>\nSchwarze Abstandshalter<br \/>\nHirtenkreuz auf der linken Seite des Messers<br \/>\nL\u00e4nge des Messers geschlossen: 12 cm<br \/>\nL\u00e4nge der Klinge: 10 cm<br \/>\nL\u00e4nge des Messers offen:  ca. 22 cm<br \/>\n<br \/>\n<b><u>Video des Laguiole-Messers aus bl\u00e4ulicher Mammutelfenbein-Krust \u2013 Prestige<\/b><\/u><br \/>\n<br \/>\nTauchen Sie ein in die raffinierte und au\u00dfergew\u00f6hnliche Welt von Laguiole en Aubrac mit diesem Video, das diesem Prestige-Modell mit Griff aus bl\u00e4ulicher Mammutelfenbein-Krust gewidmet ist. Die fein nuancierte Fossilsubstanz verstr\u00f6mt eine geheimnisvolle, elegante Ausstrahlung \u2013 wie ein jahrtausendealtes Relikt, das durch die Zeit veredelt wurde.<br \/>\nDie fein guillochierten Platinen, kombiniert mit schwarzen Zwischenst\u00fccken, schaffen einen dezenten, aber kraftvollen Kontrast, verst\u00e4rkt durch die von Hand guillochierte Feder, ein wahres Meisterwerk handwerklicher Pr\u00e4zision. Jedes Detail ist sorgf\u00e4ltig ausgearbeitet, jede Linie darauf abgestimmt, dieses einzigartige St\u00fcck zu vollenden.<br \/>\nDie Prestige-Fliege, mit besonderer Eleganz gestaltet, verleiht dem Messer eine edle und subtile Signatur. Die geb\u00fcrstete Oberfl\u00e4che enth\u00fcllt eine sanft satinierte Textur und hebt die Reinheit der Materialien hervor.<br \/>\nLassen Sie Ihren Blick \u00fcber jede Nuance, jedes Relief wandern und stellen Sie sich dieses seltene und majest\u00e4tische Messer in Ihren H\u00e4nden vor \u2013 eine perfekte Verbindung aus der Sch\u00f6nheit eines uralten Materials und der Exzellenz franz\u00f6sischer Handwerkskunst.<br \/>\n<br \/>\n<iframe src=\"https:\/\/www.youtube.com\/embed\/6UxPsbOz_7E?rel=0&amp;autoplay=1\" width=\"400\" height=\"225\" frameborder=\"0\" allowfullscreen=\"allowfullscreen\"><\/iframe><\/p>\n","protected":false},"featured_media":37476,"template":"","meta":{"_acf_changed":false,"_monsterinsights_skip_tracking":false,"_monsterinsights_sitenote_active":false,"_monsterinsights_sitenote_note":"","_monsterinsights_sitenote_category":0},"product_brand":[],"product_cat":[5938,5939,5942,5943],"product_tag":[],"class_list":{"0":"post-37469","1":"product","2":"type-product","3":"status-publish","4":"has-post-thumbnail","6":"product_cat-klappmesser","7":"product_cat-laguiole-klappmesser","8":"product_cat-laguiole-origines-messer","9":"product_cat-laguiole-prestiges-messer","10":"pa_composition-couteau-1-stueck-nur-klinge","11":"pa_finition-gebuerstet","12":"pa_lame-gebuersteter-edelstahl","13":"pa_manche-en-matiere-animale-mammut-elfenbeinkruste","14":"pa_marque-laguiole-en-aubracfr","15":"pa_mitres-ohne-gehrung-vollstaendige-huelse","16":"pa_mouche-geschmiedet","17":"pa_mouche-prestige","18":"pa_platines-einzelplatin","19":"pa_platines-guilloche-muster","20":"pa_ressort-guilloche","21":"pa_ressort-zum-personalisieren-lasergravur","22":"pa_taille-du-manche-12-cm","23":"tm-has-options","26":"instock","27":"taxable","28":"shipping-taxable","29":"purchasable","30":"product-type-simple"},"supplier_id":null,"supplier_sku":"","barcode":null,"atum_controlled":true,"out_stock_date":null,"out_stock_threshold":null,"inheritable":false,"inbound_stock":0,"stock_on_hold":0,"sold_today":0,"sales_last_days":0,"reserved_stock":0,"customer_returns":0,"warehouse_damage":0,"lost_in_post":0,"other_logs":0,"out_stock_days":0,"lost_sales":0,"has_location":false,"update_date":"2026-05-10T00:51:05","atum_locations":[],"atum_stock_status":"instock","restock_status":false,"low_stock_amount":"","sales_update_date":"2026-05-10T00:51:05","calc_backorders":0,"acf":[],"yoast_head":"<!-- This site is optimized with the Yoast SEO plugin v27.3 - https:\/\/yoast.com\/product\/yoast-seo-wordpress\/ -->\n<title>Laguiole Messer in Aubrac 1 St\u00fcck 12 cm Vollgriff aus Mammut-Elfenbeinkruste Bl\u00e4uliche guillochierte Platten Schwarze Abstandshalter guillochierte Federfliege Prestige geb\u00fcrstetes Finish - Laguiole.com \u00ae<\/title>\n<meta name=\"description\" content=\"Dieses Messer mit vollem Griff ist viel mehr als ein funktionales Objekt: Es ist ein seltenes, kostbares St\u00fcck und tief mit Seele aufgeladen\" \/>\n<meta name=\"robots\" content=\"index, follow, max-snippet:-1, max-image-preview:large, max-video-preview:-1\" \/>\n<link rel=\"canonical\" href=\"https:\/\/laguiole.com\/de\/produit\/laguiole-messer-in-aubrac-1-stueck-12-cm-vollgriff-aus-mammut-elfenbeinkruste-blaeuliche-guillochierte-platten-schwarze-abstandshalter-guillochierte-federfliege-prestige-gebuerstetes-finish\/\" \/>\n<meta property=\"og:locale\" content=\"de_DE\" \/>\n<meta property=\"og:type\" content=\"article\" \/>\n<meta property=\"og:title\" content=\"Laguiole Messer in Aubrac 1 St\u00fcck 12 cm Vollgriff aus Mammut-Elfenbeinkruste Bl\u00e4uliche guillochierte Platten Schwarze Abstandshalter guillochierte Federfliege Prestige geb\u00fcrstetes Finish - Laguiole.com \u00ae\" \/>\n<meta property=\"og:description\" content=\"Dieses Messer mit vollem Griff ist viel mehr als ein funktionales Objekt: Es ist ein seltenes, kostbares St\u00fcck und tief mit Seele aufgeladen\" \/>\n<meta property=\"og:url\" content=\"https:\/\/laguiole.com\/de\/produit\/laguiole-messer-in-aubrac-1-stueck-12-cm-vollgriff-aus-mammut-elfenbeinkruste-blaeuliche-guillochierte-platten-schwarze-abstandshalter-guillochierte-federfliege-prestige-gebuerstetes-finish\/\" \/>\n<meta property=\"og:site_name\" content=\"Laguiole.com \u00ae\" \/>\n<meta property=\"article:publisher\" content=\"https:\/\/www.facebook.com\/laguiolecom\/\" \/>\n<meta property=\"article:modified_time\" content=\"2025-11-18T17:51:06+00:00\" \/>\n<meta property=\"og:image\" content=\"https:\/\/laguiole.com\/wp-content\/uploads\/2025\/04\/Couteau_Laguiole_en_Aubrac_Plein_Manche_en_Croute_Ivoire_Mammouth_Bleutee_00.jpg\" \/>\n\t<meta property=\"og:image:width\" content=\"1033\" \/>\n\t<meta property=\"og:image:height\" content=\"1033\" \/>\n\t<meta property=\"og:image:type\" content=\"image\/jpeg\" \/>\n<meta name=\"twitter:card\" content=\"summary_large_image\" \/>\n<meta name=\"twitter:label1\" content=\"Gesch\u00e4tzte Lesezeit\" \/>\n\t<meta name=\"twitter:data1\" content=\"2\u00a0Minute\" \/>\n<script type=\"application\/ld+json\" class=\"yoast-schema-graph\">{\"@context\":\"https:\\\/\\\/schema.org\",\"@graph\":[{\"@type\":\"WebPage\",\"@id\":\"https:\\\/\\\/laguiole.com\\\/de\\\/produit\\\/laguiole-messer-in-aubrac-1-stueck-12-cm-vollgriff-aus-mammut-elfenbeinkruste-blaeuliche-guillochierte-platten-schwarze-abstandshalter-guillochierte-federfliege-prestige-gebuerstetes-finish\\\/\",\"url\":\"https:\\\/\\\/laguiole.com\\\/de\\\/produit\\\/laguiole-messer-in-aubrac-1-stueck-12-cm-vollgriff-aus-mammut-elfenbeinkruste-blaeuliche-guillochierte-platten-schwarze-abstandshalter-guillochierte-federfliege-prestige-gebuerstetes-finish\\\/\",\"name\":\"Laguiole Messer in Aubrac 1 St\u00fcck 12 cm Vollgriff aus Mammut-Elfenbeinkruste Bl\u00e4uliche guillochierte Platten Schwarze Abstandshalter guillochierte Federfliege Prestige geb\u00fcrstetes Finish - Laguiole.com \u00ae\",\"isPartOf\":{\"@id\":\"https:\\\/\\\/laguiole.com\\\/de\\\/#website\"},\"primaryImageOfPage\":{\"@id\":\"https:\\\/\\\/laguiole.com\\\/de\\\/produit\\\/laguiole-messer-in-aubrac-1-stueck-12-cm-vollgriff-aus-mammut-elfenbeinkruste-blaeuliche-guillochierte-platten-schwarze-abstandshalter-guillochierte-federfliege-prestige-gebuerstetes-finish\\\/#primaryimage\"},\"image\":{\"@id\":\"https:\\\/\\\/laguiole.com\\\/de\\\/produit\\\/laguiole-messer-in-aubrac-1-stueck-12-cm-vollgriff-aus-mammut-elfenbeinkruste-blaeuliche-guillochierte-platten-schwarze-abstandshalter-guillochierte-federfliege-prestige-gebuerstetes-finish\\\/#primaryimage\"},\"thumbnailUrl\":\"https:\\\/\\\/laguiole.com\\\/wp-content\\\/uploads\\\/2025\\\/04\\\/Couteau_Laguiole_en_Aubrac_Plein_Manche_en_Croute_Ivoire_Mammouth_Bleutee_00.jpg\",\"datePublished\":\"2025-04-16T16:08:19+00:00\",\"dateModified\":\"2025-11-18T17:51:06+00:00\",\"description\":\"Dieses Messer mit vollem Griff ist viel mehr als ein funktionales Objekt: Es ist ein seltenes, kostbares St\u00fcck und tief mit Seele aufgeladen\",\"breadcrumb\":{\"@id\":\"https:\\\/\\\/laguiole.com\\\/de\\\/produit\\\/laguiole-messer-in-aubrac-1-stueck-12-cm-vollgriff-aus-mammut-elfenbeinkruste-blaeuliche-guillochierte-platten-schwarze-abstandshalter-guillochierte-federfliege-prestige-gebuerstetes-finish\\\/#breadcrumb\"},\"inLanguage\":\"de\",\"potentialAction\":[{\"@type\":\"ReadAction\",\"target\":[\"https:\\\/\\\/laguiole.com\\\/de\\\/produit\\\/laguiole-messer-in-aubrac-1-stueck-12-cm-vollgriff-aus-mammut-elfenbeinkruste-blaeuliche-guillochierte-platten-schwarze-abstandshalter-guillochierte-federfliege-prestige-gebuerstetes-finish\\\/\"]}]},{\"@type\":\"ImageObject\",\"inLanguage\":\"de\",\"@id\":\"https:\\\/\\\/laguiole.com\\\/de\\\/produit\\\/laguiole-messer-in-aubrac-1-stueck-12-cm-vollgriff-aus-mammut-elfenbeinkruste-blaeuliche-guillochierte-platten-schwarze-abstandshalter-guillochierte-federfliege-prestige-gebuerstetes-finish\\\/#primaryimage\",\"url\":\"https:\\\/\\\/laguiole.com\\\/wp-content\\\/uploads\\\/2025\\\/04\\\/Couteau_Laguiole_en_Aubrac_Plein_Manche_en_Croute_Ivoire_Mammouth_Bleutee_00.jpg\",\"contentUrl\":\"https:\\\/\\\/laguiole.com\\\/wp-content\\\/uploads\\\/2025\\\/04\\\/Couteau_Laguiole_en_Aubrac_Plein_Manche_en_Croute_Ivoire_Mammouth_Bleutee_00.jpg\",\"width\":1033,\"height\":1033,\"caption\":\"Laguiole Messer in Aubrac 1 St\u00fcck 12 cm Vollgriff aus Mammut-Elfenbeinkruste Bl\u00e4uliche guillochierte Platten Schwarze Abstandshalter guillochierte Federfliege Prestige geb\u00fcrstetes Finish\"},{\"@type\":\"BreadcrumbList\",\"@id\":\"https:\\\/\\\/laguiole.com\\\/de\\\/produit\\\/laguiole-messer-in-aubrac-1-stueck-12-cm-vollgriff-aus-mammut-elfenbeinkruste-blaeuliche-guillochierte-platten-schwarze-abstandshalter-guillochierte-federfliege-prestige-gebuerstetes-finish\\\/#breadcrumb\",\"itemListElement\":[{\"@type\":\"ListItem\",\"position\":1,\"name\":\"Accueil\",\"item\":\"https:\\\/\\\/laguiole.com\\\/de\\\/\"},{\"@type\":\"ListItem\",\"position\":2,\"name\":\"Shop\",\"item\":\"https:\\\/\\\/laguiole.com\\\/de\\\/shop-2\\\/\"},{\"@type\":\"ListItem\",\"position\":3,\"name\":\"Laguiole Messer in Aubrac 1 St\u00fcck 12 cm Vollgriff aus Mammut-Elfenbeinkruste Bl\u00e4uliche guillochierte Platten Schwarze Abstandshalter guillochierte Federfliege Prestige geb\u00fcrstetes Finish\"}]},{\"@type\":\"WebSite\",\"@id\":\"https:\\\/\\\/laguiole.com\\\/de\\\/#website\",\"url\":\"https:\\\/\\\/laguiole.com\\\/de\\\/\",\"name\":\"Laguiole.com\",\"description\":\"Laguiole - Couteau laguiole, Chateau Laguiole, Laguiole en Aubrac, Forge de Laguiole\",\"publisher\":{\"@id\":\"https:\\\/\\\/laguiole.com\\\/de\\\/#organization\"},\"potentialAction\":[{\"@type\":\"SearchAction\",\"target\":{\"@type\":\"EntryPoint\",\"urlTemplate\":\"https:\\\/\\\/laguiole.com\\\/de\\\/?s={search_term_string}\"},\"query-input\":{\"@type\":\"PropertyValueSpecification\",\"valueRequired\":true,\"valueName\":\"search_term_string\"}}],\"inLanguage\":\"de\"},{\"@type\":\"Organization\",\"@id\":\"https:\\\/\\\/laguiole.com\\\/de\\\/#organization\",\"name\":\"Laguiole.com\",\"url\":\"https:\\\/\\\/laguiole.com\\\/de\\\/\",\"logo\":{\"@type\":\"ImageObject\",\"inLanguage\":\"de\",\"@id\":\"https:\\\/\\\/laguiole.com\\\/de\\\/#\\\/schema\\\/logo\\\/image\\\/\",\"url\":\"https:\\\/\\\/laguiole.com\\\/wp-content\\\/uploads\\\/2021\\\/02\\\/logo_laguiole.com-horizontal.jpg\",\"contentUrl\":\"https:\\\/\\\/laguiole.com\\\/wp-content\\\/uploads\\\/2021\\\/02\\\/logo_laguiole.com-horizontal.jpg\",\"width\":490,\"height\":156,\"caption\":\"Laguiole.com\"},\"image\":{\"@id\":\"https:\\\/\\\/laguiole.com\\\/de\\\/#\\\/schema\\\/logo\\\/image\\\/\"},\"sameAs\":[\"https:\\\/\\\/www.facebook.com\\\/laguiolecom\\\/\",\"https:\\\/\\\/www.instagram.com\\\/laguiolecom\\\/\",\"https:\\\/\\\/www.youtube.com\\\/@laguiolecom\\\/videos\"]}]}<\/script>\n<!-- \/ Yoast SEO plugin. -->","yoast_head_json":{"title":"Laguiole Messer in Aubrac 1 St\u00fcck 12 cm Vollgriff aus Mammut-Elfenbeinkruste Bl\u00e4uliche guillochierte Platten Schwarze Abstandshalter guillochierte Federfliege Prestige geb\u00fcrstetes Finish - Laguiole.com \u00ae","description":"Dieses Messer mit vollem Griff ist viel mehr als ein funktionales Objekt: Es ist ein seltenes, kostbares St\u00fcck und tief mit Seele aufgeladen","robots":{"index":"index","follow":"follow","max-snippet":"max-snippet:-1","max-image-preview":"max-image-preview:large","max-video-preview":"max-video-preview:-1"},"canonical":"https:\/\/laguiole.com\/de\/produit\/laguiole-messer-in-aubrac-1-stueck-12-cm-vollgriff-aus-mammut-elfenbeinkruste-blaeuliche-guillochierte-platten-schwarze-abstandshalter-guillochierte-federfliege-prestige-gebuerstetes-finish\/","og_locale":"de_DE","og_type":"article","og_title":"Laguiole Messer in Aubrac 1 St\u00fcck 12 cm Vollgriff aus Mammut-Elfenbeinkruste Bl\u00e4uliche guillochierte Platten Schwarze Abstandshalter guillochierte Federfliege Prestige geb\u00fcrstetes Finish - Laguiole.com \u00ae","og_description":"Dieses Messer mit vollem Griff ist viel mehr als ein funktionales Objekt: Es ist ein seltenes, kostbares St\u00fcck und tief mit Seele aufgeladen","og_url":"https:\/\/laguiole.com\/de\/produit\/laguiole-messer-in-aubrac-1-stueck-12-cm-vollgriff-aus-mammut-elfenbeinkruste-blaeuliche-guillochierte-platten-schwarze-abstandshalter-guillochierte-federfliege-prestige-gebuerstetes-finish\/","og_site_name":"Laguiole.com \u00ae","article_publisher":"https:\/\/www.facebook.com\/laguiolecom\/","article_modified_time":"2025-11-18T17:51:06+00:00","og_image":[{"width":1033,"height":1033,"url":"https:\/\/laguiole.com\/wp-content\/uploads\/2025\/04\/Couteau_Laguiole_en_Aubrac_Plein_Manche_en_Croute_Ivoire_Mammouth_Bleutee_00.jpg","type":"image\/jpeg"}],"twitter_card":"summary_large_image","twitter_misc":{"Gesch\u00e4tzte Lesezeit":"2\u00a0Minute"},"schema":{"@context":"https:\/\/schema.org","@graph":[{"@type":"WebPage","@id":"https:\/\/laguiole.com\/de\/produit\/laguiole-messer-in-aubrac-1-stueck-12-cm-vollgriff-aus-mammut-elfenbeinkruste-blaeuliche-guillochierte-platten-schwarze-abstandshalter-guillochierte-federfliege-prestige-gebuerstetes-finish\/","url":"https:\/\/laguiole.com\/de\/produit\/laguiole-messer-in-aubrac-1-stueck-12-cm-vollgriff-aus-mammut-elfenbeinkruste-blaeuliche-guillochierte-platten-schwarze-abstandshalter-guillochierte-federfliege-prestige-gebuerstetes-finish\/","name":"Laguiole Messer in Aubrac 1 St\u00fcck 12 cm Vollgriff aus Mammut-Elfenbeinkruste Bl\u00e4uliche guillochierte Platten Schwarze Abstandshalter guillochierte Federfliege Prestige geb\u00fcrstetes Finish - Laguiole.com \u00ae","isPartOf":{"@id":"https:\/\/laguiole.com\/de\/#website"},"primaryImageOfPage":{"@id":"https:\/\/laguiole.com\/de\/produit\/laguiole-messer-in-aubrac-1-stueck-12-cm-vollgriff-aus-mammut-elfenbeinkruste-blaeuliche-guillochierte-platten-schwarze-abstandshalter-guillochierte-federfliege-prestige-gebuerstetes-finish\/#primaryimage"},"image":{"@id":"https:\/\/laguiole.com\/de\/produit\/laguiole-messer-in-aubrac-1-stueck-12-cm-vollgriff-aus-mammut-elfenbeinkruste-blaeuliche-guillochierte-platten-schwarze-abstandshalter-guillochierte-federfliege-prestige-gebuerstetes-finish\/#primaryimage"},"thumbnailUrl":"https:\/\/laguiole.com\/wp-content\/uploads\/2025\/04\/Couteau_Laguiole_en_Aubrac_Plein_Manche_en_Croute_Ivoire_Mammouth_Bleutee_00.jpg","datePublished":"2025-04-16T16:08:19+00:00","dateModified":"2025-11-18T17:51:06+00:00","description":"Dieses Messer mit vollem Griff ist viel mehr als ein funktionales Objekt: Es ist ein seltenes, kostbares St\u00fcck und tief mit Seele aufgeladen","breadcrumb":{"@id":"https:\/\/laguiole.com\/de\/produit\/laguiole-messer-in-aubrac-1-stueck-12-cm-vollgriff-aus-mammut-elfenbeinkruste-blaeuliche-guillochierte-platten-schwarze-abstandshalter-guillochierte-federfliege-prestige-gebuerstetes-finish\/#breadcrumb"},"inLanguage":"de","potentialAction":[{"@type":"ReadAction","target":["https:\/\/laguiole.com\/de\/produit\/laguiole-messer-in-aubrac-1-stueck-12-cm-vollgriff-aus-mammut-elfenbeinkruste-blaeuliche-guillochierte-platten-schwarze-abstandshalter-guillochierte-federfliege-prestige-gebuerstetes-finish\/"]}]},{"@type":"ImageObject","inLanguage":"de","@id":"https:\/\/laguiole.com\/de\/produit\/laguiole-messer-in-aubrac-1-stueck-12-cm-vollgriff-aus-mammut-elfenbeinkruste-blaeuliche-guillochierte-platten-schwarze-abstandshalter-guillochierte-federfliege-prestige-gebuerstetes-finish\/#primaryimage","url":"https:\/\/laguiole.com\/wp-content\/uploads\/2025\/04\/Couteau_Laguiole_en_Aubrac_Plein_Manche_en_Croute_Ivoire_Mammouth_Bleutee_00.jpg","contentUrl":"https:\/\/laguiole.com\/wp-content\/uploads\/2025\/04\/Couteau_Laguiole_en_Aubrac_Plein_Manche_en_Croute_Ivoire_Mammouth_Bleutee_00.jpg","width":1033,"height":1033,"caption":"Laguiole Messer in Aubrac 1 St\u00fcck 12 cm Vollgriff aus Mammut-Elfenbeinkruste Bl\u00e4uliche guillochierte Platten Schwarze Abstandshalter guillochierte Federfliege Prestige geb\u00fcrstetes Finish"},{"@type":"BreadcrumbList","@id":"https:\/\/laguiole.com\/de\/produit\/laguiole-messer-in-aubrac-1-stueck-12-cm-vollgriff-aus-mammut-elfenbeinkruste-blaeuliche-guillochierte-platten-schwarze-abstandshalter-guillochierte-federfliege-prestige-gebuerstetes-finish\/#breadcrumb","itemListElement":[{"@type":"ListItem","position":1,"name":"Accueil","item":"https:\/\/laguiole.com\/de\/"},{"@type":"ListItem","position":2,"name":"Shop","item":"https:\/\/laguiole.com\/de\/shop-2\/"},{"@type":"ListItem","position":3,"name":"Laguiole Messer in Aubrac 1 St\u00fcck 12 cm Vollgriff aus Mammut-Elfenbeinkruste Bl\u00e4uliche guillochierte Platten Schwarze Abstandshalter guillochierte Federfliege Prestige geb\u00fcrstetes Finish"}]},{"@type":"WebSite","@id":"https:\/\/laguiole.com\/de\/#website","url":"https:\/\/laguiole.com\/de\/","name":"Laguiole.com","description":"Laguiole - Couteau laguiole, Chateau Laguiole, Laguiole en Aubrac, Forge de Laguiole","publisher":{"@id":"https:\/\/laguiole.com\/de\/#organization"},"potentialAction":[{"@type":"SearchAction","target":{"@type":"EntryPoint","urlTemplate":"https:\/\/laguiole.com\/de\/?s={search_term_string}"},"query-input":{"@type":"PropertyValueSpecification","valueRequired":true,"valueName":"search_term_string"}}],"inLanguage":"de"},{"@type":"Organization","@id":"https:\/\/laguiole.com\/de\/#organization","name":"Laguiole.com","url":"https:\/\/laguiole.com\/de\/","logo":{"@type":"ImageObject","inLanguage":"de","@id":"https:\/\/laguiole.com\/de\/#\/schema\/logo\/image\/","url":"https:\/\/laguiole.com\/wp-content\/uploads\/2021\/02\/logo_laguiole.com-horizontal.jpg","contentUrl":"https:\/\/laguiole.com\/wp-content\/uploads\/2021\/02\/logo_laguiole.com-horizontal.jpg","width":490,"height":156,"caption":"Laguiole.com"},"image":{"@id":"https:\/\/laguiole.com\/de\/#\/schema\/logo\/image\/"},"sameAs":["https:\/\/www.facebook.com\/laguiolecom\/","https:\/\/www.instagram.com\/laguiolecom\/","https:\/\/www.youtube.com\/@laguiolecom\/videos"]}]}},"_links":{"self":[{"href":"https:\/\/laguiole.com\/de\/wp-json\/wp\/v2\/product\/37469","targetHints":{"allow":["GET"]}}],"collection":[{"href":"https:\/\/laguiole.com\/de\/wp-json\/wp\/v2\/product"}],"about":[{"href":"https:\/\/laguiole.com\/de\/wp-json\/wp\/v2\/types\/product"}],"version-history":[{"count":2,"href":"https:\/\/laguiole.com\/de\/wp-json\/wp\/v2\/product\/37469\/revisions"}],"predecessor-version":[{"id":45680,"href":"https:\/\/laguiole.com\/de\/wp-json\/wp\/v2\/product\/37469\/revisions\/45680"}],"wp:featuredmedia":[{"embeddable":true,"href":"https:\/\/laguiole.com\/de\/wp-json\/wp\/v2\/media\/37476"}],"wp:attachment":[{"href":"https:\/\/laguiole.com\/de\/wp-json\/wp\/v2\/media?parent=37469"}],"wp:term":[{"taxonomy":"product_brand","embeddable":true,"href":"https:\/\/laguiole.com\/de\/wp-json\/wp\/v2\/product_brand?post=37469"},{"taxonomy":"product_cat","embeddable":true,"href":"https:\/\/laguiole.com\/de\/wp-json\/wp\/v2\/product_cat?post=37469"},{"taxonomy":"product_tag","embeddable":true,"href":"https:\/\/laguiole.com\/de\/wp-json\/wp\/v2\/product_tag?post=37469"}],"curies":[{"name":"wp","href":"https:\/\/api.w.org\/{rel}","templated":true}]}}