{"id":37446,"date":"2025-04-16T11:09:27","date_gmt":"2025-04-16T09:09:27","guid":{"rendered":"https:\/\/laguiole.com\/produit\/laguiole-messer-in-aubrac-2-stueck-doppelplatten-und-feder-von-hand-guillochiert-12cm-korkenziehergriff-fassholz-2-kropfe-edelstahl-gebuerstet\/"},"modified":"2025-04-16T11:09:27","modified_gmt":"2025-04-16T09:09:27","slug":"laguiole-messer-in-aubrac-2-stueck-doppelplatten-und-feder-von-hand-guillochiert-12cm-korkenziehergriff-fassholz-2-kropfe-edelstahl-gebuerstet","status":"publish","type":"product","link":"https:\/\/laguiole.com\/de\/produit\/laguiole-messer-in-aubrac-2-stueck-doppelplatten-und-feder-von-hand-guillochiert-12cm-korkenziehergriff-fassholz-2-kropfe-edelstahl-gebuerstet\/","title":{"rendered":"Laguiole Messer in Aubrac 2 St\u00fcck Doppelplatten und Feder von Hand guillochiert 12cm Korkenziehergriff Fassholz 2 Kropfe Edelstahl geb\u00fcrstet"},"content":{"rendered":"<p class=\"\" data-start=\"183\" data-end=\"278\"><strong data-start=\"183\" data-end=\"278\">Authentizit\u00e4t und weinbauliche Eleganz: das Doppelplatinmesser mit Griff aus Fassholz<\/strong><\/p>\n<p class=\"\" data-start=\"280\" data-end=\"778\">Dieses <strong data-start=\"283\" data-end=\"309\">Doppelplatinmesser<\/strong> verk\u00f6rpert handwerkliche Raffinesse in Kombination mit dem Reichtum eines geschichtstr\u00e4chtigen Materials: <strong data-start=\"400\" data-end=\"420\">Fassholz<\/strong>. Hergestellt aus F\u00e4ssern, in denen gro\u00dfe Weine reifen, ist dieses kostbare Holz von der Zeit und dem Wein gezeichnet, dessen Spuren es bewahrt. Sein nat\u00fcrlicher <strong data-start=\"581\" data-end=\"594\">r\u00f6tlicher<\/strong> Farbton, der von den Tanninen und Pigmenten der Traube impr\u00e4gniert wird, verleiht jedem Griff eine <strong data-start=\"677\" data-end=\"695\">einzigartige W\u00e4rme<\/strong> und <strong data-start=\"703\" data-end=\"722\">eine tiefe Patina<\/strong>, die Rot-, Braun- und manchmal Violettt\u00f6ne mischt.  <\/p>\n<p class=\"\" data-start=\"184\" data-end=\"411\">Der <strong data-start=\"187\" data-end=\"203\">Korkenzieher<\/strong> sorgt mit seiner sorgf\u00e4ltig gearbeiteten Spirale f\u00fcr einen optimalen Halt im Korken und zeigt den gleichen Anspruch wie der Rest des Messers: <strong data-start=\"346\" data-end=\"383\">Effizienz, Eleganz und Pr\u00e4zision<\/strong> in einer einzigen Geste vereint.<\/p>\n<p class=\"\" data-start=\"780\" data-end=\"1214\">Jedes St\u00fcck erz\u00e4hlt die Geschichte des <strong data-start=\"817\" data-end=\"873\">Weinbergs, des Kellers und der franz\u00f6sischen Weinbautradition<\/strong> und macht dieses Messer zu einer wahren Hommage an das kombinierte Know-how von Besteck und \u00d6nologie. Die <strong data-start=\"982\" data-end=\"1013\">handguillochierte Feder<\/strong> spiegelt mit fein gravierten Motiven die Akribie der Handwerkskunst wider, w\u00e4hrend der <strong data-start=\"1106\" data-end=\"1123\">geschmiedete Hosenbund,<\/strong> das emblematische Emblem von Aubrac, elegant die Finesse des Ganzen unterstreicht. <\/p>\n<p class=\"\" data-start=\"1216\" data-end=\"1531\">Dank seiner <strong data-start=\"1227\" data-end=\"1257\">Doppelplatin-Struktur<\/strong> vereint dieses Modell Robustheit, Ausgewogenheit und prestigetr\u00e4chtige Oberfl\u00e4chen. Es richtet sich an Liebhaber sch\u00f6ner St\u00fccke, Weinliebhaber oder Sammler, die sensibel auf einzigartige Objekte reagieren, die eine Bedeutung haben.<strong data-start=\"1487\" data-end=\"1530\"><\/strong>  <\/p>\n","protected":false},"excerpt":{"rendered":"<p>Laguiole Messer aus Aubrac<br \/>\nDoppelt geb\u00fcrstete Edelstahlplatten guillochiert<br \/>\nFeder aus geb\u00fcrstetem<br \/>\nEdelstahl 2 Kropfe<br \/>\naus geb\u00fcrstetem Edelstahl Geb\u00fcrstete Klinge 12C27MOD Griff<br \/>\nLaufholz<br \/>\nMit Korkenzieher<br \/>\nGeschmiedete<br \/>\nFliege Guillochierte<br \/>\nFeder L\u00e4nge des Messers geschlossen: 12 cm<br \/>\nL\u00e4nge der Klinge: 10 cm<br \/>\nL\u00e4nge des Messers offen: 22 cm<\/p>\n","protected":false},"featured_media":37448,"template":"","meta":{"_acf_changed":false,"_monsterinsights_skip_tracking":false,"_monsterinsights_sitenote_active":false,"_monsterinsights_sitenote_note":"","_monsterinsights_sitenote_category":0},"product_brand":[],"product_cat":[5938,5939,5940],"product_tag":[],"class_list":{"0":"post-37446","1":"product","2":"type-product","3":"status-publish","4":"has-post-thumbnail","6":"product_cat-klappmesser","7":"product_cat-laguiole-klappmesser","8":"product_cat-laguiole-traditionelle-messer-mit-und-ohne-korkenzieher","9":"pa_composition-couteau-2-teile-klinge-und-korkenzieher","10":"pa_lame-gebuersteter-edelstahl","11":"pa_marque-laguiole-en-aubracfr","12":"pa_mitres-2-gehrungen","13":"pa_mitres-gebuersteter-edelstahl","14":"pa_mouche-geschmiedet","15":"pa_platines-doppel-drehteller","16":"pa_platines-guilloche-muster","17":"pa_ressort-guilloche","18":"pa_taille-du-manche-12-cm","19":"tm-has-options","22":"instock","23":"taxable","24":"shipping-taxable","25":"purchasable","26":"product-type-simple"},"supplier_id":null,"supplier_sku":"","barcode":null,"atum_controlled":true,"out_stock_date":null,"out_stock_threshold":null,"inheritable":false,"inbound_stock":0,"stock_on_hold":0,"sold_today":0,"sales_last_days":0,"reserved_stock":0,"customer_returns":0,"warehouse_damage":0,"lost_in_post":0,"other_logs":0,"out_stock_days":0,"lost_sales":0,"has_location":false,"update_date":"2026-04-28T00:38:44","atum_locations":[],"atum_stock_status":"instock","restock_status":false,"low_stock_amount":"","sales_update_date":"2026-04-28T00:38:44","calc_backorders":0,"acf":[],"yoast_head":"<!-- This site is optimized with the Yoast SEO plugin v27.3 - https:\/\/yoast.com\/product\/yoast-seo-wordpress\/ -->\n<title>Laguiole Messer in Aubrac 2 St\u00fcck Doppelplatten und Feder von Hand guillochiert 12cm Korkenziehergriff Fassholz 2 Kropfe Edelstahl geb\u00fcrstet - Laguiole.com \u00ae<\/title>\n<meta name=\"description\" content=\"Dieses Doppelplatinmesser verk\u00f6rpert handwerkliche Raffinesse in Kombination mit dem Reichtum eines geschichtstr\u00e4chtigen Materials: Fassholz.\" \/>\n<meta name=\"robots\" content=\"index, follow, max-snippet:-1, max-image-preview:large, max-video-preview:-1\" \/>\n<link rel=\"canonical\" href=\"https:\/\/laguiole.com\/de\/produit\/laguiole-messer-in-aubrac-2-stueck-doppelplatten-und-feder-von-hand-guillochiert-12cm-korkenziehergriff-fassholz-2-kropfe-edelstahl-gebuerstet\/\" \/>\n<meta property=\"og:locale\" content=\"de_DE\" \/>\n<meta property=\"og:type\" content=\"article\" \/>\n<meta property=\"og:title\" content=\"Laguiole Messer in Aubrac 2 St\u00fcck Doppelplatten und Feder von Hand guillochiert 12cm Korkenziehergriff Fassholz 2 Kropfe Edelstahl geb\u00fcrstet - Laguiole.com \u00ae\" \/>\n<meta property=\"og:description\" content=\"Dieses Doppelplatinmesser verk\u00f6rpert handwerkliche Raffinesse in Kombination mit dem Reichtum eines geschichtstr\u00e4chtigen Materials: Fassholz.\" \/>\n<meta property=\"og:url\" content=\"https:\/\/laguiole.com\/de\/produit\/laguiole-messer-in-aubrac-2-stueck-doppelplatten-und-feder-von-hand-guillochiert-12cm-korkenziehergriff-fassholz-2-kropfe-edelstahl-gebuerstet\/\" \/>\n<meta property=\"og:site_name\" content=\"Laguiole.com \u00ae\" \/>\n<meta property=\"article:publisher\" content=\"https:\/\/www.facebook.com\/laguiolecom\/\" \/>\n<meta property=\"og:image\" content=\"https:\/\/laguiole.com\/wp-content\/uploads\/2025\/04\/Couteau_Laguiole_en_Aubrac_Double_Platines_Bois_de_Barrique_2_pieces_00.jpg\" \/>\n\t<meta property=\"og:image:width\" content=\"1033\" \/>\n\t<meta property=\"og:image:height\" content=\"1033\" \/>\n\t<meta property=\"og:image:type\" content=\"image\/jpeg\" \/>\n<meta name=\"twitter:card\" content=\"summary_large_image\" \/>\n<meta name=\"twitter:label1\" content=\"Gesch\u00e4tzte Lesezeit\" \/>\n\t<meta name=\"twitter:data1\" content=\"1\u00a0Minute\" \/>\n<script type=\"application\/ld+json\" class=\"yoast-schema-graph\">{\"@context\":\"https:\\\/\\\/schema.org\",\"@graph\":[{\"@type\":\"WebPage\",\"@id\":\"https:\\\/\\\/laguiole.com\\\/de\\\/produit\\\/laguiole-messer-in-aubrac-2-stueck-doppelplatten-und-feder-von-hand-guillochiert-12cm-korkenziehergriff-fassholz-2-kropfe-edelstahl-gebuerstet\\\/\",\"url\":\"https:\\\/\\\/laguiole.com\\\/de\\\/produit\\\/laguiole-messer-in-aubrac-2-stueck-doppelplatten-und-feder-von-hand-guillochiert-12cm-korkenziehergriff-fassholz-2-kropfe-edelstahl-gebuerstet\\\/\",\"name\":\"Laguiole Messer in Aubrac 2 St\u00fcck Doppelplatten und Feder von Hand guillochiert 12cm Korkenziehergriff Fassholz 2 Kropfe Edelstahl geb\u00fcrstet - Laguiole.com \u00ae\",\"isPartOf\":{\"@id\":\"https:\\\/\\\/laguiole.com\\\/de\\\/#website\"},\"primaryImageOfPage\":{\"@id\":\"https:\\\/\\\/laguiole.com\\\/de\\\/produit\\\/laguiole-messer-in-aubrac-2-stueck-doppelplatten-und-feder-von-hand-guillochiert-12cm-korkenziehergriff-fassholz-2-kropfe-edelstahl-gebuerstet\\\/#primaryimage\"},\"image\":{\"@id\":\"https:\\\/\\\/laguiole.com\\\/de\\\/produit\\\/laguiole-messer-in-aubrac-2-stueck-doppelplatten-und-feder-von-hand-guillochiert-12cm-korkenziehergriff-fassholz-2-kropfe-edelstahl-gebuerstet\\\/#primaryimage\"},\"thumbnailUrl\":\"https:\\\/\\\/laguiole.com\\\/wp-content\\\/uploads\\\/2025\\\/04\\\/Couteau_Laguiole_en_Aubrac_Double_Platines_Bois_de_Barrique_2_pieces_00.jpg\",\"datePublished\":\"2025-04-16T09:09:27+00:00\",\"description\":\"Dieses Doppelplatinmesser verk\u00f6rpert handwerkliche Raffinesse in Kombination mit dem Reichtum eines geschichtstr\u00e4chtigen Materials: Fassholz.\",\"breadcrumb\":{\"@id\":\"https:\\\/\\\/laguiole.com\\\/de\\\/produit\\\/laguiole-messer-in-aubrac-2-stueck-doppelplatten-und-feder-von-hand-guillochiert-12cm-korkenziehergriff-fassholz-2-kropfe-edelstahl-gebuerstet\\\/#breadcrumb\"},\"inLanguage\":\"de\",\"potentialAction\":[{\"@type\":\"ReadAction\",\"target\":[\"https:\\\/\\\/laguiole.com\\\/de\\\/produit\\\/laguiole-messer-in-aubrac-2-stueck-doppelplatten-und-feder-von-hand-guillochiert-12cm-korkenziehergriff-fassholz-2-kropfe-edelstahl-gebuerstet\\\/\"]}]},{\"@type\":\"ImageObject\",\"inLanguage\":\"de\",\"@id\":\"https:\\\/\\\/laguiole.com\\\/de\\\/produit\\\/laguiole-messer-in-aubrac-2-stueck-doppelplatten-und-feder-von-hand-guillochiert-12cm-korkenziehergriff-fassholz-2-kropfe-edelstahl-gebuerstet\\\/#primaryimage\",\"url\":\"https:\\\/\\\/laguiole.com\\\/wp-content\\\/uploads\\\/2025\\\/04\\\/Couteau_Laguiole_en_Aubrac_Double_Platines_Bois_de_Barrique_2_pieces_00.jpg\",\"contentUrl\":\"https:\\\/\\\/laguiole.com\\\/wp-content\\\/uploads\\\/2025\\\/04\\\/Couteau_Laguiole_en_Aubrac_Double_Platines_Bois_de_Barrique_2_pieces_00.jpg\",\"width\":1033,\"height\":1033,\"caption\":\"Laguiole Messer in Aubrac 2 St\u00fcck Doppelplatten und Feder von Hand guillochiert 12cm Korkenziehergriff Fassholz 2 Kropfe Edelstahl geb\u00fcrstet\"},{\"@type\":\"BreadcrumbList\",\"@id\":\"https:\\\/\\\/laguiole.com\\\/de\\\/produit\\\/laguiole-messer-in-aubrac-2-stueck-doppelplatten-und-feder-von-hand-guillochiert-12cm-korkenziehergriff-fassholz-2-kropfe-edelstahl-gebuerstet\\\/#breadcrumb\",\"itemListElement\":[{\"@type\":\"ListItem\",\"position\":1,\"name\":\"Accueil\",\"item\":\"https:\\\/\\\/laguiole.com\\\/de\\\/\"},{\"@type\":\"ListItem\",\"position\":2,\"name\":\"Shop\",\"item\":\"https:\\\/\\\/laguiole.com\\\/de\\\/shop-2\\\/\"},{\"@type\":\"ListItem\",\"position\":3,\"name\":\"Laguiole Messer in Aubrac 2 St\u00fcck Doppelplatten und Feder von Hand guillochiert 12cm Korkenziehergriff Fassholz 2 Kropfe Edelstahl geb\u00fcrstet\"}]},{\"@type\":\"WebSite\",\"@id\":\"https:\\\/\\\/laguiole.com\\\/de\\\/#website\",\"url\":\"https:\\\/\\\/laguiole.com\\\/de\\\/\",\"name\":\"Laguiole.com\",\"description\":\"Laguiole - Couteau laguiole, Chateau Laguiole, Laguiole en Aubrac, Forge de Laguiole\",\"publisher\":{\"@id\":\"https:\\\/\\\/laguiole.com\\\/de\\\/#organization\"},\"potentialAction\":[{\"@type\":\"SearchAction\",\"target\":{\"@type\":\"EntryPoint\",\"urlTemplate\":\"https:\\\/\\\/laguiole.com\\\/de\\\/?s={search_term_string}\"},\"query-input\":{\"@type\":\"PropertyValueSpecification\",\"valueRequired\":true,\"valueName\":\"search_term_string\"}}],\"inLanguage\":\"de\"},{\"@type\":\"Organization\",\"@id\":\"https:\\\/\\\/laguiole.com\\\/de\\\/#organization\",\"name\":\"Laguiole.com\",\"url\":\"https:\\\/\\\/laguiole.com\\\/de\\\/\",\"logo\":{\"@type\":\"ImageObject\",\"inLanguage\":\"de\",\"@id\":\"https:\\\/\\\/laguiole.com\\\/de\\\/#\\\/schema\\\/logo\\\/image\\\/\",\"url\":\"https:\\\/\\\/laguiole.com\\\/wp-content\\\/uploads\\\/2021\\\/02\\\/logo_laguiole.com-horizontal.jpg\",\"contentUrl\":\"https:\\\/\\\/laguiole.com\\\/wp-content\\\/uploads\\\/2021\\\/02\\\/logo_laguiole.com-horizontal.jpg\",\"width\":490,\"height\":156,\"caption\":\"Laguiole.com\"},\"image\":{\"@id\":\"https:\\\/\\\/laguiole.com\\\/de\\\/#\\\/schema\\\/logo\\\/image\\\/\"},\"sameAs\":[\"https:\\\/\\\/www.facebook.com\\\/laguiolecom\\\/\",\"https:\\\/\\\/www.instagram.com\\\/laguiolecom\\\/\",\"https:\\\/\\\/www.youtube.com\\\/@laguiolecom\\\/videos\"]}]}<\/script>\n<!-- \/ Yoast SEO plugin. -->","yoast_head_json":{"title":"Laguiole Messer in Aubrac 2 St\u00fcck Doppelplatten und Feder von Hand guillochiert 12cm Korkenziehergriff Fassholz 2 Kropfe Edelstahl geb\u00fcrstet - Laguiole.com \u00ae","description":"Dieses Doppelplatinmesser verk\u00f6rpert handwerkliche Raffinesse in Kombination mit dem Reichtum eines geschichtstr\u00e4chtigen Materials: Fassholz.","robots":{"index":"index","follow":"follow","max-snippet":"max-snippet:-1","max-image-preview":"max-image-preview:large","max-video-preview":"max-video-preview:-1"},"canonical":"https:\/\/laguiole.com\/de\/produit\/laguiole-messer-in-aubrac-2-stueck-doppelplatten-und-feder-von-hand-guillochiert-12cm-korkenziehergriff-fassholz-2-kropfe-edelstahl-gebuerstet\/","og_locale":"de_DE","og_type":"article","og_title":"Laguiole Messer in Aubrac 2 St\u00fcck Doppelplatten und Feder von Hand guillochiert 12cm Korkenziehergriff Fassholz 2 Kropfe Edelstahl geb\u00fcrstet - Laguiole.com \u00ae","og_description":"Dieses Doppelplatinmesser verk\u00f6rpert handwerkliche Raffinesse in Kombination mit dem Reichtum eines geschichtstr\u00e4chtigen Materials: Fassholz.","og_url":"https:\/\/laguiole.com\/de\/produit\/laguiole-messer-in-aubrac-2-stueck-doppelplatten-und-feder-von-hand-guillochiert-12cm-korkenziehergriff-fassholz-2-kropfe-edelstahl-gebuerstet\/","og_site_name":"Laguiole.com \u00ae","article_publisher":"https:\/\/www.facebook.com\/laguiolecom\/","og_image":[{"width":1033,"height":1033,"url":"https:\/\/laguiole.com\/wp-content\/uploads\/2025\/04\/Couteau_Laguiole_en_Aubrac_Double_Platines_Bois_de_Barrique_2_pieces_00.jpg","type":"image\/jpeg"}],"twitter_card":"summary_large_image","twitter_misc":{"Gesch\u00e4tzte Lesezeit":"1\u00a0Minute"},"schema":{"@context":"https:\/\/schema.org","@graph":[{"@type":"WebPage","@id":"https:\/\/laguiole.com\/de\/produit\/laguiole-messer-in-aubrac-2-stueck-doppelplatten-und-feder-von-hand-guillochiert-12cm-korkenziehergriff-fassholz-2-kropfe-edelstahl-gebuerstet\/","url":"https:\/\/laguiole.com\/de\/produit\/laguiole-messer-in-aubrac-2-stueck-doppelplatten-und-feder-von-hand-guillochiert-12cm-korkenziehergriff-fassholz-2-kropfe-edelstahl-gebuerstet\/","name":"Laguiole Messer in Aubrac 2 St\u00fcck Doppelplatten und Feder von Hand guillochiert 12cm Korkenziehergriff Fassholz 2 Kropfe Edelstahl geb\u00fcrstet - Laguiole.com \u00ae","isPartOf":{"@id":"https:\/\/laguiole.com\/de\/#website"},"primaryImageOfPage":{"@id":"https:\/\/laguiole.com\/de\/produit\/laguiole-messer-in-aubrac-2-stueck-doppelplatten-und-feder-von-hand-guillochiert-12cm-korkenziehergriff-fassholz-2-kropfe-edelstahl-gebuerstet\/#primaryimage"},"image":{"@id":"https:\/\/laguiole.com\/de\/produit\/laguiole-messer-in-aubrac-2-stueck-doppelplatten-und-feder-von-hand-guillochiert-12cm-korkenziehergriff-fassholz-2-kropfe-edelstahl-gebuerstet\/#primaryimage"},"thumbnailUrl":"https:\/\/laguiole.com\/wp-content\/uploads\/2025\/04\/Couteau_Laguiole_en_Aubrac_Double_Platines_Bois_de_Barrique_2_pieces_00.jpg","datePublished":"2025-04-16T09:09:27+00:00","description":"Dieses Doppelplatinmesser verk\u00f6rpert handwerkliche Raffinesse in Kombination mit dem Reichtum eines geschichtstr\u00e4chtigen Materials: Fassholz.","breadcrumb":{"@id":"https:\/\/laguiole.com\/de\/produit\/laguiole-messer-in-aubrac-2-stueck-doppelplatten-und-feder-von-hand-guillochiert-12cm-korkenziehergriff-fassholz-2-kropfe-edelstahl-gebuerstet\/#breadcrumb"},"inLanguage":"de","potentialAction":[{"@type":"ReadAction","target":["https:\/\/laguiole.com\/de\/produit\/laguiole-messer-in-aubrac-2-stueck-doppelplatten-und-feder-von-hand-guillochiert-12cm-korkenziehergriff-fassholz-2-kropfe-edelstahl-gebuerstet\/"]}]},{"@type":"ImageObject","inLanguage":"de","@id":"https:\/\/laguiole.com\/de\/produit\/laguiole-messer-in-aubrac-2-stueck-doppelplatten-und-feder-von-hand-guillochiert-12cm-korkenziehergriff-fassholz-2-kropfe-edelstahl-gebuerstet\/#primaryimage","url":"https:\/\/laguiole.com\/wp-content\/uploads\/2025\/04\/Couteau_Laguiole_en_Aubrac_Double_Platines_Bois_de_Barrique_2_pieces_00.jpg","contentUrl":"https:\/\/laguiole.com\/wp-content\/uploads\/2025\/04\/Couteau_Laguiole_en_Aubrac_Double_Platines_Bois_de_Barrique_2_pieces_00.jpg","width":1033,"height":1033,"caption":"Laguiole Messer in Aubrac 2 St\u00fcck Doppelplatten und Feder von Hand guillochiert 12cm Korkenziehergriff Fassholz 2 Kropfe Edelstahl geb\u00fcrstet"},{"@type":"BreadcrumbList","@id":"https:\/\/laguiole.com\/de\/produit\/laguiole-messer-in-aubrac-2-stueck-doppelplatten-und-feder-von-hand-guillochiert-12cm-korkenziehergriff-fassholz-2-kropfe-edelstahl-gebuerstet\/#breadcrumb","itemListElement":[{"@type":"ListItem","position":1,"name":"Accueil","item":"https:\/\/laguiole.com\/de\/"},{"@type":"ListItem","position":2,"name":"Shop","item":"https:\/\/laguiole.com\/de\/shop-2\/"},{"@type":"ListItem","position":3,"name":"Laguiole Messer in Aubrac 2 St\u00fcck Doppelplatten und Feder von Hand guillochiert 12cm Korkenziehergriff Fassholz 2 Kropfe Edelstahl geb\u00fcrstet"}]},{"@type":"WebSite","@id":"https:\/\/laguiole.com\/de\/#website","url":"https:\/\/laguiole.com\/de\/","name":"Laguiole.com","description":"Laguiole - Couteau laguiole, Chateau Laguiole, Laguiole en Aubrac, Forge de Laguiole","publisher":{"@id":"https:\/\/laguiole.com\/de\/#organization"},"potentialAction":[{"@type":"SearchAction","target":{"@type":"EntryPoint","urlTemplate":"https:\/\/laguiole.com\/de\/?s={search_term_string}"},"query-input":{"@type":"PropertyValueSpecification","valueRequired":true,"valueName":"search_term_string"}}],"inLanguage":"de"},{"@type":"Organization","@id":"https:\/\/laguiole.com\/de\/#organization","name":"Laguiole.com","url":"https:\/\/laguiole.com\/de\/","logo":{"@type":"ImageObject","inLanguage":"de","@id":"https:\/\/laguiole.com\/de\/#\/schema\/logo\/image\/","url":"https:\/\/laguiole.com\/wp-content\/uploads\/2021\/02\/logo_laguiole.com-horizontal.jpg","contentUrl":"https:\/\/laguiole.com\/wp-content\/uploads\/2021\/02\/logo_laguiole.com-horizontal.jpg","width":490,"height":156,"caption":"Laguiole.com"},"image":{"@id":"https:\/\/laguiole.com\/de\/#\/schema\/logo\/image\/"},"sameAs":["https:\/\/www.facebook.com\/laguiolecom\/","https:\/\/www.instagram.com\/laguiolecom\/","https:\/\/www.youtube.com\/@laguiolecom\/videos"]}]}},"_links":{"self":[{"href":"https:\/\/laguiole.com\/de\/wp-json\/wp\/v2\/product\/37446","targetHints":{"allow":["GET"]}}],"collection":[{"href":"https:\/\/laguiole.com\/de\/wp-json\/wp\/v2\/product"}],"about":[{"href":"https:\/\/laguiole.com\/de\/wp-json\/wp\/v2\/types\/product"}],"version-history":[{"count":0,"href":"https:\/\/laguiole.com\/de\/wp-json\/wp\/v2\/product\/37446\/revisions"}],"wp:featuredmedia":[{"embeddable":true,"href":"https:\/\/laguiole.com\/de\/wp-json\/wp\/v2\/media\/37448"}],"wp:attachment":[{"href":"https:\/\/laguiole.com\/de\/wp-json\/wp\/v2\/media?parent=37446"}],"wp:term":[{"taxonomy":"product_brand","embeddable":true,"href":"https:\/\/laguiole.com\/de\/wp-json\/wp\/v2\/product_brand?post=37446"},{"taxonomy":"product_cat","embeddable":true,"href":"https:\/\/laguiole.com\/de\/wp-json\/wp\/v2\/product_cat?post=37446"},{"taxonomy":"product_tag","embeddable":true,"href":"https:\/\/laguiole.com\/de\/wp-json\/wp\/v2\/product_tag?post=37446"}],"curies":[{"name":"wp","href":"https:\/\/api.w.org\/{rel}","templated":true}]}}