{"id":37408,"date":"2025-05-22T18:49:34","date_gmt":"2025-05-22T16:49:34","guid":{"rendered":"https:\/\/laguiole.com\/produit\/laguiole-prestige-messer-aus-aubrac-bi-material-stein-holz-1-stueck-12-cm-vollgriff-aus-tuerkis-gold-und-ebenholz-guillochierte-federteller-aus-guillochiertem-messing\/"},"modified":"2025-10-03T18:14:43","modified_gmt":"2025-10-03T16:14:43","slug":"laguiole-prestige-messer-aus-aubrac-bi-material-stein-holz-1-stueck-12-cm-vollgriff-aus-tuerkis-gold-und-ebenholz-guillochierte-federteller-aus-guillochiertem-messing","status":"publish","type":"product","link":"https:\/\/laguiole.com\/de\/produit\/laguiole-prestige-messer-aus-aubrac-bi-material-stein-holz-1-stueck-12-cm-vollgriff-aus-tuerkis-gold-und-ebenholz-guillochierte-federteller-aus-guillochiertem-messing\/","title":{"rendered":"Laguiole Prestige Messer aus Aubrac Bi-Material Stein\/Holz 1 St\u00fcck 12 cm Vollgriff aus T\u00fcrkis, Gold und Ebenholz Guillochierte Federteller aus guillochiertem Messing"},"content":{"rendered":"<hr data-start=\"191\" data-end=\"194\">\n<h3 data-start=\"196\" data-end=\"270\"><strong data-start=\"200\" data-end=\"270\">Laguiole T\u00fcrkis &amp; Ebenholz \u2013 der mineralische Glanz und die Tiefe des Holzes<\/strong><\/h3>\n<p data-start=\"272\" data-end=\"761\">Dieses <strong data-start=\"275\" data-end=\"299\">Laguiole-Klappmesser<\/strong> aus zwei Materialien verk\u00f6rpert das handwerkliche Know-how <strong data-start=\"358\" data-end=\"367\">des Hauses Laguiole in Aubrac<\/strong> in einer subtilen Verschmelzung zwischen der edlen Dichte des Holzes und dem Licht feiner Steine. Dieses <g id=\"gid_2\">Klappmesser von Laguiole <\/g>von seltener Eleganz kombiniert die satinierte Tiefe von <g id=\"gid_3\">Ebenholz<\/g> mit dem Funkeln von <g id=\"gid_4\">goldge\u00e4dertem T\u00fcrkis<\/g> und schafft so einen Kontrast, der ebenso auff\u00e4llig wie raffiniert ist. Die W\u00e4rme des Holzes kontrastiert mit den leuchtenden Reflexen des Steins in einer kostbaren und zeitgem\u00e4\u00dfen Komposition.  <\/p>\n<h3 data-start=\"763\" data-end=\"811\"><strong data-start=\"767\" data-end=\"811\">T\u00fcrkis \u2013 Himmlischer und lebender Stein<\/strong><\/h3>\n<p data-start=\"813\" data-end=\"1191\"><strong data-start=\"868\" data-end=\"881\">T\u00fcrkis<\/strong> ist seit der Antike ein ikonischer Zierstein und wird f\u00fcr seine leuchtenden Farbt\u00f6ne gesch\u00e4tzt, die von tiefem Blau bis Seladongr\u00fcn reichen. Der hier ausgew\u00e4hlte <strong data-start=\"964\" data-end=\"983\">goldene T\u00fcrkis<\/strong> hat <strong data-start=\"1014\" data-end=\"1041\">nat\u00fcrliche Filamente aus Gold<\/strong>, die seine Oberfl\u00e4che wie einen von Licht durchzogenen Himmel erhellen. Dieser lebendige und ausdrucksstarke Stein verleiht jedem <strong data-start=\"1166\" data-end=\"1175\">Laguiole <\/strong>eine einzigartige Seele.  <\/p>\n<figure id=\"attachment_28285\" aria-describedby=\"caption-attachment-28285\" style=\"width: 238px\" class=\"wp-caption aligncenter\"><a href=\"https:\/\/laguiole.com\/wp-content\/uploads\/2025\/05\/images.jpeg\"><img fetchpriority=\"high\" decoding=\"async\" class=\"size-full wp-image-28285\" src=\"https:\/\/laguiole.com\/wp-content\/uploads\/2025\/05\/images.jpeg\" alt=\"\" width=\"238\" height=\"212\"><\/a><figcaption id=\"caption-attachment-28285\" class=\"wp-caption-text\">T\u00fcrkis Stein<\/figcaption><\/figure>\n<h3 data-start=\"1193\" data-end=\"1241\"><strong data-start=\"1197\" data-end=\"1241\">Eine Komposition, die in Materie geformt ist<\/strong><\/h3>\n<p data-start=\"1243\" data-end=\"1652\">Der <strong data-start=\"1246\" data-end=\"1262\">solide Griff<\/strong> <strong data-start=\"1266\" data-end=\"1290\">des Laguiole Klappmessers <\/strong>begr\u00fc\u00dft Ebenholz und T\u00fcrkis in einer flie\u00dfenden Kontinuit\u00e4t. Die von Hand <strong data-start=\"1357\" data-end=\"1379\">guillochierten Messingplatten<\/strong> erweitern diese Suche nach Finesse bis unter das Messer, eine charakteristische Signatur der <strong data-start=\"1501\" data-end=\"1510\">Laguiole-Kreationen<\/strong>. Die guillochierte Feder und die fein von Hand gemei\u00dfelte Fliege zeugen von der Goldschmiedearbeit, die f\u00fcr jedes <strong data-start=\"1634\" data-end=\"1651\">Laguiole-Messer<\/strong> charakteristisch ist  <\/p>\n<p data-start=\"1654\" data-end=\"1983\">Die mit akribischer Pr\u00e4zision verlegten <strong data-start=\"1658\" data-end=\"1678\">Messingnieten<\/strong> unterstreichen die n\u00fcchterne und elegante Architektur des L<strong data-start=\"1772\" data-end=\"1781\">aguiole<\/strong>. Bewusst ohne Hirtenkreuz verzichtet, behauptet dieses Modell eine reine und skulpturale \u00c4sthetik, die der DNA <strong data-start=\"1890\" data-end=\"1914\">des Laguiole-Klappmessers<\/strong> treu bleibt: die Linien und Materialien sprechen zu lassen, ohne \u00fcberfl\u00fcssige Verzierungen. <\/p>\n<p data-start=\"1985\" data-end=\"2308\">Jede <strong data-start=\"1992\" data-end=\"2001\">Laguiole <\/strong>dieser Serie ist ein Unikat, das Ergebnis einer Begegnung zwischen der schwarzen Dichte von Ebenholz, der leuchtenden Energie von goldenem T\u00fcrkis und der Noblesse von guillochiertem Messing. Ein <strong data-start=\"2178\" data-end=\"2195\">Laguiole-Messer <\/strong>f\u00fcr Kenner, die diskreten Luxus, zeitlose Sch\u00f6nheit und ein bedeutungsvolles Objekt suchen. <\/p>\n<hr data-start=\"2310\" data-end=\"2313\">\n<h3 data-start=\"2315\" data-end=\"2362\"><strong data-start=\"2319\" data-end=\"2362\">Wartung Ihres Laguiole Klappmessers<\/strong><\/h3>\n<p data-start=\"2364\" data-end=\"2480\">Ihre<strong data-start=\"2370\" data-end=\"2397\">Aguiole aus T\u00fcrkis und Ebenholz<\/strong> ist ein au\u00dfergew\u00f6hnliches Objekt. Um seine Sch\u00f6nheit und Mechanik im Laufe der Zeit zu erhalten: <\/p>\n<ul data-start=\"2482\" data-end=\"3092\">\n<li data-start=\"2482\" data-end=\"2635\">\n<p data-start=\"2484\" data-end=\"2635\">Reinigen Sie Ihr <strong data-start=\"2499\" data-end=\"2516\">Laguiole-Messer<\/strong> von Hand mit einem weichen, leicht feuchten Tuch. Trocknen Sie es sofort. <strong data-start=\"2593\" data-end=\"2634\">Geben Sie es niemals in die Sp\u00fclmaschine<\/strong>. <\/p>\n<\/li>\n<li data-start=\"2636\" data-end=\"2756\">\n<p data-start=\"2638\" data-end=\"2756\">Pflegen Sie den <strong data-start=\"2652\" data-end=\"2671\">Ebenholzgriff<\/strong> mit einem Tropfen <strong data-start=\"2690\" data-end=\"2706\">neutralem \u00d6l<\/strong> (Kamelie oder Paraffin), um seinen Glanz zu erhalten.<\/p>\n<\/li>\n<li data-start=\"2757\" data-end=\"2866\">\n<p data-start=\"2759\" data-end=\"2866\">Sch\u00fctzen Sie <strong data-start=\"2771\" data-end=\"2784\">T\u00fcrkis vor<\/strong> St\u00f6\u00dfen: Obwohl dieser Stein \u00e4sthetisch und dicht ist, bleibt er empfindlich gegen\u00fcber St\u00f6\u00dfen.<\/p>\n<\/li>\n<li data-start=\"2867\" data-end=\"2985\">\n<p data-start=\"2869\" data-end=\"2985\">Geben Sie einen <strong data-start=\"2881\" data-end=\"2904\">Tropfen feines \u00d6l<\/strong> auf die Achse <strong data-start=\"2918\" data-end=\"2942\">des Laguiole-Klappmessers <\/strong>, um die Flie\u00dff\u00e4higkeit des \u00d6ffnens zu erhalten.<\/p>\n<\/li>\n<li data-start=\"2986\" data-end=\"3092\">\n<p data-start=\"2988\" data-end=\"3092\">Bewahren Sie Ihren <strong data-start=\"3001\" data-end=\"3010\">Laguiole<\/strong> an einem trockenen Ort auf, vorzugsweise offen in einer H\u00fclle oder offen auf dem St\u00e4nder.<\/p>\n<\/li>\n<\/ul>\n<p data-start=\"3094\" data-end=\"3207\">Einfache Wartung, um die mineralische Eleganz und handwerkliche Perfektion Ihres <strong data-start=\"3189\" data-end=\"3206\">Laguiole-Messers<\/strong> langlebig zu machen<\/p>\n","protected":false},"excerpt":{"rendered":"<p>Laguiole Klappmesser aus Aubrac Bi-Material<br \/>\nGriff in T\u00fcrkis, Gold und Ebenholz<br \/>\nVollgriff<br \/>\nKlinge aus geb\u00fcrstetem Edelstahl mit Gehrung<br \/>\nGuillochierte<br \/>\nFeder Kein Hirtenkreuz bei diesem Laguiole<br \/>\nMesser Messingplatten von Hand<br \/>\nguillochiert Messingnieten L\u00e4nge des<br \/>\nMessers geschlossen 12 cm<br \/>\nL\u00e4nge des Messers offen 22 cm<\/p>\n","protected":false},"featured_media":41343,"template":"","meta":{"_acf_changed":false,"_monsterinsights_skip_tracking":false,"_monsterinsights_sitenote_active":false,"_monsterinsights_sitenote_note":"","_monsterinsights_sitenote_category":0},"product_brand":[],"product_cat":[5938,5939,5943],"product_tag":[],"class_list":{"0":"post-37408","1":"product","2":"type-product","3":"status-publish","4":"has-post-thumbnail","6":"product_cat-klappmesser","7":"product_cat-laguiole-klappmesser","8":"product_cat-laguiole-prestiges-messer","9":"pa_composition-couteau-1-stueck-nur-klinge","10":"pa_finition-gebuerstet","11":"pa_lame-gebuersteter-edelstahl","12":"pa_manche-en-bois-ebenholz","13":"pa_manche-matiere-minerale-tuerkis","14":"pa_marque-laguiole-en-aubracfr","15":"pa_mitres-ohne-gehrung-vollstaendige-huelse","16":"pa_mouche-geschmiedet","17":"pa_platines-einzelplatin","18":"pa_platines-guilloche-muster","19":"pa_platines-messing","20":"pa_ressort-guilloche","21":"pa_taille-du-manche-12-cm","22":"tm-has-options","25":"instock","26":"taxable","27":"shipping-taxable","28":"purchasable","29":"product-type-simple"},"supplier_id":null,"supplier_sku":"","barcode":null,"atum_controlled":true,"out_stock_date":null,"out_stock_threshold":null,"inheritable":false,"inbound_stock":0,"stock_on_hold":0,"sold_today":0,"sales_last_days":0,"reserved_stock":0,"customer_returns":0,"warehouse_damage":0,"lost_in_post":0,"other_logs":0,"out_stock_days":0,"lost_sales":0,"has_location":false,"update_date":"2026-05-10T00:52:16","atum_locations":[],"atum_stock_status":"instock","restock_status":false,"low_stock_amount":"","sales_update_date":"2026-05-10T00:52:16","calc_backorders":0,"acf":[],"yoast_head":"<!-- This site is optimized with the Yoast SEO plugin v27.3 - https:\/\/yoast.com\/product\/yoast-seo-wordpress\/ -->\n<title>Laguiole Prestige Messer aus Aubrac Bi-Material Stein\/Holz 1 St\u00fcck 12 cm Vollgriff aus T\u00fcrkis, Gold und Ebenholz Guillochierte Federteller aus guillochiertem Messing - Laguiole.com \u00ae<\/title>\n<meta name=\"description\" content=\"Das Laguiole Turquoise &amp; Ebony Messer sublimiert die seltene und kostbare Kombination aus intensivem Ebenholz und goldenem T\u00fcrkis, ein Symbol f\u00fcr au\u00dfergew\u00f6hnliche Handwerkskunst.\" \/>\n<meta name=\"robots\" content=\"index, follow, max-snippet:-1, max-image-preview:large, max-video-preview:-1\" \/>\n<link rel=\"canonical\" href=\"https:\/\/laguiole.com\/de\/produit\/laguiole-prestige-messer-aus-aubrac-bi-material-stein-holz-1-stueck-12-cm-vollgriff-aus-tuerkis-gold-und-ebenholz-guillochierte-federteller-aus-guillochiertem-messing\/\" \/>\n<meta property=\"og:locale\" content=\"de_DE\" \/>\n<meta property=\"og:type\" content=\"article\" \/>\n<meta property=\"og:title\" content=\"Laguiole Prestige Messer aus Aubrac Bi-Material Stein\/Holz 1 St\u00fcck 12 cm Vollgriff aus T\u00fcrkis, Gold und Ebenholz Guillochierte Federteller aus guillochiertem Messing - Laguiole.com \u00ae\" \/>\n<meta property=\"og:description\" content=\"Das Laguiole Turquoise &amp; Ebony Messer sublimiert die seltene und kostbare Kombination aus intensivem Ebenholz und goldenem T\u00fcrkis, ein Symbol f\u00fcr au\u00dfergew\u00f6hnliche Handwerkskunst.\" \/>\n<meta property=\"og:url\" content=\"https:\/\/laguiole.com\/de\/produit\/laguiole-prestige-messer-aus-aubrac-bi-material-stein-holz-1-stueck-12-cm-vollgriff-aus-tuerkis-gold-und-ebenholz-guillochierte-federteller-aus-guillochiertem-messing\/\" \/>\n<meta property=\"og:site_name\" content=\"Laguiole.com \u00ae\" \/>\n<meta property=\"article:publisher\" content=\"https:\/\/www.facebook.com\/laguiolecom\/\" \/>\n<meta property=\"article:modified_time\" content=\"2025-10-03T16:14:43+00:00\" \/>\n<meta property=\"og:image\" content=\"https:\/\/laguiole.com\/wp-content\/uploads\/2025\/05\/Couteau_Prestige_Laguiole_en_Aubrac_Bi-matiere_Pierre_Bois_Plein_Manche_en_Turquoise_Or_et_Ebene_00.jpg\" \/>\n\t<meta property=\"og:image:width\" content=\"1033\" \/>\n\t<meta property=\"og:image:height\" content=\"1033\" \/>\n\t<meta property=\"og:image:type\" content=\"image\/jpeg\" \/>\n<meta name=\"twitter:card\" content=\"summary_large_image\" \/>\n<meta name=\"twitter:label1\" content=\"Gesch\u00e4tzte Lesezeit\" \/>\n\t<meta name=\"twitter:data1\" content=\"2\u00a0Minute\" \/>\n<script type=\"application\/ld+json\" class=\"yoast-schema-graph\">{\"@context\":\"https:\\\/\\\/schema.org\",\"@graph\":[{\"@type\":\"WebPage\",\"@id\":\"https:\\\/\\\/laguiole.com\\\/de\\\/produit\\\/laguiole-prestige-messer-aus-aubrac-bi-material-stein-holz-1-stueck-12-cm-vollgriff-aus-tuerkis-gold-und-ebenholz-guillochierte-federteller-aus-guillochiertem-messing\\\/\",\"url\":\"https:\\\/\\\/laguiole.com\\\/de\\\/produit\\\/laguiole-prestige-messer-aus-aubrac-bi-material-stein-holz-1-stueck-12-cm-vollgriff-aus-tuerkis-gold-und-ebenholz-guillochierte-federteller-aus-guillochiertem-messing\\\/\",\"name\":\"Laguiole Prestige Messer aus Aubrac Bi-Material Stein\\\/Holz 1 St\u00fcck 12 cm Vollgriff aus T\u00fcrkis, Gold und Ebenholz Guillochierte Federteller aus guillochiertem Messing - Laguiole.com \u00ae\",\"isPartOf\":{\"@id\":\"https:\\\/\\\/laguiole.com\\\/de\\\/#website\"},\"primaryImageOfPage\":{\"@id\":\"https:\\\/\\\/laguiole.com\\\/de\\\/produit\\\/laguiole-prestige-messer-aus-aubrac-bi-material-stein-holz-1-stueck-12-cm-vollgriff-aus-tuerkis-gold-und-ebenholz-guillochierte-federteller-aus-guillochiertem-messing\\\/#primaryimage\"},\"image\":{\"@id\":\"https:\\\/\\\/laguiole.com\\\/de\\\/produit\\\/laguiole-prestige-messer-aus-aubrac-bi-material-stein-holz-1-stueck-12-cm-vollgriff-aus-tuerkis-gold-und-ebenholz-guillochierte-federteller-aus-guillochiertem-messing\\\/#primaryimage\"},\"thumbnailUrl\":\"https:\\\/\\\/laguiole.com\\\/wp-content\\\/uploads\\\/2025\\\/05\\\/Couteau_Prestige_Laguiole_en_Aubrac_Bi-matiere_Pierre_Bois_Plein_Manche_en_Turquoise_Or_et_Ebene_00.jpg\",\"datePublished\":\"2025-05-22T16:49:34+00:00\",\"dateModified\":\"2025-10-03T16:14:43+00:00\",\"description\":\"Das Laguiole Turquoise & Ebony Messer sublimiert die seltene und kostbare Kombination aus intensivem Ebenholz und goldenem T\u00fcrkis, ein Symbol f\u00fcr au\u00dfergew\u00f6hnliche Handwerkskunst.\",\"breadcrumb\":{\"@id\":\"https:\\\/\\\/laguiole.com\\\/de\\\/produit\\\/laguiole-prestige-messer-aus-aubrac-bi-material-stein-holz-1-stueck-12-cm-vollgriff-aus-tuerkis-gold-und-ebenholz-guillochierte-federteller-aus-guillochiertem-messing\\\/#breadcrumb\"},\"inLanguage\":\"de\",\"potentialAction\":[{\"@type\":\"ReadAction\",\"target\":[\"https:\\\/\\\/laguiole.com\\\/de\\\/produit\\\/laguiole-prestige-messer-aus-aubrac-bi-material-stein-holz-1-stueck-12-cm-vollgriff-aus-tuerkis-gold-und-ebenholz-guillochierte-federteller-aus-guillochiertem-messing\\\/\"]}]},{\"@type\":\"ImageObject\",\"inLanguage\":\"de\",\"@id\":\"https:\\\/\\\/laguiole.com\\\/de\\\/produit\\\/laguiole-prestige-messer-aus-aubrac-bi-material-stein-holz-1-stueck-12-cm-vollgriff-aus-tuerkis-gold-und-ebenholz-guillochierte-federteller-aus-guillochiertem-messing\\\/#primaryimage\",\"url\":\"https:\\\/\\\/laguiole.com\\\/wp-content\\\/uploads\\\/2025\\\/05\\\/Couteau_Prestige_Laguiole_en_Aubrac_Bi-matiere_Pierre_Bois_Plein_Manche_en_Turquoise_Or_et_Ebene_00.jpg\",\"contentUrl\":\"https:\\\/\\\/laguiole.com\\\/wp-content\\\/uploads\\\/2025\\\/05\\\/Couteau_Prestige_Laguiole_en_Aubrac_Bi-matiere_Pierre_Bois_Plein_Manche_en_Turquoise_Or_et_Ebene_00.jpg\",\"width\":1033,\"height\":1033,\"caption\":\"Laguiole Prestige Messer aus Aubrac Bi-Material Holzstein 1 St\u00fcck 12 cm Vollgriff aus T\u00fcrkis, Gold und Ebenholz\"},{\"@type\":\"BreadcrumbList\",\"@id\":\"https:\\\/\\\/laguiole.com\\\/de\\\/produit\\\/laguiole-prestige-messer-aus-aubrac-bi-material-stein-holz-1-stueck-12-cm-vollgriff-aus-tuerkis-gold-und-ebenholz-guillochierte-federteller-aus-guillochiertem-messing\\\/#breadcrumb\",\"itemListElement\":[{\"@type\":\"ListItem\",\"position\":1,\"name\":\"Accueil\",\"item\":\"https:\\\/\\\/laguiole.com\\\/de\\\/\"},{\"@type\":\"ListItem\",\"position\":2,\"name\":\"Shop\",\"item\":\"https:\\\/\\\/laguiole.com\\\/de\\\/shop-2\\\/\"},{\"@type\":\"ListItem\",\"position\":3,\"name\":\"Laguiole Prestige Messer aus Aubrac Bi-Material Stein\\\/Holz 1 St\u00fcck 12 cm Vollgriff aus T\u00fcrkis, Gold und Ebenholz Guillochierte Federteller aus guillochiertem Messing\"}]},{\"@type\":\"WebSite\",\"@id\":\"https:\\\/\\\/laguiole.com\\\/de\\\/#website\",\"url\":\"https:\\\/\\\/laguiole.com\\\/de\\\/\",\"name\":\"Laguiole.com\",\"description\":\"Laguiole - Couteau laguiole, Chateau Laguiole, Laguiole en Aubrac, Forge de Laguiole\",\"publisher\":{\"@id\":\"https:\\\/\\\/laguiole.com\\\/de\\\/#organization\"},\"potentialAction\":[{\"@type\":\"SearchAction\",\"target\":{\"@type\":\"EntryPoint\",\"urlTemplate\":\"https:\\\/\\\/laguiole.com\\\/de\\\/?s={search_term_string}\"},\"query-input\":{\"@type\":\"PropertyValueSpecification\",\"valueRequired\":true,\"valueName\":\"search_term_string\"}}],\"inLanguage\":\"de\"},{\"@type\":\"Organization\",\"@id\":\"https:\\\/\\\/laguiole.com\\\/de\\\/#organization\",\"name\":\"Laguiole.com\",\"url\":\"https:\\\/\\\/laguiole.com\\\/de\\\/\",\"logo\":{\"@type\":\"ImageObject\",\"inLanguage\":\"de\",\"@id\":\"https:\\\/\\\/laguiole.com\\\/de\\\/#\\\/schema\\\/logo\\\/image\\\/\",\"url\":\"https:\\\/\\\/laguiole.com\\\/wp-content\\\/uploads\\\/2021\\\/02\\\/logo_laguiole.com-horizontal.jpg\",\"contentUrl\":\"https:\\\/\\\/laguiole.com\\\/wp-content\\\/uploads\\\/2021\\\/02\\\/logo_laguiole.com-horizontal.jpg\",\"width\":490,\"height\":156,\"caption\":\"Laguiole.com\"},\"image\":{\"@id\":\"https:\\\/\\\/laguiole.com\\\/de\\\/#\\\/schema\\\/logo\\\/image\\\/\"},\"sameAs\":[\"https:\\\/\\\/www.facebook.com\\\/laguiolecom\\\/\",\"https:\\\/\\\/www.instagram.com\\\/laguiolecom\\\/\",\"https:\\\/\\\/www.youtube.com\\\/@laguiolecom\\\/videos\"]}]}<\/script>\n<!-- \/ Yoast SEO plugin. -->","yoast_head_json":{"title":"Laguiole Prestige Messer aus Aubrac Bi-Material Stein\/Holz 1 St\u00fcck 12 cm Vollgriff aus T\u00fcrkis, Gold und Ebenholz Guillochierte Federteller aus guillochiertem Messing - Laguiole.com \u00ae","description":"Das Laguiole Turquoise & Ebony Messer sublimiert die seltene und kostbare Kombination aus intensivem Ebenholz und goldenem T\u00fcrkis, ein Symbol f\u00fcr au\u00dfergew\u00f6hnliche Handwerkskunst.","robots":{"index":"index","follow":"follow","max-snippet":"max-snippet:-1","max-image-preview":"max-image-preview:large","max-video-preview":"max-video-preview:-1"},"canonical":"https:\/\/laguiole.com\/de\/produit\/laguiole-prestige-messer-aus-aubrac-bi-material-stein-holz-1-stueck-12-cm-vollgriff-aus-tuerkis-gold-und-ebenholz-guillochierte-federteller-aus-guillochiertem-messing\/","og_locale":"de_DE","og_type":"article","og_title":"Laguiole Prestige Messer aus Aubrac Bi-Material Stein\/Holz 1 St\u00fcck 12 cm Vollgriff aus T\u00fcrkis, Gold und Ebenholz Guillochierte Federteller aus guillochiertem Messing - Laguiole.com \u00ae","og_description":"Das Laguiole Turquoise & Ebony Messer sublimiert die seltene und kostbare Kombination aus intensivem Ebenholz und goldenem T\u00fcrkis, ein Symbol f\u00fcr au\u00dfergew\u00f6hnliche Handwerkskunst.","og_url":"https:\/\/laguiole.com\/de\/produit\/laguiole-prestige-messer-aus-aubrac-bi-material-stein-holz-1-stueck-12-cm-vollgriff-aus-tuerkis-gold-und-ebenholz-guillochierte-federteller-aus-guillochiertem-messing\/","og_site_name":"Laguiole.com \u00ae","article_publisher":"https:\/\/www.facebook.com\/laguiolecom\/","article_modified_time":"2025-10-03T16:14:43+00:00","og_image":[{"width":1033,"height":1033,"url":"https:\/\/laguiole.com\/wp-content\/uploads\/2025\/05\/Couteau_Prestige_Laguiole_en_Aubrac_Bi-matiere_Pierre_Bois_Plein_Manche_en_Turquoise_Or_et_Ebene_00.jpg","type":"image\/jpeg"}],"twitter_card":"summary_large_image","twitter_misc":{"Gesch\u00e4tzte Lesezeit":"2\u00a0Minute"},"schema":{"@context":"https:\/\/schema.org","@graph":[{"@type":"WebPage","@id":"https:\/\/laguiole.com\/de\/produit\/laguiole-prestige-messer-aus-aubrac-bi-material-stein-holz-1-stueck-12-cm-vollgriff-aus-tuerkis-gold-und-ebenholz-guillochierte-federteller-aus-guillochiertem-messing\/","url":"https:\/\/laguiole.com\/de\/produit\/laguiole-prestige-messer-aus-aubrac-bi-material-stein-holz-1-stueck-12-cm-vollgriff-aus-tuerkis-gold-und-ebenholz-guillochierte-federteller-aus-guillochiertem-messing\/","name":"Laguiole Prestige Messer aus Aubrac Bi-Material Stein\/Holz 1 St\u00fcck 12 cm Vollgriff aus T\u00fcrkis, Gold und Ebenholz Guillochierte Federteller aus guillochiertem Messing - Laguiole.com \u00ae","isPartOf":{"@id":"https:\/\/laguiole.com\/de\/#website"},"primaryImageOfPage":{"@id":"https:\/\/laguiole.com\/de\/produit\/laguiole-prestige-messer-aus-aubrac-bi-material-stein-holz-1-stueck-12-cm-vollgriff-aus-tuerkis-gold-und-ebenholz-guillochierte-federteller-aus-guillochiertem-messing\/#primaryimage"},"image":{"@id":"https:\/\/laguiole.com\/de\/produit\/laguiole-prestige-messer-aus-aubrac-bi-material-stein-holz-1-stueck-12-cm-vollgriff-aus-tuerkis-gold-und-ebenholz-guillochierte-federteller-aus-guillochiertem-messing\/#primaryimage"},"thumbnailUrl":"https:\/\/laguiole.com\/wp-content\/uploads\/2025\/05\/Couteau_Prestige_Laguiole_en_Aubrac_Bi-matiere_Pierre_Bois_Plein_Manche_en_Turquoise_Or_et_Ebene_00.jpg","datePublished":"2025-05-22T16:49:34+00:00","dateModified":"2025-10-03T16:14:43+00:00","description":"Das Laguiole Turquoise & Ebony Messer sublimiert die seltene und kostbare Kombination aus intensivem Ebenholz und goldenem T\u00fcrkis, ein Symbol f\u00fcr au\u00dfergew\u00f6hnliche Handwerkskunst.","breadcrumb":{"@id":"https:\/\/laguiole.com\/de\/produit\/laguiole-prestige-messer-aus-aubrac-bi-material-stein-holz-1-stueck-12-cm-vollgriff-aus-tuerkis-gold-und-ebenholz-guillochierte-federteller-aus-guillochiertem-messing\/#breadcrumb"},"inLanguage":"de","potentialAction":[{"@type":"ReadAction","target":["https:\/\/laguiole.com\/de\/produit\/laguiole-prestige-messer-aus-aubrac-bi-material-stein-holz-1-stueck-12-cm-vollgriff-aus-tuerkis-gold-und-ebenholz-guillochierte-federteller-aus-guillochiertem-messing\/"]}]},{"@type":"ImageObject","inLanguage":"de","@id":"https:\/\/laguiole.com\/de\/produit\/laguiole-prestige-messer-aus-aubrac-bi-material-stein-holz-1-stueck-12-cm-vollgriff-aus-tuerkis-gold-und-ebenholz-guillochierte-federteller-aus-guillochiertem-messing\/#primaryimage","url":"https:\/\/laguiole.com\/wp-content\/uploads\/2025\/05\/Couteau_Prestige_Laguiole_en_Aubrac_Bi-matiere_Pierre_Bois_Plein_Manche_en_Turquoise_Or_et_Ebene_00.jpg","contentUrl":"https:\/\/laguiole.com\/wp-content\/uploads\/2025\/05\/Couteau_Prestige_Laguiole_en_Aubrac_Bi-matiere_Pierre_Bois_Plein_Manche_en_Turquoise_Or_et_Ebene_00.jpg","width":1033,"height":1033,"caption":"Laguiole Prestige Messer aus Aubrac Bi-Material Holzstein 1 St\u00fcck 12 cm Vollgriff aus T\u00fcrkis, Gold und Ebenholz"},{"@type":"BreadcrumbList","@id":"https:\/\/laguiole.com\/de\/produit\/laguiole-prestige-messer-aus-aubrac-bi-material-stein-holz-1-stueck-12-cm-vollgriff-aus-tuerkis-gold-und-ebenholz-guillochierte-federteller-aus-guillochiertem-messing\/#breadcrumb","itemListElement":[{"@type":"ListItem","position":1,"name":"Accueil","item":"https:\/\/laguiole.com\/de\/"},{"@type":"ListItem","position":2,"name":"Shop","item":"https:\/\/laguiole.com\/de\/shop-2\/"},{"@type":"ListItem","position":3,"name":"Laguiole Prestige Messer aus Aubrac Bi-Material Stein\/Holz 1 St\u00fcck 12 cm Vollgriff aus T\u00fcrkis, Gold und Ebenholz Guillochierte Federteller aus guillochiertem Messing"}]},{"@type":"WebSite","@id":"https:\/\/laguiole.com\/de\/#website","url":"https:\/\/laguiole.com\/de\/","name":"Laguiole.com","description":"Laguiole - Couteau laguiole, Chateau Laguiole, Laguiole en Aubrac, Forge de Laguiole","publisher":{"@id":"https:\/\/laguiole.com\/de\/#organization"},"potentialAction":[{"@type":"SearchAction","target":{"@type":"EntryPoint","urlTemplate":"https:\/\/laguiole.com\/de\/?s={search_term_string}"},"query-input":{"@type":"PropertyValueSpecification","valueRequired":true,"valueName":"search_term_string"}}],"inLanguage":"de"},{"@type":"Organization","@id":"https:\/\/laguiole.com\/de\/#organization","name":"Laguiole.com","url":"https:\/\/laguiole.com\/de\/","logo":{"@type":"ImageObject","inLanguage":"de","@id":"https:\/\/laguiole.com\/de\/#\/schema\/logo\/image\/","url":"https:\/\/laguiole.com\/wp-content\/uploads\/2021\/02\/logo_laguiole.com-horizontal.jpg","contentUrl":"https:\/\/laguiole.com\/wp-content\/uploads\/2021\/02\/logo_laguiole.com-horizontal.jpg","width":490,"height":156,"caption":"Laguiole.com"},"image":{"@id":"https:\/\/laguiole.com\/de\/#\/schema\/logo\/image\/"},"sameAs":["https:\/\/www.facebook.com\/laguiolecom\/","https:\/\/www.instagram.com\/laguiolecom\/","https:\/\/www.youtube.com\/@laguiolecom\/videos"]}]}},"_links":{"self":[{"href":"https:\/\/laguiole.com\/de\/wp-json\/wp\/v2\/product\/37408","targetHints":{"allow":["GET"]}}],"collection":[{"href":"https:\/\/laguiole.com\/de\/wp-json\/wp\/v2\/product"}],"about":[{"href":"https:\/\/laguiole.com\/de\/wp-json\/wp\/v2\/types\/product"}],"version-history":[{"count":1,"href":"https:\/\/laguiole.com\/de\/wp-json\/wp\/v2\/product\/37408\/revisions"}],"predecessor-version":[{"id":41741,"href":"https:\/\/laguiole.com\/de\/wp-json\/wp\/v2\/product\/37408\/revisions\/41741"}],"wp:featuredmedia":[{"embeddable":true,"href":"https:\/\/laguiole.com\/de\/wp-json\/wp\/v2\/media\/41343"}],"wp:attachment":[{"href":"https:\/\/laguiole.com\/de\/wp-json\/wp\/v2\/media?parent=37408"}],"wp:term":[{"taxonomy":"product_brand","embeddable":true,"href":"https:\/\/laguiole.com\/de\/wp-json\/wp\/v2\/product_brand?post=37408"},{"taxonomy":"product_cat","embeddable":true,"href":"https:\/\/laguiole.com\/de\/wp-json\/wp\/v2\/product_cat?post=37408"},{"taxonomy":"product_tag","embeddable":true,"href":"https:\/\/laguiole.com\/de\/wp-json\/wp\/v2\/product_tag?post=37408"}],"curies":[{"name":"wp","href":"https:\/\/api.w.org\/{rel}","templated":true}]}}