{"id":37382,"date":"2025-05-25T21:44:43","date_gmt":"2025-05-25T19:44:43","guid":{"rendered":"https:\/\/laguiole.com\/produit\/laguiole-dantan-messergriff-olivenbaum-gravur-berg-und-steinbock-gehrung-aus-geburstetem-edelstahl-1-stuck-12cm\/"},"modified":"2025-12-26T13:09:13","modified_gmt":"2025-12-26T12:09:13","slug":"laguiole-dantan-messergriff-olivenbaum-gravur-berg-und-steinbock-gehrung-aus-geburstetem-edelstahl-1-stuck-12cm","status":"publish","type":"product","link":"https:\/\/laguiole.com\/de\/produit\/laguiole-dantan-messergriff-olivenbaum-gravur-berg-und-steinbock-gehrung-aus-geburstetem-edelstahl-1-stuck-12cm\/","title":{"rendered":"Laguiole d&#8217;Antan Messergriff Olivenbaum Gravur Berg und Steinbock Gehrung aus geb\u00fcrstetem Edelstahl 1 St\u00fcck 12cm"},"content":{"rendered":"<p>Dieses Laguiole-Messer aus Olivenholz, das mit einer Szene verziert ist, die auf dem Griff Berg und Steinbock eingraviert ist, ist ein Besteck f\u00fcr Naturliebhaber.<br \/>\nDer sorgf\u00e4ltig verarbeitete Griff aus Olivenholz und der Kropf aus geb\u00fcrstetem Edelstahl verleihen ihm Festigkeit und bemerkenswerte Haltbarkeit, in perfekter Harmonie mit der Umwelt.<\/p>\n<p>Dieser Laguiole wurde entwickelt, um die Erwartungen von Outdoor-Enthusiasten zu erf\u00fcllen, und kombiniert Funktionalit\u00e4t und \u00c4sthetik perfekt. Seine hochwertige Klinge und die au\u00dfergew\u00f6hnliche Balance machen ihn zur ersten Wahl f\u00fcr die Jagd, das Wandern oder jeden anderen Einsatz in der Wildnis.<br \/>\nDieses Modell verk\u00f6rpert den Geist der freien Natur und die Exzellenz der franz\u00f6sischen Handwerkskunst und erf\u00fcllt die Anforderungen an Leistung und Stil. <\/p>\n<p>Eine sch\u00f6ne Anpassung an der Klinge wird das kleine Extra f\u00fcr den zuk\u00fcnftigen K\u00e4ufer sein!!<\/p>\n","protected":false},"excerpt":{"rendered":"<p>Laguiole d&#8217;Antan<br \/>\nKlappmesser 1 Gehrungsklinge aus geb\u00fcrstetem<br \/>\nEdelstahl Klingengr\u00f6\u00dfe aus geb\u00fcrstetem<br \/>\nEdelstahl Klinge 10 cm<br \/>\nGriff aus Olivenbaum, Berg- und Steinbockgravuren auf dem Griff<br \/>\nGuillochierte<br \/>\nFedergr\u00f6\u00dfe Geschlossenes Messer Gr\u00f6\u00dfe: 12 cm<br \/>\nOffene Messergr\u00f6\u00dfe: 22 cm<br \/>\nMattes Finish<\/p>\n","protected":false},"featured_media":37383,"template":"","meta":{"_acf_changed":false,"_monsterinsights_skip_tracking":false,"_monsterinsights_sitenote_active":false,"_monsterinsights_sitenote_note":"","_monsterinsights_sitenote_category":0},"product_brand":[],"product_cat":[5938,5939,5940],"product_tag":[],"class_list":{"0":"post-37382","1":"product","2":"type-product","3":"status-publish","4":"has-post-thumbnail","6":"product_cat-klappmesser","7":"product_cat-laguiole-klappmesser","8":"product_cat-laguiole-traditionelle-messer-mit-und-ohne-korkenzieher","9":"pa_composition-couteau-1-stueck-nur-klinge","10":"pa_lame-gebuersteter-edelstahl","11":"pa_manche-en-bois-olive","12":"pa_marque-laguiole-arbalete","13":"pa_mitres-1-gehrung","14":"pa_mitres-gebuersteter-edelstahl","15":"pa_ressort-guilloche","16":"pa_taille-du-manche-12-cm","17":"tm-has-options","20":"instock","21":"taxable","22":"shipping-taxable","23":"purchasable","24":"product-type-simple"},"supplier_id":null,"supplier_sku":"","barcode":null,"atum_controlled":true,"out_stock_date":null,"out_stock_threshold":null,"inheritable":false,"inbound_stock":0,"stock_on_hold":0,"sold_today":0,"sales_last_days":0,"reserved_stock":0,"customer_returns":0,"warehouse_damage":0,"lost_in_post":0,"other_logs":0,"out_stock_days":0,"lost_sales":0,"has_location":false,"update_date":"2026-05-10T00:57:18","atum_locations":[],"atum_stock_status":"instock","restock_status":false,"low_stock_amount":"","sales_update_date":"2026-05-10T00:57:18","calc_backorders":0,"acf":[],"yoast_head":"<!-- This site is optimized with the Yoast SEO plugin v27.3 - https:\/\/yoast.com\/product\/yoast-seo-wordpress\/ -->\n<title>Laguiole d&#039;Antan Messergriff Olivenbaum Gravur Berg und Steinbock Gehrung aus geb\u00fcrstetem Edelstahl 1 St\u00fcck 12cm - Laguiole.com \u00ae<\/title>\n<meta name=\"robots\" content=\"index, follow, max-snippet:-1, max-image-preview:large, max-video-preview:-1\" \/>\n<link rel=\"canonical\" href=\"https:\/\/laguiole.com\/de\/produit\/laguiole-dantan-messergriff-olivenbaum-gravur-berg-und-steinbock-gehrung-aus-geburstetem-edelstahl-1-stuck-12cm\/\" \/>\n<meta property=\"og:locale\" content=\"de_DE\" \/>\n<meta property=\"og:type\" content=\"article\" \/>\n<meta property=\"og:title\" content=\"Laguiole d&#039;Antan Messergriff Olivenbaum Gravur Berg und Steinbock Gehrung aus geb\u00fcrstetem Edelstahl 1 St\u00fcck 12cm - Laguiole.com \u00ae\" \/>\n<meta property=\"og:description\" content=\"Laguiole d&#039;Antan Klappmesser 1 Gehrungsklinge aus geb\u00fcrstetem Edelstahl Klingengr\u00f6\u00dfe aus geb\u00fcrstetem Edelstahl Klinge 10 cm Griff aus Olivenbaum, Berg- und Steinbockgravuren auf dem Griff Guillochierte Federgr\u00f6\u00dfe Geschlossenes Messer Gr\u00f6\u00dfe: 12 cm Offene Messergr\u00f6\u00dfe: 22 cm Mattes Finish\" \/>\n<meta property=\"og:url\" content=\"https:\/\/laguiole.com\/de\/produit\/laguiole-dantan-messergriff-olivenbaum-gravur-berg-und-steinbock-gehrung-aus-geburstetem-edelstahl-1-stuck-12cm\/\" \/>\n<meta property=\"og:site_name\" content=\"Laguiole.com \u00ae\" \/>\n<meta property=\"article:publisher\" content=\"https:\/\/www.facebook.com\/laguiolecom\/\" \/>\n<meta property=\"article:modified_time\" content=\"2025-12-26T12:09:13+00:00\" \/>\n<meta property=\"og:image\" content=\"https:\/\/laguiole.com\/wp-content\/uploads\/2025\/05\/Couteau_Laguiole_Antan_Manche_Olivier_Gravure_Montagne_Bouquetin_00.jpg\" \/>\n\t<meta property=\"og:image:width\" content=\"1033\" \/>\n\t<meta property=\"og:image:height\" content=\"1033\" \/>\n\t<meta property=\"og:image:type\" content=\"image\/jpeg\" \/>\n<meta name=\"twitter:card\" content=\"summary_large_image\" \/>\n<meta name=\"twitter:label1\" content=\"Gesch\u00e4tzte Lesezeit\" \/>\n\t<meta name=\"twitter:data1\" content=\"1\u00a0Minute\" \/>\n<script type=\"application\/ld+json\" class=\"yoast-schema-graph\">{\"@context\":\"https:\\\/\\\/schema.org\",\"@graph\":[{\"@type\":\"WebPage\",\"@id\":\"https:\\\/\\\/laguiole.com\\\/de\\\/produit\\\/laguiole-dantan-messergriff-olivenbaum-gravur-berg-und-steinbock-gehrung-aus-geburstetem-edelstahl-1-stuck-12cm\\\/\",\"url\":\"https:\\\/\\\/laguiole.com\\\/de\\\/produit\\\/laguiole-dantan-messergriff-olivenbaum-gravur-berg-und-steinbock-gehrung-aus-geburstetem-edelstahl-1-stuck-12cm\\\/\",\"name\":\"Laguiole d'Antan Messergriff Olivenbaum Gravur Berg und Steinbock Gehrung aus geb\u00fcrstetem Edelstahl 1 St\u00fcck 12cm - Laguiole.com \u00ae\",\"isPartOf\":{\"@id\":\"https:\\\/\\\/laguiole.com\\\/de\\\/#website\"},\"primaryImageOfPage\":{\"@id\":\"https:\\\/\\\/laguiole.com\\\/de\\\/produit\\\/laguiole-dantan-messergriff-olivenbaum-gravur-berg-und-steinbock-gehrung-aus-geburstetem-edelstahl-1-stuck-12cm\\\/#primaryimage\"},\"image\":{\"@id\":\"https:\\\/\\\/laguiole.com\\\/de\\\/produit\\\/laguiole-dantan-messergriff-olivenbaum-gravur-berg-und-steinbock-gehrung-aus-geburstetem-edelstahl-1-stuck-12cm\\\/#primaryimage\"},\"thumbnailUrl\":\"https:\\\/\\\/laguiole.com\\\/wp-content\\\/uploads\\\/2025\\\/05\\\/Couteau_Laguiole_Antan_Manche_Olivier_Gravure_Montagne_Bouquetin_00.jpg\",\"datePublished\":\"2025-05-25T19:44:43+00:00\",\"dateModified\":\"2025-12-26T12:09:13+00:00\",\"breadcrumb\":{\"@id\":\"https:\\\/\\\/laguiole.com\\\/de\\\/produit\\\/laguiole-dantan-messergriff-olivenbaum-gravur-berg-und-steinbock-gehrung-aus-geburstetem-edelstahl-1-stuck-12cm\\\/#breadcrumb\"},\"inLanguage\":\"de\",\"potentialAction\":[{\"@type\":\"ReadAction\",\"target\":[\"https:\\\/\\\/laguiole.com\\\/de\\\/produit\\\/laguiole-dantan-messergriff-olivenbaum-gravur-berg-und-steinbock-gehrung-aus-geburstetem-edelstahl-1-stuck-12cm\\\/\"]}]},{\"@type\":\"ImageObject\",\"inLanguage\":\"de\",\"@id\":\"https:\\\/\\\/laguiole.com\\\/de\\\/produit\\\/laguiole-dantan-messergriff-olivenbaum-gravur-berg-und-steinbock-gehrung-aus-geburstetem-edelstahl-1-stuck-12cm\\\/#primaryimage\",\"url\":\"https:\\\/\\\/laguiole.com\\\/wp-content\\\/uploads\\\/2025\\\/05\\\/Couteau_Laguiole_Antan_Manche_Olivier_Gravure_Montagne_Bouquetin_00.jpg\",\"contentUrl\":\"https:\\\/\\\/laguiole.com\\\/wp-content\\\/uploads\\\/2025\\\/05\\\/Couteau_Laguiole_Antan_Manche_Olivier_Gravure_Montagne_Bouquetin_00.jpg\",\"width\":1033,\"height\":1033,\"caption\":\"Laguiole d'Antan Messergriff Olivenbaum Gravur Berg und Steinbock Gehrung aus geb\u00fcrstetem Edelstahl 1 St\u00fcck 12cm\"},{\"@type\":\"BreadcrumbList\",\"@id\":\"https:\\\/\\\/laguiole.com\\\/de\\\/produit\\\/laguiole-dantan-messergriff-olivenbaum-gravur-berg-und-steinbock-gehrung-aus-geburstetem-edelstahl-1-stuck-12cm\\\/#breadcrumb\",\"itemListElement\":[{\"@type\":\"ListItem\",\"position\":1,\"name\":\"Accueil\",\"item\":\"https:\\\/\\\/laguiole.com\\\/de\\\/\"},{\"@type\":\"ListItem\",\"position\":2,\"name\":\"Shop\",\"item\":\"https:\\\/\\\/laguiole.com\\\/de\\\/shop-2\\\/\"},{\"@type\":\"ListItem\",\"position\":3,\"name\":\"Laguiole d&#8217;Antan Messergriff Olivenbaum Gravur Berg und Steinbock Gehrung aus geb\u00fcrstetem Edelstahl 1 St\u00fcck 12cm\"}]},{\"@type\":\"WebSite\",\"@id\":\"https:\\\/\\\/laguiole.com\\\/de\\\/#website\",\"url\":\"https:\\\/\\\/laguiole.com\\\/de\\\/\",\"name\":\"Laguiole.com\",\"description\":\"Laguiole - Couteau laguiole, Chateau Laguiole, Laguiole en Aubrac, Forge de Laguiole\",\"publisher\":{\"@id\":\"https:\\\/\\\/laguiole.com\\\/de\\\/#organization\"},\"potentialAction\":[{\"@type\":\"SearchAction\",\"target\":{\"@type\":\"EntryPoint\",\"urlTemplate\":\"https:\\\/\\\/laguiole.com\\\/de\\\/?s={search_term_string}\"},\"query-input\":{\"@type\":\"PropertyValueSpecification\",\"valueRequired\":true,\"valueName\":\"search_term_string\"}}],\"inLanguage\":\"de\"},{\"@type\":\"Organization\",\"@id\":\"https:\\\/\\\/laguiole.com\\\/de\\\/#organization\",\"name\":\"Laguiole.com\",\"url\":\"https:\\\/\\\/laguiole.com\\\/de\\\/\",\"logo\":{\"@type\":\"ImageObject\",\"inLanguage\":\"de\",\"@id\":\"https:\\\/\\\/laguiole.com\\\/de\\\/#\\\/schema\\\/logo\\\/image\\\/\",\"url\":\"https:\\\/\\\/laguiole.com\\\/wp-content\\\/uploads\\\/2021\\\/02\\\/logo_laguiole.com-horizontal.jpg\",\"contentUrl\":\"https:\\\/\\\/laguiole.com\\\/wp-content\\\/uploads\\\/2021\\\/02\\\/logo_laguiole.com-horizontal.jpg\",\"width\":490,\"height\":156,\"caption\":\"Laguiole.com\"},\"image\":{\"@id\":\"https:\\\/\\\/laguiole.com\\\/de\\\/#\\\/schema\\\/logo\\\/image\\\/\"},\"sameAs\":[\"https:\\\/\\\/www.facebook.com\\\/laguiolecom\\\/\",\"https:\\\/\\\/www.instagram.com\\\/laguiolecom\\\/\",\"https:\\\/\\\/www.youtube.com\\\/@laguiolecom\\\/videos\"]}]}<\/script>\n<!-- \/ Yoast SEO plugin. -->","yoast_head_json":{"title":"Laguiole d'Antan Messergriff Olivenbaum Gravur Berg und Steinbock Gehrung aus geb\u00fcrstetem Edelstahl 1 St\u00fcck 12cm - Laguiole.com \u00ae","robots":{"index":"index","follow":"follow","max-snippet":"max-snippet:-1","max-image-preview":"max-image-preview:large","max-video-preview":"max-video-preview:-1"},"canonical":"https:\/\/laguiole.com\/de\/produit\/laguiole-dantan-messergriff-olivenbaum-gravur-berg-und-steinbock-gehrung-aus-geburstetem-edelstahl-1-stuck-12cm\/","og_locale":"de_DE","og_type":"article","og_title":"Laguiole d'Antan Messergriff Olivenbaum Gravur Berg und Steinbock Gehrung aus geb\u00fcrstetem Edelstahl 1 St\u00fcck 12cm - Laguiole.com \u00ae","og_description":"Laguiole d'Antan Klappmesser 1 Gehrungsklinge aus geb\u00fcrstetem Edelstahl Klingengr\u00f6\u00dfe aus geb\u00fcrstetem Edelstahl Klinge 10 cm Griff aus Olivenbaum, Berg- und Steinbockgravuren auf dem Griff Guillochierte Federgr\u00f6\u00dfe Geschlossenes Messer Gr\u00f6\u00dfe: 12 cm Offene Messergr\u00f6\u00dfe: 22 cm Mattes Finish","og_url":"https:\/\/laguiole.com\/de\/produit\/laguiole-dantan-messergriff-olivenbaum-gravur-berg-und-steinbock-gehrung-aus-geburstetem-edelstahl-1-stuck-12cm\/","og_site_name":"Laguiole.com \u00ae","article_publisher":"https:\/\/www.facebook.com\/laguiolecom\/","article_modified_time":"2025-12-26T12:09:13+00:00","og_image":[{"width":1033,"height":1033,"url":"https:\/\/laguiole.com\/wp-content\/uploads\/2025\/05\/Couteau_Laguiole_Antan_Manche_Olivier_Gravure_Montagne_Bouquetin_00.jpg","type":"image\/jpeg"}],"twitter_card":"summary_large_image","twitter_misc":{"Gesch\u00e4tzte Lesezeit":"1\u00a0Minute"},"schema":{"@context":"https:\/\/schema.org","@graph":[{"@type":"WebPage","@id":"https:\/\/laguiole.com\/de\/produit\/laguiole-dantan-messergriff-olivenbaum-gravur-berg-und-steinbock-gehrung-aus-geburstetem-edelstahl-1-stuck-12cm\/","url":"https:\/\/laguiole.com\/de\/produit\/laguiole-dantan-messergriff-olivenbaum-gravur-berg-und-steinbock-gehrung-aus-geburstetem-edelstahl-1-stuck-12cm\/","name":"Laguiole d'Antan Messergriff Olivenbaum Gravur Berg und Steinbock Gehrung aus geb\u00fcrstetem Edelstahl 1 St\u00fcck 12cm - Laguiole.com \u00ae","isPartOf":{"@id":"https:\/\/laguiole.com\/de\/#website"},"primaryImageOfPage":{"@id":"https:\/\/laguiole.com\/de\/produit\/laguiole-dantan-messergriff-olivenbaum-gravur-berg-und-steinbock-gehrung-aus-geburstetem-edelstahl-1-stuck-12cm\/#primaryimage"},"image":{"@id":"https:\/\/laguiole.com\/de\/produit\/laguiole-dantan-messergriff-olivenbaum-gravur-berg-und-steinbock-gehrung-aus-geburstetem-edelstahl-1-stuck-12cm\/#primaryimage"},"thumbnailUrl":"https:\/\/laguiole.com\/wp-content\/uploads\/2025\/05\/Couteau_Laguiole_Antan_Manche_Olivier_Gravure_Montagne_Bouquetin_00.jpg","datePublished":"2025-05-25T19:44:43+00:00","dateModified":"2025-12-26T12:09:13+00:00","breadcrumb":{"@id":"https:\/\/laguiole.com\/de\/produit\/laguiole-dantan-messergriff-olivenbaum-gravur-berg-und-steinbock-gehrung-aus-geburstetem-edelstahl-1-stuck-12cm\/#breadcrumb"},"inLanguage":"de","potentialAction":[{"@type":"ReadAction","target":["https:\/\/laguiole.com\/de\/produit\/laguiole-dantan-messergriff-olivenbaum-gravur-berg-und-steinbock-gehrung-aus-geburstetem-edelstahl-1-stuck-12cm\/"]}]},{"@type":"ImageObject","inLanguage":"de","@id":"https:\/\/laguiole.com\/de\/produit\/laguiole-dantan-messergriff-olivenbaum-gravur-berg-und-steinbock-gehrung-aus-geburstetem-edelstahl-1-stuck-12cm\/#primaryimage","url":"https:\/\/laguiole.com\/wp-content\/uploads\/2025\/05\/Couteau_Laguiole_Antan_Manche_Olivier_Gravure_Montagne_Bouquetin_00.jpg","contentUrl":"https:\/\/laguiole.com\/wp-content\/uploads\/2025\/05\/Couteau_Laguiole_Antan_Manche_Olivier_Gravure_Montagne_Bouquetin_00.jpg","width":1033,"height":1033,"caption":"Laguiole d'Antan Messergriff Olivenbaum Gravur Berg und Steinbock Gehrung aus geb\u00fcrstetem Edelstahl 1 St\u00fcck 12cm"},{"@type":"BreadcrumbList","@id":"https:\/\/laguiole.com\/de\/produit\/laguiole-dantan-messergriff-olivenbaum-gravur-berg-und-steinbock-gehrung-aus-geburstetem-edelstahl-1-stuck-12cm\/#breadcrumb","itemListElement":[{"@type":"ListItem","position":1,"name":"Accueil","item":"https:\/\/laguiole.com\/de\/"},{"@type":"ListItem","position":2,"name":"Shop","item":"https:\/\/laguiole.com\/de\/shop-2\/"},{"@type":"ListItem","position":3,"name":"Laguiole d&#8217;Antan Messergriff Olivenbaum Gravur Berg und Steinbock Gehrung aus geb\u00fcrstetem Edelstahl 1 St\u00fcck 12cm"}]},{"@type":"WebSite","@id":"https:\/\/laguiole.com\/de\/#website","url":"https:\/\/laguiole.com\/de\/","name":"Laguiole.com","description":"Laguiole - Couteau laguiole, Chateau Laguiole, Laguiole en Aubrac, Forge de Laguiole","publisher":{"@id":"https:\/\/laguiole.com\/de\/#organization"},"potentialAction":[{"@type":"SearchAction","target":{"@type":"EntryPoint","urlTemplate":"https:\/\/laguiole.com\/de\/?s={search_term_string}"},"query-input":{"@type":"PropertyValueSpecification","valueRequired":true,"valueName":"search_term_string"}}],"inLanguage":"de"},{"@type":"Organization","@id":"https:\/\/laguiole.com\/de\/#organization","name":"Laguiole.com","url":"https:\/\/laguiole.com\/de\/","logo":{"@type":"ImageObject","inLanguage":"de","@id":"https:\/\/laguiole.com\/de\/#\/schema\/logo\/image\/","url":"https:\/\/laguiole.com\/wp-content\/uploads\/2021\/02\/logo_laguiole.com-horizontal.jpg","contentUrl":"https:\/\/laguiole.com\/wp-content\/uploads\/2021\/02\/logo_laguiole.com-horizontal.jpg","width":490,"height":156,"caption":"Laguiole.com"},"image":{"@id":"https:\/\/laguiole.com\/de\/#\/schema\/logo\/image\/"},"sameAs":["https:\/\/www.facebook.com\/laguiolecom\/","https:\/\/www.instagram.com\/laguiolecom\/","https:\/\/www.youtube.com\/@laguiolecom\/videos"]}]}},"_links":{"self":[{"href":"https:\/\/laguiole.com\/de\/wp-json\/wp\/v2\/product\/37382","targetHints":{"allow":["GET"]}}],"collection":[{"href":"https:\/\/laguiole.com\/de\/wp-json\/wp\/v2\/product"}],"about":[{"href":"https:\/\/laguiole.com\/de\/wp-json\/wp\/v2\/types\/product"}],"version-history":[{"count":1,"href":"https:\/\/laguiole.com\/de\/wp-json\/wp\/v2\/product\/37382\/revisions"}],"predecessor-version":[{"id":42556,"href":"https:\/\/laguiole.com\/de\/wp-json\/wp\/v2\/product\/37382\/revisions\/42556"}],"wp:featuredmedia":[{"embeddable":true,"href":"https:\/\/laguiole.com\/de\/wp-json\/wp\/v2\/media\/37383"}],"wp:attachment":[{"href":"https:\/\/laguiole.com\/de\/wp-json\/wp\/v2\/media?parent=37382"}],"wp:term":[{"taxonomy":"product_brand","embeddable":true,"href":"https:\/\/laguiole.com\/de\/wp-json\/wp\/v2\/product_brand?post=37382"},{"taxonomy":"product_cat","embeddable":true,"href":"https:\/\/laguiole.com\/de\/wp-json\/wp\/v2\/product_cat?post=37382"},{"taxonomy":"product_tag","embeddable":true,"href":"https:\/\/laguiole.com\/de\/wp-json\/wp\/v2\/product_tag?post=37382"}],"curies":[{"name":"wp","href":"https:\/\/api.w.org\/{rel}","templated":true}]}}