{"id":37281,"date":"2023-05-25T10:24:54","date_gmt":"2023-05-25T08:24:54","guid":{"rendered":"https:\/\/laguiole.com\/pflegetipps-fur-ihr-laguiole-messer\/"},"modified":"2025-09-11T09:47:09","modified_gmt":"2025-09-11T07:47:09","slug":"pflegetipps-fur-ihr-laguiole-messer","status":"publish","type":"page","link":"https:\/\/laguiole.com\/de\/ratgeber-und-kaufberatung\/pflegetipps-fur-ihr-laguiole-messer\/","title":{"rendered":"Pflegetipps f\u00fcr Ihr Laguiole-Messer"},"content":{"rendered":"\t\t<div data-elementor-type=\"wp-page\" data-elementor-id=\"37281\" class=\"elementor elementor-37281 elementor-6568\" data-elementor-post-type=\"page\">\n\t\t\t\t\t\t<section class=\"elementor-section elementor-top-section elementor-element elementor-element-b2306b8 elementor-section-boxed elementor-section-height-default elementor-section-height-default\" data-id=\"b2306b8\" data-element_type=\"section\" data-e-type=\"section\">\n\t\t\t\t\t\t<div class=\"elementor-container elementor-column-gap-default\">\n\t\t\t\t\t<div class=\"elementor-column elementor-col-100 elementor-top-column elementor-element elementor-element-a1ee029\" data-id=\"a1ee029\" data-element_type=\"column\" data-e-type=\"column\">\n\t\t\t<div class=\"elementor-widget-wrap elementor-element-populated\">\n\t\t\t\t\t\t<div class=\"elementor-element elementor-element-5f9e3ff elementor-widget elementor-widget-text-editor\" data-id=\"5f9e3ff\" data-element_type=\"widget\" data-e-type=\"widget\" data-widget_type=\"text-editor.default\">\n\t\t\t\t<div class=\"elementor-widget-container\">\n\t\t\t\t\t\t\t\t\t<p>Ihr Laguiole-Messer ist bei normalem Gebrauch und unter Einhaltung der unten aufgef\u00fchrten Pflegehinweise gegen Herstellungsfehler garantiert.<\/p><p> <\/p><h3>Halten Sie vor allem fest<\/h3><p> <\/p><p><strong>1\/ Keine Sp\u00fclmaschine f\u00fcr Ihr Laguiole oder andere Tisch- oder Servierutensilien<\/strong><\/p><p><strong>2\/ Tauchen Sie Ihr Laguiole-Messer niemals in Wasser ein oder halten Sie es unter Wasser.<\/strong><\/p><p><strong>3\/ Lassen Sie Ihr Laguiole niemals alleine trocknen, sondern trocknen Sie es gut ab, bevor Sie es zusammenfalten und aufbewahren.<\/strong><\/p><p><strong>4\/ Achten Sie darauf, dass Sie Ihr Laguiole an einem trockenen Ort aufbewahren.<\/strong><\/p><p> <\/p><h3>Pflege der Klingen Ihres Laguiole<\/h3><p> <\/p><p><strong>Sandvik (12c27) Klingen<\/strong> aus hochwertigem rostfreiem Stahl, leicht zu sch\u00e4rfen, entweder von Ihnen selbst oder von einem Fachmann.<\/p><p>Reinigen Sie die Klinge mit einem feuchten Schwamm oder Tuch und trocknen Sie sie sofort richtig ab.<\/p><p> <\/p><p><strong>Die XC75 Carbon-Diele<\/strong> ist eine traditionelle <strong>Diele<\/strong>, die bei Gebrauch durch nat\u00fcrliche Oxidation grau wird. Sie erfordert jedoch eine regelm\u00e4\u00dfige Pflege, da die Diele bei schlechter Pflege rosten kann. <\/p><p>Reinigen Sie die Klinge mit einem feuchten Schwamm und wischen Sie sie sofort ab, w\u00e4hrend einer Mahlzeit wischen Sie die Klinge zwischen den G\u00e4ngen auf Brotkrumen ab, um einen m\u00f6glichen Stahlgeschmack zu mildern.<\/p><p> <\/p><p><strong>Die rostfreie Damastklinge<\/strong> ben\u00f6tigt keine besondere Pflege, wie bei einer klassischen rostfreien Klinge ist eine regelm\u00e4\u00dfige Reinigung mit einem feuchten Tuch oder Schwamm und Abwischen perfekt.<\/p><h3>Pflege von Laguiole-Griffen<\/h3><p> <\/p><p><strong>Griffe aus Hornspitzen, Knochen, Hirschgeweih<\/strong><\/p><p>Nat\u00fcrliche Materialien, die ein Minimum an Pflege erfordern. Beachten Sie jedoch, dass Sie den Griff Ihres Messers nicht nass machen, unter den Wasserhahn halten oder eintauchen sollten, da Ihr Messer sonst aufquellen und rei\u00dfen kann. <\/p><p> <\/p><p><strong>Stiele aus franz\u00f6sischem oder exotischem Holz<\/strong><\/p><p>Wenn der Griff Ihres Laguiole jedoch verschmutzt ist, reinigen Sie ihn mit einem feuchten Tuch und trocknen Sie ihn anschlie\u00dfend direkt ab.<\/p><p>Wenn das Holz trocken oder stumpf geworden ist, reiben Sie den Schaft mit einem weichen Tuch mit Oliven\u00f6l ein, um das Holz zu n\u00e4hren und eine gl\u00e4nzende Patina zu erhalten.<\/p><p> <\/p><p><strong>Stiele aus Aluminium, Edelstahl und Acrylglas<\/strong><\/p><p>Diese Materialien sind nassfest, so dass Sie den Griff mit einem nassen Schwamm reinigen und gut abtrocknen k\u00f6nnen.<\/p><p>Trocknen Sie Ihr Laguiole-Messer nach jedem Gebrauch gut ab.<\/p><h3>Pflege der Kronen Ihrer Laguiole<\/h3><p> <\/p><p><strong>Rostfreie Mitren<\/strong><\/p><p>Keine Wartung, da sie rostfrei sind und sich im Laufe der Zeit nicht ver\u00e4ndern.<\/p><p> <\/p><p><strong>Messing Mitren<\/strong><\/p><p>Messing oxidiert oder bildet mit der Zeit eine leichte Patina. Um den Glanz wiederherzustellen, verwenden Sie Mirror for Brass und ein weiches Tuch und reiben Sie es ab.<\/p>\t\t\t\t\t\t\t\t<\/div>\n\t\t\t\t<\/div>\n\t\t\t\t\t<\/div>\n\t\t<\/div>\n\t\t\t\t\t<\/div>\n\t\t<\/section>\n\t\t\t\t<\/div>\n\t\t","protected":false},"excerpt":{"rendered":"","protected":false},"author":1,"featured_media":0,"parent":37285,"menu_order":0,"comment_status":"closed","ping_status":"closed","template":"","meta":{"_acf_changed":false,"_monsterinsights_skip_tracking":false,"_monsterinsights_sitenote_active":false,"_monsterinsights_sitenote_note":"","_monsterinsights_sitenote_category":0,"footnotes":""},"class_list":["post-37281","page","type-page","status-publish","hentry"],"acf":[],"yoast_head":"<!-- This site is optimized with the Yoast SEO plugin v27.3 - https:\/\/yoast.com\/product\/yoast-seo-wordpress\/ -->\n<title>Pflegetipps f\u00fcr Ihr Laguiole-Messer - Laguiole.com \u00ae<\/title>\n<meta name=\"robots\" content=\"index, follow, max-snippet:-1, max-image-preview:large, max-video-preview:-1\" \/>\n<link rel=\"canonical\" href=\"https:\/\/laguiole.com\/de\/ratgeber-und-kaufberatung\/pflegetipps-fur-ihr-laguiole-messer\/\" \/>\n<meta property=\"og:locale\" content=\"de_DE\" \/>\n<meta property=\"og:type\" content=\"article\" \/>\n<meta property=\"og:title\" content=\"Pflegetipps f\u00fcr Ihr Laguiole-Messer - Laguiole.com \u00ae\" \/>\n<meta property=\"og:url\" content=\"https:\/\/laguiole.com\/de\/ratgeber-und-kaufberatung\/pflegetipps-fur-ihr-laguiole-messer\/\" \/>\n<meta property=\"og:site_name\" content=\"Laguiole.com \u00ae\" \/>\n<meta property=\"article:publisher\" content=\"https:\/\/www.facebook.com\/laguiolecom\/\" \/>\n<meta property=\"article:modified_time\" content=\"2025-09-11T07:47:09+00:00\" \/>\n<meta property=\"og:image\" content=\"https:\/\/laguiole.com\/wp-content\/uploads\/2023\/08\/logo_laguiole_com_\u00ae_300dpi_Noir_et_Blanc.jpg\" \/>\n\t<meta property=\"og:image:width\" content=\"1920\" \/>\n\t<meta property=\"og:image:height\" content=\"854\" \/>\n\t<meta property=\"og:image:type\" content=\"image\/jpeg\" \/>\n<meta name=\"twitter:card\" content=\"summary_large_image\" \/>\n<script type=\"application\/ld+json\" class=\"yoast-schema-graph\">{\"@context\":\"https:\\\/\\\/schema.org\",\"@graph\":[{\"@type\":\"WebPage\",\"@id\":\"https:\\\/\\\/laguiole.com\\\/de\\\/ratgeber-und-kaufberatung\\\/pflegetipps-fur-ihr-laguiole-messer\\\/\",\"url\":\"https:\\\/\\\/laguiole.com\\\/de\\\/ratgeber-und-kaufberatung\\\/pflegetipps-fur-ihr-laguiole-messer\\\/\",\"name\":\"Pflegetipps f\u00fcr Ihr Laguiole-Messer - Laguiole.com \u00ae\",\"isPartOf\":{\"@id\":\"https:\\\/\\\/laguiole.com\\\/de\\\/#website\"},\"datePublished\":\"2023-05-25T08:24:54+00:00\",\"dateModified\":\"2025-09-11T07:47:09+00:00\",\"breadcrumb\":{\"@id\":\"https:\\\/\\\/laguiole.com\\\/de\\\/ratgeber-und-kaufberatung\\\/pflegetipps-fur-ihr-laguiole-messer\\\/#breadcrumb\"},\"inLanguage\":\"de\",\"potentialAction\":[{\"@type\":\"ReadAction\",\"target\":[\"https:\\\/\\\/laguiole.com\\\/de\\\/ratgeber-und-kaufberatung\\\/pflegetipps-fur-ihr-laguiole-messer\\\/\"]}]},{\"@type\":\"BreadcrumbList\",\"@id\":\"https:\\\/\\\/laguiole.com\\\/de\\\/ratgeber-und-kaufberatung\\\/pflegetipps-fur-ihr-laguiole-messer\\\/#breadcrumb\",\"itemListElement\":[{\"@type\":\"ListItem\",\"position\":1,\"name\":\"Accueil\",\"item\":\"https:\\\/\\\/laguiole.com\\\/de\\\/\"},{\"@type\":\"ListItem\",\"position\":2,\"name\":\"Kaufberatung und Tipps\",\"item\":\"https:\\\/\\\/laguiole.com\\\/de\\\/ratgeber-und-kaufberatung\\\/\"},{\"@type\":\"ListItem\",\"position\":3,\"name\":\"Pflegetipps f\u00fcr Ihr Laguiole-Messer\"}]},{\"@type\":\"WebSite\",\"@id\":\"https:\\\/\\\/laguiole.com\\\/de\\\/#website\",\"url\":\"https:\\\/\\\/laguiole.com\\\/de\\\/\",\"name\":\"Laguiole.com\",\"description\":\"Laguiole - Couteau laguiole, Chateau Laguiole, Laguiole en Aubrac, Forge de Laguiole\",\"publisher\":{\"@id\":\"https:\\\/\\\/laguiole.com\\\/de\\\/#organization\"},\"potentialAction\":[{\"@type\":\"SearchAction\",\"target\":{\"@type\":\"EntryPoint\",\"urlTemplate\":\"https:\\\/\\\/laguiole.com\\\/de\\\/?s={search_term_string}\"},\"query-input\":{\"@type\":\"PropertyValueSpecification\",\"valueRequired\":true,\"valueName\":\"search_term_string\"}}],\"inLanguage\":\"de\"},{\"@type\":\"Organization\",\"@id\":\"https:\\\/\\\/laguiole.com\\\/de\\\/#organization\",\"name\":\"Laguiole.com\",\"url\":\"https:\\\/\\\/laguiole.com\\\/de\\\/\",\"logo\":{\"@type\":\"ImageObject\",\"inLanguage\":\"de\",\"@id\":\"https:\\\/\\\/laguiole.com\\\/de\\\/#\\\/schema\\\/logo\\\/image\\\/\",\"url\":\"https:\\\/\\\/laguiole.com\\\/wp-content\\\/uploads\\\/2021\\\/02\\\/logo_laguiole.com-horizontal.jpg\",\"contentUrl\":\"https:\\\/\\\/laguiole.com\\\/wp-content\\\/uploads\\\/2021\\\/02\\\/logo_laguiole.com-horizontal.jpg\",\"width\":490,\"height\":156,\"caption\":\"Laguiole.com\"},\"image\":{\"@id\":\"https:\\\/\\\/laguiole.com\\\/de\\\/#\\\/schema\\\/logo\\\/image\\\/\"},\"sameAs\":[\"https:\\\/\\\/www.facebook.com\\\/laguiolecom\\\/\",\"https:\\\/\\\/www.instagram.com\\\/laguiolecom\\\/\",\"https:\\\/\\\/www.youtube.com\\\/@laguiolecom\\\/videos\"]}]}<\/script>\n<!-- \/ Yoast SEO plugin. -->","yoast_head_json":{"title":"Pflegetipps f\u00fcr Ihr Laguiole-Messer - Laguiole.com \u00ae","robots":{"index":"index","follow":"follow","max-snippet":"max-snippet:-1","max-image-preview":"max-image-preview:large","max-video-preview":"max-video-preview:-1"},"canonical":"https:\/\/laguiole.com\/de\/ratgeber-und-kaufberatung\/pflegetipps-fur-ihr-laguiole-messer\/","og_locale":"de_DE","og_type":"article","og_title":"Pflegetipps f\u00fcr Ihr Laguiole-Messer - Laguiole.com \u00ae","og_url":"https:\/\/laguiole.com\/de\/ratgeber-und-kaufberatung\/pflegetipps-fur-ihr-laguiole-messer\/","og_site_name":"Laguiole.com \u00ae","article_publisher":"https:\/\/www.facebook.com\/laguiolecom\/","article_modified_time":"2025-09-11T07:47:09+00:00","og_image":[{"width":1920,"height":854,"url":"https:\/\/laguiole.com\/wp-content\/uploads\/2023\/08\/logo_laguiole_com_\u00ae_300dpi_Noir_et_Blanc.jpg","type":"image\/jpeg"}],"twitter_card":"summary_large_image","schema":{"@context":"https:\/\/schema.org","@graph":[{"@type":"WebPage","@id":"https:\/\/laguiole.com\/de\/ratgeber-und-kaufberatung\/pflegetipps-fur-ihr-laguiole-messer\/","url":"https:\/\/laguiole.com\/de\/ratgeber-und-kaufberatung\/pflegetipps-fur-ihr-laguiole-messer\/","name":"Pflegetipps f\u00fcr Ihr Laguiole-Messer - Laguiole.com \u00ae","isPartOf":{"@id":"https:\/\/laguiole.com\/de\/#website"},"datePublished":"2023-05-25T08:24:54+00:00","dateModified":"2025-09-11T07:47:09+00:00","breadcrumb":{"@id":"https:\/\/laguiole.com\/de\/ratgeber-und-kaufberatung\/pflegetipps-fur-ihr-laguiole-messer\/#breadcrumb"},"inLanguage":"de","potentialAction":[{"@type":"ReadAction","target":["https:\/\/laguiole.com\/de\/ratgeber-und-kaufberatung\/pflegetipps-fur-ihr-laguiole-messer\/"]}]},{"@type":"BreadcrumbList","@id":"https:\/\/laguiole.com\/de\/ratgeber-und-kaufberatung\/pflegetipps-fur-ihr-laguiole-messer\/#breadcrumb","itemListElement":[{"@type":"ListItem","position":1,"name":"Accueil","item":"https:\/\/laguiole.com\/de\/"},{"@type":"ListItem","position":2,"name":"Kaufberatung und Tipps","item":"https:\/\/laguiole.com\/de\/ratgeber-und-kaufberatung\/"},{"@type":"ListItem","position":3,"name":"Pflegetipps f\u00fcr Ihr Laguiole-Messer"}]},{"@type":"WebSite","@id":"https:\/\/laguiole.com\/de\/#website","url":"https:\/\/laguiole.com\/de\/","name":"Laguiole.com","description":"Laguiole - Couteau laguiole, Chateau Laguiole, Laguiole en Aubrac, Forge de Laguiole","publisher":{"@id":"https:\/\/laguiole.com\/de\/#organization"},"potentialAction":[{"@type":"SearchAction","target":{"@type":"EntryPoint","urlTemplate":"https:\/\/laguiole.com\/de\/?s={search_term_string}"},"query-input":{"@type":"PropertyValueSpecification","valueRequired":true,"valueName":"search_term_string"}}],"inLanguage":"de"},{"@type":"Organization","@id":"https:\/\/laguiole.com\/de\/#organization","name":"Laguiole.com","url":"https:\/\/laguiole.com\/de\/","logo":{"@type":"ImageObject","inLanguage":"de","@id":"https:\/\/laguiole.com\/de\/#\/schema\/logo\/image\/","url":"https:\/\/laguiole.com\/wp-content\/uploads\/2021\/02\/logo_laguiole.com-horizontal.jpg","contentUrl":"https:\/\/laguiole.com\/wp-content\/uploads\/2021\/02\/logo_laguiole.com-horizontal.jpg","width":490,"height":156,"caption":"Laguiole.com"},"image":{"@id":"https:\/\/laguiole.com\/de\/#\/schema\/logo\/image\/"},"sameAs":["https:\/\/www.facebook.com\/laguiolecom\/","https:\/\/www.instagram.com\/laguiolecom\/","https:\/\/www.youtube.com\/@laguiolecom\/videos"]}]}},"_links":{"self":[{"href":"https:\/\/laguiole.com\/de\/wp-json\/wp\/v2\/pages\/37281","targetHints":{"allow":["GET"]}}],"collection":[{"href":"https:\/\/laguiole.com\/de\/wp-json\/wp\/v2\/pages"}],"about":[{"href":"https:\/\/laguiole.com\/de\/wp-json\/wp\/v2\/types\/page"}],"author":[{"embeddable":true,"href":"https:\/\/laguiole.com\/de\/wp-json\/wp\/v2\/users\/1"}],"replies":[{"embeddable":true,"href":"https:\/\/laguiole.com\/de\/wp-json\/wp\/v2\/comments?post=37281"}],"version-history":[{"count":4,"href":"https:\/\/laguiole.com\/de\/wp-json\/wp\/v2\/pages\/37281\/revisions"}],"predecessor-version":[{"id":37286,"href":"https:\/\/laguiole.com\/de\/wp-json\/wp\/v2\/pages\/37281\/revisions\/37286"}],"up":[{"embeddable":true,"href":"https:\/\/laguiole.com\/de\/wp-json\/wp\/v2\/pages\/37285"}],"wp:attachment":[{"href":"https:\/\/laguiole.com\/de\/wp-json\/wp\/v2\/media?parent=37281"}],"curies":[{"name":"wp","href":"https:\/\/api.w.org\/{rel}","templated":true}]}}