{"id":37159,"date":"2023-05-25T13:03:01","date_gmt":"2023-05-25T11:03:01","guid":{"rendered":"https:\/\/laguiole.com\/professioneller-bereich\/"},"modified":"2025-10-01T12:03:51","modified_gmt":"2025-10-01T10:03:51","slug":"professioneller-bereich","status":"publish","type":"page","link":"https:\/\/laguiole.com\/de\/professioneller-bereich\/","title":{"rendered":"Professioneller Bereich"},"content":{"rendered":"\t\t<div data-elementor-type=\"wp-page\" data-elementor-id=\"37159\" class=\"elementor elementor-37159 elementor-6643\" data-elementor-post-type=\"page\">\n\t\t\t\t\t\t<section class=\"elementor-section elementor-top-section elementor-element elementor-element-ce18b2d elementor-section-boxed elementor-section-height-default elementor-section-height-default\" data-id=\"ce18b2d\" data-element_type=\"section\" data-e-type=\"section\">\n\t\t\t\t\t\t<div class=\"elementor-container elementor-column-gap-default\">\n\t\t\t\t\t<div class=\"elementor-column elementor-col-100 elementor-top-column elementor-element elementor-element-dc9d1ab\" data-id=\"dc9d1ab\" data-element_type=\"column\" data-e-type=\"column\">\n\t\t\t<div class=\"elementor-widget-wrap elementor-element-populated\">\n\t\t\t\t\t\t<div class=\"elementor-element elementor-element-6a105b7 elementor-widget elementor-widget-text-editor\" data-id=\"6a105b7\" data-element_type=\"widget\" data-e-type=\"widget\" data-widget_type=\"text-editor.default\">\n\t\t\t\t<div class=\"elementor-widget-container\">\n\t\t\t\t\t\t\t\t\t<p>Hallo,<\/p><p> <\/p><p>Sie sind ein Gewerbetreibender und m\u00f6chten sich \u00fcber unsere Angebote informieren. Hier sind einige Hinweise, die Ihnen bei Ihrer Anfrage helfen sollen. In jedem Fall f\u00fcllen Sie bitte das untenstehende Formular aus, damit wir die Laguiole-Produkte finden k\u00f6nnen, die Ihrer Anfrage entsprechen. Ich werde Ihnen umgehend mit allen gew\u00fcnschten Informationen antworten.   <\/p><p> <\/p><p>Mit Dank,<\/p><p> <\/p><p>Richard Anselmo<\/p>\t\t\t\t\t\t\t\t<\/div>\n\t\t\t\t<\/div>\n\t\t\t\t<div class=\"elementor-element elementor-element-15b9fc5 elementor-widget elementor-widget-spacer\" data-id=\"15b9fc5\" data-element_type=\"widget\" data-e-type=\"widget\" data-widget_type=\"spacer.default\">\n\t\t\t\t<div class=\"elementor-widget-container\">\n\t\t\t\t\t\t\t<div class=\"elementor-spacer\">\n\t\t\t<div class=\"elementor-spacer-inner\"><\/div>\n\t\t<\/div>\n\t\t\t\t\t\t<\/div>\n\t\t\t\t<\/div>\n\t\t\t\t<div class=\"elementor-element elementor-element-a317a8f elementor-widget elementor-widget-text-editor\" data-id=\"a317a8f\" data-element_type=\"widget\" data-e-type=\"widget\" data-widget_type=\"text-editor.default\">\n\t\t\t\t<div class=\"elementor-widget-container\">\n\t\t\t\t\t\t\t\t\t<p><span style=\"text-decoration: underline;\"><strong>Besteck Restaurant<\/strong> <\/span>Sie ben\u00f6tigen Laguiole Besteck f\u00fcr Ihr Restaurant. Bitte geben Sie die Anzahl der Messer, Gabeln, L\u00f6ffel usw. an, die Sie ben\u00f6tigen, sowie die Spezifikationen: sp\u00fclmaschinenfest oder nicht, gezahnte Klinge f\u00fcr Messer usw. und die Menge, die Sie f\u00fcr jeden Artikel ben\u00f6tigen. Senden Sie mir Ihre Anfrage unten.<\/p><p><span style=\"text-decoration: underline;\"><strong>Firmengeschenke<\/strong> <\/span>Sie m\u00f6chten Ihren Kunden oder Mitarbeitern einen Laguiole-Artikel schenken. Bitte teilen Sie mir mit, welche Art von Artikel Sie w\u00fcnschen (Klappmesser, Korkenzieher&#8230;), sowie das Budget pro Artikel und die Menge. Ich werde Ihnen einen Vorschlag f\u00fcr einen Laguiole Artikel unterbreiten, der mit Ihrem Logo graviert werden kann, wenn Sie dies w\u00fcnschen. Senden Sie mir Ihre Anfrage unten.   <\/p><p><span style=\"text-decoration: underline;\"><strong>Weinkeller<\/strong> <\/span>Sie m\u00f6chten unsere Laguiole-Sommeliers in Ihrem Keller weiterverkaufen. Schauen Sie sich auf unserer Webseite die vorhandenen Kellnermesser an und senden Sie uns eine Liste der gew\u00fcnschten Modelle und die gew\u00fcnschten Mengen unten. Ich werde Ihnen ein Angebot unterbreiten.  <\/p><p><span style=\"text-decoration: underline;\"><strong>H\u00e4ndler<\/strong> <\/span>Sie beabsichtigen, Laguiole-Artikel zum Verkauf anzubieten. Bitte senden Sie mir eine Nachricht mit einer Beschreibung Ihres Unternehmens, einer Liste der Produkte, die Sie auf unserer Website ausgew\u00e4hlt haben, und den gew\u00fcnschten Mengen. Ich werde Ihnen einen Kostenvoranschlag unterbreiten.  <\/p>\t\t\t\t\t\t\t\t<\/div>\n\t\t\t\t<\/div>\n\t\t\t\t<div class=\"elementor-element elementor-element-1be4683 elementor-widget elementor-widget-tbay-heading\" data-id=\"1be4683\" data-element_type=\"widget\" data-e-type=\"widget\" data-widget_type=\"tbay-heading.default\">\n\t\t\t\t<div class=\"elementor-widget-container\">\n\t\t\t\t\t\r\n<div class=\"tbay-element tbay-element-heading\">\r\n\t\t\t\t<h3 class=\"heading-tbay-title\">\r\n\t\t\t\t\t\t\t\t\t<span class=\"title\">Kontaktformular<\/span>\r\n\t\t\t\t\t    \t\r\n\t\t\t\t\t\t\t<\/h3>\r\n\t\t<\/div>\t\t\t\t<\/div>\n\t\t\t\t<\/div>\n\t\t\t\t<div class=\"elementor-element elementor-element-67cd6e0 elementor-widget elementor-widget-wpforms\" data-id=\"67cd6e0\" data-element_type=\"widget\" data-e-type=\"widget\" data-widget_type=\"wpforms.default\">\n\t\t\t\t<div class=\"elementor-widget-container\">\n\t\t\t\t\t<div class=\"wpforms-container wpforms-container-full wpforms-render-modern\" id=\"wpforms-41470\"><form id=\"wpforms-form-41470\" class=\"wpforms-validate wpforms-form wpforms-ajax-form\" data-formid=\"41470\" method=\"post\" enctype=\"multipart\/form-data\" action=\"\/de\/wp-json\/wp\/v2\/pages\/37159\" data-token=\"6572cf3f150c8bcdc56b1dba0f1d70a8\" data-token-time=\"1778432045\"><noscript class=\"wpforms-error-noscript\">Bitte aktiviere JavaScript in deinem Browser, um dieses Formular fertigzustellen.<\/noscript><div id=\"wpforms-error-noscript\" style=\"display: none;\">Bitte aktiviere JavaScript in deinem Browser, um dieses Formular fertigzustellen.<\/div><div class=\"wpforms-field-container\"><div id=\"wpforms-41470-field_0-container\" class=\"wpforms-field wpforms-field-name\" data-field-id=\"0\"><label class=\"wpforms-field-label\" for=\"wpforms-41470-field_0\">Name <span class=\"wpforms-required-label\" aria-hidden=\"true\">*<\/span><\/label><input type=\"text\" id=\"wpforms-41470-field_0\" class=\"wpforms-field-medium wpforms-field-required\" name=\"wpforms[fields][0]\" aria-errormessage=\"wpforms-41470-field_0-error\" required><\/div><div id=\"wpforms-41470-field_1-container\" class=\"wpforms-field wpforms-field-email\" data-field-id=\"1\"><label class=\"wpforms-field-label\" for=\"wpforms-41470-field_1\">E-mail <span class=\"wpforms-required-label\" aria-hidden=\"true\">*<\/span><\/label><input type=\"email\" id=\"wpforms-41470-field_1\" class=\"wpforms-field-medium wpforms-field-required\" name=\"wpforms[fields][1]\" spellcheck=\"false\" aria-errormessage=\"wpforms-41470-field_1-error\" required><\/div><div id=\"wpforms-41470-field_3-container\" class=\"wpforms-field wpforms-field-radio\" data-field-id=\"3\"><fieldset><legend class=\"wpforms-field-label\">Was ist der Zweck Ihrer Anfrage?<\/legend><ul id=\"wpforms-41470-field_3\"><li class=\"choice-1 depth-1\"><input type=\"radio\" id=\"wpforms-41470-field_3_1\" name=\"wpforms[fields][3]\" value=\"Besteck-Restaurant\" aria-errormessage=\"wpforms-41470-field_3_1-error\"  ><label class=\"wpforms-field-label-inline\" for=\"wpforms-41470-field_3_1\">Besteck-Restaurant<\/label><\/li><li class=\"choice-2 depth-1\"><input type=\"radio\" id=\"wpforms-41470-field_3_2\" name=\"wpforms[fields][3]\" value=\"Firmengeschenke\" aria-errormessage=\"wpforms-41470-field_3_2-error\"  ><label class=\"wpforms-field-label-inline\" for=\"wpforms-41470-field_3_2\">Firmengeschenke<\/label><\/li><li class=\"choice-3 depth-1\"><input type=\"radio\" id=\"wpforms-41470-field_3_3\" name=\"wpforms[fields][3]\" value=\"Keller\" aria-errormessage=\"wpforms-41470-field_3_3-error\"  ><label class=\"wpforms-field-label-inline\" for=\"wpforms-41470-field_3_3\">Keller<\/label><\/li><li class=\"choice-4 depth-1\"><input type=\"radio\" id=\"wpforms-41470-field_3_4\" name=\"wpforms[fields][3]\" value=\"H\u00e4ndler\" aria-errormessage=\"wpforms-41470-field_3_4-error\"  ><label class=\"wpforms-field-label-inline\" for=\"wpforms-41470-field_3_4\">H\u00e4ndler<\/label><\/li><li class=\"choice-5 depth-1\"><input type=\"radio\" id=\"wpforms-41470-field_3_5\" name=\"wpforms[fields][3]\" value=\"Sonstige\" aria-errormessage=\"wpforms-41470-field_3_5-error\"  ><label class=\"wpforms-field-label-inline\" for=\"wpforms-41470-field_3_5\">Sonstige<\/label><\/li><\/ul><\/fieldset><\/div><div id=\"wpforms-41470-field_2-container\" class=\"wpforms-field wpforms-field-textarea\" data-field-id=\"2\"><label class=\"wpforms-field-label\" for=\"wpforms-41470-field_2\">Ihre Nachricht<\/label><textarea id=\"wpforms-41470-field_2\" class=\"wpforms-field-medium\" name=\"wpforms[fields][2]\" aria-errormessage=\"wpforms-41470-field_2-error\" ><\/textarea><\/div><\/div><!-- .wpforms-field-container --><div class=\"wpforms-recaptcha-container wpforms-is-recaptcha wpforms-is-recaptcha-type-v2\" ><div class=\"g-recaptcha\" data-sitekey=\"6LekAQEpAAAAAOwfuMmVGnz-mIenI485MliKAWVd\"><\/div><input type=\"text\" name=\"g-recaptcha-hidden\" class=\"wpforms-recaptcha-hidden\" style=\"position:absolute!important;clip:rect(0,0,0,0)!important;height:1px!important;width:1px!important;border:0!important;overflow:hidden!important;padding:0!important;margin:0!important;\" data-rule-recaptcha=\"1\"><\/div><div class=\"wpforms-submit-container\" ><input type=\"hidden\" name=\"wpforms[id]\" value=\"41470\"><input type=\"hidden\" name=\"page_title\" value=\"\"><input type=\"hidden\" name=\"page_url\" value=\"https:\/\/laguiole.com\/de\/wp-json\/wp\/v2\/pages\/37159\"><input type=\"hidden\" name=\"url_referer\" value=\"\"><button type=\"submit\" name=\"wpforms[submit]\" id=\"wpforms-submit-41470\" class=\"wpforms-submit\" data-alt-text=\"Senden...\" data-submit-text=\"Schicken\" aria-live=\"assertive\" value=\"wpforms-submit\">Schicken<\/button><img decoding=\"async\" src=\"https:\/\/laguiole.com\/wp-content\/plugins\/wpforms-lite\/assets\/images\/submit-spin.svg\" class=\"wpforms-submit-spinner\" style=\"display: none;\" width=\"26\" height=\"26\" alt=\"Wird geladen\"><\/div><\/form><\/div>  <!-- .wpforms-container -->\t\t\t\t<\/div>\n\t\t\t\t<\/div>\n\t\t\t\t\t<\/div>\n\t\t<\/div>\n\t\t\t\t\t<\/div>\n\t\t<\/section>\n\t\t\t\t<\/div>\n\t\t","protected":false},"excerpt":{"rendered":"<p>Hallo, Sie sind ein Gewerbetreibender und m\u00f6chten sich \u00fcber unsere Angebote informieren. Hier sind einige Hinweise, die Ihnen bei Ihrer Anfrage helfen sollen. In jedem Fall f\u00fcllen Sie bitte das untenstehende Formular aus, damit wir die Laguiole-Produkte finden k\u00f6nnen, die Ihrer Anfrage entsprechen. Ich werde Ihnen umgehend mit allen gew\u00fcnschten Informationen antworten. Mit Dank, Richard &hellip; <a href=\"https:\/\/laguiole.com\/de\/professioneller-bereich\/\" class=\"more-link\">Read More <span class=\"screen-reader-text\">Professioneller Bereich<\/span><\/a><\/p>\n","protected":false},"author":1,"featured_media":0,"parent":0,"menu_order":0,"comment_status":"closed","ping_status":"closed","template":"","meta":{"_acf_changed":false,"_monsterinsights_skip_tracking":false,"_monsterinsights_sitenote_active":false,"_monsterinsights_sitenote_note":"","_monsterinsights_sitenote_category":0,"footnotes":""},"class_list":["post-37159","page","type-page","status-publish","hentry"],"acf":[],"yoast_head":"<!-- This site is optimized with the Yoast SEO plugin v27.3 - https:\/\/yoast.com\/product\/yoast-seo-wordpress\/ -->\n<title>Professioneller Bereich - Laguiole.com \u00ae<\/title>\n<meta name=\"robots\" content=\"index, follow, max-snippet:-1, max-image-preview:large, max-video-preview:-1\" \/>\n<link rel=\"canonical\" href=\"https:\/\/laguiole.com\/de\/professioneller-bereich\/\" \/>\n<meta property=\"og:locale\" content=\"de_DE\" \/>\n<meta property=\"og:type\" content=\"article\" \/>\n<meta property=\"og:title\" content=\"Professioneller Bereich - Laguiole.com \u00ae\" \/>\n<meta property=\"og:description\" content=\"Hallo, Sie sind ein Gewerbetreibender und m\u00f6chten sich \u00fcber unsere Angebote informieren. Hier sind einige Hinweise, die Ihnen bei Ihrer Anfrage helfen sollen. In jedem Fall f\u00fcllen Sie bitte das untenstehende Formular aus, damit wir die Laguiole-Produkte finden k\u00f6nnen, die Ihrer Anfrage entsprechen. Ich werde Ihnen umgehend mit allen gew\u00fcnschten Informationen antworten. Mit Dank, Richard &hellip; Read More Professioneller Bereich\" \/>\n<meta property=\"og:url\" content=\"https:\/\/laguiole.com\/de\/professioneller-bereich\/\" \/>\n<meta property=\"og:site_name\" content=\"Laguiole.com \u00ae\" \/>\n<meta property=\"article:publisher\" content=\"https:\/\/www.facebook.com\/laguiolecom\/\" \/>\n<meta property=\"article:modified_time\" content=\"2025-10-01T10:03:51+00:00\" \/>\n<meta property=\"og:image\" content=\"https:\/\/laguiole.com\/wp-content\/plugins\/wpforms-lite\/assets\/images\/submit-spin.svg\" \/>\n<meta name=\"twitter:card\" content=\"summary_large_image\" \/>\n<meta name=\"twitter:label1\" content=\"Gesch\u00e4tzte Lesezeit\" \/>\n\t<meta name=\"twitter:data1\" content=\"2\u00a0Minute\" \/>\n<script type=\"application\/ld+json\" class=\"yoast-schema-graph\">{\"@context\":\"https:\\\/\\\/schema.org\",\"@graph\":[{\"@type\":\"WebPage\",\"@id\":\"https:\\\/\\\/laguiole.com\\\/de\\\/professioneller-bereich\\\/\",\"url\":\"https:\\\/\\\/laguiole.com\\\/de\\\/professioneller-bereich\\\/\",\"name\":\"Professioneller Bereich - Laguiole.com \u00ae\",\"isPartOf\":{\"@id\":\"https:\\\/\\\/laguiole.com\\\/de\\\/#website\"},\"primaryImageOfPage\":{\"@id\":\"https:\\\/\\\/laguiole.com\\\/de\\\/professioneller-bereich\\\/#primaryimage\"},\"image\":{\"@id\":\"https:\\\/\\\/laguiole.com\\\/de\\\/professioneller-bereich\\\/#primaryimage\"},\"thumbnailUrl\":\"https:\\\/\\\/laguiole.com\\\/wp-content\\\/plugins\\\/wpforms-lite\\\/assets\\\/images\\\/submit-spin.svg\",\"datePublished\":\"2023-05-25T11:03:01+00:00\",\"dateModified\":\"2025-10-01T10:03:51+00:00\",\"breadcrumb\":{\"@id\":\"https:\\\/\\\/laguiole.com\\\/de\\\/professioneller-bereich\\\/#breadcrumb\"},\"inLanguage\":\"de\",\"potentialAction\":[{\"@type\":\"ReadAction\",\"target\":[\"https:\\\/\\\/laguiole.com\\\/de\\\/professioneller-bereich\\\/\"]}]},{\"@type\":\"ImageObject\",\"inLanguage\":\"de\",\"@id\":\"https:\\\/\\\/laguiole.com\\\/de\\\/professioneller-bereich\\\/#primaryimage\",\"url\":\"https:\\\/\\\/laguiole.com\\\/wp-content\\\/plugins\\\/wpforms-lite\\\/assets\\\/images\\\/submit-spin.svg\",\"contentUrl\":\"https:\\\/\\\/laguiole.com\\\/wp-content\\\/plugins\\\/wpforms-lite\\\/assets\\\/images\\\/submit-spin.svg\"},{\"@type\":\"BreadcrumbList\",\"@id\":\"https:\\\/\\\/laguiole.com\\\/de\\\/professioneller-bereich\\\/#breadcrumb\",\"itemListElement\":[{\"@type\":\"ListItem\",\"position\":1,\"name\":\"Accueil\",\"item\":\"https:\\\/\\\/laguiole.com\\\/de\\\/\"},{\"@type\":\"ListItem\",\"position\":2,\"name\":\"Professioneller Bereich\"}]},{\"@type\":\"WebSite\",\"@id\":\"https:\\\/\\\/laguiole.com\\\/de\\\/#website\",\"url\":\"https:\\\/\\\/laguiole.com\\\/de\\\/\",\"name\":\"Laguiole.com\",\"description\":\"Laguiole - Couteau laguiole, Chateau Laguiole, Laguiole en Aubrac, Forge de Laguiole\",\"publisher\":{\"@id\":\"https:\\\/\\\/laguiole.com\\\/de\\\/#organization\"},\"potentialAction\":[{\"@type\":\"SearchAction\",\"target\":{\"@type\":\"EntryPoint\",\"urlTemplate\":\"https:\\\/\\\/laguiole.com\\\/de\\\/?s={search_term_string}\"},\"query-input\":{\"@type\":\"PropertyValueSpecification\",\"valueRequired\":true,\"valueName\":\"search_term_string\"}}],\"inLanguage\":\"de\"},{\"@type\":\"Organization\",\"@id\":\"https:\\\/\\\/laguiole.com\\\/de\\\/#organization\",\"name\":\"Laguiole.com\",\"url\":\"https:\\\/\\\/laguiole.com\\\/de\\\/\",\"logo\":{\"@type\":\"ImageObject\",\"inLanguage\":\"de\",\"@id\":\"https:\\\/\\\/laguiole.com\\\/de\\\/#\\\/schema\\\/logo\\\/image\\\/\",\"url\":\"https:\\\/\\\/laguiole.com\\\/wp-content\\\/uploads\\\/2021\\\/02\\\/logo_laguiole.com-horizontal.jpg\",\"contentUrl\":\"https:\\\/\\\/laguiole.com\\\/wp-content\\\/uploads\\\/2021\\\/02\\\/logo_laguiole.com-horizontal.jpg\",\"width\":490,\"height\":156,\"caption\":\"Laguiole.com\"},\"image\":{\"@id\":\"https:\\\/\\\/laguiole.com\\\/de\\\/#\\\/schema\\\/logo\\\/image\\\/\"},\"sameAs\":[\"https:\\\/\\\/www.facebook.com\\\/laguiolecom\\\/\",\"https:\\\/\\\/www.instagram.com\\\/laguiolecom\\\/\",\"https:\\\/\\\/www.youtube.com\\\/@laguiolecom\\\/videos\"]}]}<\/script>\n<!-- \/ Yoast SEO plugin. -->","yoast_head_json":{"title":"Professioneller Bereich - Laguiole.com \u00ae","robots":{"index":"index","follow":"follow","max-snippet":"max-snippet:-1","max-image-preview":"max-image-preview:large","max-video-preview":"max-video-preview:-1"},"canonical":"https:\/\/laguiole.com\/de\/professioneller-bereich\/","og_locale":"de_DE","og_type":"article","og_title":"Professioneller Bereich - Laguiole.com \u00ae","og_description":"Hallo, Sie sind ein Gewerbetreibender und m\u00f6chten sich \u00fcber unsere Angebote informieren. Hier sind einige Hinweise, die Ihnen bei Ihrer Anfrage helfen sollen. In jedem Fall f\u00fcllen Sie bitte das untenstehende Formular aus, damit wir die Laguiole-Produkte finden k\u00f6nnen, die Ihrer Anfrage entsprechen. Ich werde Ihnen umgehend mit allen gew\u00fcnschten Informationen antworten. Mit Dank, Richard &hellip; Read More Professioneller Bereich","og_url":"https:\/\/laguiole.com\/de\/professioneller-bereich\/","og_site_name":"Laguiole.com \u00ae","article_publisher":"https:\/\/www.facebook.com\/laguiolecom\/","article_modified_time":"2025-10-01T10:03:51+00:00","og_image":[{"url":"https:\/\/laguiole.com\/wp-content\/plugins\/wpforms-lite\/assets\/images\/submit-spin.svg","type":"","width":"","height":""}],"twitter_card":"summary_large_image","twitter_misc":{"Gesch\u00e4tzte Lesezeit":"2\u00a0Minute"},"schema":{"@context":"https:\/\/schema.org","@graph":[{"@type":"WebPage","@id":"https:\/\/laguiole.com\/de\/professioneller-bereich\/","url":"https:\/\/laguiole.com\/de\/professioneller-bereich\/","name":"Professioneller Bereich - Laguiole.com \u00ae","isPartOf":{"@id":"https:\/\/laguiole.com\/de\/#website"},"primaryImageOfPage":{"@id":"https:\/\/laguiole.com\/de\/professioneller-bereich\/#primaryimage"},"image":{"@id":"https:\/\/laguiole.com\/de\/professioneller-bereich\/#primaryimage"},"thumbnailUrl":"https:\/\/laguiole.com\/wp-content\/plugins\/wpforms-lite\/assets\/images\/submit-spin.svg","datePublished":"2023-05-25T11:03:01+00:00","dateModified":"2025-10-01T10:03:51+00:00","breadcrumb":{"@id":"https:\/\/laguiole.com\/de\/professioneller-bereich\/#breadcrumb"},"inLanguage":"de","potentialAction":[{"@type":"ReadAction","target":["https:\/\/laguiole.com\/de\/professioneller-bereich\/"]}]},{"@type":"ImageObject","inLanguage":"de","@id":"https:\/\/laguiole.com\/de\/professioneller-bereich\/#primaryimage","url":"https:\/\/laguiole.com\/wp-content\/plugins\/wpforms-lite\/assets\/images\/submit-spin.svg","contentUrl":"https:\/\/laguiole.com\/wp-content\/plugins\/wpforms-lite\/assets\/images\/submit-spin.svg"},{"@type":"BreadcrumbList","@id":"https:\/\/laguiole.com\/de\/professioneller-bereich\/#breadcrumb","itemListElement":[{"@type":"ListItem","position":1,"name":"Accueil","item":"https:\/\/laguiole.com\/de\/"},{"@type":"ListItem","position":2,"name":"Professioneller Bereich"}]},{"@type":"WebSite","@id":"https:\/\/laguiole.com\/de\/#website","url":"https:\/\/laguiole.com\/de\/","name":"Laguiole.com","description":"Laguiole - Couteau laguiole, Chateau Laguiole, Laguiole en Aubrac, Forge de Laguiole","publisher":{"@id":"https:\/\/laguiole.com\/de\/#organization"},"potentialAction":[{"@type":"SearchAction","target":{"@type":"EntryPoint","urlTemplate":"https:\/\/laguiole.com\/de\/?s={search_term_string}"},"query-input":{"@type":"PropertyValueSpecification","valueRequired":true,"valueName":"search_term_string"}}],"inLanguage":"de"},{"@type":"Organization","@id":"https:\/\/laguiole.com\/de\/#organization","name":"Laguiole.com","url":"https:\/\/laguiole.com\/de\/","logo":{"@type":"ImageObject","inLanguage":"de","@id":"https:\/\/laguiole.com\/de\/#\/schema\/logo\/image\/","url":"https:\/\/laguiole.com\/wp-content\/uploads\/2021\/02\/logo_laguiole.com-horizontal.jpg","contentUrl":"https:\/\/laguiole.com\/wp-content\/uploads\/2021\/02\/logo_laguiole.com-horizontal.jpg","width":490,"height":156,"caption":"Laguiole.com"},"image":{"@id":"https:\/\/laguiole.com\/de\/#\/schema\/logo\/image\/"},"sameAs":["https:\/\/www.facebook.com\/laguiolecom\/","https:\/\/www.instagram.com\/laguiolecom\/","https:\/\/www.youtube.com\/@laguiolecom\/videos"]}]}},"_links":{"self":[{"href":"https:\/\/laguiole.com\/de\/wp-json\/wp\/v2\/pages\/37159","targetHints":{"allow":["GET"]}}],"collection":[{"href":"https:\/\/laguiole.com\/de\/wp-json\/wp\/v2\/pages"}],"about":[{"href":"https:\/\/laguiole.com\/de\/wp-json\/wp\/v2\/types\/page"}],"author":[{"embeddable":true,"href":"https:\/\/laguiole.com\/de\/wp-json\/wp\/v2\/users\/1"}],"replies":[{"embeddable":true,"href":"https:\/\/laguiole.com\/de\/wp-json\/wp\/v2\/comments?post=37159"}],"version-history":[{"count":4,"href":"https:\/\/laguiole.com\/de\/wp-json\/wp\/v2\/pages\/37159\/revisions"}],"predecessor-version":[{"id":41478,"href":"https:\/\/laguiole.com\/de\/wp-json\/wp\/v2\/pages\/37159\/revisions\/41478"}],"wp:attachment":[{"href":"https:\/\/laguiole.com\/de\/wp-json\/wp\/v2\/media?parent=37159"}],"curies":[{"name":"wp","href":"https:\/\/api.w.org\/{rel}","templated":true}]}}